{"id":91828,"date":"2026-03-20T04:48:08","date_gmt":"2026-03-20T04:48:08","guid":{"rendered":"https:\/\/soydeaqui.ddns.net\/pachuca\/index.php\/producto\/switch-admistrable-capa-3-24-puertos-10-100-1000t-802-3bt-poe-2-puertos-10gbase-t-2-puertos-10g-sfp-dos-ranuras-para-fuente-de-alimentacion-modular\/"},"modified":"2026-03-20T04:48:19","modified_gmt":"2026-03-20T04:48:19","slug":"switch-admistrable-capa-3-24-puertos-10-100-1000t-802-3bt-poe-2-puertos-10gbase-t-2-puertos-10g-sfp-dos-ranuras-para-fuente-de-alimentacion-modular","status":"publish","type":"product","link":"https:\/\/soydeaqui.ddns.net\/pachuca\/index.php\/producto\/switch-admistrable-capa-3-24-puertos-10-100-1000t-802-3bt-poe-2-puertos-10gbase-t-2-puertos-10g-sfp-dos-ranuras-para-fuente-de-alimentacion-modular\/","title":{"rendered":"Switch admistrable Capa 3, 24 Puertos 10\/100\/1000T 802.3bt PoE +,  2 Puertos 10GBASE-T +,  2 Puertos 10G SFP+, Dos Ranuras Para Fuente de Alimentaci\u00f3n Modular"},"content":{"rendered":"<div style='width: 100%; max-width: 1200px; margin: 0 auto; font-family: sans-serif; line-height: 1.6; color: inherit; background-color: transparent;'>\n<div style='display: flex; flex-direction: column; align-items: center; margin-bottom: 30px;'>\n<p style='text-align: center; margin: 0 0 20px; font-size: 16px; color: inherit;'> El switch 802.3bt PoE++ totalmente gestionable PLANET GS-6322-24P4X&comma; con dos ranuras modulares para fuentes de alimentaci\u00f3n&comma; ofrece una gesti\u00f3n energ\u00e9tica eficiente y flexible en redes de gran escala&comma; como empresas&comma; hoteles&comma; centros comerciales&comma; edificios gubernamentales y otras \u00e1reas p\u00fablicas. Admite una amplia gama de modos de operaci\u00f3n PoE&comma; incluyendo <strong style='font-weight: bolder; color: inherit;'>24 puertos 802.3bt tipo 4 PoE++ de 90 vatios<\/strong>&comma; modo <strong style='font-weight: bolder; color: inherit;'>PoH<\/strong> (Alimentaci\u00f3n sobre HD-BASE-T) de 95 vatios y <strong style='font-weight: bolder; color: inherit;'>modo forzado<\/strong> de 4 pares para solucionar la incompatibilidad de los dispositivos de distribuci\u00f3n PoE de 4 pares no est\u00e1ndar en campo. Con un presupuesto de potencia total de hasta 2280 vatios para diferentes aplicaciones PoE de alto rendimiento&comma; el GS-6322-24P4X ofrece una soluci\u00f3n de red PoE 802.3bt r\u00e1pida&comma; segura y rentable para peque\u00f1as y grandes empresas. <\/p>\n<\/p><\/div>\n<div style='display: flex; justify-content: center; margin: 30px 0;'> <img style='width: 100%; max-width: 600px; height: auto; border: 1px solid rgba(150&comma;150&comma;150&comma;0.3); border-radius: 8px;' src='https:\/\/www.planet.com.tw\/storage\/products\/49386\/edm_GS-6322-24P4X.jpg' alt='PLANET GS-6322-24P4X switch'> <\/div>\n<\/p><\/div>\n","protected":false},"excerpt":{"rendered":"<p>Switch admistrable Capa 3, 24 Puertos 10\/100\/1000T 802.3bt PoE +,  2 Puertos 10GBASE-T +,  2 Puertos 10G SFP+, Dos Ranuras Para Fuente de Alimentaci\u00f3n Modular<\/p>\n","protected":false},"featured_media":91827,"comment_status":"open","ping_status":"closed","template":"","meta":[],"product_brand":[],"product_cat":[1986],"product_tag":[664,2033,1987],"class_list":{"0":"post-91828","1":"product","2":"type-product","3":"status-publish","4":"has-post-thumbnail","6":"product_cat-switches-poe","7":"product_tag-networking","8":"product_tag-planet","9":"product_tag-switches-poe","11":"first","12":"outofstock","13":"sale","14":"shipping-taxable","15":"purchasable","16":"product-type-simple"},"_links":{"self":[{"href":"https:\/\/soydeaqui.ddns.net\/pachuca\/index.php\/wp-json\/wp\/v2\/product\/91828","targetHints":{"allow":["GET"]}}],"collection":[{"href":"https:\/\/soydeaqui.ddns.net\/pachuca\/index.php\/wp-json\/wp\/v2\/product"}],"about":[{"href":"https:\/\/soydeaqui.ddns.net\/pachuca\/index.php\/wp-json\/wp\/v2\/types\/product"}],"replies":[{"embeddable":true,"href":"https:\/\/soydeaqui.ddns.net\/pachuca\/index.php\/wp-json\/wp\/v2\/comments?post=91828"}],"wp:featuredmedia":[{"embeddable":true,"href":"https:\/\/soydeaqui.ddns.net\/pachuca\/index.php\/wp-json\/wp\/v2\/media\/91827"}],"wp:attachment":[{"href":"https:\/\/soydeaqui.ddns.net\/pachuca\/index.php\/wp-json\/wp\/v2\/media?parent=91828"}],"wp:term":[{"taxonomy":"product_brand","embeddable":true,"href":"https:\/\/soydeaqui.ddns.net\/pachuca\/index.php\/wp-json\/wp\/v2\/product_brand?post=91828"},{"taxonomy":"product_cat","embeddable":true,"href":"https:\/\/soydeaqui.ddns.net\/pachuca\/index.php\/wp-json\/wp\/v2\/product_cat?post=91828"},{"taxonomy":"product_tag","embeddable":true,"href":"https:\/\/soydeaqui.ddns.net\/pachuca\/index.php\/wp-json\/wp\/v2\/product_tag?post=91828"}],"curies":[{"name":"wp","href":"https:\/\/api.w.org\/{rel}","templated":true}]}}