{"id":91814,"date":"2026-03-20T04:47:29","date_gmt":"2026-03-20T04:47:29","guid":{"rendered":"https:\/\/soydeaqui.ddns.net\/pachuca\/index.php\/producto\/punto-de-acceso-mesh-wi-fi-6-para-exterior-ip65-tamano-reducido-largo-alcance-doble-banda-hasta-512-usuarios-ancho-de-banda-de-hasta-3-gbps\/"},"modified":"2026-03-20T04:47:44","modified_gmt":"2026-03-20T04:47:44","slug":"punto-de-acceso-mesh-wi-fi-6-para-exterior-ip65-tamano-reducido-largo-alcance-doble-banda-hasta-512-usuarios-ancho-de-banda-de-hasta-3-gbps","status":"publish","type":"product","link":"https:\/\/soydeaqui.ddns.net\/pachuca\/index.php\/producto\/punto-de-acceso-mesh-wi-fi-6-para-exterior-ip65-tamano-reducido-largo-alcance-doble-banda-hasta-512-usuarios-ancho-de-banda-de-hasta-3-gbps\/","title":{"rendered":"Punto de Acceso Mesh Wi-Fi 6 para Exterior IP65, Tama\u00f1o Reducido, Largo Alcance Doble Banda hasta 512 Usuarios, ancho de banda de hasta 3 Gbps"},"content":{"rendered":"<div style='width: 100%; max-width: 1200px; margin: 0 auto; font-family: sans-serif; line-height: 1.6; color: inherit; background-color: transparent;'> <!-- Imagen principal --> <\/p>\n<div style='width: 100%; margin-bottom: 20px;'> <img style='width: 100%; height: auto; border: 1px solid rgba(150&comma;150&comma;150&comma;0.3); border-radius: 8px;' src='https:\/\/ftp3.syscom.mx\/usuarios\/fotos\/RGRAP2260(G)\/203964-output.png' alt=''> <\/div>\n<p> <!-- Descripci\u00f3n general --> <\/p>\n<div style='margin-bottom: 30px;'>\n<p>El punto de acceso <strong>RG-RAP62-OD<\/strong> se administra sin costo en la robusta nube de Ruijie&comma; no requiere un controlador local para ser administrado. Desde la nube&comma; puede descargar reportes de consumo por usuario&comma; aplicaci\u00f3n o equipo de fechas determinadas&comma; sin contar que podr\u00e1 recibir alertas automatizadas de forma remota para mantener la red siempre operando.<\/p>\n<h2 style='font-size: 24px; margin-top: 20px; margin-bottom: 15px; border-bottom: 2px solid currentColor; padding-bottom: 5px; color: inherit; opacity: 0.8; text-align: center;'>Llegue al siguiente nivel con <span style='color: #3598db;'><strong>Wi-Fi 6<\/strong><\/span><\/h2>\n<\/p><\/div>\n<p> <!-- Secci\u00f3n de caracter\u00edsticas con imagen y texto --> <\/p>\n<div style='display: flex; flex-wrap: wrap; gap: 30px; margin-bottom: 30px;'>\n<div style='flex: 1 1 300px; min-width: 280px;'> <img style='width: 100%; height: auto; border: 1px solid rgba(150&comma;150&comma;150&comma;0.3); border-radius: 8px;' src='https:\/\/ftp3.syscom.mx\/usuarios\/fotos\/RGRAP62OD\/231862-rg-rap-62-od_1741625971394.jpeg' alt=''> <\/div>\n<div style='flex: 1 1 300px; min-width: 280px;'>\n<h3 style='font-size: 22px; border-bottom: 2px solid currentColor; padding-bottom: 5px; margin-top: 0; color: inherit; opacity: 0.8;'>Caracter\u00edsticas Generales<\/h3>\n<ul style='padding-left: 20px; font-size: 15px; color: inherit;'>\n<li style='margin-bottom: 5px;'><strong>Est\u00e1ndar: <span style='background-color: #3598db; color: #000000;'>802.11ax (Wi-Fi 6)<\/span><\/strong>. Soporta conexi\u00f3n de dispositivos de est\u00e1ndares anteriores.<\/li>\n<li style='margin-bottom: 5px;'><strong>Bandas de operaci\u00f3n:<\/strong> 2.4GHz (2&#215;2) \/ 5GHz (2&#215;2).<\/li>\n<li style='margin-bottom: 5px;'><span style='background-color: #f1c40f;'><strong>Modos de operaci\u00f3n:<\/strong><\/span> access point&comma; mesh o repetidor universal.<\/li>\n<li style='margin-bottom: 5px;'><strong>Configuraci\u00f3n atrev\u00e9s de:<\/strong> interfaz web (red local)&comma; aplicaci\u00f3n m\u00f3vil (remoto o en red local)&comma; plataforma cloud (remoto).<\/li>\n<li style='margin-bottom: 5px;'><strong>Puertos:<\/strong> 1 puerto Gigabit PoE In<\/li>\n<\/ul>\n<p> <!-- Imagen adicional --> <\/p>\n<div style='margin-top: 20px;'> <img style='width: 90%; height: auto; border: 1px solid rgba(150&comma;150&comma;150&comma;0.3); border-radius: 8px;' src='https:\/\/ftp3.syscom.mx\/usuarios\/fotos\/RGRAP1200(F)\/205672-mesh_1718395775654.png' alt=''> <\/div>\n<\/p><\/div>\n<\/p><\/div>\n<p> <!-- Secci\u00f3n de cards con especificaciones --> <\/p>\n<div style='display: flex; flex-wrap: wrap; gap: 20px; margin-bottom: 30px;'> <!-- Desempe\u00f1o Inal\u00e1mbrico --> <\/p>\n<div style='flex: 1 1 250px; border: 1px solid rgba(150&comma; 150&comma; 150&comma; 0.4); border-radius: 8px; overflow: hidden; display: flex; flex-direction: column;'>\n<div style='padding: 15px; border-bottom: 1px solid rgba(150&comma; 150&comma; 150&comma; 0.2); font-weight: bold; font-size: 18px; color: inherit;'>Desempe\u00f1o Inal\u00e1mbrico<\/div>\n<div style='padding: 15px; color: inherit;'>\n<ul style='padding-left: 20px; margin: 0; font-size: 14px; list-style-type: disc;'>\n<li style='margin-bottom: 5px;'>Hasta 512 usuarios concurrectes.<\/li>\n<li style='margin-bottom: 5px;'>Soporta 8 SSIDs.<\/li>\n<li style='margin-bottom: 5px;'>Roaming en capa 2 y capa 3.<\/li>\n<li style='margin-bottom: 5px;'><strong>Ancho de banda:<\/strong> 2.4 GHz 573 Mbps; 5 GHz 2.4 Gbps.<\/li>\n<li style='margin-bottom: 5px;'><strong>Ganancia de las Antenas:<\/strong> 2.4 GHz 4 dBi; 5 GHz 6.5 dBi.<\/li>\n<li style='margin-bottom: 5px;'><strong>Potencia de transmisi\u00f3n:<\/strong> 2.4 GHz 23 dBm (199.5 mW); 5 GHz 23 dBm (199.5 mW)<\/li>\n<\/ul>\n<h5 style='font-size: 14px; margin-top: 20px; margin-bottom: 10px; color: inherit; opacity: 0.6; font-weight: bold;'>Documentos y Software<\/h5>\n<ul style='padding-left: 20px; margin: 0; font-size: 14px; list-style-type: disc;'>\n<li style='margin-bottom: 5px;'><a href='https:\/\/reyee.ruijie.com\/en-global\/resources\/preview\/rg-rap62-od\/' target='_blank' rel='noopener' style='color: #3598db; text-decoration: none;'>Hoja de especificaciones<\/a><\/li>\n<li style='margin-bottom: 5px;'><a href='https:\/\/reyee.ruijie.com\/en-global\/resources\/products\/?activeName=documents&#038;DocumentType=[Installation%20Guide]&#038;Products=[RG-RAP62-OD]' target='_blank' rel='noopener' style='color: #3598db; text-decoration: none;'>Manual de Instalaci\u00f3n<\/a><\/li>\n<li style='margin-bottom: 5px;'><a href='https:\/\/reyee.ruijie.com\/en-global\/resources\/software\/62-od\/62od320\/' target='_blank' rel='noopener' style='color: #3598db; text-decoration: none;'>Descargar Firmware<\/a><\/li>\n<\/ul><\/div>\n<\/p><\/div>\n<p> <!-- Caracter\u00edsticas F\u00edsicas y El\u00e9ctricas --> <\/p>\n<div style='flex: 1 1 250px; border: 1px solid rgba(150&comma; 150&comma; 150&comma; 0.4); border-radius: 8px; overflow: hidden; display: flex; flex-direction: column;'>\n<div style='padding: 15px; border-bottom: 1px solid rgba(150&comma; 150&comma; 150&comma; 0.2); font-weight: bold; font-size: 18px; color: inherit;'>Caracter\u00edsticas F\u00edsicas y El\u00e9ctricas<\/div>\n<div style='padding: 15px; color: inherit;'>\n<ul style='padding-left: 20px; margin: 0; font-size: 14px; list-style-type: disc;'>\n<li style='margin-bottom: 5px;'><strong>Alimentaci\u00f3n:<\/strong> PoE est\u00e1ndar 802.3at (16 W)<\/li>\n<li style='margin-bottom: 5px;'><strong>Dimensiones:<\/strong> 200 mm x 70 mm x 35 mm.<\/li>\n<li style='margin-bottom: 5px;'><strong>Peso:<\/strong> 0.4 kg.<\/li>\n<li style='margin-bottom: 5px;'><strong>Temperatura en Operaci\u00f3n:<\/strong> -30\u00b0C \/ 65\u00b0C<\/li>\n<li style='margin-bottom: 5px;'><strong>Grado de protecci\u00f3n:<\/strong> IP65<\/li>\n<\/ul><\/div>\n<\/p><\/div>\n<p> <!-- Contenido del Paquete --> <\/p>\n<div style='flex: 1 1 250px; border: 1px solid rgba(150&comma; 150&comma; 150&comma; 0.4); border-radius: 8px; overflow: hidden; display: flex; flex-direction: column;'>\n<div style='padding: 15px; border-bottom: 1px solid rgba(150&comma; 150&comma; 150&comma; 0.2); font-weight: bold; font-size: 18px; color: inherit;'>Contenido del Paquete<\/div>\n<div style='padding: 15px; color: inherit;'>\n<ul style='padding-left: 20px; margin: 0; font-size: 14px; list-style-type: disc;'>\n<li style='margin-bottom: 5px;'>1 x Punto de acceso RG-RAP62-OD<\/li>\n<li style='margin-bottom: 5px;'>Gu\u00eda r\u00e1pida de instalaci\u00f3n.<\/li>\n<li style='margin-bottom: 5px;'>Torniller\u00eda y montaje para instalaci\u00f3n.<\/li>\n<\/ul>\n<h5 style='font-size: 14px; margin-top: 20px; margin-bottom: 10px; color: inherit; opacity: 0.6; font-weight: bold;'>Accesorios Sugeridos<br \/>(Venta por separado)<\/h5>\n<ul style='padding-left: 20px; margin: 0; font-size: 14px; list-style-type: disc;'>\n<li style='margin-bottom: 5px;'><a href='https:\/\/www.syscom.mx\/producto\/RG-E-130(GE)-RUIJIE-205955.html' target='_blank' rel='noopener' style='color: #3598db; text-decoration: none;'>Inyector PoE est\u00e1ndar modelo RG-E-130(GE)<\/a><\/li>\n<\/ul><\/div>\n<\/p><\/div>\n<\/p><\/div>\n<p> <!-- Galer\u00eda de im\u00e1genes adicionales --> <\/p>\n<div style='display: flex; flex-wrap: wrap; gap: 20px; margin-bottom: 30px;'>\n<div style='flex: 1 1 45%; min-width: 300px;'> <img style='width: 100%; height: auto; border: 1px solid rgba(150&comma;150&comma;150&comma;0.3); border-radius: 8px;' src='https:\/\/ftp3.syscom.mx\/usuarios\/fotos\/RGRAP62OD\/231862-2025-03-10_10_45_43-rg-rap62-od&comma;_ax3000_wi-fi_6_indoor_outdoor_versatile_access_point_-_ruijie_reyee.png' alt=''> <\/div>\n<div style='flex: 1 1 45%; min-width: 300px;'> <img style='width: 100%; height: auto; border: 1px solid rgba(150&comma;150&comma;150&comma;0.3); border-radius: 8px;' src='https:\/\/ftp3.syscom.mx\/usuarios\/fotos\/RGRAP62OD\/231862-2025-03-10_10_46_14-rg-rap62-od&comma;_ax3000_wi-fi_6_indoor_outdoor_versatile_access_point_-_ruijie_reyee.png' alt=''> <\/div>\n<div style='flex: 1 1 45%; min-width: 300px;'> <img style='width: 100%; height: auto; border: 1px solid rgba(150&comma;150&comma;150&comma;0.3); border-radius: 8px;' src='https:\/\/ftp3.syscom.mx\/usuarios\/fotos\/RGRAP62OD\/231862-2025-03-10_10_46_30-rg-rap62-od&comma;_ax3000_wi-fi_6_indoor_outdoor_versatile_access_point_-_ruijie_reyee.png' alt=''> <\/div>\n<div style='flex: 1 1 45%; min-width: 300px;'> <img style='width: 100%; height: auto; border: 1px solid rgba(150&comma;150&comma;150&comma;0.3); border-radius: 8px;' src='https:\/\/ftp3.syscom.mx\/usuarios\/fotos\/RGRAP62OD\/231862-2025-03-10_10_46_50-rg-rap62-od&comma;_ax3000_wi-fi_6_indoor_outdoor_versatile_access_point_-_ruijie_reyee.png' alt=''> <\/div>\n<\/p><\/div>\n<p> <!-- Separador final --> <\/p>\n<hr style='border: 0; border-top: 1px solid rgba(150&comma; 150&comma; 150&comma; 0.3); margin: 30px 0;'> <\/div>\n","protected":false},"excerpt":{"rendered":"<p>Punto de Acceso Mesh Wi-Fi 6 para Exterior IP65, Tama\u00f1o Reducido, Largo Alcance Doble Banda hasta 512 Usuarios, ancho de banda de hasta 3 Gbps<\/p>\n","protected":false},"featured_media":91813,"comment_status":"open","ping_status":"closed","template":"","meta":[],"product_brand":[],"product_cat":[1794],"product_tag":[1795,1479,2123],"class_list":{"0":"post-91814","1":"product","2":"type-product","3":"status-publish","4":"has-post-thumbnail","6":"product_cat-puntos-de-acceso","7":"product_tag-puntos-de-acceso","8":"product_tag-redes-wifi","9":"product_tag-ruijie","11":"first","12":"instock","13":"sale","14":"shipping-taxable","15":"purchasable","16":"product-type-simple"},"_links":{"self":[{"href":"https:\/\/soydeaqui.ddns.net\/pachuca\/index.php\/wp-json\/wp\/v2\/product\/91814","targetHints":{"allow":["GET"]}}],"collection":[{"href":"https:\/\/soydeaqui.ddns.net\/pachuca\/index.php\/wp-json\/wp\/v2\/product"}],"about":[{"href":"https:\/\/soydeaqui.ddns.net\/pachuca\/index.php\/wp-json\/wp\/v2\/types\/product"}],"replies":[{"embeddable":true,"href":"https:\/\/soydeaqui.ddns.net\/pachuca\/index.php\/wp-json\/wp\/v2\/comments?post=91814"}],"wp:featuredmedia":[{"embeddable":true,"href":"https:\/\/soydeaqui.ddns.net\/pachuca\/index.php\/wp-json\/wp\/v2\/media\/91813"}],"wp:attachment":[{"href":"https:\/\/soydeaqui.ddns.net\/pachuca\/index.php\/wp-json\/wp\/v2\/media?parent=91814"}],"wp:term":[{"taxonomy":"product_brand","embeddable":true,"href":"https:\/\/soydeaqui.ddns.net\/pachuca\/index.php\/wp-json\/wp\/v2\/product_brand?post=91814"},{"taxonomy":"product_cat","embeddable":true,"href":"https:\/\/soydeaqui.ddns.net\/pachuca\/index.php\/wp-json\/wp\/v2\/product_cat?post=91814"},{"taxonomy":"product_tag","embeddable":true,"href":"https:\/\/soydeaqui.ddns.net\/pachuca\/index.php\/wp-json\/wp\/v2\/product_tag?post=91814"}],"curies":[{"name":"wp","href":"https:\/\/api.w.org\/{rel}","templated":true}]}}