{"id":91802,"date":"2026-03-20T04:46:55","date_gmt":"2026-03-20T04:46:55","guid":{"rendered":"https:\/\/soydeaqui.ddns.net\/pachuca\/index.php\/producto\/convertidor-de-medios-industrial-ethernet-rj45-10g-5g-2-5g-1g-100m-a-sfp-10gbase-x\/"},"modified":"2026-03-20T04:47:03","modified_gmt":"2026-03-20T04:47:03","slug":"convertidor-de-medios-industrial-ethernet-rj45-10g-5g-2-5g-1g-100m-a-sfp-10gbase-x","status":"publish","type":"product","link":"https:\/\/soydeaqui.ddns.net\/pachuca\/index.php\/producto\/convertidor-de-medios-industrial-ethernet-rj45-10g-5g-2-5g-1g-100m-a-sfp-10gbase-x\/","title":{"rendered":"Convertidor de Medios Industrial Ethernet RJ45 10G\/5G\/2.5G\/1G\/100M a SFP+ 10GBASE-X"},"content":{"rendered":"<div style='width: 100%; max-width: 1200px; margin: 0 auto; font-family: sans-serif; line-height: 1.6; color: inherit; background-color: transparent;'> <!-- Iconos de caracter\u00edsticas --> <\/p>\n<div style='display: flex; flex-wrap: wrap; justify-content: center; gap: 15px; margin-bottom: 30px;'> <img style='width: auto; height: 40px; border: 1px solid rgba(150&comma;150&comma;150&comma;0.3); border-radius: 8px;' src='https:\/\/planet.com.tw\/storage\/icons\/8icon_-40-degree-~75-degree.png' alt='75\u00b0C~-40\u00b0C'> <img style='width: auto; height: 40px; border: 1px solid rgba(150&comma;150&comma;150&comma;0.3); border-radius: 8px;' src='https:\/\/planet.com.tw\/storage\/icons\/2icon_Power-Redundant_DC_AC.png' alt='Redundant power AC\/DC'> <img style='width: auto; height: 40px; border: 1px solid rgba(150&comma;150&comma;150&comma;0.3); border-radius: 8px;' src='https:\/\/planet.com.tw\/storage\/icons\/6icon_jumbo_frame.png' alt='Jumbo FRAME'> <img style='width: auto; height: 40px; border: 1px solid rgba(150&comma;150&comma;150&comma;0.3); border-radius: 8px;' src='https:\/\/planet.com.tw\/storage\/icons\/3icon_10Gbps_SFP+.png' alt='10Gbps SFP+'> <img style='width: auto; height: 40px; border: 1px solid rgba(150&comma;150&comma;150&comma;0.3); border-radius: 8px;' src='https:\/\/planet.com.tw\/storage\/icons\/2icon_IP-Code_30.png' alt='IP 30'> <img style='width: auto; height: 40px; border: 1px solid rgba(150&comma;150&comma;150&comma;0.3); border-radius: 8px;' src='https:\/\/planet.com.tw\/storage\/icons\/460\/4icon_10Gbps_RJ45.png' alt='10Gbps RJ45'> <\/div>\n<p> <!-- Descripci\u00f3n principal --> <\/p>\n<div style='margin-bottom: 30px;'>\n<p style='font-size: 16px; text-align: center; margin: 0 0 15px; color: inherit;'> El modelo <strong><span style='color: #2880b9;'>IXT-705AT<\/span><\/strong> de Planet es el convertidor de medios Ethernet de 10 G de grado industrial m\u00e1s peque\u00f1o que ofrece un rendimiento de velocidad de cable sin bloqueos y una gran flexibilidad para la extensi\u00f3n de Ethernet de 10 Gigabit en entornos industriales hostiles. <\/p>\n<p style='font-size: 16px; text-align: center; margin: 0 0 15px; color: inherit;'> Est\u00e1 equipado con una interfaz de cobre RJ45 de <strong>100 Mbps<\/strong>&comma; <span style='color: #2880b9;'><strong>1 Gbps<\/strong>&comma; <strong>2&comma;5 Gbps<\/strong>&comma; <strong>5 Gbps<\/strong> y <strong>10GBASE-T<\/strong><\/span> y <span style='color: #2880b9;'><strong>una interfaz de fibra \u00f3ptica SFP+ 10GBASE-X<\/strong><\/span> entregada en una carcasa compacta pero resistente con clasificaci\u00f3n IP30 y un sistema de alimentaci\u00f3n redundante. <\/p>\n<p style='font-size: 16px; text-align: center; margin: 0 0 15px; color: inherit;'> El <strong><span style='color: #2880b9;'>IXT-705AT<\/span><\/strong> es ideal para aplicaciones amplias&comma; desde conversi\u00f3n de medios de cobre a fibra&comma; donde se requiere un ancho de banda de 10 Gigabit en entornos clim\u00e1ticamente exigentes con una amplia temperatura que oscila entre <strong>-40 y 75 grados.<\/strong> <\/p>\n<\/p><\/div>\n<p> <!-- Im\u00e1genes del producto --> <\/p>\n<div style='display: flex; flex-wrap: wrap; justify-content: center; gap: 30px; margin-bottom: 30px;'> <img style='width: 100%; max-width: 500px; height: auto; border: 1px solid rgba(150&comma;150&comma;150&comma;0.3); border-radius: 8px;' src='https:\/\/planet.com.tw\/storage\/products\/49483\/IXT-705AT2-3.png' alt=''> <img style='width: 100%; max-width: 500px; height: auto; border: 1px solid rgba(150&comma;150&comma;150&comma;0.3); border-radius: 8px;' src='https:\/\/planet.com.tw\/storage\/products\/49483\/IXT-705AT2-1.png' alt=''> <\/div>\n<\/p><\/div>\n","protected":false},"excerpt":{"rendered":"<p>Convertidor de Medios Industrial Ethernet RJ45 10G\/5G\/2.5G\/1G\/100M a SFP+ 10GBASE-X<\/p>\n","protected":false},"featured_media":91801,"comment_status":"open","ping_status":"closed","template":"","meta":[],"product_brand":[],"product_cat":[2000],"product_tag":[2001,664,2033],"class_list":{"0":"post-91802","1":"product","2":"type-product","3":"status-publish","4":"has-post-thumbnail","6":"product_cat-convertidores-de-medios","7":"product_tag-convertidores-de-medios","8":"product_tag-networking","9":"product_tag-planet","11":"first","12":"outofstock","13":"sale","14":"shipping-taxable","15":"purchasable","16":"product-type-simple"},"_links":{"self":[{"href":"https:\/\/soydeaqui.ddns.net\/pachuca\/index.php\/wp-json\/wp\/v2\/product\/91802","targetHints":{"allow":["GET"]}}],"collection":[{"href":"https:\/\/soydeaqui.ddns.net\/pachuca\/index.php\/wp-json\/wp\/v2\/product"}],"about":[{"href":"https:\/\/soydeaqui.ddns.net\/pachuca\/index.php\/wp-json\/wp\/v2\/types\/product"}],"replies":[{"embeddable":true,"href":"https:\/\/soydeaqui.ddns.net\/pachuca\/index.php\/wp-json\/wp\/v2\/comments?post=91802"}],"wp:featuredmedia":[{"embeddable":true,"href":"https:\/\/soydeaqui.ddns.net\/pachuca\/index.php\/wp-json\/wp\/v2\/media\/91801"}],"wp:attachment":[{"href":"https:\/\/soydeaqui.ddns.net\/pachuca\/index.php\/wp-json\/wp\/v2\/media?parent=91802"}],"wp:term":[{"taxonomy":"product_brand","embeddable":true,"href":"https:\/\/soydeaqui.ddns.net\/pachuca\/index.php\/wp-json\/wp\/v2\/product_brand?post=91802"},{"taxonomy":"product_cat","embeddable":true,"href":"https:\/\/soydeaqui.ddns.net\/pachuca\/index.php\/wp-json\/wp\/v2\/product_cat?post=91802"},{"taxonomy":"product_tag","embeddable":true,"href":"https:\/\/soydeaqui.ddns.net\/pachuca\/index.php\/wp-json\/wp\/v2\/product_tag?post=91802"}],"curies":[{"name":"wp","href":"https:\/\/api.w.org\/{rel}","templated":true}]}}