{"id":91800,"date":"2026-03-20T04:46:50","date_gmt":"2026-03-20T04:46:50","guid":{"rendered":"https:\/\/soydeaqui.ddns.net\/pachuca\/index.php\/producto\/modulo-d30-expansion-de-100-usuarios-y-30-llamadas-simultaneas-para-conmutador-p-yeastar-p560-p570\/"},"modified":"2026-03-20T04:46:52","modified_gmt":"2026-03-20T04:46:52","slug":"modulo-d30-expansion-de-100-usuarios-y-30-llamadas-simultaneas-para-conmutador-p-yeastar-p560-p570","status":"publish","type":"product","link":"https:\/\/soydeaqui.ddns.net\/pachuca\/index.php\/producto\/modulo-d30-expansion-de-100-usuarios-y-30-llamadas-simultaneas-para-conmutador-p-yeastar-p560-p570\/","title":{"rendered":"Modulo D30 Expansi\u00f3n de 100 usuarios y 30 llamadas simultaneas para conmutador P Yeastar (P560, P570)"},"content":{"rendered":"<div style='width: 100%; max-width: 1200px; margin: 0 auto; font-family: sans-serif; line-height: 1.6; color: inherit; background-color: transparent;'>\n<h1 style='text-align: center; font-size: 28px; margin-top: 0; color: inherit;'>Modulo de expansion D30 Yeastar<\/h1>\n<p> <!-- Descripci\u00f3n principal --> <\/p>\n<div style='margin-bottom: 30px;'>\n<p style='font-size: 18px; text-align: center; color: inherit;'>D30 es un m\u00f3dulo DSP que se utiliza para ampliar la capacidad de la centralita. Con un m\u00f3dulo D30 a\u00f1adido&comma; el n\u00famero de extensiones aumenta en 100 y las llamadas simult\u00e1neas aumentan en 30 adicionales.<\/p>\n<\/p><\/div>\n<p> <!-- Im\u00e1genes --> <\/p>\n<div style='display: flex; flex-wrap: wrap; gap: 20px; justify-content: center; margin-bottom: 30px;'> <img style='width: 100%; max-width: 600px; height: auto; border: 1px solid rgba(150&comma;150&comma;150&comma;0.3); border-radius: 8px;' src='https:\/\/ftp3.syscom.mx\/usuarios\/fotos\/D30\/231783-captura_de_pantalla_2025-04-03_a_la(s)_11.33.23 a.m..png' alt='Interfaz del m\u00f3dulo D30'> <img style='width: 100%; max-width: 600px; height: auto; border: 1px solid rgba(150&comma;150&comma;150&comma;0.3); border-radius: 8px;' src='https:\/\/ftp3.syscom.mx\/usuarios\/fotos\/D30\/231783-captura_de_pantalla_2025-04-03_a_la(s)_11.33.31 a.m..png' alt='Panel frontal del m\u00f3dulo D30'> <\/div>\n<p> <!-- Caracter\u00edsticas principales --> <\/p>\n<div style='display: flex; flex-wrap: wrap; gap: 30px; margin-bottom: 30px;'>\n<div style='flex: 1 1 300px; min-width: 280px;'>\n<h3 style='font-size: 22px; border-bottom: 2px solid currentColor; padding-bottom: 5px; margin-top: 0; color: inherit; opacity: 0.8;'>Caracter\u00edsticas principales<\/h3>\n<ul style='padding-left: 20px; font-size: 15px; color: inherit;'>\n<li style='margin-bottom: 5px;'>Modulo Expansor 100 usuarios y 30 llamadas simultaneas<\/li>\n<li style='margin-bottom: 5px;'>Compatible con modelos: P560&comma; P570<\/li>\n<\/ul><\/div>\n<\/p><\/div>\n<p> <!-- Especificaciones t\u00e9cnicas --> <\/p>\n<div style='display: flex; flex-wrap: wrap; gap: 20px; margin-bottom: 30px;'>\n<div style='flex: 1 1 250px; border: 1px solid rgba(150&comma; 150&comma; 150&comma; 0.4); border-radius: 8px; overflow: hidden; display: flex; flex-direction: column;'>\n<div style='padding: 15px; border-bottom: 1px solid rgba(150&comma; 150&comma; 150&comma; 0.2); font-weight: bold; font-size: 18px; color: inherit;'>Especificaciones T\u00e9cnicas<\/div>\n<div style='padding: 15px; color: inherit;'>\n<ul style='padding-left: 20px; margin: 0; font-size: 14px; list-style-type: disc;'>\n<li style='margin-bottom: 5px;'><strong>RJ11 Port:<\/strong> 8<\/li>\n<li style='margin-bottom: 5px;'><strong>Interfaz:<\/strong> 4<\/li>\n<li style='margin-bottom: 5px;'><strong>Modelos compatibles:<\/strong> P560&comma; P570<\/li>\n<\/ul><\/div>\n<\/p><\/div>\n<p> <!-- M\u00f3dulos compatibles --> <\/p>\n<div style='flex: 1 1 250px; border: 1px solid rgba(150&comma; 150&comma; 150&comma; 0.4); border-radius: 8px; overflow: hidden; display: flex; flex-direction: column;'>\n<div style='padding: 15px; border-bottom: 1px solid rgba(150&comma; 150&comma; 150&comma; 0.2); font-weight: bold; font-size: 18px; color: inherit;'>M\u00f3dulos Compatibles<\/div>\n<div style='padding: 15px; color: inherit;'>\n<ul style='padding-left: 20px; margin: 0; font-size: 14px; list-style-type: disc;'>\n<li style='margin-bottom: 5px;'>S2 Module<\/li>\n<li style='margin-bottom: 5px;'>O2 Module<\/li>\n<li style='margin-bottom: 5px;'>SO Module<\/li>\n<li style='margin-bottom: 5px;'>B2 Module<\/li>\n<li style='margin-bottom: 5px;'>GSM Module<\/li>\n<li style='margin-bottom: 5px;'>3G Module<\/li>\n<li style='margin-bottom: 5px;'>4G LTE Module<\/li>\n<\/ul><\/div>\n<\/p><\/div>\n<\/p><\/div>\n<p> <!-- Separador --> <\/p>\n<hr style='border: 0; border-top: 1px solid rgba(150&comma; 150&comma; 150&comma; 0.3); margin: 30px 0;'> <!-- Informaci\u00f3n de contacto --> <\/p>\n<div style='text-align: center; font-size: 14px; color: inherit;'>\n<p style='margin: 5px 0;'><strong>Tel:<\/strong> +86-592-5503309<\/p>\n<p style='margin: 5px 0;'><strong>Email:<\/strong> sales@yeastar.com<\/p>\n<p style='margin: 5px 0;'><strong>Web:<\/strong> www.yeastar.com<\/p>\n<\/p><\/div>\n<\/p><\/div>\n","protected":false},"excerpt":{"rendered":"<p>Modulo D30 Expansi\u00f3n de 100 usuarios y 30 llamadas simultaneas para conmutador P Yeastar (P560, P570)<\/p>\n","protected":false},"featured_media":91799,"comment_status":"open","ping_status":"closed","template":"","meta":[],"product_brand":[],"product_cat":[2040],"product_tag":[93,2004,2145],"class_list":{"0":"post-91800","1":"product","2":"type-product","3":"status-publish","4":"has-post-thumbnail","6":"product_cat-accesorios-voip-telefonia-ip-videoconferencia","7":"product_tag-accesorios","8":"product_tag-voip-telefonia-ip-videoconferencia","9":"product_tag-yeastar","11":"first","12":"instock","13":"sale","14":"shipping-taxable","15":"purchasable","16":"product-type-simple"},"_links":{"self":[{"href":"https:\/\/soydeaqui.ddns.net\/pachuca\/index.php\/wp-json\/wp\/v2\/product\/91800","targetHints":{"allow":["GET"]}}],"collection":[{"href":"https:\/\/soydeaqui.ddns.net\/pachuca\/index.php\/wp-json\/wp\/v2\/product"}],"about":[{"href":"https:\/\/soydeaqui.ddns.net\/pachuca\/index.php\/wp-json\/wp\/v2\/types\/product"}],"replies":[{"embeddable":true,"href":"https:\/\/soydeaqui.ddns.net\/pachuca\/index.php\/wp-json\/wp\/v2\/comments?post=91800"}],"wp:featuredmedia":[{"embeddable":true,"href":"https:\/\/soydeaqui.ddns.net\/pachuca\/index.php\/wp-json\/wp\/v2\/media\/91799"}],"wp:attachment":[{"href":"https:\/\/soydeaqui.ddns.net\/pachuca\/index.php\/wp-json\/wp\/v2\/media?parent=91800"}],"wp:term":[{"taxonomy":"product_brand","embeddable":true,"href":"https:\/\/soydeaqui.ddns.net\/pachuca\/index.php\/wp-json\/wp\/v2\/product_brand?post=91800"},{"taxonomy":"product_cat","embeddable":true,"href":"https:\/\/soydeaqui.ddns.net\/pachuca\/index.php\/wp-json\/wp\/v2\/product_cat?post=91800"},{"taxonomy":"product_tag","embeddable":true,"href":"https:\/\/soydeaqui.ddns.net\/pachuca\/index.php\/wp-json\/wp\/v2\/product_tag?post=91800"}],"curies":[{"name":"wp","href":"https:\/\/api.w.org\/{rel}","templated":true}]}}