{"id":91798,"date":"2026-03-20T04:46:46","date_gmt":"2026-03-20T04:46:46","guid":{"rendered":"https:\/\/soydeaqui.ddns.net\/pachuca\/index.php\/producto\/modulo-de-expansion-de-8-puertos-rj11-y-4-interfaces-para-conmutador-yeastar-p560p570\/"},"modified":"2026-03-20T04:46:47","modified_gmt":"2026-03-20T04:46:47","slug":"modulo-de-expansion-de-8-puertos-rj11-y-4-interfaces-para-conmutador-yeastar-p560p570","status":"publish","type":"product","link":"https:\/\/soydeaqui.ddns.net\/pachuca\/index.php\/producto\/modulo-de-expansion-de-8-puertos-rj11-y-4-interfaces-para-conmutador-yeastar-p560p570\/","title":{"rendered":"Modulo de expansi\u00f3n de 8 puertos RJ11 y 4 interfaces para conmutador Yeastar (P560,P570)"},"content":{"rendered":"<div style='width: 100%; max-width: 1200px; margin: 0 auto; font-family: sans-serif; line-height: 1.6; color: inherit; background-color: transparent;'>\n<h1 style='text-align: center; font-size: 24px; margin-bottom: 20px; color: inherit;'>Modulo de expansi\u00f3n EX08 Yeastar<\/h1>\n<p> <!-- Im\u00e1genes --> <\/p>\n<div style='display: flex; flex-wrap: wrap; gap: 20px; margin-bottom: 30px; justify-content: center;'> <img style='width: 100%; max-width: 600px; height: auto; border: 1px solid rgba(150&comma;150&comma;150&comma;0.3); border-radius: 8px;' src='https:\/\/ftp3.syscom.mx\/usuarios\/fotos\/EX08\/231784-captura_de_pantalla_2025-04-03_a_la(s)_11.55.53 a.m..png' alt='Vista frontal del m\u00f3dulo EX08'> <img style='width: 100%; max-width: 600px; height: auto; border: 1px solid rgba(150&comma;150&comma;150&comma;0.3); border-radius: 8px;' src='https:\/\/ftp3.syscom.mx\/usuarios\/fotos\/EX08\/231784-captura_de_pantalla_2025-04-03_a_la(s)_11.56.05 a.m..png' alt='Detalles de conexi\u00f3n del m\u00f3dulo EX08'> <\/div>\n<p> <!-- Descripci\u00f3n general --> <\/p>\n<div style='margin-bottom: 30px;'>\n<h2 style='font-size: 20px; border-bottom: 2px solid currentColor; padding-bottom: 5px; margin-top: 0; color: inherit; opacity: 0.8;'>Descripci\u00f3n general<\/h2>\n<p style='font-size: 15px; color: inherit; text-align: justify;'> El m\u00f3dulo EX08 ofrece 4 ranuras para m\u00f3dulos internos y 8 interfaces en el panel frontal para los modelos P560 y P570 VoIP PBX. Su dise\u00f1o modular permite a los usuarios personalizar de forma flexible la centralita IP seg\u00fan las necesidades espec\u00edficas de cada instalaci\u00f3n. <\/p>\n<\/p><\/div>\n<p> <!-- Especificaciones t\u00e9cnicas --> <\/p>\n<div style='display: flex; flex-wrap: wrap; gap: 30px; margin-bottom: 30px;'>\n<div style='flex: 1 1 300px; min-width: 280px;'>\n<h3 style='font-size: 18px; border-bottom: 2px solid currentColor; padding-bottom: 5px; margin-top: 0; color: inherit; opacity: 0.8;'>Especificaciones t\u00e9cnicas<\/h3>\n<ul style='padding-left: 20px; font-size: 14px; color: inherit; list-style-type: disc;'>\n<li style='margin-bottom: 5px;'><strong>Puertos RJ11:<\/strong> 8<\/li>\n<li style='margin-bottom: 5px;'><strong>Interfaces:<\/strong> 4<\/li>\n<li style='margin-bottom: 5px;'><strong>Modelos compatibles:<\/strong> P560&comma; P570<\/li>\n<\/ul><\/div>\n<p> <!-- M\u00f3dulos compatibles --> <\/p>\n<div style='flex: 1 1 300px; min-width: 280px;'>\n<h3 style='font-size: 18px; border-bottom: 2px solid currentColor; padding-bottom: 5px; margin-top: 0; color: inherit; opacity: 0.8;'>M\u00f3dulos compatibles<\/h3>\n<ul style='padding-left: 20px; font-size: 14px; color: inherit; list-style-type: disc;'>\n<li style='margin-bottom: 5px;'>S2 Module<\/li>\n<li style='margin-bottom: 5px;'>O2 Module<\/li>\n<li style='margin-bottom: 5px;'>SO Module<\/li>\n<li style='margin-bottom: 5px;'>B2 Module<\/li>\n<li style='margin-bottom: 5px;'>GSM Module<\/li>\n<li style='margin-bottom: 5px;'>3G Module<\/li>\n<li style='margin-bottom: 5px;'>4G LTE Module<\/li>\n<\/ul><\/div>\n<\/p><\/div>\n<p> <!-- Aplicaciones --> <\/p>\n<div style='margin-bottom: 30px;'>\n<h3 style='font-size: 18px; border-bottom: 2px solid currentColor; padding-bottom: 5px; margin-top: 0; color: inherit; opacity: 0.8;'>Aplicaciones<\/h3>\n<ul style='padding-left: 20px; font-size: 14px; color: inherit; list-style-type: disc;'>\n<li style='margin-bottom: 5px;'>Expansi\u00f3n de capacidades en sistemas P560 y P570 VoIP PBX<\/li>\n<li style='margin-bottom: 5px;'>Personalizaci\u00f3n de centralitas IP mediante dise\u00f1o modular<\/li>\n<li style='margin-bottom: 5px;'>Adaptaci\u00f3n a diferentes necesidades de comunicaci\u00f3n empresarial<\/li>\n<\/ul><\/div>\n<p> <!-- Informaci\u00f3n de contacto --> <\/p>\n<div style='margin-bottom: 30px;'>\n<h3 style='font-size: 18px; border-bottom: 2px solid currentColor; padding-bottom: 5px; margin-top: 0; color: inherit; opacity: 0.8;'>Informaci\u00f3n de contacto<\/h3>\n<ul style='padding-left: 20px; font-size: 14px; color: inherit; list-style-type: disc;'>\n<li style='margin-bottom: 5px;'><strong>Tel\u00e9fono:<\/strong> +86-592-5503309<\/li>\n<li style='margin-bottom: 5px;'><strong>Email:<\/strong> sales@yeastar.com<\/li>\n<li style='margin-bottom: 5px;'><strong>Sitio web:<\/strong> <a href='http:\/\/www.yeastar.com' style='color: inherit; text-decoration: underline;' target='_blank'>www.yeastar.com<\/a><\/li>\n<\/ul><\/div>\n<p> <!-- Separador final --> <\/p>\n<hr style='border: 0; border-top: 1px solid rgba(150&comma; 150&comma; 150&comma; 0.3); margin: 30px 0;'> <\/div>\n","protected":false},"excerpt":{"rendered":"<p>Modulo de expansi\u00f3n de 8 puertos RJ11 y 4 interfaces para conmutador Yeastar (P560,P570)<\/p>\n","protected":false},"featured_media":91797,"comment_status":"open","ping_status":"closed","template":"","meta":[],"product_brand":[],"product_cat":[2070],"product_tag":[2071,2004,2145],"class_list":{"0":"post-91798","1":"product","2":"type-product","3":"status-publish","4":"has-post-thumbnail","6":"product_cat-gateways-y-atas","7":"product_tag-gateways-y-atas","8":"product_tag-voip-telefonia-ip-videoconferencia","9":"product_tag-yeastar","11":"first","12":"instock","13":"sale","14":"shipping-taxable","15":"purchasable","16":"product-type-simple"},"_links":{"self":[{"href":"https:\/\/soydeaqui.ddns.net\/pachuca\/index.php\/wp-json\/wp\/v2\/product\/91798","targetHints":{"allow":["GET"]}}],"collection":[{"href":"https:\/\/soydeaqui.ddns.net\/pachuca\/index.php\/wp-json\/wp\/v2\/product"}],"about":[{"href":"https:\/\/soydeaqui.ddns.net\/pachuca\/index.php\/wp-json\/wp\/v2\/types\/product"}],"replies":[{"embeddable":true,"href":"https:\/\/soydeaqui.ddns.net\/pachuca\/index.php\/wp-json\/wp\/v2\/comments?post=91798"}],"wp:featuredmedia":[{"embeddable":true,"href":"https:\/\/soydeaqui.ddns.net\/pachuca\/index.php\/wp-json\/wp\/v2\/media\/91797"}],"wp:attachment":[{"href":"https:\/\/soydeaqui.ddns.net\/pachuca\/index.php\/wp-json\/wp\/v2\/media?parent=91798"}],"wp:term":[{"taxonomy":"product_brand","embeddable":true,"href":"https:\/\/soydeaqui.ddns.net\/pachuca\/index.php\/wp-json\/wp\/v2\/product_brand?post=91798"},{"taxonomy":"product_cat","embeddable":true,"href":"https:\/\/soydeaqui.ddns.net\/pachuca\/index.php\/wp-json\/wp\/v2\/product_cat?post=91798"},{"taxonomy":"product_tag","embeddable":true,"href":"https:\/\/soydeaqui.ddns.net\/pachuca\/index.php\/wp-json\/wp\/v2\/product_tag?post=91798"}],"curies":[{"name":"wp","href":"https:\/\/api.w.org\/{rel}","templated":true}]}}