{"id":91769,"date":"2026-03-20T04:45:25","date_gmt":"2026-03-20T04:45:25","guid":{"rendered":"https:\/\/soydeaqui.ddns.net\/pachuca\/index.php\/producto\/subwoofer-amplificado-de-12in-potencia-800w-rms-frecuencia-42hz-150hz-134-db-spl\/"},"modified":"2026-03-20T04:45:30","modified_gmt":"2026-03-20T04:45:30","slug":"subwoofer-amplificado-de-12in-potencia-800w-rms-frecuencia-42hz-150hz-134-db-spl","status":"publish","type":"product","link":"https:\/\/soydeaqui.ddns.net\/pachuca\/index.php\/producto\/subwoofer-amplificado-de-12in-potencia-800w-rms-frecuencia-42hz-150hz-134-db-spl\/","title":{"rendered":"Subwoofer Amplificado de 12in | Potencia: 800W RMS | Frecuencia: 42Hz-150Hz | 134 dB SPL"},"content":{"rendered":"<div style='width: 100%; max-width: 1200px; margin: 0 auto; font-family: sans-serif; line-height: 1.6; color: inherit; background-color: transparent;'> <!-- Imagen 1 --> <\/p>\n<div style='width: 100%; margin-bottom: 30px;'> <img style='width: 100%; height: auto; border: 1px solid rgba(150&comma;150&comma;150&comma;0.3); border-radius: 8px;' src='https:\/\/ftp3.syscom.mx\/usuarios\/luis.vargas\/YAMAHA\/DXS12MKII\/DXS12MKII.jpg' alt='Subwoofer Yamaha DXS12MKII'> <\/div>\n<p> <!-- Imagen 2 con texto --> <\/p>\n<div style='display: flex; flex-wrap: wrap; gap: 30px; margin-bottom: 30px;'>\n<div style='flex: 1 1 300px; min-width: 280px;'> <img style='width: 100%; height: auto; border: 1px solid rgba(150&comma;150&comma;150&comma;0.3); border-radius: 8px;' src='https:\/\/ftp3.syscom.mx\/usuarios\/luis.vargas\/YAMAHA\/DXS12MKII\/DXS12MKII_2.jpg' alt='Subwoofer Yamaha DXS12MKII 2'> <\/div>\n<div style='flex: 1 1 300px; min-width: 280px;'>\n<div style='font-size: 24px; margin-bottom: 15px; color: inherit; opacity: 0.8;'> <strong style='color: inherit;'>Potencia que se siente<\/strong> <\/div>\n<p style='font-size: 15px; color: inherit; text-align: justify;'> La serie DXS fue hecha para los ingenieros de audio y los fan\u00e1ticos de los graves que demandan un sonido consistente y de alta calidad para sus actuaciones en directo o sus eventos DJ&comma; incluso con valores m\u00e1ximos de SPL. <\/p>\n<\/p><\/div>\n<\/p><\/div>\n<p> <!-- Imagen 3 con texto --> <\/p>\n<div style='display: flex; flex-wrap: wrap; gap: 30px; margin-bottom: 30px;'>\n<div style='flex: 1 1 300px; min-width: 280px;'>\n<p style='font-size: 15px; color: inherit; text-align: justify;'> Todas las cajas de la serie DXS cuentan con dise\u00f1o de paso de banda para reducir vibraciones y ruidos no deseados que podr\u00edan sabotear el sonido. Tambi\u00e9n hemos dise\u00f1ado una caja de madera laminada muy duradera que&comma; combinada con la configuraci\u00f3n de paso de banda&comma; ha demostrado ser mejor que el dise\u00f1o tradicional de bass reflex y reduce la distorsi\u00f3n considerablemente&comma; lo que posibilita conseguir un nivel de SPL superior. <\/p>\n<\/p><\/div>\n<div style='flex: 1 1 300px; min-width: 280px;'> <img style='width: 100%; height: auto; border: 1px solid rgba(150&comma;150&comma;150&comma;0.3); border-radius: 8px;' src='https:\/\/ftp3.syscom.mx\/usuarios\/luis.vargas\/YAMAHA\/DXS12MKII\/DXS12MKII_4.png' alt='Subwoofer Yamaha DXS12MKII 4'> <\/div>\n<\/p><\/div>\n<p> <!-- Caracter\u00edsticas --> <\/p>\n<div style='display: flex; flex-wrap: wrap; gap: 30px; margin-bottom: 30px;'>\n<div style='flex: 1 1 300px; min-width: 280px;'>\n<h3 style='font-size: 22px; border-bottom: 2px solid currentColor; padding-bottom: 5px; margin-top: 0; color: inherit; opacity: 0.8;'>Caracter\u00edsticas Generales<\/h3>\n<ul style='padding-left: 20px; font-size: 15px; color: inherit;'>\n<li style='margin-bottom: 5px;'><strong style='color: inherit;'>Tipo de Altavoz:<\/strong> Subwoofer autoamplificado de 12&#8217;&comma; tipo paso de banda.<\/li>\n<li style='margin-bottom: 5px;'><strong style='color: inherit;'>Rango de frecuencia (-10dB):<\/strong> 42Hz &#8211; 150Hz.<\/li>\n<li style='margin-bottom: 5px;'><strong style='color: inherit;'>Componentes:<\/strong> Cono de 12&#8217;&comma; bobina m\u00f3vil de 2.5&#8242;.<\/li>\n<li style='margin-bottom: 5px;'><strong style='color: inherit;'>Potencia de salida:<\/strong> Din\u00e1mica: 1020W \/ Continua: 800W.<\/li>\n<li style='margin-bottom: 5px;'><strong style='color: inherit;'>Nivel m\u00e1ximo de salida:<\/strong> SPL de 134 dB.<\/li>\n<li style='margin-bottom: 5px;'><strong style='color: inherit;'>Conectores I\/O:<\/strong> ENTRADA: XLR-3-31 x2&comma; A TRAV\u00c9S: XLR3-32 x 2 (Paralelo a la ENTRADA).<\/li>\n<li style='margin-bottom: 5px;'><strong style='color: inherit;'>Procesadoers:<\/strong> D-XSUB: BOOST&comma; XTD LF&comma; NORMAL.<\/li>\n<li style='margin-bottom: 5px;'><strong style='color: inherit;'>Enfriamiento:<\/strong> Convecci\u00f3n natural.<\/li>\n<\/ul><\/div>\n<div style='flex: 1 1 300px; min-width: 280px;'>\n<h3 style='font-size: 22px; border-bottom: 2px solid currentColor; padding-bottom: 5px; margin-top: 0; color: inherit; opacity: 0.8;'>Especificaciones Adicionales<\/h3>\n<ul style='padding-left: 20px; font-size: 15px; color: inherit;'>\n<li style='margin-bottom: 5px;'><strong style='color: inherit;'>Alimentaci\u00f3n:<\/strong> 100V \u2013 240V&comma; 50Hz\/60Hz.<\/li>\n<li style='margin-bottom: 5px;'><strong style='color: inherit;'>Consumo de energ\u00eda:<\/strong> 100W.<\/li>\n<li style='margin-bottom: 5px;'><strong style='color: inherit;'>Toma de poste:<\/strong> 35 mm (profundidad 80 mm) y M20 (profundidad roscada 25 mm).<\/li>\n<li style='margin-bottom: 5px;'><strong style='color: inherit;'>Medidas:<\/strong><\/li>\n<ul style='padding-left: 25px; margin-top: 5px; margin-bottom: 5px;'>\n<li style='margin-bottom: 5px;'><strong style='color: inherit;'>W:<\/strong> 400 mm (15.75&#8242;).<\/li>\n<li style='margin-bottom: 5px;'><strong style='color: inherit;'>H:<\/strong> 567 mm (22.32&#8242;).<\/li>\n<li style='margin-bottom: 5px;'><strong style='color: inherit;'>D:<\/strong> 570 mm (22.44&#8242;).<\/li>\n<\/ul>\n<li style='margin-bottom: 5px;'><strong style='color: inherit;'>Peso neto:<\/strong> 30.0 kg (66.1lbs).<\/li>\n<li style='margin-bottom: 5px;'><strong style='color: inherit;'>Otros:<\/strong> Material&comma; acabado&comma; color: madera contrachapada Meranti&comma; revestimiento duradero de poliurea&comma; negro.<\/li>\n<\/ul><\/div>\n<\/p><\/div>\n<p> <!-- Videos --> <\/p>\n<div style='margin-bottom: 30px;'>\n<h3 style='font-size: 22px; border-bottom: 2px solid currentColor; padding-bottom: 5px; margin-top: 0; color: inherit; opacity: 0.8; margin-bottom: 15px;'>Videos<\/h3>\n<div style='position: relative; padding-bottom: 56.25%; height: 0; overflow: hidden; margin-bottom: 30px;'>   <\/div>\n<\/p><\/div>\n<\/p><\/div>\n","protected":false},"excerpt":{"rendered":"<p>Subwoofer Amplificado de 12in | Potencia: 800W RMS | Frecuencia: 42Hz-150Hz | 134 dB SPL<\/p>\n","protected":false},"featured_media":91768,"comment_status":"open","ping_status":"closed","template":"","meta":[],"product_brand":[],"product_cat":[2134],"product_tag":[2126,2135,2128],"class_list":{"0":"post-91769","1":"product","2":"type-product","3":"status-publish","4":"has-post-thumbnail","6":"product_cat-bocinas-activas","7":"product_tag-audio-profesional","8":"product_tag-bocinas-activas","9":"product_tag-yamaha","11":"first","12":"instock","13":"sale","14":"shipping-taxable","15":"purchasable","16":"product-type-simple"},"_links":{"self":[{"href":"https:\/\/soydeaqui.ddns.net\/pachuca\/index.php\/wp-json\/wp\/v2\/product\/91769","targetHints":{"allow":["GET"]}}],"collection":[{"href":"https:\/\/soydeaqui.ddns.net\/pachuca\/index.php\/wp-json\/wp\/v2\/product"}],"about":[{"href":"https:\/\/soydeaqui.ddns.net\/pachuca\/index.php\/wp-json\/wp\/v2\/types\/product"}],"replies":[{"embeddable":true,"href":"https:\/\/soydeaqui.ddns.net\/pachuca\/index.php\/wp-json\/wp\/v2\/comments?post=91769"}],"wp:featuredmedia":[{"embeddable":true,"href":"https:\/\/soydeaqui.ddns.net\/pachuca\/index.php\/wp-json\/wp\/v2\/media\/91768"}],"wp:attachment":[{"href":"https:\/\/soydeaqui.ddns.net\/pachuca\/index.php\/wp-json\/wp\/v2\/media?parent=91769"}],"wp:term":[{"taxonomy":"product_brand","embeddable":true,"href":"https:\/\/soydeaqui.ddns.net\/pachuca\/index.php\/wp-json\/wp\/v2\/product_brand?post=91769"},{"taxonomy":"product_cat","embeddable":true,"href":"https:\/\/soydeaqui.ddns.net\/pachuca\/index.php\/wp-json\/wp\/v2\/product_cat?post=91769"},{"taxonomy":"product_tag","embeddable":true,"href":"https:\/\/soydeaqui.ddns.net\/pachuca\/index.php\/wp-json\/wp\/v2\/product_tag?post=91769"}],"curies":[{"name":"wp","href":"https:\/\/api.w.org\/{rel}","templated":true}]}}