{"id":91746,"date":"2026-03-20T04:44:22","date_gmt":"2026-03-20T04:44:22","guid":{"rendered":"https:\/\/soydeaqui.ddns.net\/pachuca\/index.php\/producto\/subwoofer-de-superficie-10-baja-impedancia-bass-reflex-8-ohms-100w-por-canal-color-negro\/"},"modified":"2026-03-20T04:44:31","modified_gmt":"2026-03-20T04:44:31","slug":"subwoofer-de-superficie-10-baja-impedancia-bass-reflex-8-ohms-100w-por-canal-color-negro","status":"publish","type":"product","link":"https:\/\/soydeaqui.ddns.net\/pachuca\/index.php\/producto\/subwoofer-de-superficie-10-baja-impedancia-bass-reflex-8-ohms-100w-por-canal-color-negro\/","title":{"rendered":"Subwoofer de Superficie | 10&#8243; | Baja Impedancia | Bass Reflex | 8 ohms | 100w por canal | Color Negro"},"content":{"rendered":"<div style='width: 100%; max-width: 1200px; margin: 0 auto; font-family: sans-serif; line-height: 1.6; color: inherit; background-color: transparent;'> <!-- Imagen principal --> <\/p>\n<div style='width: 100%; margin-bottom: 30px;'> <img style='width: 100%; height: auto; border: 1px solid rgba(150&comma;150&comma;150&comma;0.3); border-radius: 8px;' src='https:\/\/ftp3.syscom.mx\/usuarios\/luis.vargas\/YAMAHA\/VXS\/VXSSUBS_intro.PNG' alt=''> <\/div>\n<p> <!-- T\u00edtulo --> <\/p>\n<h2 style='font-size: 24px; margin-top: 20px; margin-bottom: 15px; color: inherit; opacity: 0.8;'> Los graves naturalmente extendidos dan vida a la m\u00fasica <\/h2>\n<p> <!-- Secci\u00f3n con imagen y texto --> <\/p>\n<div style='display: flex; flex-wrap: wrap; gap: 30px; margin-bottom: 30px;'>\n<div style='flex: 1 1 300px; min-width: 280px;'> <img style='width: 100%; height: auto; border: 1px solid rgba(150&comma;150&comma;150&comma;0.3); border-radius: 8px;' src='https:\/\/ftp3.syscom.mx\/usuarios\/luis.vargas\/YAMAHA\/VXS\/VXSSUBS10_1.PNG' alt=''> <\/div>\n<div style='flex: 1 1 300px; min-width: 280px;'>\n<p style='font-size: 15px; color: inherit; text-align: justify;'> Los subwoofers modelo &#8216;S&#8217; de la serie VXS son ideales para los altavoces de las series VXS y VXC&comma; ampliando sin problemas el rango de baja frecuencia con una excelente calidad s\u00f3nica para una reproducci\u00f3n musical m\u00e1s amplia y realista. Aunque no es m\u00e1s grande que un altavoz compacto de montaje en superficie&comma; el VXS3S ofrece un refuerzo s\u00f3lido y de sonido natural de gama baja&comma; mientras que el VXS10S y el VXS10ST hacen que la potencia de baja frecuencia est\u00e9 a\u00fan m\u00e1s disponible para situaciones que requieren la m\u00e1xima autoridad de graves. <\/p>\n<\/p><\/div>\n<\/p><\/div>\n<p> <!-- Secci\u00f3n con texto e imagen invertida --> <\/p>\n<div style='display: flex; flex-wrap: wrap; gap: 30px; margin-bottom: 30px;'>\n<div style='flex: 1 1 300px; min-width: 280px;'>\n<p style='font-size: 15px; color: inherit; text-align: justify;'> Se utilizan m\u00e9todos para mejorar la respuesta de baja frecuencia en altavoces. Los dise\u00f1os de reflejo de bajos usan un puerto ajustado en la caja para potenciar las frecuencias bajas. El VXS10S utiliza este m\u00e9todo para una reproducci\u00f3n m\u00e1s potente. Sin embargo&comma; en cajas m\u00e1s peque\u00f1as o delgadas&comma; el tama\u00f1o del puerto se reduce&comma; lo que disminuye la mejora de bajos. Los dise\u00f1os de radiador pasivo evitan el puerto y usan un cono de resonancia pasiva para potenciar los bajos. La tecnolog\u00eda SR-Bass\u2122 de Yamaha suspende un diafragma de cuatro lados en un lado para mejorar la salida de baja frecuencia en altavoces de diferentes dise\u00f1os. Yamaha ofrece dos opciones&comma; VXS3S compacto y VXS10S potente. Elija el mejor modelo para su aplicaci\u00f3n. <\/p>\n<\/p><\/div>\n<div style='flex: 1 1 300px; min-width: 280px;'> <img style='width: 100%; height: auto; border: 1px solid rgba(150&comma;150&comma;150&comma;0.3); border-radius: 8px;' src='https:\/\/ftp3.syscom.mx\/usuarios\/luis.vargas\/YAMAHA\/VXS\/VXSSUBS10_2.PNG' alt=''> <\/div>\n<\/p><\/div>\n<p> <!-- Imagen GIF --> <\/p>\n<div style='width: 100%; margin-bottom: 30px;'> <img style='width: 100%; height: auto; border: 1px solid rgba(150&comma;150&comma;150&comma;0.3); border-radius: 8px;' src='https:\/\/ftp3.syscom.mx\/usuarios\/luis.vargas\/YAMAHA\/VXS\/VXH_VXS_GIF.gif' alt=''> <\/div>\n<p> <!-- Caracter\u00edsticas --> <\/p>\n<div style='display: flex; flex-wrap: wrap; gap: 30px; margin-bottom: 30px;'>\n<div style='flex: 1 1 300px; min-width: 280px;'>\n<h3 style='font-size: 22px; border-bottom: 2px solid currentColor; padding-bottom: 5px; margin-top: 0; color: inherit; opacity: 0.8;'>Caracter\u00edsticas Generales<\/h3>\n<ul style='padding-left: 20px; font-size: 15px; color: inherit;'>\n<li style='margin-bottom: 5px;'><strong>Impedancia:<\/strong> 8\u03a9 + 8\u03a9 100W + 100W RMS (Bobina dual de 10&#8242;)<\/li>\n<li style='margin-bottom: 5px;'><strong>Sensibilidad:<\/strong> 96dB<\/li>\n<li style='margin-bottom: 5px;'>Dise\u00f1o atractivo y discreto como complemento elegante a la decoraci\u00f3n<\/li>\n<li style='margin-bottom: 5px;'>Dise\u00f1o ac\u00fastico para una reproducci\u00f3n sofisticada y natural<\/li>\n<li style='margin-bottom: 5px;'>Limitaci\u00f3n de potencia de rango completo para proteger la red y los transductores.<\/li>\n<li style='margin-bottom: 5px;'>Salida a altavoces sat\u00e9lite (Se recomienda una carga de 8 \u03a9 por cada salida de sat\u00e9lite)<\/li>\n<li style='margin-bottom: 5px;'>Material: MDF<\/li>\n<li style='margin-bottom: 5px;'>Soporte de montaje para pared<\/li>\n<li style='margin-bottom: 5px;'>Modelos disponibles en blanco y negro<\/li>\n<li style='margin-bottom: 5px;'><strong>Peso:<\/strong> 16.5kg<\/li>\n<li><strong>Dimensiones:<\/strong> W:260mm&comma; H:500mm&comma; D: 389mm<\/li>\n<\/ul><\/div>\n<\/p><\/div>\n<p> <!-- Videos --> <\/p>\n<div style='margin-bottom: 30px;'>\n<h3 style='font-size: 22px; border-bottom: 2px solid currentColor; padding-bottom: 5px; margin-top: 0; color: inherit; opacity: 0.8;'>VIDEOS<\/h3>\n<div style='display: flex; flex-wrap: wrap; gap: 20px; margin-top: 20px;'>\n<div style='flex: 1 1 300px; min-width: 280px;'>\n<div style='position: relative; padding-bottom: 56.25%; height: 0; overflow: hidden; margin-bottom: 30px;'>   <\/div>\n<\/p><\/div>\n<div style='flex: 1 1 300px; min-width: 280px;'>\n<div style='position: relative; padding-bottom: 56.25%; height: 0; overflow: hidden; margin-bottom: 30px;'>   <\/div>\n<\/p><\/div>\n<div style='flex: 1 1 300px; min-width: 280px;'>\n<div style='position: relative; padding-bottom: 56.25%; height: 0; overflow: hidden; margin-bottom: 30px;'>   <\/div>\n<\/p><\/div>\n<\/p><\/div>\n<\/p><\/div>\n<\/p><\/div>\n","protected":false},"excerpt":{"rendered":"<p>Subwoofer de Superficie | 10&#8243; | Baja Impedancia | Bass Reflex | 8 ohms | 100w por canal | Color Negro<\/p>\n","protected":false},"featured_media":91745,"comment_status":"open","ping_status":"closed","template":"","meta":[],"product_brand":[],"product_cat":[2211],"product_tag":[52,2212,2128],"class_list":{"0":"post-91746","1":"product","2":"type-product","3":"status-publish","4":"has-post-thumbnail","6":"product_cat-subwoofer","7":"product_tag-audio-residencial-comercial","8":"product_tag-subwoofer","9":"product_tag-yamaha","11":"first","12":"instock","13":"sale","14":"shipping-taxable","15":"purchasable","16":"product-type-simple"},"_links":{"self":[{"href":"https:\/\/soydeaqui.ddns.net\/pachuca\/index.php\/wp-json\/wp\/v2\/product\/91746","targetHints":{"allow":["GET"]}}],"collection":[{"href":"https:\/\/soydeaqui.ddns.net\/pachuca\/index.php\/wp-json\/wp\/v2\/product"}],"about":[{"href":"https:\/\/soydeaqui.ddns.net\/pachuca\/index.php\/wp-json\/wp\/v2\/types\/product"}],"replies":[{"embeddable":true,"href":"https:\/\/soydeaqui.ddns.net\/pachuca\/index.php\/wp-json\/wp\/v2\/comments?post=91746"}],"wp:featuredmedia":[{"embeddable":true,"href":"https:\/\/soydeaqui.ddns.net\/pachuca\/index.php\/wp-json\/wp\/v2\/media\/91745"}],"wp:attachment":[{"href":"https:\/\/soydeaqui.ddns.net\/pachuca\/index.php\/wp-json\/wp\/v2\/media?parent=91746"}],"wp:term":[{"taxonomy":"product_brand","embeddable":true,"href":"https:\/\/soydeaqui.ddns.net\/pachuca\/index.php\/wp-json\/wp\/v2\/product_brand?post=91746"},{"taxonomy":"product_cat","embeddable":true,"href":"https:\/\/soydeaqui.ddns.net\/pachuca\/index.php\/wp-json\/wp\/v2\/product_cat?post=91746"},{"taxonomy":"product_tag","embeddable":true,"href":"https:\/\/soydeaqui.ddns.net\/pachuca\/index.php\/wp-json\/wp\/v2\/product_tag?post=91746"}],"curies":[{"name":"wp","href":"https:\/\/api.w.org\/{rel}","templated":true}]}}