{"id":91741,"date":"2026-03-20T04:44:09","date_gmt":"2026-03-20T04:44:09","guid":{"rendered":"https:\/\/soydeaqui.ddns.net\/pachuca\/index.php\/producto\/altavoz-de-plafon-8in-woofer1in-tweeter-baja-y-alta-impedancia-color-negro\/"},"modified":"2026-03-20T04:44:19","modified_gmt":"2026-03-20T04:44:19","slug":"altavoz-de-plafon-8in-woofer1in-tweeter-baja-y-alta-impedancia-color-negro","status":"publish","type":"product","link":"https:\/\/soydeaqui.ddns.net\/pachuca\/index.php\/producto\/altavoz-de-plafon-8in-woofer1in-tweeter-baja-y-alta-impedancia-color-negro\/","title":{"rendered":"Altavoz de Plaf\u00f3n | 8in woofer,1in tweeter | Baja y Alta Impedancia | Color Negro"},"content":{"rendered":"<div style='width: 100%; max-width: 1200px; margin: 0 auto; font-family: sans-serif; line-height: 1.6; color: inherit; background-color: transparent;'> <!-- Imagen 1 --> <\/p>\n<div style='width: 100%; margin-bottom: 30px;'> <img style='width: 100%; height: auto; border: 1px solid rgba(150&comma;150&comma;150&comma;0.3); border-radius: 8px;' src='https:\/\/ftp3.syscom.mx\/usuarios\/luis.vargas\/YAMAHA\/VC_SERIES\/VCseries.PNG' alt=''> <\/div>\n<p> <!-- T\u00edtulo --> <\/p>\n<h2 style='font-size: 30px; font-weight: 500; line-height: 1.1; margin-top: 19px; margin-bottom: 9.5px; text-align: center; color: inherit; opacity: 0.8;'>Excepcional en las formas y en el fondo<\/h2>\n<p> <!-- Imagen 2 y texto --> <\/p>\n<div style='display: flex; flex-wrap: wrap; gap: 30px; margin-top: 30px; margin-bottom: 30px;'>\n<div style='flex: 1 1 300px; min-width: 280px;'> <img style='width: 100%; height: auto; border: 1px solid rgba(150&comma;150&comma;150&comma;0.3); border-radius: 8px;' src='https:\/\/ftp3.syscom.mx\/usuarios\/luis.vargas\/YAMAHA\/VC_SERIES\/VCcelling.PNG' alt=''> <\/div>\n<div style='flex: 1 1 300px; min-width: 280px;'>\n<p style='font-size: 15px; color: inherit; text-align: justify;'>Varios aspectos del dise\u00f1o de la serie VC reflejan un fuerte \u00e9nfasis en la funcionalidad y la est\u00e9tica. El dise\u00f1o poco profundo&comma; liviano y flexible se puede adaptar f\u00e1cilmente a las limitaciones de instalaci\u00f3n m\u00e1s estrictas&comma; lo que garantiza un excelente rendimiento de audio donde sea que se coloquen sin estropear el dise\u00f1o de interiores. Los altavoces de techo de la serie VC cuentan con latas traseras de perfil bajo&comma; peso ligero y caracter\u00edsticas mec\u00e1nicas que contribuyen a una instalaci\u00f3n m\u00e1s r\u00e1pida y segura. Adem\u00e1s&comma; las abrazaderas de montaje grandes con estr\u00edas antideslizantes garantizan un montaje seguro.<\/p>\n<\/p><\/div>\n<\/p><\/div>\n<p> <!-- Texto e imagen 3 --> <\/p>\n<div style='display: flex; flex-wrap: wrap; gap: 30px; margin-top: 30px; margin-bottom: 30px;'>\n<div style='flex: 1 1 300px; min-width: 280px;'>\n<p style='font-size: 15px; color: inherit; text-align: justify;'>Se admiten conexiones de alta impedancia y baja impedancia&comma; y la potencia de los altavoces se puede cambiar f\u00e1cilmente incluso despu\u00e9s de la instalaci\u00f3n. Por lo tanto&comma; no solo se puede instalar una gran cantidad de altavoces con una conexi\u00f3n de alta impedancia&comma; sino que tambi\u00e9n se puede instalar una gran cantidad de altavoces con una conexi\u00f3n de baja impedancia debido a su capacidad de 16 ohmios. Y se minimiza la necesidad de una unidad adicional y los sistemas se pueden dise\u00f1ar para cumplir de manera ideal los requisitos de cualquier aplicaci\u00f3n.<\/p>\n<\/p><\/div>\n<div style='flex: 1 1 300px; min-width: 280px;'> <img style='width: 100%; height: auto; border: 1px solid rgba(150&comma;150&comma;150&comma;0.3); border-radius: 8px;' src='https:\/\/ftp3.syscom.mx\/usuarios\/luis.vargas\/YAMAHA\/VC_SERIES\/tapsvc.PNG' alt=''> <\/div>\n<\/p><\/div>\n<p> <!-- Imagen 4 --> <\/p>\n<div style='width: 100%; margin-bottom: 30px;'> <img style='width: 100%; height: auto; border: 1px solid rgba(150&comma;150&comma;150&comma;0.3); border-radius: 8px;' src='https:\/\/ftp3.syscom.mx\/usuarios\/luis.vargas\/YAMAHA\/VC_SERIES\/VCseriesG.gif' alt=''> <\/div>\n<p> <!-- Caracter\u00edsticas generales --> <\/p>\n<div style='display: flex; flex-wrap: wrap; gap: 30px; margin-bottom: 30px;'>\n<div style='flex: 1 1 300px; min-width: 280px;'>\n<h3 style='font-size: 22px; border-bottom: 2px solid currentColor; padding-bottom: 5px; margin-top: 0; color: inherit; opacity: 0.8;'>Caracter\u00edsticas Generales<\/h3>\n<ul style='padding-left: 20px; font-size: 15px; color: inherit;'>\n<li style='margin-bottom: 5px;'><strong>Accesorios:<\/strong> Rejilla&comma; cable de seguridad&comma; plantilla de corte&comma; manual del propietario<\/li>\n<li style='margin-bottom: 5px;'><strong>Tipo de altavoz:<\/strong> Tipo coaxial de 2 v\u00edas (sin lata trasera)<\/li>\n<li style='margin-bottom: 5px;'><strong>Modelo de baja impedancia:<\/strong> 16\u03a9 25W RMS<\/li>\n<li style='margin-bottom: 5px;'><strong>Sensibilidad:<\/strong> 91 dB<\/li>\n<li style='margin-bottom: 5px;'><strong>Respuesta de frecuencia:<\/strong> 52 Hz &#8211; 20 kHz<\/li>\n<li style='margin-bottom: 5px;'><strong>Angulo de cobertura:<\/strong> 110\u00b0 c\u00f3nico<\/li>\n<li style='margin-bottom: 5px;'><strong>Conexiones del transformador:<\/strong> 100 V 3\/6\/12 W | 70 V 1&comma;5\/3\/6\/12 W<\/li>\n<li style='margin-bottom: 5px;'><strong>Dise\u00f1o atractivo y discreto<\/strong> como complemento elegante a la decoraci\u00f3n<\/li>\n<li style='margin-bottom: 5px;'><strong>Dise\u00f1o ac\u00fastico<\/strong> para una reproducci\u00f3n sofisticada y natural<\/li>\n<li style='margin-bottom: 5px;'><strong>Recinto y rejillas pintables<\/strong> (Las rejillas suministradas se pueden pintar de cualquier color para adaptarse a la decoraci\u00f3n del entorno)<\/li>\n<li style='margin-bottom: 5px;'><strong>Color:<\/strong> Negro<\/li>\n<li style='margin-bottom: 5px;'><strong>Tama\u00f1o del recorte:<\/strong> \u00d8285 mm<\/li>\n<li style='margin-bottom: 5px;'><strong>Grosor requerido de la placa de techo:<\/strong> 2 mm \u2013 37 mm<\/li>\n<li style='margin-bottom: 5px;'><strong>Peso:<\/strong> 2.8 kg<\/li>\n<li style='margin-bottom: 5px;'><strong>Dimensiones:<\/strong> W:325 mm&comma; D: 131 mm<\/li>\n<\/ul><\/div>\n<\/p><\/div>\n<p> <!-- Imagen 5 --> <\/p>\n<div style='width: 100%; margin-bottom: 30px;'> <img style='width: 100%; height: auto; border: 1px solid rgba(150&comma;150&comma;150&comma;0.3); border-radius: 8px;' src='https:\/\/ftp3.syscom.mx\/usuarios\/luis.vargas\/YAMAHA\/VC_SERIES\/VC_INFO.PNG' alt=''> <\/div>\n<p> <!-- Videos --> <\/p>\n<h3 style='font-size: 22px; border-bottom: 2px solid currentColor; padding-bottom: 5px; margin-top: 0; color: inherit; opacity: 0.8; margin-bottom: 20px;'>VIDEOS<\/h3>\n<div style='display: flex; flex-wrap: wrap; gap: 20px; margin-bottom: 30px;'>\n<div style='flex: 1 1 300px; min-width: 280px;'>\n<div style='position: relative; padding-bottom: 56.25%; height: 0; overflow: hidden; margin-bottom: 30px;'>   <\/div>\n<\/p><\/div>\n<div style='flex: 1 1 300px; min-width: 280px;'>\n<div style='position: relative; padding-bottom: 56.25%; height: 0; overflow: hidden; margin-bottom: 30px;'>   <\/div>\n<\/p><\/div>\n<div style='flex: 1 1 300px; min-width: 280px;'>\n<div style='position: relative; padding-bottom: 56.25%; height: 0; overflow: hidden; margin-bottom: 30px;'>   <\/div>\n<\/p><\/div>\n<\/p><\/div>\n<p> <!-- Imagen 6 --> <\/p>\n<div style='width: 100%; margin-bottom: 30px;'> <img style='width: 100%; height: auto; border: 1px solid rgba(150&comma;150&comma;150&comma;0.3); border-radius: 8px;' src='https:\/\/ftp3.syscom.mx\/usuarios\/luis.vargas\/YAMAHA\/VC_SERIES\/VCseriesG.gif' alt=''> <\/div>\n<\/p><\/div>\n","protected":false},"excerpt":{"rendered":"<p>Altavoz de Plaf\u00f3n | 8in woofer,1in tweeter | Baja y Alta Impedancia | Color Negro<\/p>\n","protected":false},"featured_media":91740,"comment_status":"open","ping_status":"closed","template":"","meta":[],"product_brand":[],"product_cat":[424],"product_tag":[52,425,2128],"class_list":{"0":"post-91741","1":"product","2":"type-product","3":"status-publish","4":"has-post-thumbnail","6":"product_cat-bocinas-plafon","7":"product_tag-audio-residencial-comercial","8":"product_tag-bocinas-plafon","9":"product_tag-yamaha","11":"first","12":"outofstock","13":"sale","14":"shipping-taxable","15":"purchasable","16":"product-type-simple"},"_links":{"self":[{"href":"https:\/\/soydeaqui.ddns.net\/pachuca\/index.php\/wp-json\/wp\/v2\/product\/91741","targetHints":{"allow":["GET"]}}],"collection":[{"href":"https:\/\/soydeaqui.ddns.net\/pachuca\/index.php\/wp-json\/wp\/v2\/product"}],"about":[{"href":"https:\/\/soydeaqui.ddns.net\/pachuca\/index.php\/wp-json\/wp\/v2\/types\/product"}],"replies":[{"embeddable":true,"href":"https:\/\/soydeaqui.ddns.net\/pachuca\/index.php\/wp-json\/wp\/v2\/comments?post=91741"}],"wp:featuredmedia":[{"embeddable":true,"href":"https:\/\/soydeaqui.ddns.net\/pachuca\/index.php\/wp-json\/wp\/v2\/media\/91740"}],"wp:attachment":[{"href":"https:\/\/soydeaqui.ddns.net\/pachuca\/index.php\/wp-json\/wp\/v2\/media?parent=91741"}],"wp:term":[{"taxonomy":"product_brand","embeddable":true,"href":"https:\/\/soydeaqui.ddns.net\/pachuca\/index.php\/wp-json\/wp\/v2\/product_brand?post=91741"},{"taxonomy":"product_cat","embeddable":true,"href":"https:\/\/soydeaqui.ddns.net\/pachuca\/index.php\/wp-json\/wp\/v2\/product_cat?post=91741"},{"taxonomy":"product_tag","embeddable":true,"href":"https:\/\/soydeaqui.ddns.net\/pachuca\/index.php\/wp-json\/wp\/v2\/product_tag?post=91741"}],"curies":[{"name":"wp","href":"https:\/\/api.w.org\/{rel}","templated":true}]}}