{"id":91693,"date":"2026-03-20T04:41:57","date_gmt":"2026-03-20T04:41:57","guid":{"rendered":"https:\/\/soydeaqui.ddns.net\/pachuca\/index.php\/producto\/headset-de-audifonos-con-microfono-ideal-para-gaming-y-streaming-uso-general-microfono-desmontable-audifonos-calidad-de-estudio\/"},"modified":"2026-03-20T04:42:07","modified_gmt":"2026-03-20T04:42:07","slug":"headset-de-audifonos-con-microfono-ideal-para-gaming-y-streaming-uso-general-microfono-desmontable-audifonos-calidad-de-estudio","status":"publish","type":"product","link":"https:\/\/soydeaqui.ddns.net\/pachuca\/index.php\/producto\/headset-de-audifonos-con-microfono-ideal-para-gaming-y-streaming-uso-general-microfono-desmontable-audifonos-calidad-de-estudio\/","title":{"rendered":"Headset de Aud\u00edfonos con Micr\u00f3fono | Ideal para Gaming y Streaming | Uso general | Micr\u00f3fono desmontable | Aud\u00edfonos calidad de Estudio"},"content":{"rendered":"<div style='width: 100%; max-width: 1200px; margin: 0 auto; font-family: sans-serif; line-height: 1.6; color: inherit; background-color: transparent;'> <!-- IMAGEN 1 --> <\/p>\n<div style='width: 100%; margin-bottom: 30px;'> <img style='width: 40%; height: auto; margin-left: 30%; border: 1px solid rgba(150&comma;150&comma;150&comma;0.3); border-radius: 8px;' src='https:\/\/ftp3.syscom.mx\/usuarios\/luis.vargas\/YAMAHA\/Yamaha_logo.png' alt='Logo Yamaha'> <\/div>\n<p> <!-- IMAGEN 2 --> <\/p>\n<div style='width: 100%; margin-bottom: 30px;'> <img style='width: 100%; height: auto; border: 1px solid rgba(150&comma;150&comma;150&comma;0.3); border-radius: 8px;' src='https:\/\/ftp3.syscom.mx\/usuarios\/luis.vargas\/YAMAHA\/Linea.PNG' alt='L\u00ednea Yamaha'> <\/div>\n<p> <!-- IMAGEN 3 --> <\/p>\n<div style='width: 100%; margin-bottom: 30px;'> <img style='width: 100%; height: auto; border: 1px solid rgba(150&comma;150&comma;150&comma;0.3); border-radius: 8px;' src='https:\/\/ftp3.syscom.mx\/usuarios\/cesar.garcia\/Yamaha\/Streaming\/YHG01\/YHG01banner.png' alt='Banner YHG01'> <\/div>\n<p> <!-- Secci\u00f3n de contenido con imagen y texto --> <\/p>\n<div style='display: flex; flex-wrap: wrap; gap: 30px; margin-bottom: 30px;'>\n<div style='flex: 1 1 300px; min-width: 280px;'> <img style='width: 100%; height: auto; border: 1px solid rgba(150&comma;150&comma;150&comma;0.3); border-radius: 8px;' src='http:\/\/ftp3.syscom.mx\/usuarios\/cesar.garcia\/Yamaha\/Streaming\/YHG01\/YHG01a.png' alt='YHG01a'> <\/div>\n<div style='flex: 1 1 300px; min-width: 280px;'>\n<h3 style='font-size: 22px; border-bottom: 2px solid currentColor; padding-bottom: 5px; margin-top: 0; color: inherit; opacity: 0.8;'>Ligeros y c\u00f3modos de usar<\/h3>\n<p style='font-size: 15px; color: inherit; text-align: justify;'> El concepto de dise\u00f1o del YH-G01 se centra en largas horas de uso continuo y c\u00f3modo debido a su construcci\u00f3n liviana&comma; presi\u00f3n lateral moderada en la cabeza y la cara&comma; y almohadillas de malla que reducen considerablemente la humedad. Incluso la calidad del sonido se adhiere a esta b\u00fasqueda de comodidad durante per\u00edodos prolongados de uso al mantener las frecuencias altas y bajas en una mezcla bien equilibrada que es agradable para los o\u00eddos. <\/p>\n<\/p><\/div>\n<\/p><\/div>\n<p> <!-- Secci\u00f3n de contenido con imagen y texto (inverso) --> <\/p>\n<div style='display: flex; flex-wrap: wrap; gap: 30px; margin-bottom: 30px;'>\n<div style='flex: 1 1 300px; min-width: 280px; order: 2;'> <img style='width: 100%; height: auto; border: 1px solid rgba(150&comma;150&comma;150&comma;0.3); border-radius: 8px;' src='http:\/\/ftp3.syscom.mx\/usuarios\/cesar.garcia\/Yamaha\/Streaming\/YHG01\/YHG01b.png' alt='YHG01b'> <\/div>\n<div style='flex: 1 1 300px; min-width: 280px; order: 1;'>\n<h3 style='font-size: 22px; border-bottom: 2px solid currentColor; padding-bottom: 5px; margin-top: 0; color: inherit; opacity: 0.8;'>Captura y entrega de calidad de tu voz<\/h3>\n<p style='font-size: 15px; color: inherit; text-align: justify;'> El micr\u00f3fono de condensador de alta calidad del YH-G01 se puede ubicar de manera \u00f3ptima para una extracci\u00f3n enfocada y clara de tu voz que se entregar\u00e1 a tu compa\u00f1ero de chat o audiencia sin ruido ambiental no deseado. Los profesionales de audio suelen utilizar micr\u00f3fonos de condensador por sus capacidades precisas de grabaci\u00f3n de voz&comma; lo que los hace ideales para proporcionar una experiencia de audio de conversaci\u00f3n c\u00f3moda para ti y para las personas con las que te comunicas. <\/p>\n<\/p><\/div>\n<\/p><\/div>\n<p> <!-- Secci\u00f3n de contenido con imagen y texto --> <\/p>\n<div style='display: flex; flex-wrap: wrap; gap: 30px; margin-bottom: 30px;'>\n<div style='flex: 1 1 300px; min-width: 280px;'> <img style='width: 100%; height: auto; border: 1px solid rgba(150&comma;150&comma;150&comma;0.3); border-radius: 8px;' src='https:\/\/ftp3.syscom.mx\/usuarios\/cesar.garcia\/Yamaha\/Streaming\/ZG01PACK\/yh-g01_desk.png' alt='YH-G01 en escritorio'> <\/div>\n<div style='flex: 1 1 300px; min-width: 280px;'>\n<h3 style='font-size: 22px; border-bottom: 2px solid currentColor; padding-bottom: 5px; margin-top: 0; color: inherit; opacity: 0.8;'>Elegante dise\u00f1o minimalista que se adapta a cualquier aplicaci\u00f3n<\/h3>\n<p style='font-size: 15px; color: inherit; text-align: justify;'> Con su dise\u00f1o simple pero atractivo&comma; la est\u00e9tica sencilla del YH-G01 puede integrarse perfectamente en cualquier entorno de comunicaci\u00f3n en l\u00ednea. Ya sea que est\u00e9s chateando por voz durante el juego&comma; haciendo streaming en vivo o reuni\u00e9ndote con socios comerciales o estudiantes&comma; el YH-G01 se siente igualmente en casa en las aplicaciones de comunicaci\u00f3n remota m\u00e1s informales o profesionales. <\/p>\n<\/p><\/div>\n<\/p><\/div>\n<p> <!-- Secci\u00f3n de especificaciones --> <\/p>\n<div style='display: flex; flex-wrap: wrap; gap: 20px; margin-bottom: 30px;'>\n<div style='flex: 1 1 250px; border: 1px solid rgba(150&comma; 150&comma; 150&comma; 0.4); border-radius: 8px; overflow: hidden; display: flex; flex-direction: column;'>\n<div style='padding: 15px; border-bottom: 1px solid rgba(150&comma; 150&comma; 150&comma; 0.2); font-weight: bold; font-size: 18px; color: inherit;'>Caracter\u00edsticas Generales<\/div>\n<div style='padding: 15px; color: inherit;'>\n<ul style='padding-left: 20px; margin: 0; font-size: 14px; list-style-type: disc;'>\n<li style='margin-bottom: 5px;'><strong>Respuesta de Frecuencia:<\/strong> 20Hz &#8211; 20KHz<\/li>\n<li style='margin-bottom: 5px;'><strong>Impedancia:<\/strong> 35\u03a9<\/li>\n<li style='margin-bottom: 5px;'><strong>Sensibilidad (SPL):<\/strong> 94.4dB\/mW<\/li>\n<li style='margin-bottom: 5px;'><strong>Micr\u00f3fono:<\/strong> Micr\u00f3fono de condensador electret<\/li>\n<li style='margin-bottom: 5px;'><strong>Conector:<\/strong> Mini est\u00e9reo de 4 polos (TRRS) de 3.5 mm (1\/8&#8242;)<\/li>\n<li style='margin-bottom: 5px;'><strong>Cable:<\/strong> 2m<\/li>\n<li style='margin-bottom: 5px;'><strong>Peso:<\/strong> Aprox. 240g (sin cable ni enchufe)<\/li>\n<li style='margin-bottom: 5px;'><strong>Accesorios inclu\u00eddos:<\/strong> Micr\u00f3fono&comma; Cable splitter de audio para auriculares y Manual del propietario<\/li>\n<\/ul><\/div>\n<\/p><\/div>\n<\/p><\/div>\n<p> <!-- Separador --> <\/p>\n<hr style='border: 0; border-top: 1px solid rgba(150&comma; 150&comma; 150&comma; 0.3); margin: 30px 0;'> <\/div>\n","protected":false},"excerpt":{"rendered":"<p>Headset de Aud\u00edfonos con Micr\u00f3fono | Ideal para Gaming y Streaming | Uso general | Micr\u00f3fono desmontable | Aud\u00edfonos calidad de Estudio<\/p>\n","protected":false},"featured_media":91692,"comment_status":"open","ping_status":"closed","template":"","meta":[],"product_brand":[],"product_cat":[2217],"product_tag":[2219,2218,2128],"class_list":{"0":"post-91693","1":"product","2":"type-product","3":"status-publish","4":"has-post-thumbnail","6":"product_cat-consolas-e-interfaces","7":"product_tag-consolas-e-interfaces","8":"product_tag-streaming-gaming","9":"product_tag-yamaha","11":"first","12":"outofstock","13":"sale","14":"shipping-taxable","15":"purchasable","16":"product-type-simple"},"_links":{"self":[{"href":"https:\/\/soydeaqui.ddns.net\/pachuca\/index.php\/wp-json\/wp\/v2\/product\/91693","targetHints":{"allow":["GET"]}}],"collection":[{"href":"https:\/\/soydeaqui.ddns.net\/pachuca\/index.php\/wp-json\/wp\/v2\/product"}],"about":[{"href":"https:\/\/soydeaqui.ddns.net\/pachuca\/index.php\/wp-json\/wp\/v2\/types\/product"}],"replies":[{"embeddable":true,"href":"https:\/\/soydeaqui.ddns.net\/pachuca\/index.php\/wp-json\/wp\/v2\/comments?post=91693"}],"wp:featuredmedia":[{"embeddable":true,"href":"https:\/\/soydeaqui.ddns.net\/pachuca\/index.php\/wp-json\/wp\/v2\/media\/91692"}],"wp:attachment":[{"href":"https:\/\/soydeaqui.ddns.net\/pachuca\/index.php\/wp-json\/wp\/v2\/media?parent=91693"}],"wp:term":[{"taxonomy":"product_brand","embeddable":true,"href":"https:\/\/soydeaqui.ddns.net\/pachuca\/index.php\/wp-json\/wp\/v2\/product_brand?post=91693"},{"taxonomy":"product_cat","embeddable":true,"href":"https:\/\/soydeaqui.ddns.net\/pachuca\/index.php\/wp-json\/wp\/v2\/product_cat?post=91693"},{"taxonomy":"product_tag","embeddable":true,"href":"https:\/\/soydeaqui.ddns.net\/pachuca\/index.php\/wp-json\/wp\/v2\/product_tag?post=91693"}],"curies":[{"name":"wp","href":"https:\/\/api.w.org\/{rel}","templated":true}]}}