{"id":91627,"date":"2026-03-20T04:38:30","date_gmt":"2026-03-20T04:38:30","guid":{"rendered":"https:\/\/soydeaqui.ddns.net\/pachuca\/index.php\/producto\/paquete-de-10-piezas-del-modelo-mgb-lx-v2-del-transceptor-mini-gbic-sfp-1g-lc-duplex-para-fibra-monomodo-de-20-km\/"},"modified":"2026-03-20T04:38:40","modified_gmt":"2026-03-20T04:38:40","slug":"paquete-de-10-piezas-del-modelo-mgb-lx-v2-del-transceptor-mini-gbic-sfp-1g-lc-duplex-para-fibra-monomodo-de-20-km","status":"publish","type":"product","link":"https:\/\/soydeaqui.ddns.net\/pachuca\/index.php\/producto\/paquete-de-10-piezas-del-modelo-mgb-lx-v2-del-transceptor-mini-gbic-sfp-1g-lc-duplex-para-fibra-monomodo-de-20-km\/","title":{"rendered":"Paquete de 10 Piezas del Modelo (MGB-LX v2) del Transceptor mini-GBIC SFP 1G LC Duplex Para Fibra Monomodo de 20 Km"},"content":{"rendered":"<div style='width: 100%; max-width: 1200px; margin: 0 auto; font-family: sans-serif; line-height: 1.6; color: inherit; background-color: transparent;'>\n<div style='display: flex; flex-wrap: wrap; gap: 30px; margin-bottom: 30px;'>\n<div style='flex: 1 1 300px; min-width: 280px;'>\n<p style='font-size: 15px; color: inherit; margin-top: 0; margin-bottom: 15px;'> La familia MGB consta de m\u00f3dulos de transceptor de factor de forma peque\u00f1o (SFP) que est\u00e1n dise\u00f1ados espec\u00edficamente para un enlace de datos d\u00faplex integrado de alto rendimiento a trav\u00e9s de fibra \u00f3ptica monomodo. Estos m\u00f3dulos de transceptor cumplen con el Acuerdo de recursos m\u00faltiples de SFP (MSA) y se pueden conectar en caliente. Estos m\u00f3dulos ofrecen una manera f\u00e1cil de instalarse en puertos compatibles con SFP MSA en cualquier momento sin la interrupci\u00f3n de la operaci\u00f3n del equipo host. <\/p>\n<p style='font-size: 15px; color: inherit; margin-bottom: 15px;'> La familia MGB de m\u00f3dulos Gigabit Ethernet SFP Mini-GBIC se puede instalar en los productos PLANET Switch con interfaz SFP mini-GBIC. La distancia de despliegue puede extenderse desde 100 metros (TP)&comma; 550 metros (multimodo&comma; LC) y hasta 120 kil\u00f3metros (modo \u00fanico&comma; LC). <\/p>\n<p style='font-size: 15px; color: inherit; margin-bottom: 0;'> Para satisfacer la creciente demanda de la soluci\u00f3n de fibra Industrial Ethernet&comma; Planet lanza los transceptores 1000BASE-SX \/ LX \/ BX de la serie MGB-T que pueden operar de manera confiable en entornos de alta temperatura&comma; clim\u00e1ticamente exigentes y amplios (-40 a 75 \u2103) ambiente. Los transceptores 1000BASE-SX \/ LX \/ BX de la serie MGB-T proporcionan una conexi\u00f3n 1000BASE-SX \/ LX \/ BX f\u00e1cil y r\u00e1pida para equipos industriales de amplia temperatura Planet. <\/p>\n<\/p><\/div>\n<\/p><\/div>\n<\/p><\/div>\n","protected":false},"excerpt":{"rendered":"<p>Paquete de 10 Piezas del Modelo (MGB-LX v2) del Transceptor mini-GBIC SFP 1G LC Duplex Para Fibra Monomodo de 20 Km<\/p>\n","protected":false},"featured_media":91626,"comment_status":"open","ping_status":"closed","template":"","meta":[],"product_brand":[],"product_cat":[663],"product_tag":[664,2033,665],"class_list":{"0":"post-91627","1":"product","2":"type-product","3":"status-publish","4":"has-post-thumbnail","6":"product_cat-transceptores-de-fibra","7":"product_tag-networking","8":"product_tag-planet","9":"product_tag-transceptores-de-fibra","11":"first","12":"instock","13":"sale","14":"shipping-taxable","15":"purchasable","16":"product-type-simple"},"_links":{"self":[{"href":"https:\/\/soydeaqui.ddns.net\/pachuca\/index.php\/wp-json\/wp\/v2\/product\/91627","targetHints":{"allow":["GET"]}}],"collection":[{"href":"https:\/\/soydeaqui.ddns.net\/pachuca\/index.php\/wp-json\/wp\/v2\/product"}],"about":[{"href":"https:\/\/soydeaqui.ddns.net\/pachuca\/index.php\/wp-json\/wp\/v2\/types\/product"}],"replies":[{"embeddable":true,"href":"https:\/\/soydeaqui.ddns.net\/pachuca\/index.php\/wp-json\/wp\/v2\/comments?post=91627"}],"wp:featuredmedia":[{"embeddable":true,"href":"https:\/\/soydeaqui.ddns.net\/pachuca\/index.php\/wp-json\/wp\/v2\/media\/91626"}],"wp:attachment":[{"href":"https:\/\/soydeaqui.ddns.net\/pachuca\/index.php\/wp-json\/wp\/v2\/media?parent=91627"}],"wp:term":[{"taxonomy":"product_brand","embeddable":true,"href":"https:\/\/soydeaqui.ddns.net\/pachuca\/index.php\/wp-json\/wp\/v2\/product_brand?post=91627"},{"taxonomy":"product_cat","embeddable":true,"href":"https:\/\/soydeaqui.ddns.net\/pachuca\/index.php\/wp-json\/wp\/v2\/product_cat?post=91627"},{"taxonomy":"product_tag","embeddable":true,"href":"https:\/\/soydeaqui.ddns.net\/pachuca\/index.php\/wp-json\/wp\/v2\/product_tag?post=91627"}],"curies":[{"name":"wp","href":"https:\/\/api.w.org\/{rel}","templated":true}]}}