{"id":91618,"date":"2026-03-20T04:38:01","date_gmt":"2026-03-20T04:38:01","guid":{"rendered":"https:\/\/soydeaqui.ddns.net\/pachuca\/index.php\/producto\/extensor-wifi-6-unifi-se-conecta-directo-al-tomacorriente-hasta-5-4-gbps-repite-solo-wifi-de-equipos-unifi\/"},"modified":"2026-03-20T04:38:20","modified_gmt":"2026-03-20T04:38:20","slug":"extensor-wifi-6-unifi-se-conecta-directo-al-tomacorriente-hasta-5-4-gbps-repite-solo-wifi-de-equipos-unifi","status":"publish","type":"product","link":"https:\/\/soydeaqui.ddns.net\/pachuca\/index.php\/producto\/extensor-wifi-6-unifi-se-conecta-directo-al-tomacorriente-hasta-5-4-gbps-repite-solo-wifi-de-equipos-unifi\/","title":{"rendered":"Extensor WiFi 6 UniFi, se conecta directo al tomacorriente, hasta 5.4 Gbps, repite SOLO WiFi de equipos UniFi."},"content":{"rendered":"<div style='width: 100%; max-width: 1200px; margin: 0 auto; font-family: sans-serif; line-height: 1.6; color: inherit; background-color: transparent;'> <!-- Descripci\u00f3n principal --> <\/p>\n<div style='margin-bottom: 30px;'>\n<h3 style='font-size: 22px; border-bottom: 2px solid currentColor; padding-bottom: 5px; margin-top: 0; color: inherit; opacity: 0.8;'>Descripci\u00f3n<\/h3>\n<p style='margin-bottom: 15px; font-size: 15px; color: inherit;'>Extensor de cobertura WiFi 6 f\u00e1cil de implementar que puede ampliar instant\u00e1neamente la cobertura inal\u00e1mbrica de su hogar u oficina. Con su dise\u00f1o de doble banda y una tasa de rendimiento total de m\u00e1s de 5&comma;3 Gbps&comma; el extensor U6 ofrece la conectividad s\u00f3lida y confiable necesaria para admitir incluso las redes con mayor densidad de dispositivos.<\/p>\n<p style='margin-bottom: 15px; font-size: 15px; color: inherit;'>Dise\u00f1ado para la simplicidad plug-and-play&comma; este punto de acceso se adapta a cualquier tomacorriente de pared d\u00faplex est\u00e1ndar de EE. UU\/M\u00e9xico y su marco compacto le permite fortalecer su se\u00f1al sin abarrotar su espacio ni alterar su est\u00e9tica. El extensor U6 se puede adaptar a su red en cuesti\u00f3n de minutos y se puede administrar de forma centralizada con la aplicaci\u00f3n web o la aplicaci\u00f3n m\u00f3vil de UniFi Network.<\/p>\n<\/p><\/div>\n<p> <!-- Especificaciones t\u00e9cnicas --> <\/p>\n<div style='display: flex; flex-wrap: wrap; gap: 30px; margin-bottom: 30px;'>\n<div style='flex: 1 1 300px; min-width: 280px;'>\n<h3 style='font-size: 22px; border-bottom: 2px solid currentColor; padding-bottom: 5px; margin-top: 0; color: inherit; opacity: 0.8;'>Mec\u00e1nico<\/h3>\n<ul style='padding-left: 20px; font-size: 15px; color: inherit;'>\n<li style='margin-bottom: 5px;'><strong>Dimensiones:<\/strong> 169&comma;7 x 112&comma;2 x 32&comma;2 mm (6&comma;68 x 4&comma;42 x 1&comma;27&#8242;)<\/li>\n<li style='margin-bottom: 5px;'><strong>Peso:<\/strong> 290 g (10&comma;2 onzas)<\/li>\n<li style='margin-bottom: 5px;'><strong>Material del recinto:<\/strong> Pl\u00e1stico<\/li>\n<\/ul><\/div>\n<div style='flex: 1 1 300px; min-width: 280px;'>\n<h3 style='font-size: 22px; border-bottom: 2px solid currentColor; padding-bottom: 5px; margin-top: 0; color: inherit; opacity: 0.8;'>Hardware<\/h3>\n<ul style='padding-left: 20px; font-size: 15px; color: inherit;'>\n<li style='margin-bottom: 5px;'><strong>Interfaz de gesti\u00f3n:<\/strong> Bluetooth<\/li>\n<li style='margin-bottom: 5px;'><strong>Bot\u00f3n:<\/strong> Restablecimiento de f\u00e1brica<\/li>\n<li style='margin-bottom: 5px;'><strong>LED:<\/strong> Blanco\/azul<\/li>\n<li style='margin-bottom: 5px; font-size: 13px;'><em>Debido a la escasez de suministro de chips&comma; el LED del U6 AP se ha limitado a solo los modos de color blanco y azul.<\/em><\/li>\n<li style='margin-bottom: 5px;'><strong>M\u00e9todo de potencia:<\/strong> Entrada de CA universal&comma; 100-240 V CA&comma; 0&comma;3 A m\u00e1x.&comma; 50\/60 Hz<\/li>\n<li style='margin-bottom: 5px;'><strong>Rango de voltaje admitido:<\/strong> 110 a 240 VCA<\/li>\n<li style='margin-bottom: 5px;'><strong>M\u00e1ximo consumo de energ\u00eda:<\/strong> 11W<\/li>\n<li style='margin-bottom: 5px;'><strong>M\u00e1xima potencia de transmisi\u00f3n:<\/strong><\/li>\n<ul style='padding-left: 30px; margin: 5px 0; font-size: 14px; color: inherit;'>\n<li style='margin-bottom: 5px;'>2&comma;4 GHz: 22 dBm<\/li>\n<li style='margin-bottom: 5px;'>5 GHz: 26 dBm<\/li>\n<\/ul>\n<li style='margin-bottom: 5px;'><strong>MIMO:<\/strong><\/li>\n<ul style='padding-left: 30px; margin: 5px 0; font-size: 14px; color: inherit;'>\n<li style='margin-bottom: 5px;'>2&comma;4 GHz: 2 x 2 (UL MU-MIMO)<\/li>\n<li style='margin-bottom: 5px;'>5 GHz: 4 x 4 (DL\/UL MU-MIMO)<\/li>\n<\/ul>\n<li style='margin-bottom: 5px;'><strong>Tasa de rendimiento:<\/strong><\/li>\n<ul style='padding-left: 30px; margin: 5px 0; font-size: 14px; color: inherit;'>\n<li style='margin-bottom: 5px;'>2&comma;4 GHz: 573&comma;5 Mbps<\/li>\n<li style='margin-bottom: 5px;'>5 GHz: 4&comma;8 Gbps<\/li>\n<\/ul>\n<li style='margin-bottom: 5px;'><strong>Ganancia de antena:<\/strong><\/li>\n<ul style='padding-left: 30px; margin: 5px 0; font-size: 14px; color: inherit;'>\n<li style='margin-bottom: 5px;'>2&comma;4 GHz: 5 dBi<\/li>\n<li style='margin-bottom: 5px;'>5 GHz: 6 dBi<\/li>\n<\/ul>\n<li style='margin-bottom: 5px;'><strong>Temperatura de funcionamiento:<\/strong> -10 a 50 \u00b0C (14 a 122 \u00b0F)<\/li>\n<li style='margin-bottom: 5px;'><strong>Humedad de funcionamiento:<\/strong> 5 a 95% sin condensaci\u00f3n<\/li>\n<li style='margin-bottom: 5px;'><strong>Certificaciones:<\/strong> FCC&comma; CI<\/li>\n<\/ul><\/div>\n<div style='flex: 1 1 300px; min-width: 280px;'>\n<h3 style='font-size: 22px; border-bottom: 2px solid currentColor; padding-bottom: 5px; margin-top: 0; color: inherit; opacity: 0.8;'>Software<\/h3>\n<ul style='padding-left: 20px; font-size: 15px; color: inherit;'>\n<li style='margin-bottom: 5px;'><strong>Est\u00e1ndares Wi-Fi:<\/strong> 802.11a\/b\/g&comma; WiFi 4\/WiFi 5\/WiFi 6<\/li>\n<li style='margin-bottom: 5px;'><strong>Seguridad inal\u00e1mbrica:<\/strong> WPA-PSK&comma; WPA-Empresa (WPA\/WPA2\/WPA3)<\/li>\n<li style='margin-bottom: 5px;'><strong>BSSID:<\/strong> 8 por radio<\/li>\n<\/ul><\/div>\n<\/p><\/div>\n<p> <!-- Contenido del paquete --> <\/p>\n<div style='margin-bottom: 30px;'>\n<h3 style='font-size: 22px; border-bottom: 2px solid currentColor; padding-bottom: 5px; margin-top: 0; color: inherit; opacity: 0.8;'>Contenido del paquete<\/h3>\n<p> <img style='width: 100%; height: auto; border: 1px solid rgba(150&comma;150&comma;150&comma;0.3); border-radius: 8px;' src='https:\/\/ftp3.syscom.mx\/usuarios\/fotos\/U6EXTENDER\/214745-u6extender_contenido.jpg' alt='Contenido del paquete'> <\/div>\n<p> <!-- Aplicaci\u00f3n UniFi Network --> <\/p>\n<div style='display: flex; flex-wrap: wrap; gap: 30px; margin-bottom: 30px;'>\n<div style='flex: 1 1 300px; min-width: 280px;'> <img style='width: 100%; height: auto; border: 1px solid rgba(150&comma;150&comma;150&comma;0.3); border-radius: 8px;' src='https:\/\/cdn.shopify.com\/s\/files\/1\/1439\/1668\/files\/SW-UniFi-Network.png?v=1658934022' alt='Aplicaci\u00f3n UniFi Network'> <\/div>\n<div style='flex: 2 1 400px; min-width: 300px;'>\n<h3 style='font-size: 22px; border-bottom: 2px solid currentColor; padding-bottom: 5px; margin-top: 0; color: inherit; opacity: 0.8;'>Funciona con la aplicaci\u00f3n UniFi Network<\/h3>\n<ul style='padding-left: 20px; font-size: 15px; color: inherit;'>\n<li style='margin-bottom: 10px;'>Administre de forma centralizada m\u00faltiples redes desde una interfaz intuitiva<\/li>\n<li style='margin-bottom: 10px;'>Disfrute de informaci\u00f3n de dispositivos en tiempo real y opciones de configuraci\u00f3n profundas<\/li>\n<li style='margin-bottom: 10px;'>Actualice el firmware del dispositivo de forma remota<\/li>\n<li style='margin-bottom: 10px;'>Administre usuarios de red e invitados con facilidad<\/li>\n<li style='margin-bottom: 10px;'>Personalice el dise\u00f1o&comma; la arquitectura y la privacidad de los puntos de acceso para invitados<\/li>\n<li style='margin-bottom: 10px;'>Configure dispositivos r\u00e1pidamente y admin\u00edstrelos sobre la marcha con una potente aplicaci\u00f3n m\u00f3vil<\/li>\n<\/ul><\/div>\n<\/p><\/div>\n<p> <!-- Separador --> <\/p>\n<hr style='border: 0; border-top: 1px solid rgba(150&comma; 150&comma; 150&comma; 0.3); margin: 30px 0;'> <\/div>\n","protected":false},"excerpt":{"rendered":"<p>Extensor WiFi 6 UniFi, se conecta directo al tomacorriente, hasta 5.4 Gbps, repite SOLO WiFi de equipos UniFi.<\/p>\n","protected":false},"featured_media":91617,"comment_status":"open","ping_status":"closed","template":"","meta":[],"product_brand":[],"product_cat":[2026],"product_tag":[1479,2027,166],"class_list":{"0":"post-91618","1":"product","2":"type-product","3":"status-publish","4":"has-post-thumbnail","6":"product_cat-repetidores-de-senal","7":"product_tag-redes-wifi","8":"product_tag-repetidores-de-senal","9":"product_tag-ubiquiti","11":"first","12":"outofstock","13":"sale","14":"shipping-taxable","15":"purchasable","16":"product-type-simple"},"_links":{"self":[{"href":"https:\/\/soydeaqui.ddns.net\/pachuca\/index.php\/wp-json\/wp\/v2\/product\/91618","targetHints":{"allow":["GET"]}}],"collection":[{"href":"https:\/\/soydeaqui.ddns.net\/pachuca\/index.php\/wp-json\/wp\/v2\/product"}],"about":[{"href":"https:\/\/soydeaqui.ddns.net\/pachuca\/index.php\/wp-json\/wp\/v2\/types\/product"}],"replies":[{"embeddable":true,"href":"https:\/\/soydeaqui.ddns.net\/pachuca\/index.php\/wp-json\/wp\/v2\/comments?post=91618"}],"wp:featuredmedia":[{"embeddable":true,"href":"https:\/\/soydeaqui.ddns.net\/pachuca\/index.php\/wp-json\/wp\/v2\/media\/91617"}],"wp:attachment":[{"href":"https:\/\/soydeaqui.ddns.net\/pachuca\/index.php\/wp-json\/wp\/v2\/media?parent=91618"}],"wp:term":[{"taxonomy":"product_brand","embeddable":true,"href":"https:\/\/soydeaqui.ddns.net\/pachuca\/index.php\/wp-json\/wp\/v2\/product_brand?post=91618"},{"taxonomy":"product_cat","embeddable":true,"href":"https:\/\/soydeaqui.ddns.net\/pachuca\/index.php\/wp-json\/wp\/v2\/product_cat?post=91618"},{"taxonomy":"product_tag","embeddable":true,"href":"https:\/\/soydeaqui.ddns.net\/pachuca\/index.php\/wp-json\/wp\/v2\/product_tag?post=91618"}],"curies":[{"name":"wp","href":"https:\/\/api.w.org\/{rel}","templated":true}]}}