{"id":91602,"date":"2026-03-20T04:37:19","date_gmt":"2026-03-20T04:37:19","guid":{"rendered":"https:\/\/soydeaqui.ddns.net\/pachuca\/index.php\/producto\/radio-backhaul-uisp-airfiber-60-xr-para-ptp-en-60-ghz-hasta-5-4-gbps-radio-redundante-en-5-ghz-sfp-10g-con-gps-y-bluetooth-hasta-15-km\/"},"modified":"2026-03-20T04:37:42","modified_gmt":"2026-03-20T04:37:42","slug":"radio-backhaul-uisp-airfiber-60-xr-para-ptp-en-60-ghz-hasta-5-4-gbps-radio-redundante-en-5-ghz-sfp-10g-con-gps-y-bluetooth-hasta-15-km","status":"publish","type":"product","link":"https:\/\/soydeaqui.ddns.net\/pachuca\/index.php\/producto\/radio-backhaul-uisp-airfiber-60-xr-para-ptp-en-60-ghz-hasta-5-4-gbps-radio-redundante-en-5-ghz-sfp-10g-con-gps-y-bluetooth-hasta-15-km\/","title":{"rendered":"Radio Backhaul UISP Airfiber 60 XR para PTP en 60 Ghz, hasta 5.4 Gbps, radio redundante en 5 Ghz, SFP+ 10G, con GPS y Bluetooth, hasta 15 Km"},"content":{"rendered":"<div style='width: 100%; max-width: 1200px; margin: 0 auto; font-family: sans-serif; line-height: 1.6; color: inherit; background-color: transparent;'>\n<div style='margin-bottom: 30px;'>\n<blockquote style='margin: 0 0 20px; padding: 15px; border-left: 4px solid currentColor; opacity: 0.9;'>\n<p style='margin: 0; font-size: 16px; color: inherit;'> Puente multigigabit de 60 GHz dise\u00f1ado para crear enlaces de larga distancia y ofrecer un rendimiento total de 5&comma;4 Gbps (d\u00faplex de 2&comma;7 Gbps). <\/p>\n<\/blockquote>\n<p style='margin: 0 0 20px; font-size: 15px; color: inherit;'> Tambi\u00e9n est\u00e1 equipado con una radio de respaldo de 5 GHz para redundancia operativa&comma; as\u00ed como una radio Bluetooth para simplificar la configuraci\u00f3n a trav\u00e9s de la aplicaci\u00f3n UISP\u00ae Mobile. <\/p>\n<\/p><\/div>\n<p> <!-- Secci\u00f3n de caracter\u00edsticas --> <\/p>\n<div style='display: grid; grid-template-columns: 1fr; gap: 30px; margin-bottom: 30px;'>\n<div style='flex: 1 1 300px; min-width: 280px;'>\n<h3 style='font-size: 20px; border-bottom: 2px solid currentColor; padding-bottom: 5px; margin-top: 0; color: inherit; opacity: 0.8;'>Mec\u00e1nico<\/h3>\n<ul style='padding-left: 20px; font-size: 15px; color: inherit;'>\n<li style='margin-bottom: 5px;'><strong>Dimensiones:<\/strong> 779 x 664 x 383 mm (30&comma;7 x 26&comma;1 x 15&comma;1&#8242;)<\/li>\n<li style='margin-bottom: 5px;'><strong>Peso:<\/strong> Sin montaje: 8&comma;6 kg (19 libras) \/ Con montaje: 13 kg (28&comma;7 libras)<\/li>\n<li style='margin-bottom: 5px;'><strong>Material de montaje:<\/strong> Acero galvanizado<\/li>\n<li style='margin-bottom: 5px;'><strong>Montaje:<\/strong> Kit de alineaci\u00f3n de precisi\u00f3n (incluido). Compatibilidad con postes: \u00d840 a 80 mm (\u00d81&comma;5 a 3&comma;15&#8242;) en el di\u00e1metro exterior de la tuber\u00eda<\/li>\n<li style='margin-bottom: 5px;'><strong>Carga de viento:<\/strong> 422 N a 200 km\/h (94&comma;86 lbf a 125 mph)<\/li>\n<li style='margin-bottom: 5px;'><strong>Impermeabilizaci\u00f3n:<\/strong> IPX6<\/li>\n<\/ul><\/div>\n<\/p><\/div>\n<p> <!-- Secci\u00f3n de hardware --> <\/p>\n<div style='display: grid; grid-template-columns: 1fr; gap: 30px; margin-bottom: 30px;'>\n<div style='flex: 1 1 300px; min-width: 280px;'>\n<h3 style='font-size: 20px; border-bottom: 2px solid currentColor; padding-bottom: 5px; margin-top: 0; color: inherit; opacity: 0.8;'>Hardware<\/h3>\n<ul style='padding-left: 20px; font-size: 15px; color: inherit;'>\n<li style='margin-bottom: 5px;'><strong>Procesador:<\/strong> ARM\u00ae Cortex\u00ae-A53 de cuatro n\u00facleos a 1&comma;4 GHz<\/li>\n<li style='margin-bottom: 5px;'><strong>Memoria:<\/strong> DDR3L 1 GB<\/li>\n<li style='margin-bottom: 5px;'><strong>Interfaz de red:<\/strong> (1) puerto GbE RJ45 \/ (1) puerto SFP+ 1\/10G<\/li>\n<li style='margin-bottom: 5px;'><strong>Consumo m\u00e1ximo de energ\u00eda:<\/strong> 24W<\/li>\n<li style='margin-bottom: 5px;'><strong>M\u00e9todo de alimentaci\u00f3n:<\/strong> PoE pasivo de 4 pares (1&comma; 2+; 3&comma; 6-) (4&comma; 5+; 7&comma; \ud83d\ude0e o 2 pares (4&comma; 5+; 7&comma; \ud83d\ude0e<\/li>\n<li style='margin-bottom: 5px;'><strong>Fuente de alimentaci\u00f3n:<\/strong> Adaptador PoE gigabit de 48 V CC&comma; 0&comma;65 A (incluido)<\/li>\n<li style='margin-bottom: 5px;'><strong>Conexiones de radiofrecuencia:<\/strong> Interno<\/li>\n<li style='margin-bottom: 5px;'><strong>Bot\u00f3n:<\/strong> Restablecimiento de f\u00e1brica<\/li>\n<li style='margin-bottom: 5px;'><strong>LED:<\/strong> Alimentaci\u00f3n&comma; Ethernet&comma; GPS&comma; enlace<\/li>\n<li style='margin-bottom: 5px;'><strong>Temperatura de funcionamiento:<\/strong> -40 a 55 \u00b0C (-40 a 131 \u00b0F)<\/li>\n<li style='margin-bottom: 5px;'><strong>Humedad de funcionamiento:<\/strong> 5 a 95% sin condensaci\u00f3n<\/li>\n<\/ul><\/div>\n<\/p><\/div>\n<p> <!-- Secci\u00f3n de software --> <\/p>\n<div style='display: grid; grid-template-columns: 1fr; gap: 30px; margin-bottom: 30px;'>\n<div style='flex: 1 1 300px; min-width: 280px;'>\n<h3 style='font-size: 20px; border-bottom: 2px solid currentColor; padding-bottom: 5px; margin-top: 0; color: inherit; opacity: 0.8;'>Software<\/h3>\n<ul style='padding-left: 20px; font-size: 15px; color: inherit;'>\n<li style='margin-bottom: 5px;'><strong>Sistema operativo:<\/strong> airOS\u00ae<\/li>\n<li style='margin-bottom: 5px;'><strong>Modo operativo:<\/strong> solo PtP<\/li>\n<li style='margin-bottom: 5px;'><strong>Caracter\u00edsticas espec\u00edficas de Ubiquiti:<\/strong> Radio integrada de 60 GHz&comma; protocolo de descubrimiento&comma; tecnolog\u00eda Wave<\/li>\n<li style='margin-bottom: 5px;'><strong>Servicios:<\/strong> UISP&comma; vigilancia de ping&comma; cliente NTP&comma; detecci\u00f3n de dispositivos<\/li>\n<li style='margin-bottom: 5px;'><strong>Herramientas:<\/strong> Alineaci\u00f3n de antena&comma; utilidad de descubrimiento&comma; ping&comma; ruta de rastreo&comma; prueba de velocidad<\/li>\n<li style='margin-bottom: 5px;'><strong>Modo de red:<\/strong> Modo Puente<\/li>\n<li style='margin-bottom: 5px;'><strong>Gesti\u00f3n de software:<\/strong> Administraci\u00f3n de Bluetooth para una f\u00e1cil configuraci\u00f3n a trav\u00e9s de la interfaz de usuario WEB de la aplicaci\u00f3n UISP<\/li>\n<li style='margin-bottom: 5px;'><strong>Requisitos m\u00ednimos de software:<\/strong> Cualquier navegador web moderno\/smartphone basado en iOS\u2122 o Android\u2122<\/li>\n<li style='margin-bottom: 5px;'><strong>Cifrado:<\/strong> WPA2-PSK (AES)<\/li>\n<\/ul><\/div>\n<\/p><\/div>\n<p> <!-- Secci\u00f3n de RF --> <\/p>\n<div style='display: grid; grid-template-columns: 1fr; gap: 30px; margin-bottom: 30px;'>\n<div style='flex: 1 1 300px; min-width: 280px;'>\n<h3 style='font-size: 20px; border-bottom: 2px solid currentColor; padding-bottom: 5px; margin-top: 0; color: inherit; opacity: 0.8;'>RF<\/h3>\n<ul style='padding-left: 20px; font-size: 15px; color: inherit;'>\n<li style='margin-bottom: 5px;'><strong>Frecuencia de operaci\u00f3n:<\/strong> 57 a 71 GHz (Depende de la regi\u00f3n regulatoria)<\/li>\n<li style='margin-bottom: 5px;'><strong>Canal de Banda ancha:<\/strong> 2160&comma; 1080 MHz<\/li>\n<li style='margin-bottom: 5px;'><strong>Canales operativos:<\/strong> 58320&comma; 59400&comma; 60480&comma; 61560&comma; 62640&comma; 63720&comma; 64800&comma; 65880&comma; 66960&comma; 68040&comma; 69120 MHz (Depende de la regi\u00f3n regulatoria)<\/li>\n<li style='margin-bottom: 5px;'><strong>Modulaci\u00f3n:<\/strong> 16QAM&comma; BPSK&comma; QPSK<\/li>\n<li style='margin-bottom: 5px;'><strong>Amplitud de rayo:<\/strong> Acimut: \u00b1 1\u00b0 \/ Elevaci\u00f3n: \u00b1 1\u00b0<\/li>\n<\/ul><\/div>\n<\/p><\/div>\n<p> <!-- Secci\u00f3n de RF de respaldo --> <\/p>\n<div style='display: grid; grid-template-columns: 1fr; gap: 30px; margin-bottom: 30px;'>\n<div style='flex: 1 1 300px; min-width: 280px;'>\n<h3 style='font-size: 20px; border-bottom: 2px solid currentColor; padding-bottom: 5px; margin-top: 0; color: inherit; opacity: 0.8;'>RF de respaldo<\/h3>\n<ul style='padding-left: 20px; font-size: 15px; color: inherit;'>\n<li style='margin-bottom: 5px;'><strong>Radio de gesti\u00f3n:<\/strong> 2400 &#8211; 2483&comma;5 MHz<\/li>\n<li style='margin-bottom: 5px;'><strong>Inclinaci\u00f3n el\u00e9ctrica:<\/strong> 0\u00b0<\/li>\n<li style='margin-bottom: 5px;'><strong>Frecuencia de funcionamiento:<\/strong> U-NII-1 5150 &#8211; 5250 Mhz \/ U-NII-3 5725 &#8211; 5850 Mhz \/ 5150 &#8211; 5875 MHz (Depende de la regi\u00f3n regulatoria)<\/li>\n<li style='margin-bottom: 5px;'><strong>Ancho de canal:<\/strong> 20&comma; 40&comma; 80 MHz<\/li>\n<li style='margin-bottom: 5px;'><strong>Modulaci\u00f3n:<\/strong> BPSK (\u00bd)&comma; QPSK (\u00bd)&comma; QPSK (\u00be)&comma; 16QAM (\u00bd)&comma; 16QAM (\u00be)&comma; 64QAM (2\u20443)&comma; 64QAM (\u00be)&comma; 64QAM (5\u20446)&comma; 256QAM (\u00be)&comma; 256QAM (5\u20446)<\/li>\n<li style='margin-bottom: 5px;'><strong>Ganancia de la antena:<\/strong> 26 dBi<\/li>\n<li style='margin-bottom: 5px;'><strong>Amplitud de onda:<\/strong> Acimut: \u00b1 7\u00b0 \/ Elevaci\u00f3n: \u00b1 7\u00b0<\/li>\n<li style='margin-bottom: 5px;'><strong>Aislamiento de polarizaci\u00f3n cruzada:<\/strong> 14dB<\/li>\n<li style='margin-bottom: 5px;'><strong>Inclinaci\u00f3n el\u00e9ctrica:<\/strong> 0\u00b0<\/li>\n<\/ul><\/div>\n<\/p><\/div>\n<p> <!-- Secci\u00f3n de contenido del paquete --> <\/p>\n<div style='margin-top: 40px;'>\n<h3 style='font-size: 20px; border-bottom: 2px solid currentColor; padding-bottom: 5px; margin-top: 0; color: inherit; opacity: 0.8;'>Contenido del paquete<\/h3>\n<div style='margin-top: 20px;'> <img style='width: 100%; height: auto; border: 1px solid rgba(150&comma;150&comma;150&comma;0.3); border-radius: 8px;' src='https:\/\/ftp3.syscom.mx\/usuarios\/fotos\/AF60XR\/214747-af60xr_contenido.jpg' alt='Contenido del paquete AF60XR'> <\/div>\n<\/p><\/div>\n<p> <!-- Secci\u00f3n de software UISP --> <\/p>\n<div style='margin-top: 40px;'>\n<h3 style='font-size: 20px; border-bottom: 2px solid currentColor; padding-bottom: 5px; margin-top: 0; color: inherit; opacity: 0.8;'>Funciona con la aplicaci\u00f3n Ubiquiti Internet Service Provider (UISP\u00ae)<\/h3>\n<div style='margin-top: 20px;'>\n<ul style='padding-left: 20px; font-size: 15px; color: inherit;'>\n<li style='margin-bottom: 10px;'><strong>Administre de forma centralizada:<\/strong> Sus redes y clientes con facilidad<\/li>\n<li style='margin-bottom: 10px;'><strong>Organice:<\/strong> Los planes de sus clientes&comma; configure la facturaci\u00f3n y aumente su base de clientes<\/li>\n<li style='margin-bottom: 10px;'><strong>Vea:<\/strong> La topolog\u00eda de la red&comma; an\u00e1lisis de datos avanzados y m\u00e1s<\/li>\n<li style='margin-bottom: 10px;'><strong>Configure:<\/strong> Dispositivos r\u00e1pidamente y admin\u00edstrelos sobre la marcha con una potente aplicaci\u00f3n m\u00f3vil<\/li>\n<\/ul><\/div>\n<div style='margin-top: 20px;'> <img style='width: 100%; height: auto; border: 1px solid rgba(150&comma;150&comma;150&comma;0.3); border-radius: 8px;' src='https:\/\/cdn.shopify.com\/s\/files\/1\/1439\/1668\/files\/UISP-software-2021.png?v=1622467570' alt='Interfaz de UISP'> <\/div>\n<\/p><\/div>\n<p> <!-- Separador final --> <\/p>\n<hr style='border: 0; border-top: 1px solid rgba(150&comma; 150&comma; 150&comma; 0.3); margin: 30px 0;'> <\/div>\n","protected":false},"excerpt":{"rendered":"<p>Radio Backhaul UISP Airfiber 60 XR para PTP en 60 Ghz, hasta 5.4 Gbps, radio redundante en 5 Ghz, SFP+ 10G, con GPS y Bluetooth, hasta 15 Km<\/p>\n","protected":false},"featured_media":91601,"comment_status":"open","ping_status":"closed","template":"","meta":[],"product_brand":[],"product_cat":[1978,1979],"product_tag":[1981,1982,1980,166],"class_list":{"0":"post-91602","1":"product","2":"type-product","3":"status-publish","4":"has-post-thumbnail","6":"product_cat-1978","7":"product_cat-70-y-80-ghz","8":"product_tag-1981","9":"product_tag-70-y-80-ghz","10":"product_tag-enlaces-ptp-y-ptmp","11":"product_tag-ubiquiti","13":"first","14":"instock","15":"sale","16":"shipping-taxable","17":"purchasable","18":"product-type-simple"},"_links":{"self":[{"href":"https:\/\/soydeaqui.ddns.net\/pachuca\/index.php\/wp-json\/wp\/v2\/product\/91602","targetHints":{"allow":["GET"]}}],"collection":[{"href":"https:\/\/soydeaqui.ddns.net\/pachuca\/index.php\/wp-json\/wp\/v2\/product"}],"about":[{"href":"https:\/\/soydeaqui.ddns.net\/pachuca\/index.php\/wp-json\/wp\/v2\/types\/product"}],"replies":[{"embeddable":true,"href":"https:\/\/soydeaqui.ddns.net\/pachuca\/index.php\/wp-json\/wp\/v2\/comments?post=91602"}],"wp:featuredmedia":[{"embeddable":true,"href":"https:\/\/soydeaqui.ddns.net\/pachuca\/index.php\/wp-json\/wp\/v2\/media\/91601"}],"wp:attachment":[{"href":"https:\/\/soydeaqui.ddns.net\/pachuca\/index.php\/wp-json\/wp\/v2\/media?parent=91602"}],"wp:term":[{"taxonomy":"product_brand","embeddable":true,"href":"https:\/\/soydeaqui.ddns.net\/pachuca\/index.php\/wp-json\/wp\/v2\/product_brand?post=91602"},{"taxonomy":"product_cat","embeddable":true,"href":"https:\/\/soydeaqui.ddns.net\/pachuca\/index.php\/wp-json\/wp\/v2\/product_cat?post=91602"},{"taxonomy":"product_tag","embeddable":true,"href":"https:\/\/soydeaqui.ddns.net\/pachuca\/index.php\/wp-json\/wp\/v2\/product_tag?post=91602"}],"curies":[{"name":"wp","href":"https:\/\/api.w.org\/{rel}","templated":true}]}}