{"id":91591,"date":"2026-03-20T04:36:43","date_gmt":"2026-03-20T04:36:43","guid":{"rendered":"https:\/\/soydeaqui.ddns.net\/pachuca\/index.php\/producto\/telefono-ip-hotelero-wi-fi-2-lineas-sip-con-2-cuentas-codec-opus-ipv4-ipv6-color-blanco-con-gestion-en-la-nube-gdms\/"},"modified":"2026-03-20T04:37:02","modified_gmt":"2026-03-20T04:37:02","slug":"telefono-ip-hotelero-wi-fi-2-lineas-sip-con-2-cuentas-codec-opus-ipv4-ipv6-color-blanco-con-gestion-en-la-nube-gdms","status":"publish","type":"product","link":"https:\/\/soydeaqui.ddns.net\/pachuca\/index.php\/producto\/telefono-ip-hotelero-wi-fi-2-lineas-sip-con-2-cuentas-codec-opus-ipv4-ipv6-color-blanco-con-gestion-en-la-nube-gdms\/","title":{"rendered":"Tel\u00e9fono IP Hotelero Wi-Fi, 2 l\u00edneas SIP con 2 cuentas, codec Opus, IPV4\/IPV6, color blanco, con gesti\u00f3n en la nube GDMS"},"content":{"rendered":"<div style='width: 100%; max-width: 1200px; margin: 0 auto; font-family: sans-serif; line-height: 1.6; color: inherit;'>\n<div style='width: 100%;'> <img style='width: 100%; height: auto; border: 1px solid rgba(150&comma;150&comma;150&comma;0.3); border-radius: 8px;' src='https:\/\/ftp3.syscom.mx\/usuarios\/fotos\/GHP610\/214676-captura_de_pantalla_2022-12-29_a_la(s)_9.24.02.png' alt='Captura de pantalla del tel\u00e9fono IP hotelero'> <\/div>\n<div style='margin-top: 30px;'>\n<p style='font-size: 15px; margin-bottom: 20px;'>La serie GHP de tel\u00e9fonos para hoteles incluye los tel\u00e9fonos IP GHP620\/GHP620W y GHP621\/GHP621W f\u00e1ciles de usar para cualquier habitaci\u00f3n de hotel que se pueden programar y personalizar seg\u00fan las necesidades de los hoteles y sus hu\u00e9spedes. Los modelos GHP620W y GHP621W est\u00e1n equipados con Wi-Fi de doble banda integrado para admitir implementaciones inal\u00e1mbricas. Esta serie cuenta con un altavoz HD&comma; 2 cuentas\/l\u00edneas SIP&comma; 6 teclas programables&comma; 10 teclas de marcaci\u00f3n r\u00e1pida&comma; conferencias de voz de 3 v\u00edas&comma; es compatible con el c\u00f3dec de voz OPUS de banda completa y proporciona un algoritmo de resiliencia de fluctuaci\u00f3n avanzada que tolera hasta 30 % de p\u00e9rdida de paquetes sin afectar la calidad de la voz. La serie GHP es compatible con el sistema de administraci\u00f3n de dispositivos de Grandstream (GDMS)&comma; que proporciona una interfaz centralizada para configurar&comma; aprovisionar&comma; administrar y monitorear implementaciones de puntos finales de Grandstream. Los tel\u00e9fonos IP de la serie GHP se pueden instalar en el escritorio o en la pared y se pueden alimentar con PoE (GHP620\/GHP621)&comma; adaptador de corriente (GHP620W\/GHP621W) y cargador USB tipo C. Gracias a un dise\u00f1o elegante y compacto&comma; los modelos GHP620\/GHP620W y GHP621\/GHP621W son ideales no solo para hoteles&comma; sino tambi\u00e9n para apartamentos&comma; dormitorios&comma; hospitales&comma; tiendas minoristas y mucho m\u00e1s.<\/p>\n<h2 style='font-size: 24px; margin-top: 30px; margin-bottom: 20px; color: inherit; border-bottom: 2px solid rgba(150&comma;150&comma;150&comma;0.3); padding-bottom: 5px;'>Tel\u00e9fono IP Hotelero Wi-Fi<\/h2>\n<p style='font-size: 15px; margin-bottom: 20px;'>La serie GHP de tel\u00e9fonos para hoteles incluye los tel\u00e9fonos IP GHP620\/GHP620W y GHP621\/GHP621W f\u00e1ciles de usar para cualquier habitaci\u00f3n de hotel que se pueden programar y personalizar seg\u00fan las necesidades de los hoteles y sus hu\u00e9spedes.<\/p>\n<div style='margin: 30px 0;'>\n<ul style='padding-left: 20px; font-size: 15px; color: inherit;'>\n<li style='margin-bottom: 10px;'>2 Cuentas SIP&comma; 2 L\u00edneas<\/li>\n<li style='margin-bottom: 10px;'>Gesti\u00f3n y aprovisionamiento de dispositivos en l\u00ednea GDMS<\/li>\n<li style='margin-bottom: 10px;'>Conferencias de audio de 3 v\u00edas para llamadas de conferencia sencillas<\/li>\n<li style='margin-bottom: 10px;'>Incluye un puerto de red de 100 Mbps.<\/li>\n<li style='margin-bottom: 10px;'>Etiqueta de marcaci\u00f3n r\u00e1pida y placa frontal intercambiable para permitir una f\u00e1cil personalizaci\u00f3n<\/li>\n<li style='margin-bottom: 10px;'>Compatibilidad con aud\u00edfonos (HAC)<\/li>\n<li style='margin-bottom: 10px;'>Protecci\u00f3n de nivel empresarial que incluye arranque seguro&comma; im\u00e1genes de firmware duales y almacenamiento de datos cifrados<\/li>\n<li style='margin-bottom: 10px;'>Doble banda integrada de 2&comma;4 GHz y 5 GHz 802.11 a\/b\/g\/n\/ac (solo GHP620W y GHP621W)<\/li>\n<\/ul><\/div>\n<div style='display: flex; flex-wrap: wrap; gap: 20px; margin: 30px 0;'>\n<div style='flex: 1 1 300px; min-width: 280px; border: 1px solid rgba(150&comma;150&comma;150&comma;0.4); border-radius: 8px; overflow: hidden; display: flex; flex-direction: column;'>\n<div style='padding: 15px; border-bottom: 1px solid rgba(150&comma;150&comma;150&comma;0.2); font-weight: bold; font-size: 18px; color: inherit;'>Caracter\u00edsticas principales<\/div>\n<div style='padding: 15px; color: inherit;'>\n<ul style='padding-left: 20px; margin: 0; font-size: 14px; list-style-type: disc;'>\n<li style='margin-bottom: 5px;'>2 l\u00edneas SIP<\/li>\n<li style='margin-bottom: 5px;'>Compatibilidad con GDMS<\/li>\n<li style='margin-bottom: 5px;'>Soporte para G.729A\/B&comma; G.711\u00b5\/a-law&comma; G.726&comma; G.722 (banda ancha)&comma; G.723&comma; iLBC&comma; OPUS&comma; DTMF en banda y fuera de banda (in audio&comma; RFC2833&comma; SIP INFO)&comma; VAD&comma; AEC&comma; CNG&comma; PLC&comma; AGC<\/li>\n<li style='margin-bottom: 5px;'>Un puerto ethernet de 10\/100 Mbps de negociaci\u00f3n autom\u00e1tica integrado PoE Clase 2 (GHP620\/GHP621)<\/li>\n<li style='margin-bottom: 5px;'>26 teclas&comma; incluyendo: 6 teclas programables; 12 teclas de d\u00edgitos telef\u00f3nicos est\u00e1ndar (0-9: configuraci\u00f3n de teclas de marcaci\u00f3n r\u00e1pida en la p\u00e1gina web&comma; *&comma; #); 5 teclas de funci\u00f3n (Flash&comma; Redial&comma; Hands-free&comma; Voice Mail&comma; Hold); 3 teclas de control de volumen&comma; arriba\/abajo\/silencio (con LED de color rojo)<\/li>\n<li style='margin-bottom: 5px;'>Montaje de pared<\/li>\n<li style='margin-bottom: 5px;'>Puerto USB-C para cargar dispositivos externos (500mA MAX)<\/li>\n<\/ul><\/div>\n<\/p><\/div>\n<div style='flex: 1 1 300px; min-width: 280px; border: 1px solid rgba(150&comma;150&comma;150&comma;0.4); border-radius: 8px; overflow: hidden; display: flex; flex-direction: column;'>\n<div style='padding: 15px; border-bottom: 1px solid rgba(150&comma;150&comma;150&comma;0.2); font-weight: bold; font-size: 18px; color: inherit;'>Contenido del paquete<\/div>\n<div style='padding: 15px; color: inherit;'>\n<ul style='padding-left: 20px; margin: 0; font-size: 14px; list-style-type: disc;'>\n<li style='margin-bottom: 5px;'>Tel\u00e9fono GHP620W<\/li>\n<li style='margin-bottom: 5px;'>Auricular con cable<\/li>\n<li style='margin-bottom: 5px;'>Fuente de Alimentaci\u00f3n Universal<\/li>\n<li style='margin-bottom: 5px;'>Soporte de base<\/li>\n<li style='margin-bottom: 5px;'>Placa frontal<\/li>\n<li style='margin-bottom: 5px;'>Gu\u00eda de instalaci\u00f3n r\u00e1pida<\/li>\n<\/ul><\/div>\n<\/p><\/div>\n<div style='flex: 1 1 300px; min-width: 280px; border: 1px solid rgba(150&comma;150&comma;150&comma;0.4); border-radius: 8px; overflow: hidden; display: flex; flex-direction: column;'>\n<div style='padding: 15px; border-bottom: 1px solid rgba(150&comma;150&comma;150&comma;0.2); font-weight: bold; font-size: 18px; color: inherit;'>Caracter\u00edsticas F\u00edsicas y El\u00e9ctricas<\/div>\n<div style='padding: 15px; color: inherit;'>\n<ul style='padding-left: 20px; margin: 0; font-size: 14px; list-style-type: disc;'>\n<li style='margin-bottom: 5px;'>Fuente de Alimentaci\u00f3n Universal Entrada: 100-240 VAC 50-60 Hz; Salida: +12 VDC&comma; 500 mA. (Fuente incluida)<\/li>\n<li style='margin-bottom: 5px;'>Dimensi\u00f3n: 210mm(L)*132mm(W)*89.8mm(H) (with handset and base stand) Unit weight: 560g (GHP620\/GHP621)<\/li>\n<li style='margin-bottom: 5px;'>Operaci\u00f3n: 0 \u00b0C a 40 \u00b0C Almacenamiento: -10 \u00b0C a 60 \u00b0C Humedad: 10% a 90% sin condensaci\u00f3n<\/li>\n<\/ul><\/div>\n<\/p><\/div>\n<\/p><\/div>\n<\/p><\/div>\n<\/p><\/div>\n","protected":false},"excerpt":{"rendered":"<p>Tel\u00e9fono IP Hotelero Wi-Fi, 2 l\u00edneas SIP con 2 cuentas, codec Opus, IPV4\/IPV6, color blanco, con gesti\u00f3n en la nube GDMS<\/p>\n","protected":false},"featured_media":91590,"comment_status":"open","ping_status":"closed","template":"","meta":[],"product_brand":[],"product_cat":[2043],"product_tag":[909,2044,2004],"class_list":{"0":"post-91591","1":"product","2":"type-product","3":"status-publish","4":"has-post-thumbnail","6":"product_cat-telefonos-ip-para-hoteles","7":"product_tag-grandstream","8":"product_tag-telefonos-ip-para-hoteles","9":"product_tag-voip-telefonia-ip-videoconferencia","11":"first","12":"instock","13":"sale","14":"shipping-taxable","15":"purchasable","16":"product-type-simple"},"_links":{"self":[{"href":"https:\/\/soydeaqui.ddns.net\/pachuca\/index.php\/wp-json\/wp\/v2\/product\/91591","targetHints":{"allow":["GET"]}}],"collection":[{"href":"https:\/\/soydeaqui.ddns.net\/pachuca\/index.php\/wp-json\/wp\/v2\/product"}],"about":[{"href":"https:\/\/soydeaqui.ddns.net\/pachuca\/index.php\/wp-json\/wp\/v2\/types\/product"}],"replies":[{"embeddable":true,"href":"https:\/\/soydeaqui.ddns.net\/pachuca\/index.php\/wp-json\/wp\/v2\/comments?post=91591"}],"wp:featuredmedia":[{"embeddable":true,"href":"https:\/\/soydeaqui.ddns.net\/pachuca\/index.php\/wp-json\/wp\/v2\/media\/91590"}],"wp:attachment":[{"href":"https:\/\/soydeaqui.ddns.net\/pachuca\/index.php\/wp-json\/wp\/v2\/media?parent=91591"}],"wp:term":[{"taxonomy":"product_brand","embeddable":true,"href":"https:\/\/soydeaqui.ddns.net\/pachuca\/index.php\/wp-json\/wp\/v2\/product_brand?post=91591"},{"taxonomy":"product_cat","embeddable":true,"href":"https:\/\/soydeaqui.ddns.net\/pachuca\/index.php\/wp-json\/wp\/v2\/product_cat?post=91591"},{"taxonomy":"product_tag","embeddable":true,"href":"https:\/\/soydeaqui.ddns.net\/pachuca\/index.php\/wp-json\/wp\/v2\/product_tag?post=91591"}],"curies":[{"name":"wp","href":"https:\/\/api.w.org\/{rel}","templated":true}]}}