{"id":91571,"date":"2026-03-20T04:35:48","date_gmt":"2026-03-20T04:35:48","guid":{"rendered":"https:\/\/soydeaqui.ddns.net\/pachuca\/index.php\/producto\/disco-duro-enterprise-10-tb-wester-digital-wd-serie-ultrastar-recomendado-para-data-center-y-nvrs-de-alta-capacidad-alto-performace\/"},"modified":"2026-03-20T04:36:04","modified_gmt":"2026-03-20T04:36:04","slug":"disco-duro-enterprise-10-tb-wester-digital-wd-serie-ultrastar-recomendado-para-data-center-y-nvrs-de-alta-capacidad-alto-performace","status":"publish","type":"product","link":"https:\/\/soydeaqui.ddns.net\/pachuca\/index.php\/producto\/disco-duro-enterprise-10-tb-wester-digital-wd-serie-ultrastar-recomendado-para-data-center-y-nvrs-de-alta-capacidad-alto-performace\/","title":{"rendered":"Disco Duro Enterprise 10 TB \/ Wester Digital (WD) \/ Serie Ultrastar \/ Recomendado para Data Center y NVRs de Alta Capacidad \/ Alto Performace"},"content":{"rendered":"<div style='width: 100%; max-width: 1200px; margin: 0 auto; font-family: sans-serif; line-height: 1.6; color: inherit; background-color: transparent;'>\n<div style='display: flex; flex-wrap: wrap; gap: 30px; margin-bottom: 30px;'>\n<div style='flex: 1 1 300px; min-width: 280px;'>\n<h3 style='font-size: 22px; border-bottom: 2px solid currentColor; padding-bottom: 5px; margin-top: 0; color: inherit; opacity: 0.8;'>Descripci\u00f3n<\/h3>\n<p style='font-size: 15px; color: inherit;'> Los discos duros de la serie SATA Ultrastar est\u00e1n construidos desde cero para ser un dispositivo de almacenamiento ultra robusto. Dise\u00f1adas con una capacidad de carga de trabajo de hasta 550TB por a\u00f1o&comma; las unidades Ultrastar son la elecci\u00f3n perfecta para aplicaciones cr\u00edticas para la empresa&comma; como servidores empresariales&comma; subsistemas de almacenamiento&comma; an\u00e1lisis de vigilancia y entornos industriales. La tecnolog\u00eda HelioSeal ofrece mayores capacidades&comma; brindando los $ \/ TB m\u00e1s bajos y Watts \/ TB para minimizar el costo total de propiedad (TCO). Los discos de menor capacidad se fabrican con tecnolog\u00eda tradicional llena de aire&comma; ideal para usuarios que buscan un menor costo de adquisici\u00f3n. <\/p>\n<\/p><\/div>\n<div style='flex: 1 1 300px; min-width: 280px;'> <img style='width: 100%; height: auto; border: 1px solid rgba(150&comma;150&comma;150&comma;0.3); border-radius: 8px;' src='https:\/\/ftp3.syscom.mx\/usuarios\/nortega\/WD\/imagenes\/ultrastar\/UltrastarSATAseries-400x500.png' alt=''> <\/div>\n<\/p><\/div>\n<div style='display: flex; flex-wrap: wrap; gap: 30px; margin-bottom: 30px;'>\n<div style='flex: 1 1 300px; min-width: 280px;'>\n<h3 style='font-size: 22px; border-bottom: 2px solid currentColor; padding-bottom: 5px; margin-top: 0; color: inherit; opacity: 0.8;'>Caracter\u00edsticas t\u00e9cnicas<\/h3>\n<ul style='padding-left: 20px; font-size: 15px; color: inherit;'>\n<li style='margin-bottom: 5px;'><strong>N\u00famero de parte:<\/strong> HUH721010ALE604<\/li>\n<li style='margin-bottom: 5px;'><strong>Capacidad:<\/strong> 10 TB<\/li>\n<li style='margin-bottom: 5px;'><strong>Factor de forma:<\/strong> 3.5 pulgadas<\/li>\n<li style='margin-bottom: 5px;'><strong>Velocidad de transferencia de datos:<\/strong><\/li>\n<ul style='padding-left: 30px; margin-top: 5px; margin-bottom: 5px;'>\n<li style='margin-bottom: 5px;'><strong>B\u00fafer a host:<\/strong> 600 Mb\/s<\/li>\n<li style='margin-bottom: 5px;'><strong>Host a\/desde disco (sostenido):<\/strong> 249 MB\/s<\/li>\n<\/ul>\n<li style='margin-bottom: 5px;'><strong>Cache:<\/strong> 256MB<\/li>\n<li style='margin-bottom: 5px;'><strong>Velocidad de rotaci\u00f3n:<\/strong> 7200RPM<\/li>\n<li style='margin-bottom: 5px;'><strong>Interfaz:<\/strong> SATA III&comma; 6.0 Gb\/s<\/li>\n<li style='margin-bottom: 5px;'><strong>Aplicaci\u00f3n:<\/strong> Optimizado para Aplicaciones de Video Vigilancia<\/li>\n<li style='margin-bottom: 5px;'><strong>Cantidad de bah\u00edas:<\/strong> Sin l\u00edmite<\/li>\n<li style='margin-bottom: 5px;'><strong>Cantidad de c\u00e1maras:<\/strong> Sin l\u00edmite<\/li>\n<\/ul><\/div>\n<div style='flex: 1 1 300px; min-width: 280px;'>\n<h3 style='font-size: 22px; border-bottom: 2px solid currentColor; padding-bottom: 5px; margin-top: 0; color: inherit; opacity: 0.8;'>Caracter\u00edsticas f\u00edsicas y el\u00e9ctricas<\/h3>\n<ul style='padding-left: 20px; font-size: 15px; color: inherit;'>\n<li style='margin-bottom: 5px;'><strong>Temperatura de operaci\u00f3n:<\/strong><\/li>\n<ul style='padding-left: 30px; margin-top: 5px; margin-bottom: 5px;'>\n<li style='margin-bottom: 5px;'><strong>En funcionamiento:<\/strong> 5\u00b0C &#8211; 60\u00b0C<\/li>\n<li style='margin-bottom: 5px;'><strong>Inactivo:<\/strong> -40\u00b0C &#8211; 70\u00b0C<\/li>\n<\/ul>\n<li style='margin-bottom: 5px;'><strong>Consumo el\u00e9ctrico:<\/strong><\/li>\n<ul style='padding-left: 30px; margin-top: 5px; margin-bottom: 5px;'>\n<li style='margin-bottom: 5px;'><strong>Lectura \/ escritura:<\/strong> 6.8 W<\/li>\n<li style='margin-bottom: 5px;'><strong>Inactivo:<\/strong> 5.0 W<\/li>\n<\/ul>\n<li style='margin-bottom: 5px;'><strong>Dimensiones:<\/strong> 26.1 x 147 x 101.6 mm<\/li>\n<li style='margin-bottom: 5px;'><strong>Peso:<\/strong> 660 g<\/li>\n<li style='margin-bottom: 5px;'><strong>Garant\u00eda:<\/strong> 5 a\u00f1os. SYSCOM \u00fanico distribuidor autorizado para ofrecer garant\u00eda de discos duros SIN COMPLICACIONES<\/li>\n<\/ul><\/div>\n<\/p><\/div>\n<div style='display: flex; flex-wrap: wrap; gap: 30px; margin-bottom: 30px;'>\n<div style='flex: 1 1 300px; min-width: 280px;'>\n<h3 style='font-size: 22px; border-bottom: 2px solid currentColor; padding-bottom: 5px; margin-top: 0; color: inherit; opacity: 0.8;'>Caracter\u00edsticas destacadas<\/h3>\n<ul style='padding-left: 20px; font-size: 15px; color: inherit;'>\n<li style='margin-bottom: 5px;'>Alto grado de carga de trabajo: dise\u00f1adas para trabajar hasta 550TB por a\u00f1o<\/li>\n<li style='margin-bottom: 5px;'>Tecnolog\u00eda HelioSeal\u00ae: permite las m\u00e1s altas capacidades y menos turbulencia en grandes matrices de almacenamiento<\/li>\n<li style='margin-bottom: 5px;'>Almacenamiento de clase empresarial: hasta 2.5 millones de horas de calificaci\u00f3n MTBF<\/li>\n<li style='margin-bottom: 5px;'>Pruebas de compatibilidad: probado en sistemas de almacenamiento OEM&comma; controladores SATA&comma; DVR\/NVR y adaptadores de bus<\/li>\n<li style='margin-bottom: 5px;'>Protecci\u00f3n contra vibraciones: tecnolog\u00eda RVS para corregir vibraciones en tiempo real<\/li>\n<li style='margin-bottom: 5px;'>Tecnolog\u00eda de actuador de doble etapa: para un alto grado de exactitud en posicionamiento<\/li>\n<li style='margin-bottom: 5px;'>Tecnolog\u00eda Dynamic Fly-height: ajusta la altura de vuelo de cada cabeza en tiempo real<\/li>\n<li style='margin-bottom: 5px;'>Velocidad de rotaci\u00f3n: 7200 RPM<\/li>\n<\/ul><\/div>\n<\/p><\/div>\n<hr style='border: 0; border-top: 1px solid rgba(150&comma; 150&comma; 150&comma; 0.3); margin: 30px 0;'> <\/div>\n","protected":false},"excerpt":{"rendered":"<p>Disco Duro Enterprise 10 TB \/ Wester Digital (WD) \/ Serie Ultrastar \/ Recomendado para Data Center y NVRs de Alta Capacidad \/ Alto Performace<\/p>\n","protected":false},"featured_media":91570,"comment_status":"open","ping_status":"closed","template":"","meta":[],"product_brand":[],"product_cat":[2021],"product_tag":[1974,2022,2023],"class_list":{"0":"post-91571","1":"product","2":"type-product","3":"status-publish","4":"has-post-thumbnail","6":"product_cat-discos-duros-mecanicos-hdd","7":"product_tag-almacenamiento","8":"product_tag-discos-duros-mecanicos-hdd","9":"product_tag-western-digital-wd","11":"first","12":"outofstock","13":"sale","14":"shipping-taxable","15":"purchasable","16":"product-type-simple"},"_links":{"self":[{"href":"https:\/\/soydeaqui.ddns.net\/pachuca\/index.php\/wp-json\/wp\/v2\/product\/91571","targetHints":{"allow":["GET"]}}],"collection":[{"href":"https:\/\/soydeaqui.ddns.net\/pachuca\/index.php\/wp-json\/wp\/v2\/product"}],"about":[{"href":"https:\/\/soydeaqui.ddns.net\/pachuca\/index.php\/wp-json\/wp\/v2\/types\/product"}],"replies":[{"embeddable":true,"href":"https:\/\/soydeaqui.ddns.net\/pachuca\/index.php\/wp-json\/wp\/v2\/comments?post=91571"}],"wp:featuredmedia":[{"embeddable":true,"href":"https:\/\/soydeaqui.ddns.net\/pachuca\/index.php\/wp-json\/wp\/v2\/media\/91570"}],"wp:attachment":[{"href":"https:\/\/soydeaqui.ddns.net\/pachuca\/index.php\/wp-json\/wp\/v2\/media?parent=91571"}],"wp:term":[{"taxonomy":"product_brand","embeddable":true,"href":"https:\/\/soydeaqui.ddns.net\/pachuca\/index.php\/wp-json\/wp\/v2\/product_brand?post=91571"},{"taxonomy":"product_cat","embeddable":true,"href":"https:\/\/soydeaqui.ddns.net\/pachuca\/index.php\/wp-json\/wp\/v2\/product_cat?post=91571"},{"taxonomy":"product_tag","embeddable":true,"href":"https:\/\/soydeaqui.ddns.net\/pachuca\/index.php\/wp-json\/wp\/v2\/product_tag?post=91571"}],"curies":[{"name":"wp","href":"https:\/\/api.w.org\/{rel}","templated":true}]}}