{"id":91561,"date":"2026-03-20T04:35:17","date_gmt":"2026-03-20T04:35:17","guid":{"rendered":"https:\/\/soydeaqui.ddns.net\/pachuca\/index.php\/producto\/uisp-enlaces-ptp-ptmp-wave-long-range-en-60-ghz-hasta-2-gbps-respaldo-en-5-ghz-gps-integrado\/"},"modified":"2026-03-20T04:35:17","modified_gmt":"2026-03-20T04:35:17","slug":"uisp-enlaces-ptp-ptmp-wave-long-range-en-60-ghz-hasta-2-gbps-respaldo-en-5-ghz-gps-integrado","status":"publish","type":"product","link":"https:\/\/soydeaqui.ddns.net\/pachuca\/index.php\/producto\/uisp-enlaces-ptp-ptmp-wave-long-range-en-60-ghz-hasta-2-gbps-respaldo-en-5-ghz-gps-integrado\/","title":{"rendered":"UISP Enlaces PTP\/PTMP Wave Long Range en 60 Ghz, hasta 2 Gbps. Respaldo en 5 Ghz. GPS integrado"},"content":{"rendered":"<div style='width: 100%; max-width: 1200px; margin: 0 auto; font-family: sans-serif; line-height: 1.6; color: inherit; background-color: transparent;'>\n<h1 style='font-size: 22px; margin-top: 0; margin-bottom: 15px; color: inherit; font-weight: 500; border-bottom: 2px solid currentColor; padding-bottom: 5px; opacity: 0.8;'>Wave Long Range<\/h1>\n<p> <!-- Video --> <\/p>\n<div style='position: relative; padding-bottom: 56.25%; height: 0; overflow: hidden; margin-bottom: 30px;'>   <\/div>\n<p> <!-- Descripci\u00f3n --> <\/p>\n<div style='margin-bottom: 30px;'>\n<p style='margin: 0 0 15px; font-weight: bold; font-size: 15px; color: inherit; opacity: 0.9;'>Estaci\u00f3n PtMP de 60 GHz con tecnolog\u00eda Wave.<\/p>\n<p style='margin: 0 0 15px; font-weight: bold; font-size: 15px; color: inherit; opacity: 0.9;'>Configuraci\u00f3n para enlaces PTP entre CPE Wave (Wave-LR&comma; Wave-NANO) con la versi\u00f3n v3.2.2<\/p>\n<p style='margin: 0 0 15px; font-size: 15px; color: inherit;'>Puede conectarse a un <a style='color: inherit; text-decoration: underline;' href='https:\/\/store-ui-com.translate.goog\/products\/wave-ap?_x_tr_sl=es&#038;_x_tr_tl=en&#038;_x_tr_hl=es&#038;_x_tr_pto=wapp' target='_blank' rel='noopener'>Wave AP<\/a> y ofrecer un rendimiento total de 2 Gbps (d\u00faplex de 1 Gbps). Wave Long-Range est\u00e1 equipado con una radio de respaldo de 5 GHz de alto rendimiento para garantizar una conexi\u00f3n ininterrumpida y una radio Bluetooth para simplificar la configuraci\u00f3n a trav\u00e9s de la aplicaci\u00f3n UISP\u00ae Mobile.<\/p>\n<\/p><\/div>\n<p> <!-- Imagen --> <\/p>\n<div style='margin-bottom: 30px;'> <img style='width: 100%; height: auto; border: 1px solid rgba(150&comma;150&comma;150&comma;0.3); border-radius: 8px;' src='https:\/\/ftp3.syscom.mx\/usuarios\/fotos\/WAVELR\/214516-wavenano.png' alt=''> <\/div>\n<p> <!-- Especificaciones --> <\/p>\n<div style='display: flex; flex-wrap: wrap; gap: 20px; margin-bottom: 30px;'> <!-- Secci\u00f3n Mec\u00e1nico --> <\/p>\n<div style='flex: 1 1 300px; min-width: 280px; border: 1px solid rgba(150&comma; 150&comma; 150&comma; 0.4); border-radius: 8px; overflow: hidden;'>\n<div style='padding: 15px; border-bottom: 1px solid rgba(150&comma; 150&comma; 150&comma; 0.2); font-weight: bold; font-size: 18px; color: inherit;'>Mec\u00e1nico<\/div>\n<div style='padding: 15px; color: inherit;'>\n<ul style='padding-left: 20px; margin: 0; font-size: 14px; list-style-type: disc;'>\n<li style='margin-bottom: 5px;'><strong>Dimensiones:<\/strong> \u00d8424&comma;4 x 166&comma;2 mm (\u00d816&comma;7 x 6&comma;5&#8242;)<\/li>\n<li style='margin-bottom: 5px;'><strong>Peso:<\/strong> Sin montura: 2&comma;59 kg (5&comma;7 libras)<br \/>Con montura: 3&comma;79 kg (8&comma;4 libras)<\/li>\n<li style='margin-bottom: 5px;'><strong>Material del recinto:<\/strong> pl\u00e1stico estabilizado UV<\/li>\n<li style='margin-bottom: 5px;'><strong>Material de montaje:<\/strong> Acero galvanizado<\/li>\n<li style='margin-bottom: 5px;'><strong>Di\u00e1metro de montaje en poste:<\/strong> 25 a 76&comma;2 mm (1 a 3&#8242;) en el di\u00e1metro exterior de la tuber\u00eda<\/li>\n<li style='margin-bottom: 5px;'><strong>Carga de viento:<\/strong> 286 N a 200 km\/h (64&comma;3 lbf a 125 mph)<\/li>\n<li style='margin-bottom: 5px;'><strong>Impermeabilizaci\u00f3n:<\/strong> IPX6<\/li>\n<\/ul><\/div>\n<\/p><\/div>\n<p> <!-- Secci\u00f3n Hardware --> <\/p>\n<div style='flex: 1 1 300px; min-width: 280px; border: 1px solid rgba(150&comma; 150&comma; 150&comma; 0.4); border-radius: 8px; overflow: hidden;'>\n<div style='padding: 15px; border-bottom: 1px solid rgba(150&comma; 150&comma; 150&comma; 0.2); font-weight: bold; font-size: 18px; color: inherit;'>Hardware<\/div>\n<div style='padding: 15px; color: inherit;'>\n<ul style='padding-left: 20px; margin: 0; font-size: 14px; list-style-type: disc;'>\n<li style='margin-bottom: 5px;'><strong>Procesador:<\/strong> N\u00facleos duales ARM\u00ae Cortex\u00ae-A53 a 1 GHz<\/li>\n<li style='margin-bottom: 5px;'><strong>Memoria:<\/strong> DDR3L 512 MB<\/li>\n<li style='margin-bottom: 5px;'><strong>Interfaz de red:<\/strong> (1) puerto RJ45 GbE<\/li>\n<li style='margin-bottom: 5px;'><strong>M\u00e1x. consumo de energ\u00eda:<\/strong> 18W<\/li>\n<li style='margin-bottom: 5px;'><strong>M\u00e9todo de potencia:<\/strong> PoE pasivo de 48 V CC de 4 pares (1&comma; 2+; 3&comma; 6-) (4&comma;5+; 7&comma; \ud83d\ude0e o 2 pares (4&comma; 5+; 7&comma; \ud83d\ude0e<br \/>PoE pasivo de 24 V CC de 4 pares (1&comma; 2+; 3&comma; 6-) (4&comma; 5+; 7&comma; \ud83d\ude0e<\/li>\n<li style='margin-bottom: 5px;'><strong>Fuente de alimentaci\u00f3n:<\/strong> Adaptador PoE gigabit de 48 V CC&comma; 0&comma;65 A (incluido)<br \/>Puede ser alimentado por un enrutador UISP o un conmutador UISP<\/li>\n<li style='margin-bottom: 5px;'><strong>Bot\u00f3n:<\/strong> Restablecimiento de f\u00e1brica<\/li>\n<li style='margin-bottom: 5px;'><strong>LED:<\/strong> Alimentaci\u00f3n&comma; Ethernet&comma; GPS&comma; enlace<\/li>\n<li style='margin-bottom: 5px;'><strong>Temperatura de funcionamiento:<\/strong> -40 a 60 \u00b0C (-40 a 140 \u00b0F)<\/li>\n<li style='margin-bottom: 5px;'><strong>Humedad de funcionamiento:<\/strong> 5 a 95% sin condensaci\u00f3n<\/li>\n<li style='margin-bottom: 5px;'><strong>Certificaciones:<\/strong> FCC&comma; CI&comma; CE<\/li>\n<\/ul><\/div>\n<\/p><\/div>\n<p> <!-- Secci\u00f3n Software --> <\/p>\n<div style='flex: 1 1 300px; min-width: 280px; border: 1px solid rgba(150&comma; 150&comma; 150&comma; 0.4); border-radius: 8px; overflow: hidden;'>\n<div style='padding: 15px; border-bottom: 1px solid rgba(150&comma; 150&comma; 150&comma; 0.2); font-weight: bold; font-size: 18px; color: inherit;'>Software<\/div>\n<div style='padding: 15px; color: inherit;'>\n<ul style='padding-left: 20px; margin: 0; font-size: 14px; list-style-type: disc;'>\n<li style='margin-bottom: 5px;'><strong>Sistema operativo:<\/strong> airOS\u00ae<\/li>\n<li style='margin-bottom: 5px;'><strong>Modo operativo:<\/strong> Estaci\u00f3n PtMP<br \/>AP\/Estaci\u00f3n para enlaces PTP con v3.2.2 de firmware<\/li>\n<li style='margin-bottom: 5px;'><strong>Caracter\u00edsticas espec\u00edficas de Ubiquiti:<\/strong> Radio integrada de 60 GHz&comma; protocolo de descubrimiento&comma; tecnolog\u00eda Wave<\/li>\n<li style='margin-bottom: 5px;'><strong>Servicios:<\/strong> UISP&comma; perro guardi\u00e1n de ping&comma; cliente NTP&comma; SNMP<\/li>\n<li style='margin-bottom: 5px;'><strong>Herramientas:<\/strong> Alineaci\u00f3n de antena&comma; utilidad de descubrimiento&comma; ping&comma; ruta de rastreo&comma; prueba de velocidad<\/li>\n<li style='margin-bottom: 5px;'><strong>La red:<\/strong> Modo puente\/enrutador<\/li>\n<li style='margin-bottom: 5px;'><strong>Gesti\u00f3n de software:<\/strong> Administraci\u00f3n de Bluetooth para una f\u00e1cil configuraci\u00f3n a trav\u00e9s de la interfaz de usuario WEB de la aplicaci\u00f3n UISP<\/li>\n<li style='margin-bottom: 5px;'><strong>Requisitos m\u00ednimos de software:<\/strong> Cualquier navegador web moderno\/smartphone basado en iOS o Android<\/li>\n<\/ul><\/div>\n<\/p><\/div>\n<p> <!-- Secci\u00f3n RF --> <\/p>\n<div style='flex: 1 1 300px; min-width: 280px; border: 1px solid rgba(150&comma; 150&comma; 150&comma; 0.4); border-radius: 8px; overflow: hidden;'>\n<div style='padding: 15px; border-bottom: 1px solid rgba(150&comma; 150&comma; 150&comma; 0.2); font-weight: bold; font-size: 18px; color: inherit;'>RF<\/div>\n<div style='padding: 15px; color: inherit;'>\n<ul style='padding-left: 20px; margin: 0; font-size: 14px; list-style-type: disc;'>\n<li style='margin-bottom: 5px;'><strong>Frecuencia de operaci\u00f3n:<\/strong> 57 a 71 GHz<br \/><small style='font-size: 0.9em; opacity: 0.8;'>*Depende de la regi\u00f3n regulatoria.<\/small><\/li>\n<li style='margin-bottom: 5px;'><strong>GPS:<\/strong> S\u00ed<\/li>\n<li style='margin-bottom: 5px;'><strong>Canal de Banda ancha:<\/strong> 2160&comma; 1080 MHz<\/li>\n<li style='margin-bottom: 5px;'><strong>Canales operativos:<\/strong> 58320&comma; 59400&comma; 60480&comma; 61560&comma; 62640&comma; 63720&comma; 64800&comma; 65880&comma; 66960&comma; 68040&comma; 69120&comma; 70200 MHz<br \/><small style='font-size: 0.9em; opacity: 0.8;'>*Depende de la regi\u00f3n regulatoria.<\/small><\/li>\n<li style='margin-bottom: 5px;'><strong>Modulaci\u00f3n:<\/strong> 16QAM&comma; QPSK<\/li>\n<li style='margin-bottom: 5px;'><strong>Ganancia de la antena:<\/strong> 46 dBi<\/li>\n<li style='margin-bottom: 5px;'><strong>Ancho de haz de azimut y elevaci\u00f3n:<\/strong> 3dB: 0&comma;8\u00b0<br \/>6dB: 1&comma;1\u00b0<\/li>\n<\/ul><\/div>\n<\/p><\/div>\n<p> <!-- Secci\u00f3n RF de respaldo --> <\/p>\n<div style='flex: 1 1 300px; min-width: 280px; border: 1px solid rgba(150&comma; 150&comma; 150&comma; 0.4); border-radius: 8px; overflow: hidden;'>\n<div style='padding: 15px; border-bottom: 1px solid rgba(150&comma; 150&comma; 150&comma; 0.2); font-weight: bold; font-size: 18px; color: inherit;'>RF de respaldo<\/div>\n<div style='padding: 15px; color: inherit;'>\n<ul style='padding-left: 20px; margin: 0; font-size: 14px; list-style-type: disc;'>\n<li style='margin-bottom: 5px;'><strong>Frecuencia de funcionamiento:<\/strong> U-NII-1 5150 &#8211; 5250 MHz<br \/>U-NII-3 5725 &#8211; 5850 MHz<br \/>5150 &#8211; 5875 MHz<br \/><small style='font-size: 0.9em; opacity: 0.8;'>*Depende de la regi\u00f3n regulatoria.<\/small><\/li>\n<li style='margin-bottom: 5px;'><strong>Canal de Banda ancha:<\/strong> 20&comma; 40&comma; 80 MHz<\/li>\n<li style='margin-bottom: 5px;'><strong>Modulaci\u00f3n:<\/strong> BPSK (1\u20442)&comma; QPSK (1\u20442)&comma; QPSK (3\u20444)&comma; 16QAM (1\u20442)&comma; 16QAM (3\u20444)&comma; 64QAM (2\u20443)&comma; 64QAM (3\u20444)&comma; 64QAM (5\u20446)&comma; 256QAM (3\u20444)&comma; 256QAM (5\u20446)&comma; 1024QAM (3\u20444)&comma; 1024QAM (5\u20446)<\/li>\n<li style='margin-bottom: 5px;'><strong>Ganancia de la antena:<\/strong> 22 dBi<\/li>\n<li style='margin-bottom: 5px;'><strong>Polarizaci\u00f3n:<\/strong> Dual-lineal<\/li>\n<li style='margin-bottom: 5px;'><strong>Aislamiento de polarizaci\u00f3n cruzada:<\/strong> 20dB<\/li>\n<li style='margin-bottom: 5px;'><strong>Ancho de haz de azimut y elevaci\u00f3n:<\/strong> 3dB: 8 a 10\u00b0<\/li>\n<\/ul><\/div>\n<\/p><\/div>\n<\/p><\/div>\n<p> <!-- Separador --> <\/p>\n<hr style='border: 0; border-top: 1px solid rgba(150&comma; 150&comma; 150&comma; 0.3); margin: 30px 0;'> <!-- Contenido del paquete --> <\/p>\n<div style='margin-bottom: 30px;'>\n<h3 style='font-size: 20px; margin-top: 0; margin-bottom: 15px; color: inherit; border-bottom: 2px solid currentColor; padding-bottom: 5px; opacity: 0.8;'>Contenido del paquete:<\/h3>\n<div> <img style='width: 100%; height: auto; border: 1px solid rgba(150&comma;150&comma;150&comma;0.3); border-radius: 8px;' src='https:\/\/ftp3.syscom.mx\/usuarios\/fotos\/WAVELR\/214516-wavelr_contenido.jpg' alt=''> <\/div>\n<\/p><\/div>\n<p> <!-- Aplicaci\u00f3n UISP --> <\/p>\n<div style='margin-bottom: 30px;'>\n<h3 style='font-size: 20px; margin-top: 0; margin-bottom: 15px; color: inherit; border-bottom: 2px solid currentColor; padding-bottom: 5px; opacity: 0.8;'>Funciona con la aplicaci\u00f3n Ubiquiti Internet Service Provider (UISP\u00ae)<\/h3>\n<ul style='padding-left: 20px; margin: 0; font-size: 14px; list-style-type: disc; color: inherit;'>\n<li style='margin-bottom: 5px;'>Administre de forma centralizada sus redes y clientes con facilidad.<\/li>\n<li style='margin-bottom: 5px;'>Organice los planes de sus clientes&comma; configure la facturaci\u00f3n y aumente su base de clientes.<\/li>\n<li style='margin-bottom: 5px;'>Vea la topolog\u00eda de la red&comma; an\u00e1lisis de datos avanzados y m\u00e1s.<\/li>\n<li style='margin-bottom: 5px;'>Configure dispositivos r\u00e1pidamente y admin\u00edstrelos sobre la marcha con una potente aplicaci\u00f3n m\u00f3vil.<\/li>\n<\/ul><\/div>\n<p> <!-- Imagen UISP --> <\/p>\n<div> <img style='width: 100%; height: auto; border: 1px solid rgba(150&comma;150&comma;150&comma;0.3); border-radius: 8px;' src='https:\/\/cdn.shopify.com\/s\/files\/1\/1439\/1668\/files\/UISP-software-2021.png?v=1622467570' alt=''> <\/div>\n<\/p><\/div>\n","protected":false},"excerpt":{"rendered":"<p>UISP Enlaces PTP\/PTMP Wave Long Range en 60 Ghz, hasta 2 Gbps. Respaldo en 5 Ghz. GPS integrado<\/p>\n","protected":false},"featured_media":91560,"comment_status":"open","ping_status":"closed","template":"","meta":[],"product_brand":[],"product_cat":[1998],"product_tag":[1999,1980,166],"class_list":{"0":"post-91561","1":"product","2":"type-product","3":"status-publish","4":"has-post-thumbnail","6":"product_cat-5-y-6-ghz","7":"product_tag-5-y-6-ghz","8":"product_tag-enlaces-ptp-y-ptmp","9":"product_tag-ubiquiti","11":"first","12":"instock","13":"sale","14":"shipping-taxable","15":"purchasable","16":"product-type-simple"},"_links":{"self":[{"href":"https:\/\/soydeaqui.ddns.net\/pachuca\/index.php\/wp-json\/wp\/v2\/product\/91561","targetHints":{"allow":["GET"]}}],"collection":[{"href":"https:\/\/soydeaqui.ddns.net\/pachuca\/index.php\/wp-json\/wp\/v2\/product"}],"about":[{"href":"https:\/\/soydeaqui.ddns.net\/pachuca\/index.php\/wp-json\/wp\/v2\/types\/product"}],"replies":[{"embeddable":true,"href":"https:\/\/soydeaqui.ddns.net\/pachuca\/index.php\/wp-json\/wp\/v2\/comments?post=91561"}],"wp:featuredmedia":[{"embeddable":true,"href":"https:\/\/soydeaqui.ddns.net\/pachuca\/index.php\/wp-json\/wp\/v2\/media\/91560"}],"wp:attachment":[{"href":"https:\/\/soydeaqui.ddns.net\/pachuca\/index.php\/wp-json\/wp\/v2\/media?parent=91561"}],"wp:term":[{"taxonomy":"product_brand","embeddable":true,"href":"https:\/\/soydeaqui.ddns.net\/pachuca\/index.php\/wp-json\/wp\/v2\/product_brand?post=91561"},{"taxonomy":"product_cat","embeddable":true,"href":"https:\/\/soydeaqui.ddns.net\/pachuca\/index.php\/wp-json\/wp\/v2\/product_cat?post=91561"},{"taxonomy":"product_tag","embeddable":true,"href":"https:\/\/soydeaqui.ddns.net\/pachuca\/index.php\/wp-json\/wp\/v2\/product_tag?post=91561"}],"curies":[{"name":"wp","href":"https:\/\/api.w.org\/{rel}","templated":true}]}}