{"id":91552,"date":"2026-03-20T04:34:52","date_gmt":"2026-03-20T04:34:52","guid":{"rendered":"https:\/\/soydeaqui.ddns.net\/pachuca\/index.php\/producto\/access-point-unifi-u6-in-wall-montaje-p-pared-wifi-6-2-4-y-5-ghz-hasta-5-3-gbps-1-pto-poe-in-4-ptos-secundarios-1-poe-out\/"},"modified":"2026-03-20T04:35:12","modified_gmt":"2026-03-20T04:35:12","slug":"access-point-unifi-u6-in-wall-montaje-p-pared-wifi-6-2-4-y-5-ghz-hasta-5-3-gbps-1-pto-poe-in-4-ptos-secundarios-1-poe-out","status":"publish","type":"product","link":"https:\/\/soydeaqui.ddns.net\/pachuca\/index.php\/producto\/access-point-unifi-u6-in-wall-montaje-p-pared-wifi-6-2-4-y-5-ghz-hasta-5-3-gbps-1-pto-poe-in-4-ptos-secundarios-1-poe-out\/","title":{"rendered":"Access Point UniFi U6 In Wall\/Montaje p\/pared, WIFI 6 2.4 Y 5 Ghz, hasta 5.3 Gbps, 1 pto PoE In, 4 ptos secundarios (1 PoE Out)"},"content":{"rendered":"<div style='width: 100%; max-width: 1200px; margin: 0 auto; font-family: sans-serif; line-height: 1.6; color: inherit; background-color: transparent;'>\n<h1 style='font-size: 22px; margin: 0 0 10px 0; color: inherit; font-weight: 600;'>Punto de Acceso WiFi 6 para pared U6-In Wall<\/h1>\n<p style='font-size: 18px; margin: 0 0 20px 0; color: inherit; opacity: 0.8;'>U6-IW<\/p>\n<p> <!-- Caracter\u00edsticas principales --> <\/p>\n<div style='display: flex; flex-wrap: wrap; gap: 30px; margin-bottom: 30px;'>\n<div style='flex: 1 1 300px; min-width: 280px;'>\n<h3 style='font-size: 20px; border-bottom: 2px solid currentColor; padding-bottom: 5px; margin-top: 0; color: inherit; opacity: 0.8;'>Caracter\u00edsticas principales<\/h3>\n<ul style='padding-left: 20px; font-size: 15px; color: inherit;'>\n<li style='margin-bottom: 8px;'><span style='color: inherit;'>Compatibilidad con WiFi 6 (bandas de 2&comma;4\/5 GHz)<\/span><\/li>\n<li style='margin-bottom: 8px;'><span style='color: inherit;'>Tasa de rendimiento agregado de 5&comma;3 Gbps<\/span><\/li>\n<li style='margin-bottom: 8px;'><span style='color: inherit;'>(1) puerto GbE RJ45 (entrada PoE&comma; <strong>NO INCLUYE INYECTOR POE<\/strong>&comma; recomendado: <a href='https:\/\/www.syscom.mx\/principal\/searchcont?route=U-POE-AT-UBIQUITI-NETWORKS-205327&#038;autodetect=upoeat' target='_blank' rel='noopener' style='color: inherit; text-decoration: underline; opacity: 0.8;'>U-POE-AT<\/a>)<\/span><\/li>\n<li style='margin-bottom: 8px;'><span style='color: inherit;'>(4) puertos GbE RJ45&comma; incluye uno con salida PoE*<\/span><\/li>\n<\/ul><\/div>\n<\/p><\/div>\n<p> <!-- Im\u00e1genes --> <\/p>\n<div style='display: grid; grid-template-columns: repeat(auto-fill&comma; minmax(280px&comma; 1fr)); gap: 30px; margin-bottom: 30px;'>\n<div style='width: 100%;'> <img style='width: 100%; height: auto; border: 1px solid rgba(150&comma;150&comma;150&comma;0.3); border-radius: 8px;' src='https:\/\/images.svc.ui.com\/?u=https%3A%2F%2Fcdn.ecomm.ui.com%2Fproducts%2F9e487835-2aa9-4813-b210-732744a2884a%2F81492963-376f-47b6-a5a5-690d0682e655.png&#038;q=75&#038;w=750' alt=''> <\/div>\n<div style='width: 100%;'> <img style='width: 100%; height: auto; border: 1px solid rgba(150&comma;150&comma;150&comma;0.3); border-radius: 8px;' src='https:\/\/images.svc.ui.com\/?u=https%3A%2F%2Fcdn.ecomm.ui.com%2Fproducts%2F9e487835-2aa9-4813-b210-732744a2884a%2F73026004-d1bc-4d05-8c4f-fbff1eeba7b9.png&#038;q=75&#038;w=750' alt=''> <\/div>\n<\/p><\/div>\n<p> <!-- Especificaciones t\u00e9cnicas --> <\/p>\n<div style='display: flex; flex-wrap: wrap; gap: 20px; margin-bottom: 30px;'>\n<div style='flex: 1 1 250px; border: 1px solid rgba(150&comma; 150&comma; 150&comma; 0.4); border-radius: 8px; overflow: hidden; display: flex; flex-direction: column;'>\n<div style='padding: 15px; border-bottom: 1px solid rgba(150&comma; 150&comma; 150&comma; 0.2); font-weight: bold; font-size: 18px; color: inherit;'>Hardware<\/div>\n<div style='padding: 15px; color: inherit;'>\n<ul style='padding-left: 20px; margin: 0; font-size: 14px; list-style-type: disc;'>\n<li style='margin-bottom: 8px;'><strong>Interfaces de gesti\u00f3n:<\/strong> Ethernet&comma; Bluetooth<\/li>\n<li style='margin-bottom: 8px;'><strong>Interfaces de red:<\/strong> (1) Entrada de datos: puerto RJ45 de 1 GbE&comma; (4) Salida de datos: puertos RJ45 de 1 GbE<\/li>\n<li style='margin-bottom: 8px;'><strong>Interfaces PoE:<\/strong> (1) Entrada PoE (salida PoE no utilizada)&comma; (1) Salida PoE (requiere un conmutador PoE+)<\/li>\n<li style='margin-bottom: 8px;'><strong>Bot\u00f3n:<\/strong> Restablecimiento de f\u00e1brica<\/li>\n<li style='margin-bottom: 8px;'><strong>LED:<\/strong> Blanco azul<\/li>\n<li style='margin-bottom: 8px;'><strong>M\u00e9todo de alimentaci\u00f3n:<\/strong> PoE<\/li>\n<li style='margin-bottom: 8px;'><strong>Fuente de alimentaci\u00f3n:<\/strong> Switch UniFi PoE&comma; 48V&comma; 0.5A adaptador PoE (opcional)<\/li>\n<li style='margin-bottom: 8px;'><strong>Max. consumo de energ\u00eda:<\/strong> Sin salida PoE: 13&comma;5 W<\/li>\n<li style='margin-bottom: 8px;'><strong>Wattaje m\u00e1ximo por puerto por PSE:<\/strong> 15&comma;4 W* (*Requiere PoE+)<\/li>\n<li style='margin-bottom: 8px;'><strong>Rango de voltaje Modo PoE:<\/strong> 44\u201457 VCC<\/li>\n<li style='margin-bottom: 8px;'><strong>Max potencia de salida:<\/strong> 2&comma;4 GHz: 22dBm&comma; 5 GHz: 26dBm<\/li>\n<li style='margin-bottom: 8px;'><strong>MIMO:<\/strong> 2&comma;4 GHz: 2&#215;2 (UL MU-MIMO)&comma; 5 GHz: 4&#215;4 (DL\/UL MU-MIMO)<\/li>\n<li style='margin-bottom: 8px;'><strong>Tasa de rendimiento:<\/strong> 2&comma;4 GHz: 573&comma;5Mbps&comma; 5 GHz: 4&comma;8 Gbps<\/li>\n<li style='margin-bottom: 8px;'><strong>Ganancia de la antena:<\/strong> 2&comma;4 GHz: 5 dBi&comma; 5 GHz: 5&comma;9 dBi<\/li>\n<li style='margin-bottom: 8px;'><strong>Temperatura de funcionamiento:<\/strong> -30 a 60 \u00b0C (-22 a 140 \u00b0F)<\/li>\n<li style='margin-bottom: 8px;'><strong>Humedad de funcionamiento:<\/strong> 5 a 95% sin condensaci\u00f3n<\/li>\n<li style='margin-bottom: 8px;'><strong>Certificaciones:<\/strong> CE&comma; FCC&comma; CI<\/li>\n<\/ul><\/div>\n<\/p><\/div>\n<div style='flex: 1 1 250px; border: 1px solid rgba(150&comma; 150&comma; 150&comma; 0.4); border-radius: 8px; overflow: hidden; display: flex; flex-direction: column;'>\n<div style='padding: 15px; border-bottom: 1px solid rgba(150&comma; 150&comma; 150&comma; 0.2); font-weight: bold; font-size: 18px; color: inherit;'>Software<\/div>\n<div style='padding: 15px; color: inherit;'>\n<ul style='padding-left: 20px; margin: 0; font-size: 14px; list-style-type: disc;'>\n<li style='margin-bottom: 8px;'><strong>Est\u00e1ndares Wi-Fi:<\/strong> 802.11a\/b\/g&comma; WiFi 4\/WiFi 5\/WiFi 6<\/li>\n<li style='margin-bottom: 8px;'><strong>Seguridad inal\u00e1mbrica:<\/strong> WPA-PSK&comma; WPA-Empresa (WPA\/WPA2\/WPA3)<\/li>\n<li style='margin-bottom: 8px;'><strong>BSSID:<\/strong> 8 por radio<\/li>\n<li style='margin-bottom: 8px;'><strong>VLAN:<\/strong> 802.1Q<\/li>\n<li style='margin-bottom: 8px;'><strong>Calidad de servicio avanzada:<\/strong> L\u00edmite de velocidad por usuario<\/li>\n<li style='margin-bottom: 8px;'><strong>Aislamiento del tr\u00e1fico de invitados:<\/strong> Soportado<\/li>\n<li style='margin-bottom: 8px;'><strong>Clientes concurrentes:<\/strong> 300+<\/li>\n<li style='margin-bottom: 8px;'><strong>DFS de espera:<\/strong> S\u00ed<\/li>\n<\/ul><\/div>\n<\/p><\/div>\n<\/p><\/div>\n<p> <!-- Contenido del paquete --> <\/p>\n<div style='margin-bottom: 30px;'>\n<h2 style='font-size: 20px; margin-top: 0; margin-bottom: 15px; color: inherit; opacity: 0.8;'>Contenido del paquete:<\/h2>\n<div style='display: grid; grid-template-columns: 1fr 2fr; gap: 30px; align-items: center; margin-bottom: 20px;'>\n<div> <img style='width: 100%; height: auto; border: 1px solid rgba(150&comma;150&comma;150&comma;0.3); border-radius: 8px;' src='https:\/\/images.svc.ui.com\/?u=https%3A%2F%2Fcdn.ecomm.ui.com%2Fproducts%2F9e487835-2aa9-4813-b210-732744a2884a%2Fbfb10e79-65bc-4c09-b9cb-803294323733.png&#038;q=75&#038;w=3840' alt=''> <\/div>\n<div style='color: inherit;'>\n<ul style='padding-left: 20px; font-size: 14px; list-style-type: disc;'>\n<li style='margin-bottom: 8px;'><strong style='color: inherit;'>Funciona con la aplicaci\u00f3n UniFi Network<\/strong><\/li>\n<li style='margin-bottom: 8px;'>Administre de forma centralizada m\u00faltiples redes desde una interfaz intuitiva<\/li>\n<li style='margin-bottom: 8px;'>Disfrute de informaci\u00f3n de dispositivos en tiempo real y opciones de configuraci\u00f3n profundas<\/li>\n<li style='margin-bottom: 8px;'>Actualice el firmware del dispositivo de forma remota<\/li>\n<li style='margin-bottom: 8px;'>Administre usuarios de red e invitados con facilidad<\/li>\n<li style='margin-bottom: 8px;'>Personalice el dise\u00f1o&comma; la arquitectura y la privacidad de los puntos de acceso para invitados<\/li>\n<li style='margin-bottom: 8px;'>Configure dispositivos r\u00e1pidamente y admin\u00edstrelos sobre la marcha con una potente aplicaci\u00f3n m\u00f3vil<\/li>\n<\/ul><\/div>\n<\/p><\/div>\n<\/p><\/div>\n<p> <!-- Separador --> <\/p>\n<hr style='border: 0; border-top: 1px solid rgba(150&comma; 150&comma; 150&comma; 0.3); margin: 30px 0;'> <\/div>\n","protected":false},"excerpt":{"rendered":"<p>Access Point UniFi U6 In Wall\/Montaje p\/pared, WIFI 6 2.4 Y 5 Ghz, hasta 5.3 Gbps, 1 pto PoE In, 4 ptos secundarios (1 PoE Out)<\/p>\n","protected":false},"featured_media":91551,"comment_status":"open","ping_status":"closed","template":"","meta":[],"product_brand":[],"product_cat":[1794],"product_tag":[1795,1479,166],"class_list":{"0":"post-91552","1":"product","2":"type-product","3":"status-publish","4":"has-post-thumbnail","6":"product_cat-puntos-de-acceso","7":"product_tag-puntos-de-acceso","8":"product_tag-redes-wifi","9":"product_tag-ubiquiti","11":"first","12":"instock","13":"sale","14":"shipping-taxable","15":"purchasable","16":"product-type-simple"},"_links":{"self":[{"href":"https:\/\/soydeaqui.ddns.net\/pachuca\/index.php\/wp-json\/wp\/v2\/product\/91552","targetHints":{"allow":["GET"]}}],"collection":[{"href":"https:\/\/soydeaqui.ddns.net\/pachuca\/index.php\/wp-json\/wp\/v2\/product"}],"about":[{"href":"https:\/\/soydeaqui.ddns.net\/pachuca\/index.php\/wp-json\/wp\/v2\/types\/product"}],"replies":[{"embeddable":true,"href":"https:\/\/soydeaqui.ddns.net\/pachuca\/index.php\/wp-json\/wp\/v2\/comments?post=91552"}],"wp:featuredmedia":[{"embeddable":true,"href":"https:\/\/soydeaqui.ddns.net\/pachuca\/index.php\/wp-json\/wp\/v2\/media\/91551"}],"wp:attachment":[{"href":"https:\/\/soydeaqui.ddns.net\/pachuca\/index.php\/wp-json\/wp\/v2\/media?parent=91552"}],"wp:term":[{"taxonomy":"product_brand","embeddable":true,"href":"https:\/\/soydeaqui.ddns.net\/pachuca\/index.php\/wp-json\/wp\/v2\/product_brand?post=91552"},{"taxonomy":"product_cat","embeddable":true,"href":"https:\/\/soydeaqui.ddns.net\/pachuca\/index.php\/wp-json\/wp\/v2\/product_cat?post=91552"},{"taxonomy":"product_tag","embeddable":true,"href":"https:\/\/soydeaqui.ddns.net\/pachuca\/index.php\/wp-json\/wp\/v2\/product_tag?post=91552"}],"curies":[{"name":"wp","href":"https:\/\/api.w.org\/{rel}","templated":true}]}}