{"id":91541,"date":"2026-03-20T04:34:23","date_gmt":"2026-03-20T04:34:23","guid":{"rendered":"https:\/\/soydeaqui.ddns.net\/pachuca\/index.php\/producto\/switch-dci-para-data-center-48-puertos-sfp28-25g-8-puertos-qsfp28-100g-con-capacidad-rdma-para-redes-de-centros-de-datos-con-baja-latencia-y-sin-perdida-de-paquetes\/"},"modified":"2026-03-20T04:34:35","modified_gmt":"2026-03-20T04:34:35","slug":"switch-dci-para-data-center-48-puertos-sfp28-25g-8-puertos-qsfp28-100g-con-capacidad-rdma-para-redes-de-centros-de-datos-con-baja-latencia-y-sin-perdida-de-paquetes","status":"publish","type":"product","link":"https:\/\/soydeaqui.ddns.net\/pachuca\/index.php\/producto\/switch-dci-para-data-center-48-puertos-sfp28-25g-8-puertos-qsfp28-100g-con-capacidad-rdma-para-redes-de-centros-de-datos-con-baja-latencia-y-sin-perdida-de-paquetes\/","title":{"rendered":"Switch DCI para Data Center, 48 Puertos SFP28 25G, 8 Puertos QSFP28 100G, con capacidad RDMA para Redes de Centros de Datos con Baja Latencia y sin P\u00e9rdida de Paquetes"},"content":{"rendered":"<div style='width: 100%; max-width: 1200px; margin: 0 auto; font-family: sans-serif; line-height: 1.6; color: inherit; background-color: transparent;'> <!-- Imagen principal --> <\/p>\n<div style='margin-bottom: 30px;'> <img style='width: 100%; height: auto; border: 1px solid rgba(150&comma;150&comma;150&comma;0.3); border-radius: 8px;' src='http:\/\/ftp3.syscom.mx\/usuarios\/ftp\/2025\/07\/10\/2251\/1751060770025__1_.png_froala_686fe90bd90cd' alt='Switch RGS651048VS8CQ'> <\/div>\n<p> <!-- Descripci\u00f3n general --> <\/p>\n<div style='margin-bottom: 30px;'>\n<p style='font-size: 18px; color: inherit;'>Los switches de la serie RG-S6510 son equipos de nueva generaci\u00f3n&comma; de alto rendimiento y alta densidad 25G\/100G&comma; lanzados por Ruijie Networks. Est\u00e1n dise\u00f1ados para centros de datos en la nube y redes de campus de alta gama&comma; cumpliendo plenamente con los requisitos de dise\u00f1o de una arquitectura de red Spine-Leaf de Capa 3.<\/p>\n<\/p><\/div>\n<p> <!-- Secci\u00f3n de caracter\u00edsticas con grid --> <\/p>\n<div style='display: flex; flex-wrap: wrap; gap: 30px; margin-bottom: 30px;'>\n<div style='flex: 1 1 300px; min-width: 280px;'>\n<h3 style='font-size: 22px; border-bottom: 2px solid currentColor; padding-bottom: 5px; margin-top: 0; color: inherit; opacity: 0.8;'>Caracter\u00edsticas Generales<\/h3>\n<ul style='padding-left: 20px; font-size: 15px; color: inherit;'>\n<li style='margin-bottom: 5px;'><strong>Montaje:<\/strong> en Rack una Unidad<\/li>\n<li style='margin-bottom: 5px;'><strong>Tipo:<\/strong> Administrable Capa 3<\/li>\n<li style='margin-bottom: 5px;'><strong>Funciones Avanzadas:<\/strong> DHCP Snooping&comma; QoS&comma; 802.1q&comma; Multicast Storm Control y Broadcast Storm Control<\/li>\n<li style='margin-bottom: 5px;'><strong>Stacking:<\/strong> Hasta 2 Unidades en Total<\/li>\n<li style='margin-bottom: 5px;'><strong>Configuraci\u00f3n a trav\u00e9s de:<\/strong> Interfaz web (red local)&comma; CLI<\/li>\n<li style='margin-bottom: 5px;'><strong>Puertos:<\/strong> 48 Puertos SFP28 25G&comma; 8 Puertos QSFP28 100G&comma; un Puerto Consola y un Puerto MGMT<\/li>\n<li style='margin-bottom: 5px;'><strong>Garant\u00eda:<\/strong> 3 a\u00f1os<\/li>\n<\/ul><\/div>\n<div style='flex: 1 1 300px; min-width: 280px;'> <img style='width: 100%; height: auto; border: 1px solid rgba(150&comma;150&comma;150&comma;0.3); border-radius: 8px;' src='http:\/\/ftp3.syscom.mx\/usuarios\/ftp\/2025\/07\/10\/2251\/93d2476fa5bd4c8489adeedb9171eae0.webp_froala_68701b7abf9f1' alt='Switch RGS651048VS8CQ'> <\/div>\n<\/p><\/div>\n<p> <!-- Secci\u00f3n de especificaciones en cards --> <\/p>\n<div style='display: flex; flex-wrap: wrap; gap: 20px; margin-bottom: 30px;'>\n<div style='flex: 1 1 250px; border: 1px solid rgba(150&comma; 150&comma; 150&comma; 0.4); border-radius: 8px; overflow: hidden; display: flex; flex-direction: column;'>\n<div style='padding: 15px; border-bottom: 1px solid rgba(150&comma; 150&comma; 150&comma; 0.2); font-weight: bold; font-size: 18px; color: inherit;'>Desempe\u00f1o<\/div>\n<div style='padding: 15px; color: inherit;'>\n<ul style='padding-left: 20px; margin: 0; font-size: 14px; list-style-type: disc;'>\n<li style='margin-bottom: 5px;'><strong>Capacidad Switching:<\/strong> 4&comma;000 Gbps<\/li>\n<li style='margin-bottom: 5px;'><strong>Forwarding Rate:<\/strong> 2&comma;030 Mpps<\/li>\n<li style='margin-bottom: 5px;'><strong>Packet Buffer:<\/strong> 256 Mbit<\/li>\n<li style='margin-bottom: 5px;'><strong>Direcciones MAC:<\/strong> 96&comma;000<\/li>\n<li style='margin-bottom: 5px;'><strong>VLANs:<\/strong> 4&comma;094<\/li>\n<\/ul><\/div>\n<\/p><\/div>\n<div style='flex: 1 1 250px; border: 1px solid rgba(150&comma; 150&comma; 150&comma; 0.4); border-radius: 8px; overflow: hidden; display: flex; flex-direction: column;'>\n<div style='padding: 15px; border-bottom: 1px solid rgba(150&comma; 150&comma; 150&comma; 0.2); font-weight: bold; font-size: 18px; color: inherit;'>Caracter\u00edsticas F\u00edsicas y El\u00e9ctricas<\/div>\n<div style='padding: 15px; color: inherit;'>\n<ul style='padding-left: 20px; margin: 0; font-size: 14px; list-style-type: disc;'>\n<li style='margin-bottom: 5px;'><strong>Alimentaci\u00f3n:<\/strong> 100V &#8211; 7.2A o 240 &#8211; 3.5A \/ Consumo Max (300W)<\/li>\n<li style='margin-bottom: 5px;'><strong>Dimensiones:<\/strong> 442 mm x 387 mm x 44 mm<\/li>\n<li style='margin-bottom: 5px;'><strong>Peso:<\/strong> 8.2 Kg<\/li>\n<li style='margin-bottom: 5px;'><strong>Temperatura en Operaci\u00f3n:<\/strong> 0\u00b0 a 45\u00b0C<\/li>\n<li style='margin-bottom: 5px;'><strong>Grado de protecci\u00f3n El\u00e9ctrica:<\/strong> \u00b18kV<\/li>\n<li style='margin-bottom: 5px;'><strong>Disipaci\u00f3n de Calor:<\/strong> Con Ventilador \/ 1&comma;535 BTU x hora<\/li>\n<\/ul><\/div>\n<\/p><\/div>\n<div style='flex: 1 1 250px; border: 1px solid rgba(150&comma; 150&comma; 150&comma; 0.4); border-radius: 8px; overflow: hidden; display: flex; flex-direction: column;'>\n<div style='padding: 15px; border-bottom: 1px solid rgba(150&comma; 150&comma; 150&comma; 0.2); font-weight: bold; font-size: 18px; color: inherit;'>Contenido del Paquete<\/div>\n<div style='padding: 15px; color: inherit;'>\n<ul style='padding-left: 20px; margin: 0; font-size: 14px; list-style-type: disc;'>\n<li style='margin-bottom: 5px;'>1 Pieza Switch modelo: RG-S6510-32CQ<\/li>\n<li style='margin-bottom: 5px;'>2 Piezas Fuente AC modelo: RG-PA550I-F<\/li>\n<li style='margin-bottom: 5px;'>4 Piezas Ventilador modelo: M6510-FAN-F<\/li>\n<li style='margin-bottom: 5px;'>Gu\u00eda r\u00e1pida de instalaci\u00f3n<\/li>\n<\/ul><\/div>\n<\/p><\/div>\n<\/p><\/div>\n<p> <!-- Secci\u00f3n de recursos --> <\/p>\n<div style='display: flex; flex-wrap: wrap; gap: 20px; margin-bottom: 30px;'>\n<div style='flex: 1 1 250px; border: 1px solid rgba(150&comma; 150&comma; 150&comma; 0.4); border-radius: 8px; overflow: hidden; display: flex; flex-direction: column;'>\n<div style='padding: 15px; border-bottom: 1px solid rgba(150&comma; 150&comma; 150&comma; 0.2); font-weight: bold; font-size: 18px; color: inherit;'>Documentaci\u00f3n y Firmware<\/div>\n<div style='padding: 15px; color: inherit;'>\n<ul style='padding-left: 20px; margin: 0; font-size: 14px; list-style-type: disc;'>\n<li style='margin-bottom: 5px;'>Hoja de Especificaciones<\/li>\n<li style='margin-bottom: 5px;'>Especificaciones de Hardware<\/li>\n<li style='margin-bottom: 5px;'>Firmware<\/li>\n<\/ul><\/div>\n<\/p><\/div>\n<div style='flex: 1 1 250px; border: 1px solid rgba(150&comma; 150&comma; 150&comma; 0.4); border-radius: 8px; overflow: hidden; display: flex; flex-direction: column;'>\n<div style='padding: 15px; border-bottom: 1px solid rgba(150&comma; 150&comma; 150&comma; 0.2); font-weight: bold; font-size: 18px; color: inherit;'>Accesorios Sugeridos<\/div>\n<div style='padding: 15px; color: inherit;'>\n<ul style='padding-left: 20px; margin: 0; font-size: 14px; list-style-type: disc;'>\n<li style='margin-bottom: 5px;'>Transceptor Monomodo QSFP28 100G modelo: <a href='https:\/\/www.syscom.mx\/producto\/LP-QSFP28-100G-SM-10-LINKEDPRO-BY-EPCOM-213585.html' target='_blank' rel='noopener noreferrer' style='color: inherit; text-decoration: underline;'>LP-QSFP28-100G-SM-10<\/a><\/li>\n<li style='margin-bottom: 5px;'>Transceptor Monomodo SFP28 25G modelo: <a href='https:\/\/www.syscom.mx\/producto\/LP-SFP28-25G-SM-10-LINKEDPRO-BY-EPCOM-213578.html' target='_blank' rel='noopener noreferrer' style='color: inherit; text-decoration: underline;'>LP-SFP28-25G-SM-10<\/a><\/li>\n<\/ul><\/div>\n<\/p><\/div>\n<div style='flex: 1 1 250px; border: 1px solid rgba(150&comma; 150&comma; 150&comma; 0.4); border-radius: 8px; overflow: hidden; display: flex; flex-direction: column;'>\n<div style='padding: 15px; border-bottom: 1px solid rgba(150&comma; 150&comma; 150&comma; 0.2); font-weight: bold; font-size: 18px; color: inherit;'>Enlaces \u00datiles<\/div>\n<div style='padding: 15px; color: inherit;'>\n<ul style='padding-left: 20px; margin: 0; font-size: 14px; list-style-type: disc;'>\n<li style='margin-bottom: 5px;'><a href='https:\/\/cloud-la.ruijienetworks.com\/' target='_blank' rel='noopener noreferrer' style='color: inherit; text-decoration: underline;'>Ruijie Cloud<\/a><\/li>\n<li style='margin-bottom: 5px;'><strong>Ruijie APP:<\/strong> <a href='https:\/\/play.google.com\/store\/apps\/details?id=cn.com.ruijie.cloudapp&#038;hl=es_MX&#038;pli=1' target='_blank' rel='noopener noreferrer' style='color: inherit; text-decoration: underline;'>Android<\/a> \/ <a href='https:\/\/apps.apple.com\/us\/app\/ruijie-reyee\/id1423429270' target='_blank' rel='noopener noreferrer' style='color: inherit; text-decoration: underline;'>iOS<\/a><\/li>\n<li style='margin-bottom: 5px;'><a href='https:\/\/soporte.syscom.mx\/es\/collections\/3797236-ruijie-networks' target='_blank' rel='noopener noreferrer' style='color: inherit; text-decoration: underline;'>Manuales y Gu\u00edas R\u00e1pidas<\/a><\/li>\n<\/ul><\/div>\n<\/p><\/div>\n<\/p><\/div>\n<p> <!-- Separador --> <\/p>\n<hr style='border: 0; border-top: 1px solid rgba(150&comma; 150&comma; 150&comma; 0.3); margin: 30px 0;'> <!-- Im\u00e1genes adicionales --> <\/p>\n<div style='display: flex; flex-wrap: wrap; gap: 20px; margin-bottom: 30px;'>\n<div style='flex: 1 1 100%;'> <img style='width: 100%; height: auto; border: 1px solid rgba(150&comma;150&comma;150&comma;0.3); border-radius: 8px;' src='https:\/\/ftp3.syscom.mx\/usuarios\/fotos\/RGS651032CQ\/233437-center_switches_rg-s6510-32cq_data_center_100ge.png' alt='Vista posterior del switch'> <\/div>\n<div style='flex: 1 1 100%;'> <img style='width: 100%; height: auto; border: 1px solid rgba(150&comma;150&comma;150&comma;0.3); border-radius: 8px;' src='https:\/\/ftp3.syscom.mx\/usuarios\/fotos\/RGS651032CQ\/233437-center_switches_rg-s6510-32cq_data_center_dci_access_switch.png' alt='Arquitectura Spine-Leaf'> <\/div>\n<\/p><\/div>\n<\/p><\/div>\n","protected":false},"excerpt":{"rendered":"<p>Switch DCI para Data Center, 48 Puertos SFP28 25G, 8 Puertos QSFP28 100G, con capacidad RDMA para Redes de Centros de Datos con Baja Latencia y sin P\u00e9rdida de Paquetes<\/p>\n","protected":false},"featured_media":91540,"comment_status":"open","ping_status":"closed","template":"","meta":[],"product_brand":[],"product_cat":[1970],"product_tag":[664,2123,1971],"class_list":{"0":"post-91541","1":"product","2":"type-product","3":"status-publish","4":"has-post-thumbnail","6":"product_cat-switches","7":"product_tag-networking","8":"product_tag-ruijie","9":"product_tag-switches","11":"first","12":"instock","13":"sale","14":"shipping-taxable","15":"purchasable","16":"product-type-simple"},"_links":{"self":[{"href":"https:\/\/soydeaqui.ddns.net\/pachuca\/index.php\/wp-json\/wp\/v2\/product\/91541","targetHints":{"allow":["GET"]}}],"collection":[{"href":"https:\/\/soydeaqui.ddns.net\/pachuca\/index.php\/wp-json\/wp\/v2\/product"}],"about":[{"href":"https:\/\/soydeaqui.ddns.net\/pachuca\/index.php\/wp-json\/wp\/v2\/types\/product"}],"replies":[{"embeddable":true,"href":"https:\/\/soydeaqui.ddns.net\/pachuca\/index.php\/wp-json\/wp\/v2\/comments?post=91541"}],"wp:featuredmedia":[{"embeddable":true,"href":"https:\/\/soydeaqui.ddns.net\/pachuca\/index.php\/wp-json\/wp\/v2\/media\/91540"}],"wp:attachment":[{"href":"https:\/\/soydeaqui.ddns.net\/pachuca\/index.php\/wp-json\/wp\/v2\/media?parent=91541"}],"wp:term":[{"taxonomy":"product_brand","embeddable":true,"href":"https:\/\/soydeaqui.ddns.net\/pachuca\/index.php\/wp-json\/wp\/v2\/product_brand?post=91541"},{"taxonomy":"product_cat","embeddable":true,"href":"https:\/\/soydeaqui.ddns.net\/pachuca\/index.php\/wp-json\/wp\/v2\/product_cat?post=91541"},{"taxonomy":"product_tag","embeddable":true,"href":"https:\/\/soydeaqui.ddns.net\/pachuca\/index.php\/wp-json\/wp\/v2\/product_tag?post=91541"}],"curies":[{"name":"wp","href":"https:\/\/api.w.org\/{rel}","templated":true}]}}