{"id":91499,"date":"2026-03-20T04:32:26","date_gmt":"2026-03-20T04:32:26","guid":{"rendered":"https:\/\/soydeaqui.ddns.net\/pachuca\/index.php\/producto\/onu-dual-gpon-epon-wi-fi-doble-banda-2-4-y-5-ghz-soporta-mesh-2-puertos-lan-gigabit\/"},"modified":"2026-03-20T04:32:35","modified_gmt":"2026-03-20T04:32:35","slug":"onu-dual-gpon-epon-wi-fi-doble-banda-2-4-y-5-ghz-soporta-mesh-2-puertos-lan-gigabit","status":"publish","type":"product","link":"https:\/\/soydeaqui.ddns.net\/pachuca\/index.php\/producto\/onu-dual-gpon-epon-wi-fi-doble-banda-2-4-y-5-ghz-soporta-mesh-2-puertos-lan-gigabit\/","title":{"rendered":"ONU Dual GPON\/EPON \/ Wi-Fi Doble Banda 2.4 y 5 GHz \/ Soporta MESH \/ 2 puertos LAN Gigabit"},"content":{"rendered":"<div style='width: 100%; max-width: 1200px; margin: 0 auto; font-family: sans-serif; line-height: 1.6; color: inherit; background-color: transparent;'> <!-- Secci\u00f3n de caracter\u00edsticas en grid --> <\/p>\n<div style='display: grid; grid-template-columns: repeat(auto-fit&comma; minmax(280px&comma; 1fr)); gap: 30px; margin-bottom: 30px;'>\n<div style='border-left: 5px solid #ff0000; border-radius: 8px; padding: 15px; box-shadow: 0 2px 10px rgba(216&comma; 216&comma; 216&comma; 0.5);'>\n<h3 style='font-size: 20px; margin-top: 0; margin-bottom: 15px; color: inherit; opacity: 0.85;'>Caracter\u00edsticas principales<\/h3>\n<ul style='padding-left: 20px; font-size: 15px; color: inherit; list-style-type: disc;'>\n<li style='margin-bottom: 8px;'>Dimensiones: 178 \u00d7 120 \u00d7 30 mm (largo \u00d7 ancho \u00d7 alto)<\/li>\n<li style='margin-bottom: 8px;'>Aplicaciones Triple Play: <strong style='color: inherit;'>Datos&comma; VoIP y IPTV<\/strong><\/li>\n<li style='margin-bottom: 8px;'>Gesti\u00f3n y Monitoreo en l\u00ednea desde la OLT V-SOL<\/li>\n<li style='margin-bottom: 8px;'>Gesti\u00f3n amigable desde: EMS \/ Web \/ Telnet \/ CLI<\/li>\n<\/ul><\/div>\n<div style='border-left: 5px solid #ff0000; border-radius: 8px; padding: 15px; box-shadow: 0 2px 10px rgba(216&comma; 216&comma; 216&comma; 0.5);'>\n<h3 style='font-size: 20px; margin-top: 0; margin-bottom: 15px; color: inherit; opacity: 0.85;'>Caracter\u00edsticas F\u00edsicas y El\u00e9ctricas<\/h3>\n<ul style='padding-left: 20px; font-size: 15px; color: inherit; list-style-type: disc;'>\n<li style='margin-bottom: 8px;'>Alimentaci\u00f3n: 12V 1A (Fuente Incluida)<\/li>\n<li style='margin-bottom: 8px;'>Consumo m\u00e1ximo: 12W<\/li>\n<li style='margin-bottom: 8px;'>Peso: 0.32 Kg<\/li>\n<li style='margin-bottom: 8px;'>Temperatura de operaci\u00f3n: 0\u00b0 a 50\u00b0 C<\/li>\n<\/ul><\/div>\n<div style='border-left: 5px solid #ff0000; border-radius: 8px; padding: 15px; box-shadow: 0 2px 10px rgba(216&comma; 216&comma; 216&comma; 0.5);'>\n<h3 style='font-size: 20px; margin-top: 0; margin-bottom: 15px; color: inherit; opacity: 0.85;'>Caracter\u00edsticas de Red<\/h3>\n<ul style='padding-left: 20px; font-size: 15px; color: inherit; list-style-type: disc;'>\n<li style='margin-bottom: 8px;'>2 Puertos 1 Gbps RJ45<\/li>\n<li style='margin-bottom: 8px;'>4 Antenas Wi-Fi con 5 dBi<\/li>\n<\/ul><\/div>\n<\/p><\/div>\n<p> <!-- T\u00edtulos y separadores --> <\/p>\n<div style='text-align: center; margin: 40px 0 30px;'>\n<h2 style='font-size: 28px; margin: 0 0 15px; color: inherit; font-weight: 500;'>ONU EPON\/GPON con Wi-Fi Doble Banda<\/h2>\n<\/p><\/div>\n<p> <!-- Im\u00e1genes --> <\/p>\n<div style='display: flex; flex-direction: column; align-items: center; gap: 20px; margin: 30px 0;'> <img style='width: 100%; max-width: 800px; height: auto; border: 1px solid rgba(150&comma;150&comma;150&comma;0.3); border-radius: 8px;' src='https:\/\/es.vsolcn.com\/wp-content\/uploads\/2023\/06\/V2802DAC-%E4%BA%A7%E5%93%81%E8%AF%A6%E6%83%85%E9%A1%B5-%E8%8B%B1%E6%96%87-1.jpg' alt=''> <img style='width: 100%; max-width: 800px; height: auto; border: 1px solid rgba(150&comma;150&comma;150&comma;0.3); border-radius: 8px;' src='https:\/\/es.vsolcn.com\/wp-content\/uploads\/2023\/06\/V2802DAC-%E4%BA%A7%E5%93%81%E8%AF%A6%E6%83%85%E9%A1%B5-%E8%8B%B1%E6%96%87-2.jpg' alt=''> <\/div>\n<p> <!-- Secci\u00f3n EasyMesh --> <\/p>\n<div style='text-align: center; margin: 40px 0 30px;'>\n<h2 style='font-size: 28px; margin: 0 0 15px; color: inherit; font-weight: 500;'>EasyMesh: WiFi dom\u00e9stico inteligente con cobertura extendida<\/h2>\n<\/p><\/div>\n<p> <!-- Imagen EasyMesh --> <\/p>\n<div style='display: flex; justify-content: center; margin: 30px 0;'> <img style='width: 100%; max-width: 800px; height: auto; border: 1px solid rgba(150&comma;150&comma;150&comma;0.3); border-radius: 8px;' src='https:\/\/es.vsolcn.com\/wp-content\/uploads\/2023\/06\/V2802DAC-%E4%BA%A7%E5%93%81%E8%AF%A6%E6%83%85%E9%A1%B5-%E8%8B%B1%E6%96%87-3.jpg' alt=''> <\/div>\n<p> <!-- Secci\u00f3n IPv6 y MU-MIMO --> <\/p>\n<div style='text-align: center; margin: 40px 0 20px;'>\n<h2 style='font-size: 28px; margin: 0 0 15px; color: inherit; font-weight: 500;'>Compatible con IPv6 y tecnolog\u00eda MU-MIMO<\/h2>\n<p style='margin: 0; color: inherit; font-size: 16px; max-width: 800px; margin: 0 auto;'>Di adi\u00f3s al lag de red&comma; multijugador online sin lag<\/p>\n<\/p><\/div>\n<p> <!-- Imagen IPv6 --> <\/p>\n<div style='display: flex; justify-content: center; margin: 30px 0;'> <img style='width: 100%; max-width: 800px; height: auto; border: 1px solid rgba(150&comma;150&comma;150&comma;0.3); border-radius: 8px;' src='https:\/\/es.vsolcn.com\/wp-content\/uploads\/2023\/06\/V2802DAC-%E4%BA%A7%E5%93%81%E8%AF%A6%E6%83%85%E9%A1%B5-%E8%8B%B1%E6%96%87-4.jpg' alt=''> <\/div>\n<p> <!-- T\u00edtulo Interfaces Gigabit --> <\/p>\n<div style='text-align: center; margin: 40px 0 30px;'>\n<h2 style='font-size: 28px; margin: 0 0 15px; color: inherit; font-weight: 500;'>Interfaces Gigabit duales AC1200 para aplicaciones de acceso de banda ancha Gigabit<\/h2>\n<\/p><\/div>\n<p> <!-- Imagen Interfaces Gigabit --> <\/p>\n<div style='display: flex; justify-content: center; margin: 30px 0;'> <img style='width: 100%; max-width: 800px; height: auto; border: 1px solid rgba(150&comma;150&comma;150&comma;0.3); border-radius: 8px;' src='https:\/\/es.vsolcn.com\/wp-content\/uploads\/2023\/06\/V2802DAC-%E4%BA%A7%E5%93%81%E8%AF%A6%E6%83%85%E9%A1%B5-%E8%8B%B1%E6%96%87-5.jpg' alt=''> <\/div>\n<\/p><\/div>\n","protected":false},"excerpt":{"rendered":"<p>ONU Dual GPON\/EPON \/ Wi-Fi Doble Banda 2.4 y 5 GHz \/ Soporta MESH \/ 2 puertos LAN Gigabit<\/p>\n","protected":false},"featured_media":91498,"comment_status":"open","ping_status":"closed","template":"","meta":[],"product_brand":[],"product_cat":[2010],"product_tag":[2012,2011,2013],"class_list":{"0":"post-91499","1":"product","2":"type-product","3":"status-publish","4":"has-post-thumbnail","6":"product_cat-onus-onts","7":"product_tag-onus-onts","8":"product_tag-redes-ftth-pon","9":"product_tag-v-sol","11":"first","12":"instock","13":"sale","14":"shipping-taxable","15":"purchasable","16":"product-type-simple"},"_links":{"self":[{"href":"https:\/\/soydeaqui.ddns.net\/pachuca\/index.php\/wp-json\/wp\/v2\/product\/91499","targetHints":{"allow":["GET"]}}],"collection":[{"href":"https:\/\/soydeaqui.ddns.net\/pachuca\/index.php\/wp-json\/wp\/v2\/product"}],"about":[{"href":"https:\/\/soydeaqui.ddns.net\/pachuca\/index.php\/wp-json\/wp\/v2\/types\/product"}],"replies":[{"embeddable":true,"href":"https:\/\/soydeaqui.ddns.net\/pachuca\/index.php\/wp-json\/wp\/v2\/comments?post=91499"}],"wp:featuredmedia":[{"embeddable":true,"href":"https:\/\/soydeaqui.ddns.net\/pachuca\/index.php\/wp-json\/wp\/v2\/media\/91498"}],"wp:attachment":[{"href":"https:\/\/soydeaqui.ddns.net\/pachuca\/index.php\/wp-json\/wp\/v2\/media?parent=91499"}],"wp:term":[{"taxonomy":"product_brand","embeddable":true,"href":"https:\/\/soydeaqui.ddns.net\/pachuca\/index.php\/wp-json\/wp\/v2\/product_brand?post=91499"},{"taxonomy":"product_cat","embeddable":true,"href":"https:\/\/soydeaqui.ddns.net\/pachuca\/index.php\/wp-json\/wp\/v2\/product_cat?post=91499"},{"taxonomy":"product_tag","embeddable":true,"href":"https:\/\/soydeaqui.ddns.net\/pachuca\/index.php\/wp-json\/wp\/v2\/product_tag?post=91499"}],"curies":[{"name":"wp","href":"https:\/\/api.w.org\/{rel}","templated":true}]}}