{"id":91477,"date":"2026-03-20T04:31:13","date_gmt":"2026-03-20T04:31:13","guid":{"rendered":"https:\/\/soydeaqui.ddns.net\/pachuca\/index.php\/producto\/telefono-ip-wi-fi-grado-operador-14-lineas-sip-con-6-cuentas-pantalla-lcd-5-puertos-gigabit-bluetooth-poe-codec-opus-ipv4-ipv6-con-gestion-en-la-nube-gdms\/"},"modified":"2026-03-20T04:31:31","modified_gmt":"2026-03-20T04:31:31","slug":"telefono-ip-wi-fi-grado-operador-14-lineas-sip-con-6-cuentas-pantalla-lcd-5-puertos-gigabit-bluetooth-poe-codec-opus-ipv4-ipv6-con-gestion-en-la-nube-gdms","status":"publish","type":"product","link":"https:\/\/soydeaqui.ddns.net\/pachuca\/index.php\/producto\/telefono-ip-wi-fi-grado-operador-14-lineas-sip-con-6-cuentas-pantalla-lcd-5-puertos-gigabit-bluetooth-poe-codec-opus-ipv4-ipv6-con-gestion-en-la-nube-gdms\/","title":{"rendered":"Tel\u00e9fono IP Wi-Fi, Grado Operador, 14 l\u00edneas SIP con 6 cuentas, pantalla LCD  5&#8243;, puertos Gigabit, Bluetooth, PoE, codec Opus, IPV4\/IPV6 con gesti\u00f3n en la nube GDMS"},"content":{"rendered":"<div style='width: 100%; max-width: 1200px; margin: 0 auto; font-family: sans-serif; line-height: 1.6; color: inherit; background-color: transparent;'>\n<div style='display: flex; flex-wrap: wrap; gap: 30px; margin-bottom: 30px;'>\n<div style='flex: 1 1 300px; min-width: 280px;'> <img style='width: 100%; height: auto; border: 1px solid rgba(150&comma;150&comma;150&comma;0.3); border-radius: 8px;' src='https:\/\/ftp3.syscom.mx\/usuarios\/fotos\/GRP2601P\/192328-flyer_grps_gdms_spa_-_abril_2020.png' alt=''> <\/div>\n<div style='flex: 1 1 300px; min-width: 280px;'>\n<h2 style='font-size: 24px; margin-top: 0; color: inherit; opacity: 0.9;'>Tel\u00e9fono IP Carrier-Grade<\/h2>\n<p style='text-align: justify; font-size: 15px; color: inherit;'> Perteneciente a la serie GRP de Tel\u00e9fonos IP Carrier-Grade&comma; el GRP2650 es un modelo profesional de 14 l\u00edneas dise\u00f1ado con aprovisionamiento zero-touch para implementaci\u00f3n masiva y facilidad de gesti\u00f3n. Cuenta con un dise\u00f1o moderno y un paquete de caracter\u00edsticas de pr\u00f3xima generaci\u00f3n incluyendo: conferencia de voz de 5 participantes para maximizar la productividad&comma; PoE y Wi-Fi integrados&comma; audio full HD tanto en el altavoz&comma; como en el auricular para permitir que los usuarios se comuniquen con la m\u00e1xima claridad&comma; soporte EHS para aud\u00edfonos Plantronics y soporte integrado para aud\u00edfonos USB. La serie GRP incorpora caracter\u00edsticas de seguridad carrier-grade para proporcionar seguridad de nivel empresarial&comma; incluyendo arranque seguro&comma; im\u00e1genes de firmware dual y almacenamiento de datos cifrados. Para el aprovisionamiento en la nube y la gesti\u00f3n centralizada&comma; el GRP2650 est\u00e1 respaldado por el GDMS&comma; el cual proporciona una interfaz centralizada para configurar&comma; aprovisionar&comma; gestionar y monitorear la implementaci\u00f3n de dispositivos Grandstream. Con 56 teclas virtuales multifuncionales (VPK)&comma; una pantalla t\u00e1ctil capacitiva&comma; f\u00e1cil de usar de 5 pulgadas y soporte para Bluetooth&comma; EHS (Plantronics) y aud\u00edfonos USB&comma; el GRP2650 es la elecci\u00f3n ideal para profesionales y recepcionistas que atienden un gran n\u00famero de llamadas&comma; con funcionalidad avanzada. Dise\u00f1ado para una f\u00e1cil implementaci\u00f3n por empresas&comma; proveedores de servicios y otros mercados de gran volumen&comma; el GRP2650 ofrece un dispositivo de voz f\u00e1cil de usar y de implementar. <\/p>\n<ul style='padding-left: 20px; font-size: 15px; color: inherit; list-style-type: disc;'>\n<li style='margin-bottom: 5px; text-align: justify;'><strong>14 teclas de l\u00ednea con hasta 6 cuentas SIP.<\/strong><\/li>\n<li style='margin-bottom: 5px; text-align: justify;'><strong>Wi-Fi 802.11 a\/b\/g\/n\/ac de doble banda integrado<\/strong><\/li>\n<li style='margin-bottom: 5px; text-align: justify;'><strong>Dos puertos Ethernet Gigabit conmutados de detecci\u00f3n autom\u00e1tica de 10\/100\/1000 Mbps con PoE integrado.<\/strong><\/li>\n<li style='margin-bottom: 5px; text-align: justify;'><strong>Bluetooth integrado<\/strong><\/li>\n<li style='margin-bottom: 5px; text-align: justify;'><strong>Gesti\u00f3n y aprovisionamiento en la nube de los dispositivos a trav\u00e9s de GDMS.<\/strong><\/li>\n<li style='margin-bottom: 5px; text-align: justify;'><strong>Conferencia de audio de 5 participantes para llamadas de conferencia f\u00e1ciles.<\/strong><\/li>\n<li style='margin-bottom: 5px; text-align: justify;'><strong>Audio HD admitiendo todos los c\u00f3decs principales&comma; incluyendo los c\u00f3decs de banda ancha G.722 y Opus.<\/strong><\/li>\n<li style='margin-bottom: 5px; text-align: justify;'><strong>Conector para auriculares RJ9 (permitiendo EHS con aud\u00edfonos Plantronics).<\/strong><\/li>\n<li style='margin-bottom: 5px; text-align: justify;'><strong>Protecci\u00f3n de nivel empresarial incluyendo arranque seguro&comma; im\u00e1genes de firmware dual y almacenamiento de datos cifrados.<\/strong><\/li>\n<\/ul>\n<p style='text-align: justify; font-size: 15px; color: inherit;'> Creado para las necesidades de empleados de escritorio con mucho trabajo y dise\u00f1ado para una f\u00e1cil implementaci\u00f3n por empresas&comma; proveedores de servicios y otros mercados de gran volumen&comma; el GRP2650 ofrece una plataforma de voz f\u00e1cil de usar e implementar. <\/p>\n<\/p><\/div>\n<\/p><\/div>\n<div style='display: flex; flex-wrap: wrap; gap: 30px; margin-bottom: 30px;'>\n<div style='flex: 1 1 300px; min-width: 280px;'>\n<h2 style='font-size: 24px; margin-top: 0; color: inherit; opacity: 0.9;'>El GRP2650 est\u00e1 soportado por GDMS<\/h2>\n<p style='text-align: justify; font-size: 15px; color: inherit;'> Para el aprovisionamiento en la nube y la gesti\u00f3n centralizada&comma; el GRP2650 est\u00e1 soportado por GDMS&comma; el cual proporciona una interfaz centralizada para configurar&comma; aprovisionar&comma; gestionar y monitorear la implementaci\u00f3n de dispositivos Grandstream. Con 56 teclas virtuales multifuncionales (VPK)&comma; una pantalla t\u00e1ctil capacitiva&comma; f\u00e1cil de usar de 5 pulgadas y soporte para Bluetooth&comma; EHS (Plantronics) y aud\u00edfonos USB&comma; el GRP2650 es la elecci\u00f3n ideal para profesionales y recepcionistas que atienden un gran n\u00famero de llamadas&comma; con funcionalidad avanzada. Dise\u00f1ado para una f\u00e1cil implementaci\u00f3n por empresas&comma; proveedores de servicios y otros mercados de gran volumen&comma; el GRP2650 ofrece un dispositivo de voz f\u00e1cil de usar y de implementar. <\/p>\n<\/p><\/div>\n<\/p><\/div>\n<div style='display: flex; flex-wrap: wrap; gap: 20px; margin-bottom: 30px;'>\n<div style='flex: 1 1 300px; min-width: 280px; border: 1px solid rgba(150&comma; 150&comma; 150&comma; 0.4); border-radius: 8px; overflow: hidden; display: flex; flex-direction: column;'>\n<div style='padding: 15px; border-bottom: 1px solid rgba(150&comma; 150&comma; 150&comma; 0.2); font-weight: bold; font-size: 18px; color: inherit;'>Caracter\u00edsticas principales:<\/div>\n<div style='padding: 15px; color: inherit;'>\n<ul style='padding-left: 20px; margin: 0; font-size: 14px; list-style-type: disc;'>\n<li style='margin-bottom: 5px; text-align: justify;'><strong>14 lineas SIP.<\/strong><\/li>\n<li style='margin-bottom: 5px; text-align: justify;'><strong>6 cuentas SIP.<\/strong><\/li>\n<li style='margin-bottom: 5px; text-align: justify;'><strong>PoE.<\/strong><\/li>\n<li style='margin-bottom: 5px; text-align: justify;'><strong>Compatibilidad con GDMS.<\/strong><\/li>\n<li style='margin-bottom: 5px; text-align: justify;'><strong>Pantalla LCD 5&#8242;.<\/strong><\/li>\n<li style='margin-bottom: 5px; text-align: justify;'><strong>Compatible con GXB20.<\/strong><\/li>\n<li style='margin-bottom: 5px; text-align: justify;'><strong>Bluetooth.<\/strong><\/li>\n<li style='margin-bottom: 5px; text-align: justify;'><strong>Wi-Fi 802.11 a\/b\/g\/n\/ac de doble banda integrado (2.4GHz y 5GHz).<\/strong><\/li>\n<li style='margin-bottom: 5px; text-align: justify;'><strong>Soporte para G.729A\/B&comma; G.711\u00b5\/a-law&comma; G.726&comma; G.722 (banda ancha)&comma; G.723&comma; iLBC&comma; OPUS&comma; DTMF en banda y fuera de banda (in audio&comma; RFC2833&comma; SIP INFO)&comma; VAD&comma; AEC&comma; CNG&comma; PLC&comma; AGC.<\/strong><\/li>\n<li style='margin-bottom: 5px; text-align: justify;'><strong>Dos puertos Gigabit Ethernet conmutados de 10\/100\/1000 Mbps.<\/strong><\/li>\n<li style='margin-bottom: 5px; text-align: justify;'><strong>Conector RJ9 para auriculares (permitiendo EHS con auriculares Plantronics)<\/strong><\/li>\n<li style='margin-bottom: 5px; text-align: justify;'><strong>2 posiciones de \u00e1ngulo disponibles&comma; montable en la pared (el soporte de pared se vende por separado).<\/strong><\/li>\n<\/ul><\/div>\n<\/p><\/div>\n<div style='flex: 1 1 300px; min-width: 280px; border: 1px solid rgba(150&comma; 150&comma; 150&comma; 0.4); border-radius: 8px; overflow: hidden; display: flex; flex-direction: column;'>\n<div style='padding: 15px; border-bottom: 1px solid rgba(150&comma; 150&comma; 150&comma; 0.2); font-weight: bold; font-size: 18px; color: inherit;'>Contenido del paquete:<\/div>\n<div style='padding: 15px; color: inherit;'>\n<ul style='padding-left: 20px; margin: 0; font-size: 14px; list-style-type: disc;'>\n<li style='margin-bottom: 5px;'><strong>Tel\u00e9fono GRP250.<\/strong><\/li>\n<li style='margin-bottom: 5px;'><strong>Auricular con cord\u00f3n.<\/strong><\/li>\n<li style='margin-bottom: 5px;'><strong>Fuente de alimentaci\u00f3n.<\/strong><\/li>\n<li style='margin-bottom: 5px;'><strong>Base.<\/strong><\/li>\n<li style='margin-bottom: 5px;'><strong>Cable de red.<\/strong><\/li>\n<li style='margin-bottom: 5px;'><strong>Gu\u00eda de Instalaci\u00f3n R\u00e1pida.<\/strong><\/li>\n<\/ul><\/div>\n<\/p><\/div>\n<div style='flex: 1 1 300px; min-width: 280px; border: 1px solid rgba(150&comma; 150&comma; 150&comma; 0.4); border-radius: 8px; overflow: hidden; display: flex; flex-direction: column;'>\n<div style='padding: 15px; border-bottom: 1px solid rgba(150&comma; 150&comma; 150&comma; 0.2); font-weight: bold; font-size: 18px; color: inherit;'>Caracter\u00edsticas F\u00edsicas y El\u00e9ctricas:<\/div>\n<div style='padding: 15px; color: inherit;'>\n<ul style='padding-left: 20px; margin: 0; font-size: 14px; list-style-type: disc;'>\n<li style='margin-bottom: 5px; text-align: justify;'><strong>Adaptador de corriente universal incluido: Entrada: 100 &#8211; 240V; Salida: +12V&comma; 1A Power-over-Ethernet integrado (802.3af) Consumo m\u00e1ximo de energ\u00eda 6.2W (adaptador de corriente) o 7.6W (PoE).<\/strong><\/li>\n<li style='margin-bottom: 5px; text-align: justify;'><strong>Dimensi\u00f3n: 263 mm x 210 mm x 82 mm<\/strong><\/li>\n<li style='margin-bottom: 5px; text-align: justify;'><strong>Operaci\u00f3n: 0 \u00b0C a 40 \u00b0C Almacenamiento: -10 \u00b0C a 60 \u00b0C Humedad: 10% a 90% sin condensaci\u00f3n.<\/strong><\/li>\n<\/ul><\/div>\n<\/p><\/div>\n<\/p><\/div>\n<div style='display: flex; flex-wrap: wrap; gap: 30px; margin-bottom: 30px;'>\n<div style='flex: 1 1 300px; min-width: 280px;'> <img style='width: 100%; height: auto; border: 1px solid rgba(150&comma;150&comma;150&comma;0.3); border-radius: 8px;' src='https:\/\/ftp3.syscom.mx\/usuarios\/fotos\/GRP2612\/169963-captura_de_pantalla_2021-04-01_a_la(s)_15.32.31.png' alt=''> <\/div>\n<div style='flex: 1 1 300px; min-width: 280px;'>\n<h1 style='font-size: 24px; margin-top: 0; color: inherit; opacity: 0.9;'>Introducci\u00f3n y Configuraci\u00f3n B\u00e1sica de GDMS compatible con Tel\u00e9fonos GRP2600.<\/h1>\n<\/p><\/div>\n<\/p><\/div>\n<div style='margin-bottom: 30px;'>\n<div style='position: relative; padding-bottom: 56.25%; height: 0; overflow: hidden;'>   <\/div>\n<\/p><\/div>\n<hr style='border: 0; border-top: 1px solid rgba(150&comma; 150&comma; 150&comma; 0.3); margin: 30px 0;'> <\/div>\n","protected":false},"excerpt":{"rendered":"<p>Tel\u00e9fono IP Wi-Fi, Grado Operador, 14 l\u00edneas SIP con 6 cuentas, pantalla LCD  5&#8243;, puertos Gigabit, Bluetooth, PoE, codec Opus, IPV4\/IPV6 con gesti\u00f3n en la nube GDMS<\/p>\n","protected":false},"featured_media":91476,"comment_status":"open","ping_status":"closed","template":"","meta":[],"product_brand":[],"product_cat":[2003],"product_tag":[909,2005,2004],"class_list":{"0":"post-91477","1":"product","2":"type-product","3":"status-publish","4":"has-post-thumbnail","6":"product_cat-telefonos-ip","7":"product_tag-grandstream","8":"product_tag-telefonos-ip","9":"product_tag-voip-telefonia-ip-videoconferencia","11":"first","12":"instock","13":"sale","14":"shipping-taxable","15":"purchasable","16":"product-type-simple"},"_links":{"self":[{"href":"https:\/\/soydeaqui.ddns.net\/pachuca\/index.php\/wp-json\/wp\/v2\/product\/91477","targetHints":{"allow":["GET"]}}],"collection":[{"href":"https:\/\/soydeaqui.ddns.net\/pachuca\/index.php\/wp-json\/wp\/v2\/product"}],"about":[{"href":"https:\/\/soydeaqui.ddns.net\/pachuca\/index.php\/wp-json\/wp\/v2\/types\/product"}],"replies":[{"embeddable":true,"href":"https:\/\/soydeaqui.ddns.net\/pachuca\/index.php\/wp-json\/wp\/v2\/comments?post=91477"}],"wp:featuredmedia":[{"embeddable":true,"href":"https:\/\/soydeaqui.ddns.net\/pachuca\/index.php\/wp-json\/wp\/v2\/media\/91476"}],"wp:attachment":[{"href":"https:\/\/soydeaqui.ddns.net\/pachuca\/index.php\/wp-json\/wp\/v2\/media?parent=91477"}],"wp:term":[{"taxonomy":"product_brand","embeddable":true,"href":"https:\/\/soydeaqui.ddns.net\/pachuca\/index.php\/wp-json\/wp\/v2\/product_brand?post=91477"},{"taxonomy":"product_cat","embeddable":true,"href":"https:\/\/soydeaqui.ddns.net\/pachuca\/index.php\/wp-json\/wp\/v2\/product_cat?post=91477"},{"taxonomy":"product_tag","embeddable":true,"href":"https:\/\/soydeaqui.ddns.net\/pachuca\/index.php\/wp-json\/wp\/v2\/product_tag?post=91477"}],"curies":[{"name":"wp","href":"https:\/\/api.w.org\/{rel}","templated":true}]}}