{"id":91471,"date":"2026-03-20T04:31:00","date_gmt":"2026-03-20T04:31:00","guid":{"rendered":"https:\/\/soydeaqui.ddns.net\/pachuca\/index.php\/producto\/punto-de-acceso-wi-fi-802-11-ac-2-03-gbps-de-pared-wave-2-mu-mimo-4x44-5ghz-y-mu-mimo-2x22-2-4ghz-con-administracion-desde-la-nube-gratuita-o-stand-alone\/"},"modified":"2026-03-20T04:31:06","modified_gmt":"2026-03-20T04:31:06","slug":"punto-de-acceso-wi-fi-802-11-ac-2-03-gbps-de-pared-wave-2-mu-mimo-4x44-5ghz-y-mu-mimo-2x22-2-4ghz-con-administracion-desde-la-nube-gratuita-o-stand-alone","status":"publish","type":"product","link":"https:\/\/soydeaqui.ddns.net\/pachuca\/index.php\/producto\/punto-de-acceso-wi-fi-802-11-ac-2-03-gbps-de-pared-wave-2-mu-mimo-4x44-5ghz-y-mu-mimo-2x22-2-4ghz-con-administracion-desde-la-nube-gratuita-o-stand-alone\/","title":{"rendered":"Punto de acceso Wi-Fi 802.11 ac 2.03 Gbps, de pared, Wave-2, MU-MIMO 4&#215;4:4 (5GHz) y MU-MIMO 2&#215;2:2 (2.4GHz) con administraci\u00f3n desde la nube gratuita o stand-alone."},"content":{"rendered":"<div style='width: 100%; max-width: 1200px; margin: 0 auto; font-family: sans-serif; line-height: 1.6; color: inherit; background-color: transparent;'> <!-- Acerca del GWN7624 --> <\/p>\n<div style='display: flex; flex-wrap: wrap; gap: 30px; margin-bottom: 30px;'>\n<div style='flex: 1 1 300px; min-width: 280px;'>\n<h3 style='font-size: 22px; border-bottom: 2px solid currentColor; padding-bottom: 5px; margin-top: 0; color: inherit; opacity: 0.8;'>Acerca del GWN7624<\/h3>\n<p style='font-size: 15px; color: inherit; text-align: justify;'>El GWN7624 es un punto de acceso Wi-Fi de pared dise\u00f1ado para peque\u00f1as a medianas empresas&comma; oficinas&comma; zonas residenciales y comerciales&comma; hoteles y m\u00e1s. Dispone de tres puertos de red Gigabit para proporcionar Ethernet a tel\u00e9fonos IP&comma; IPTV&comma; computadoras y dispositivos similares adem\u00e1s de ofrecer un puerto uplink de red Gigabit con PoE\/PoE+. El GWN7624 ofrece tecnolog\u00eda MU-MIMO 4&#215;4:4 en la banda 5G y MU-MIMO 2&#215;2:2 en la banda 2.4G y un sofisticado dise\u00f1o de antena para m\u00e1ximo rendimiento de la red y alcance expandido de la cobertura Wi-Fi. Este punto de acceso est\u00e1 dise\u00f1ado para instalarse en la pared a fin de brindar un montaje limpio y profesional que se mimetiza con el entorno circundante. Para facilitar su instalaci\u00f3n y gesti\u00f3n&comma; el GWN7624 utiliza un dise\u00f1o de gesti\u00f3n de redes sin controladores en donde el controlador est\u00e1 integrado dentro de la interfaz de usuario web del producto. El GWN7624 est\u00e1 tambi\u00e9n respaldado por GWN.Cloud y GWN Manager&comma; la plataforma gratuita de gesti\u00f3n Wi-Fi en la nube y en sitio de Grandstream. Es el punto de acceso Wi-Fi ideal para implementaciones de voz sobre Wi-Fi y ofrece una conexi\u00f3n ininterrumpida con los tel\u00e9fonos IP con capacidad Wi-Fi de Grandstream. Con soporte para QoS avanzado&comma; aplicaciones en tiempo real de baja latencia&comma; redes mesh&comma; portales cautivos y 200 clientes simult\u00e1neos por punto de acceso&comma; el GWN7624 es un punto de acceso Wi-Fi ideal para implementaciones de redes inal\u00e1mbricas con densidad media de usuarios.<\/p>\n<\/p><\/div>\n<\/p><\/div>\n<p> <!-- Separador --> <\/p>\n<hr style='border: 0; border-top: 1px solid rgba(150&comma; 150&comma; 150&comma; 0.3); margin: 30px 0;'> <!-- Caracter\u00edsticas Competitivas --> <\/p>\n<div style='display: flex; flex-wrap: wrap; gap: 30px; margin-bottom: 30px;'>\n<div style='flex: 1 1 300px; min-width: 280px;'>\n<h3 style='font-size: 22px; border-bottom: 2px solid currentColor; padding-bottom: 5px; margin-top: 0; color: inherit; opacity: 0.8;'>Caracter\u00edsticas Competitivas<\/h3>\n<ul style='padding-left: 20px; font-size: 15px; color: inherit;'>\n<li style='margin-bottom: 5px;'>Instalaci\u00f3n en pared<\/li>\n<li style='margin-bottom: 5px;'>Rendimiento inal\u00e1mbrico de 2.03 Gbps y 2 puertos Gigabit con cable<\/li>\n<li style='margin-bottom: 5px;'>Tecnolog\u00eda MU-MIMO 4\u00d74:4 en 5GHz y MU-MIMO 2&#215;2:2 en 2.4GHz&comma; doble banda<\/li>\n<li style='margin-bottom: 5px;'>Adaptaci\u00f3n de alimentaci\u00f3n propia en la detecci\u00f3n autom\u00e1tica de PoE o PoE+<\/li>\n<li style='margin-bottom: 5px;'>Capacidad para m\u00e1s de 200 dispositivos de clientes wifi conectados al mismo tiempo<\/li>\n<li style='margin-bottom: 5px;'>Arranque seguro antipirater\u00eda y bloqueo de control\/datos cr\u00edticos mediante firmas digitales<\/li>\n<li style='margin-bottom: 5px;'>El controlador integrado puede gestionar hasta 50 puntos de acceso locales de la serie GWN.<\/li>\n<\/ul><\/div>\n<\/p><\/div>\n<p> <!-- Separador --> <\/p>\n<hr style='border: 0; border-top: 1px solid rgba(150&comma; 150&comma; 150&comma; 0.3); margin: 30px 0;'> <!-- Especificaciones t\u00e9cnicas --> <\/p>\n<div style='display: flex; flex-wrap: wrap; gap: 30px; margin-bottom: 30px;'>\n<div style='flex: 1 1 300px; min-width: 280px;'>\n<h3 style='font-size: 22px; border-bottom: 2px solid currentColor; padding-bottom: 5px; margin-top: 0; color: inherit; opacity: 0.8;'>Especificaciones t\u00e9cnicas<\/h3>\n<div style='display: flex; flex-direction: column; gap: 15px;'>\n<div style='border: 1px solid rgba(150&comma; 150&comma; 150&comma; 0.4); border-radius: 8px; padding: 15px; color: inherit;'>\n<h4 style='margin-top: 0; margin-bottom: 10px; font-size: 16px; color: inherit;'>Est\u00e1ndares Wi-Fi<\/h4>\n<p style='margin: 0; font-size: 14px; color: inherit;'>IEEE 802.11a\/b\/g\/n\/ac (Wave-2)<\/p>\n<\/p><\/div>\n<div style='border: 1px solid rgba(150&comma; 150&comma; 150&comma; 0.4); border-radius: 8px; padding: 15px; color: inherit;'>\n<h4 style='margin-top: 0; margin-bottom: 10px; font-size: 16px; color: inherit;'>Antenas<\/h4>\n<p style='margin: 0; font-size: 14px; color: inherit;'>Dos antenas 5G y dos internas de doble frecuencia 2.4 GHz&comma; ganancia 3dBi 5 GHz&comma; ganancia 5dBi<\/p>\n<\/p><\/div>\n<div style='border: 1px solid rgba(150&comma; 150&comma; 150&comma; 0.4); border-radius: 8px; padding: 15px; color: inherit;'>\n<h4 style='margin-top: 0; margin-bottom: 10px; font-size: 16px; color: inherit;'>Bandas de Frecuencia<\/h4>\n<p style='margin: 0; font-size: 14px; color: inherit;'>Radio 2.4 GHz: 2412 &#8211; 2484 GHz\/Radio 5 GHz: 5180 &#8211; 5825 GHz<\/p>\n<\/p><\/div>\n<div style='border: 1px solid rgba(150&comma; 150&comma; 150&comma; 0.4); border-radius: 8px; padding: 15px; color: inherit;'>\n<h4 style='margin-top: 0; margin-bottom: 10px; font-size: 16px; color: inherit;'>Cobertura<\/h4>\n<p style='margin: 0; font-size: 14px; color: inherit;'>Hasta 100 metros *El rango de cobertura puede variar seg\u00fan el entorno.<\/p>\n<\/p><\/div>\n<div style='border: 1px solid rgba(150&comma; 150&comma; 150&comma; 0.4); border-radius: 8px; padding: 15px; color: inherit;'>\n<h4 style='margin-top: 0; margin-bottom: 10px; font-size: 16px; color: inherit;'>Seguridad Wi-Fi y del Sistema<\/h4>\n<p style='margin: 0; font-size: 14px; color: inherit;'>WEP&comma; WPA\/WPA2-PSK&comma; WPA\/WPA2 Enterprise&comma; funci\u00f3n Anti-hacking Secure Boot y bloqueo de seguridad de datos cr\u00edticos\/control por medio de firmas digitales&comma; certificado de seguridad \u00fanico y contrase\u00f1a predeterminada aleatoria por dispositivo<\/p>\n<\/p><\/div>\n<div style='border: 1px solid rgba(150&comma; 150&comma; 150&comma; 0.4); border-radius: 8px; padding: 15px; color: inherit;'>\n<h4 style='margin-top: 0; margin-bottom: 10px; font-size: 16px; color: inherit;'>Clientes Concurrentes<\/h4>\n<p style='margin: 0; font-size: 14px; color: inherit;'>Hasta 200<\/p>\n<\/p><\/div>\n<div style='border: 1px solid rgba(150&comma; 150&comma; 150&comma; 0.4); border-radius: 8px; padding: 15px; color: inherit;'>\n<h4 style='margin-top: 0; margin-bottom: 10px; font-size: 16px; color: inherit;'>Alimentaci\u00f3n y Eficiencia de Energ\u00eda Limpia<\/h4>\n<p style='margin: 0; font-size: 14px; color: inherit;'>Soporta 802.3az PoE 802.3af\/802.3at; Salida M\u00e1xima de PSE por Puerto: 6W; Consumo M\u00e1ximo de Potencia: 25W<\/p>\n<\/p><\/div>\n<div style='border: 1px solid rgba(150&comma; 150&comma; 150&comma; 0.4); border-radius: 8px; padding: 15px; color: inherit;'>\n<h4 style='margin-top: 0; margin-bottom: 10px; font-size: 16px; color: inherit;'>Interfaces de red<\/h4>\n<p style='margin: 0; font-size: 14px; color: inherit;'>1 puerto uplink Ethernet de 10\/100\/1000M con PoE\/PoE+ 2 puertos Ethernet de 10\/100\/1000M con PSE 1 puerto Ethernet de 10\/100\/1000M<\/p>\n<\/p><\/div>\n<div style='border: 1px solid rgba(150&comma; 150&comma; 150&comma; 0.4); border-radius: 8px; padding: 15px; color: inherit;'>\n<h4 style='margin-top: 0; margin-bottom: 10px; font-size: 16px; color: inherit;'>Contenido de paquete<\/h4>\n<p style='margin: 0; font-size: 14px; color: inherit;'>Punto de acceso inal\u00e1mbrico 802.11ac Wave-2 modelo GWN7625&comma; 4 tornillos (KB 3.5*26)&comma; Gu\u00eda de Instalaci\u00f3n R\u00e1pida&comma; no incluye PoE<\/p>\n<\/p><\/div>\n<\/p><\/div>\n<\/p><\/div>\n<\/p><\/div>\n<p> <!-- Enlace PoE recomendado --> <\/p>\n<div style='margin-top: 20px; font-size: 14px; color: inherit;'> <a href='https:\/\/www.syscom.mx\/principal\/searchcont?route=G0720-480-050-GRANDSTREAM-207158&#038;autodetect=poe_gwn' style='color: inherit; text-decoration: none; font-weight: bold;'>PoE recomendado: G0720-480-050 O POECNPILOT<\/a> <\/div>\n<p> <!-- Imagen --> <\/p>\n<div style='margin-top: 30px;'> <img style='width: 100%; height: auto; border: 1px solid rgba(150&comma;150&comma;150&comma;0.3); border-radius: 8px;' src='https:\/\/ftp3.syscom.mx\/usuarios\/fotos\/GWN7630LR\/183557-captura_de_pantalla_2021-08-05_a_la(s)_15.57.14.png' alt=''> <\/div>\n<\/p><\/div>\n","protected":false},"excerpt":{"rendered":"<p>Punto de acceso Wi-Fi 802.11 ac 2.03 Gbps, de pared, Wave-2, MU-MIMO 4&#215;4:4 (5GHz) y MU-MIMO 2&#215;2:2 (2.4GHz) con administraci\u00f3n desde la nube gratuita o stand-alone.<\/p>\n","protected":false},"featured_media":91470,"comment_status":"open","ping_status":"closed","template":"","meta":[],"product_brand":[],"product_cat":[1794],"product_tag":[909,1795,1479],"class_list":{"0":"post-91471","1":"product","2":"type-product","3":"status-publish","4":"has-post-thumbnail","6":"product_cat-puntos-de-acceso","7":"product_tag-grandstream","8":"product_tag-puntos-de-acceso","9":"product_tag-redes-wifi","11":"first","12":"instock","13":"sale","14":"shipping-taxable","15":"purchasable","16":"product-type-simple"},"_links":{"self":[{"href":"https:\/\/soydeaqui.ddns.net\/pachuca\/index.php\/wp-json\/wp\/v2\/product\/91471","targetHints":{"allow":["GET"]}}],"collection":[{"href":"https:\/\/soydeaqui.ddns.net\/pachuca\/index.php\/wp-json\/wp\/v2\/product"}],"about":[{"href":"https:\/\/soydeaqui.ddns.net\/pachuca\/index.php\/wp-json\/wp\/v2\/types\/product"}],"replies":[{"embeddable":true,"href":"https:\/\/soydeaqui.ddns.net\/pachuca\/index.php\/wp-json\/wp\/v2\/comments?post=91471"}],"wp:featuredmedia":[{"embeddable":true,"href":"https:\/\/soydeaqui.ddns.net\/pachuca\/index.php\/wp-json\/wp\/v2\/media\/91470"}],"wp:attachment":[{"href":"https:\/\/soydeaqui.ddns.net\/pachuca\/index.php\/wp-json\/wp\/v2\/media?parent=91471"}],"wp:term":[{"taxonomy":"product_brand","embeddable":true,"href":"https:\/\/soydeaqui.ddns.net\/pachuca\/index.php\/wp-json\/wp\/v2\/product_brand?post=91471"},{"taxonomy":"product_cat","embeddable":true,"href":"https:\/\/soydeaqui.ddns.net\/pachuca\/index.php\/wp-json\/wp\/v2\/product_cat?post=91471"},{"taxonomy":"product_tag","embeddable":true,"href":"https:\/\/soydeaqui.ddns.net\/pachuca\/index.php\/wp-json\/wp\/v2\/product_tag?post=91471"}],"curies":[{"name":"wp","href":"https:\/\/api.w.org\/{rel}","templated":true}]}}