{"id":91441,"date":"2026-03-20T04:29:36","date_gmt":"2026-03-20T04:29:36","guid":{"rendered":"https:\/\/soydeaqui.ddns.net\/pachuca\/index.php\/producto\/camara-inteligente-para-conferencias-de-4k-usb-plug-and-play-autoenfoque-seguimiento-al-hablante-encuadre-automatico-cable-de-5-metros-usb-2\/"},"modified":"2026-03-20T04:30:00","modified_gmt":"2026-03-20T04:30:00","slug":"camara-inteligente-para-conferencias-de-4k-usb-plug-and-play-autoenfoque-seguimiento-al-hablante-encuadre-automatico-cable-de-5-metros-usb-2","status":"publish","type":"product","link":"https:\/\/soydeaqui.ddns.net\/pachuca\/index.php\/producto\/camara-inteligente-para-conferencias-de-4k-usb-plug-and-play-autoenfoque-seguimiento-al-hablante-encuadre-automatico-cable-de-5-metros-usb-2\/","title":{"rendered":"C\u00e1mara Inteligente Para Conferencias de 4K \/ USB \/ Plug and Play \/ Autoenfoque \/ Seguimiento al Hablante \/ Encuadre Automatico \/ Cable de 5 Metros USB"},"content":{"rendered":"<div style='width: 100%; max-width: 1200px; margin: 0 auto; font-family: sans-serif; line-height: 1.6; color: inherit; background-color: transparent;'> <img style='width: 100%; height: auto; border: 1px solid rgba(150&comma;150&comma;150&comma;0.3); border-radius: 8px;' src='https:\/\/ftp3.syscom.mx\/usuarios\/fotos\/DSUVCX12\/214506-captura_de_pantalla_2022-12-22_a_la(s)_10.24.07.png' alt=''> <\/p>\n<p style='text-align: justify;'>Ahora que millones trabajan de forma remota todos o parte de sus d\u00edas y semanas&comma; la demanda de conferencias de audio y video se ha disparado. Ahora&comma; para satisfacer las necesidades emergentes&comma; Hikvision ofrece fant\u00e1sticos productos y soluciones de colaboraci\u00f3n para audio y video \u00f3ptimos en reuniones remotas&comma; creando lugares de trabajo m\u00e1s inteligentes para cualquier necesidad de conferencia. Las personas y los equipos trabajar\u00e1n mejor donde sea que est\u00e9n con mayor flexibilidad y productividad. Siga leyendo para encontrar la soluci\u00f3n que mejor se adapte a su equipo.<\/p>\n<div style='display: flex; flex-wrap: wrap; gap: 20px; margin-bottom: 30px;'>\n<div style='flex: 1 1 300px; border-left: 5px solid #ff0000; border-radius: 8px; overflow: hidden; box-shadow: 2px 2px 10px rgba(216&comma;216&comma;216&comma;0.5);'>\n<div style='padding: 15px; background: rgba(255&comma; 0&comma; 0&comma; 0.05); font-weight: bold; font-size: 18px; color: inherit;'>Caracter\u00edsticas principales:<\/div>\n<ul style='padding: 15px; margin: 0; font-size: 14px; list-style-type: disc;'>\n<li style='margin-bottom: 5px;'><strong>Sensor de imagen:<\/strong> 1\/2.8&#8242; 2 MP CMOS<\/li>\n<li style='margin-bottom: 5px;'><strong>Resoluci\u00f3n m\u00e1xima:<\/strong> 4K<\/li>\n<li style='margin-bottom: 5px;'><strong>Zoom:<\/strong> 3x<\/li>\n<li style='margin-bottom: 5px;'><strong>Presets:<\/strong> hasta 5 presets<\/li>\n<li style='margin-bottom: 5px;'><strong>\u00c1ngulo de visi\u00f3n:<\/strong> Horizontal 109.9\u00b0&comma; vertical 74.6\u00b0&comma; diagonal 118.8\u00b0<\/li>\n<li style='margin-bottom: 5px;'><strong>Altavoces:<\/strong> 10 W<\/li>\n<li style='margin-bottom: 5px;'><strong>Rango micr\u00f3fono:<\/strong> Hasta 6 m (120\u00b0)<\/li>\n<li style='margin-bottom: 5px;'><strong>Conectividad:<\/strong> USB-C (USB 3.0)&comma; USB-A (USB 2.0)&comma; Bluetooth y HDMI<\/li>\n<li style='margin-bottom: 5px;'><strong>Soporta:<\/strong> Bluetooth para audio y control remoto<\/li>\n<\/ul><\/div>\n<div style='flex: 1 1 300px; border-left: 5px solid #ff0000; border-radius: 8px; overflow: hidden; box-shadow: 2px 2px 10px rgba(216&comma;216&comma;216&comma;0.5);'>\n<div style='padding: 15px; background: rgba(255&comma; 0&comma; 0&comma; 0.05); font-weight: bold; font-size: 18px; color: inherit;'>Caracter\u00edsticas F\u00edsicas y El\u00e9ctricas:<\/div>\n<ul style='padding: 15px; margin: 0; font-size: 14px; list-style-type: disc;'>\n<li style='margin-bottom: 5px;'><strong>Alimentaci\u00f3n:<\/strong> 12 Vcd.<\/li>\n<li style='margin-bottom: 5px;'><strong>Consumo:<\/strong> 3.33 Watts.<\/li>\n<li style='margin-bottom: 5px;'><strong>Temperatura de operaci\u00f3n:<\/strong> 0\u00b0 a 40\u00b0 C.<\/li>\n<li style='margin-bottom: 5px;'><strong>Dimensiones:<\/strong> \u00d8 616 mm x 145 mm x 104.23 mm.<\/li>\n<\/ul><\/div>\n<div style='flex: 1 1 300px; border-left: 5px solid #ff0000; border-radius: 8px; overflow: hidden; box-shadow: 2px 2px 10px rgba(216&comma;216&comma;216&comma;0.5);'>\n<div style='padding: 15px; background: rgba(255&comma; 0&comma; 0&comma; 0.05); font-weight: bold; font-size: 18px; color: inherit;'>Accesorios incluidos:<\/div>\n<ul style='padding: 15px; margin: 0; font-size: 14px; list-style-type: disc;'>\n<li style='margin-bottom: 5px;'>1 x Cable USB-C a USB-A (USB 3.0). 5 Metros de longitud.<\/li>\n<li style='margin-bottom: 5px;'>1 x Control remoto.<\/li>\n<li style='margin-bottom: 5px;'>1 x Adaptador de corriente.<\/li>\n<\/ul><\/div>\n<\/p><\/div>\n<hr style='border: 0; border-top: 1px solid rgba(150&comma; 150&comma; 150&comma; 0.3); margin: 30px 0;'>\n<div style='display: flex; flex-wrap: wrap; gap: 30px; align-items: center;'>\n<div style='flex: 1 1 300px; min-width: 280px;'>\n<h3 style='font-size: 22px; border-bottom: 2px solid currentColor; padding-bottom: 5px; margin-top: 0; color: inherit; opacity: 0.8;'>Conferencias &#8211; Salas Peque\u00f1as &#038; Oficinas en casa<\/h3>\n<\/p><\/div>\n<\/p><\/div>\n<div style='display: flex; flex-wrap: wrap; gap: 30px; margin-bottom: 30px;'>\n<div style='flex: 1 1 300px; min-width: 280px;'> <img style='width: 100%; height: auto; border: 1px solid rgba(150&comma;150&comma;150&comma;0.3); border-radius: 8px;' src='https:\/\/ftp3.syscom.mx\/usuarios\/fotos\/IDSUVCX28\/212069-smart&comma;-ultra-hd-audio-&#038;-video-conferencing.jpeg' alt=''> <\/div>\n<div style='flex: 1 1 300px; min-width: 280px;'>\n<h3 style='font-size: 20px; margin-top: 0; color: inherit;'>\u00a1Barra todo en uno!<\/h3>\n<p style='text-align: justify;'>\u00bfNecesita actualizar su equipo de conferencias de forma sencilla y econ\u00f3mica? \u00a1Hikvision puede ayudar! Nuestra barra de c\u00e1mara A\/V todo en uno le brinda im\u00e1genes 4K UHD con una vista de gran angular y captura y reproducci\u00f3n de voz clara&comma; incluso para grupos grandes. El encuadre autom\u00e1tico inteligente y el seguimiento del orador siempre lo colocan en la mejor posici\u00f3n. Es notablemente simple de usar&comma; administrar e integrar con su elegante dise\u00f1o.<\/p>\n<\/p><\/div>\n<\/p><\/div>\n<div style='display: flex; flex-wrap: wrap; gap: 30px; margin-bottom: 30px;'>\n<div style='flex: 1 1 300px; min-width: 280px;'>\n<h3 style='font-size: 20px; margin-top: 0; color: inherit;'>Encuadre autom\u00e1tico inteligente<\/h3>\n<p style='text-align: justify;'>Todos los participantes permanecen siempre en el centro de la imagen&comma; incluso cuando alguien sale o se une.<\/p>\n<\/p><\/div>\n<div style='flex: 1 1 300px; min-width: 280px;'> <img style='width: 100%; height: auto; border: 1px solid rgba(150&comma;150&comma;150&comma;0.3); border-radius: 8px;' src='https:\/\/ftp3.syscom.mx\/usuarios\/fotos\/IDSUVCX28\/212069-captura_de_pantalla_2022-12-23_a_la(s)_12.05.03.png' alt=''> <\/div>\n<\/p><\/div>\n<div style='display: flex; flex-wrap: wrap; gap: 30px; margin-bottom: 30px;'>\n<div style='flex: 1 1 300px; min-width: 280px;'> <img style='width: 100%; height: auto; border: 1px solid rgba(150&comma;150&comma;150&comma;0.3); border-radius: 8px;' src='https:\/\/ftp3.syscom.mx\/usuarios\/fotos\/IDSUVCX28\/212069-captura_de_pantalla_2022-12-23_a_la(s)_12.16.05.png' alt=''> <\/div>\n<div style='flex: 1 1 300px; min-width: 280px;'>\n<h3 style='font-size: 20px; margin-top: 0; color: inherit;'>Seguimiento de voz inteligente<\/h3>\n<p style='text-align: justify;'>Enfoque autom\u00e1tico y seguimiento del voz<\/p>\n<p style='text-align: justify;'>Mantiene a la persona clave en el centro<\/p>\n<\/p><\/div>\n<\/p><\/div>\n<div style='text-align: center; margin: 30px 0;'>\n<p style='font-size: 24px; font-weight: bold; margin: 0; color: inherit;'>Reducci\u00f3n de ruido inteligente<\/p>\n<\/p><\/div>\n<div style='margin-bottom: 30px;'> <img style='width: 100%; height: auto; border: 1px solid rgba(150&comma;150&comma;150&comma;0.3); border-radius: 8px;' src='https:\/\/ftp3.syscom.mx\/usuarios\/fotos\/IDSUVCX28\/212069-captura_de_pantalla_2022-12-23_a_la(s)_12.20.51.png' alt=''> <\/div>\n<div style='margin-bottom: 30px;'> <img style='width: 100%; height: auto; border: 1px solid rgba(150&comma;150&comma;150&comma;0.3); border-radius: 8px;' src='https:\/\/ftp3.syscom.mx\/usuarios\/nortega\/hikvision\/banners\/webcam.png' alt=''> <\/div>\n<\/p><\/div>\n","protected":false},"excerpt":{"rendered":"<p>C\u00e1mara Inteligente Para Conferencias de 4K \/ USB \/ Plug and Play \/ Autoenfoque \/ Seguimiento al Hablante \/ Encuadre Automatico \/ Cable de 5 Metros USB<\/p>\n","protected":false},"featured_media":91440,"comment_status":"open","ping_status":"closed","template":"","meta":[],"product_brand":[],"product_cat":[2048],"product_tag":[2049,54,2004],"class_list":{"0":"post-91441","1":"product","2":"type-product","3":"status-publish","4":"has-post-thumbnail","6":"product_cat-audio-video-conferencia","7":"product_tag-audio-video-conferencia","8":"product_tag-hikvision","9":"product_tag-voip-telefonia-ip-videoconferencia","11":"first","12":"outofstock","13":"sale","14":"shipping-taxable","15":"purchasable","16":"product-type-simple"},"_links":{"self":[{"href":"https:\/\/soydeaqui.ddns.net\/pachuca\/index.php\/wp-json\/wp\/v2\/product\/91441","targetHints":{"allow":["GET"]}}],"collection":[{"href":"https:\/\/soydeaqui.ddns.net\/pachuca\/index.php\/wp-json\/wp\/v2\/product"}],"about":[{"href":"https:\/\/soydeaqui.ddns.net\/pachuca\/index.php\/wp-json\/wp\/v2\/types\/product"}],"replies":[{"embeddable":true,"href":"https:\/\/soydeaqui.ddns.net\/pachuca\/index.php\/wp-json\/wp\/v2\/comments?post=91441"}],"wp:featuredmedia":[{"embeddable":true,"href":"https:\/\/soydeaqui.ddns.net\/pachuca\/index.php\/wp-json\/wp\/v2\/media\/91440"}],"wp:attachment":[{"href":"https:\/\/soydeaqui.ddns.net\/pachuca\/index.php\/wp-json\/wp\/v2\/media?parent=91441"}],"wp:term":[{"taxonomy":"product_brand","embeddable":true,"href":"https:\/\/soydeaqui.ddns.net\/pachuca\/index.php\/wp-json\/wp\/v2\/product_brand?post=91441"},{"taxonomy":"product_cat","embeddable":true,"href":"https:\/\/soydeaqui.ddns.net\/pachuca\/index.php\/wp-json\/wp\/v2\/product_cat?post=91441"},{"taxonomy":"product_tag","embeddable":true,"href":"https:\/\/soydeaqui.ddns.net\/pachuca\/index.php\/wp-json\/wp\/v2\/product_tag?post=91441"}],"curies":[{"name":"wp","href":"https:\/\/api.w.org\/{rel}","templated":true}]}}