{"id":91422,"date":"2026-03-20T04:28:43","date_gmt":"2026-03-20T04:28:43","guid":{"rendered":"https:\/\/soydeaqui.ddns.net\/pachuca\/index.php\/producto\/antena-direccional-para-c5x-c6x-b6x-y-b5x-guia-de-onda-para-mantener-la-integridad-de-la-senal-y-minimiza-la-perdida-en-transmision-4-9-6-5-ghz-3-ft-ganancia-de-34-dbi-montaje-incluido\/"},"modified":"2026-03-20T04:29:01","modified_gmt":"2026-03-20T04:29:01","slug":"antena-direccional-para-c5x-c6x-b6x-y-b5x-guia-de-onda-para-mantener-la-integridad-de-la-senal-y-minimiza-la-perdida-en-transmision-4-9-6-5-ghz-3-ft-ganancia-de-34-dbi-montaje-incluido","status":"publish","type":"product","link":"https:\/\/soydeaqui.ddns.net\/pachuca\/index.php\/producto\/antena-direccional-para-c5x-c6x-b6x-y-b5x-guia-de-onda-para-mantener-la-integridad-de-la-senal-y-minimiza-la-perdida-en-transmision-4-9-6-5-ghz-3-ft-ganancia-de-34-dbi-montaje-incluido\/","title":{"rendered":"Antena direccional para C5x, C6x, B6X y B5x, Gu\u00eda de onda para mantener la integridad de la se\u00f1al y minimiza la p\u00e9rdida en transmisi\u00f3n , 4.9 &#8211; 6.5 GHz, 3 ft, Ganancia de 34 dBi, Montaje incluido"},"content":{"rendered":"<div style='width: 100%; max-width: 1200px; margin: 0 auto; font-family: sans-serif; line-height: 1.6; color: inherit; background-color: transparent;'>\n<div style='display: flex; flex-wrap: wrap; gap: 30px; margin-bottom: 30px;'>\n<div style='flex: 1 1 300px; min-width: 280px;'>\n<h3 style='font-size: 22px; border-bottom: 2px solid currentColor; padding-bottom: 5px; margin-top: 0; color: inherit; opacity: 0.8;'>Descripci\u00f3n<\/h3>\n<p style='font-size: 15px; color: inherit; margin-top: 15px;'>La TXPD34B5X es una antena direccional de la marca TXPRO&comma; dise\u00f1ada especialmente para radios de la serie C5x&comma; B5x&comma; C6X y B6X.<\/p>\n<\/p><\/div>\n<div style='flex: 1 1 300px; min-width: 280px;'> <img style='width: 100%; height: auto; border: 1px solid rgba(150&comma;150&comma;150&comma;0.3); border-radius: 8px;' src='https:\/\/ftp3.syscom.mx\/usuarios\/fotos\/BancoFotografiasSyscom\/TXPRO\/TXPD34B5X\/TXPD34B5X-l.PNG' alt=''> <\/div>\n<\/p><\/div>\n<div style='display: flex; flex-wrap: wrap; gap: 20px; margin-bottom: 30px;'>\n<div style='flex: 1 1 250px; border: 1px solid rgba(150&comma; 150&comma; 150&comma; 0.4); border-radius: 8px; overflow: hidden; display: flex; flex-direction: column;'>\n<div style='padding: 15px; border-bottom: 1px solid rgba(150&comma; 150&comma; 150&comma; 0.2); font-weight: bold; font-size: 18px; color: inherit;'>Caracter\u00edsticas Principales<\/div>\n<div style='padding: 15px; color: inherit;'>\n<ul style='padding-left: 20px; margin: 0; font-size: 14px; list-style-type: disc;'>\n<li style='margin-bottom: 5px;'>Rango de Frecuencia 4.9 a 6.5 GHz<\/li>\n<li style='margin-bottom: 5px;'>Ganancia de 34 dBi<\/li>\n<li style='margin-bottom: 5px;'>F\/B > 35 dB<\/li>\n<li style='margin-bottom: 5px;'>Conector a C5x&comma; C6x y B5x<\/li>\n<li style='margin-bottom: 5px;'>Di\u00e1metro adecuado para m\u00e1stil o torre 30 cm a 80 cm<\/li>\n<li style='margin-bottom: 5px;'>Peso 6.5 kg<\/li>\n<\/ul><\/div>\n<\/p><\/div>\n<\/p><\/div>\n<div style='position: relative; padding-bottom: 56.25%; height: 0; overflow: hidden; margin-bottom: 30px;'>   <\/div>\n<hr style='border: 0; border-top: 1px solid rgba(150&comma; 150&comma; 150&comma; 0.3); margin: 30px 0;'> <\/div>\n","protected":false},"excerpt":{"rendered":"<p>Antena direccional para C5x, C6x, B6X y B5x, Gu\u00eda de onda para mantener la integridad de la se\u00f1al y minimiza la p\u00e9rdida en transmisi\u00f3n , 4.9 &#8211; 6.5 GHz, 3 ft, Ganancia de 34 dBi, Montaje incluido<\/p>\n","protected":false},"featured_media":91421,"comment_status":"open","ping_status":"closed","template":"","meta":[],"product_brand":[],"product_cat":[1998],"product_tag":[1999,1980,560],"class_list":{"0":"post-91422","1":"product","2":"type-product","3":"status-publish","4":"has-post-thumbnail","6":"product_cat-5-y-6-ghz","7":"product_tag-5-y-6-ghz","8":"product_tag-enlaces-ptp-y-ptmp","9":"product_tag-txpro","11":"first","12":"outofstock","13":"sale","14":"shipping-taxable","15":"purchasable","16":"product-type-simple"},"_links":{"self":[{"href":"https:\/\/soydeaqui.ddns.net\/pachuca\/index.php\/wp-json\/wp\/v2\/product\/91422","targetHints":{"allow":["GET"]}}],"collection":[{"href":"https:\/\/soydeaqui.ddns.net\/pachuca\/index.php\/wp-json\/wp\/v2\/product"}],"about":[{"href":"https:\/\/soydeaqui.ddns.net\/pachuca\/index.php\/wp-json\/wp\/v2\/types\/product"}],"replies":[{"embeddable":true,"href":"https:\/\/soydeaqui.ddns.net\/pachuca\/index.php\/wp-json\/wp\/v2\/comments?post=91422"}],"wp:featuredmedia":[{"embeddable":true,"href":"https:\/\/soydeaqui.ddns.net\/pachuca\/index.php\/wp-json\/wp\/v2\/media\/91421"}],"wp:attachment":[{"href":"https:\/\/soydeaqui.ddns.net\/pachuca\/index.php\/wp-json\/wp\/v2\/media?parent=91422"}],"wp:term":[{"taxonomy":"product_brand","embeddable":true,"href":"https:\/\/soydeaqui.ddns.net\/pachuca\/index.php\/wp-json\/wp\/v2\/product_brand?post=91422"},{"taxonomy":"product_cat","embeddable":true,"href":"https:\/\/soydeaqui.ddns.net\/pachuca\/index.php\/wp-json\/wp\/v2\/product_cat?post=91422"},{"taxonomy":"product_tag","embeddable":true,"href":"https:\/\/soydeaqui.ddns.net\/pachuca\/index.php\/wp-json\/wp\/v2\/product_tag?post=91422"}],"curies":[{"name":"wp","href":"https:\/\/api.w.org\/{rel}","templated":true}]}}