{"id":91414,"date":"2026-03-20T04:28:18","date_gmt":"2026-03-20T04:28:18","guid":{"rendered":"https:\/\/soydeaqui.ddns.net\/pachuca\/index.php\/producto\/ltu-instant-cliente-ltu-5-ghz-para-entornos-ptmp-con-ltu-rocket-como-estacion-base\/"},"modified":"2026-03-20T04:28:39","modified_gmt":"2026-03-20T04:28:39","slug":"ltu-instant-cliente-ltu-5-ghz-para-entornos-ptmp-con-ltu-rocket-como-estacion-base","status":"publish","type":"product","link":"https:\/\/soydeaqui.ddns.net\/pachuca\/index.php\/producto\/ltu-instant-cliente-ltu-5-ghz-para-entornos-ptmp-con-ltu-rocket-como-estacion-base\/","title":{"rendered":"LTU Instant \u2014 Cliente LTU 5 GHz para Entornos PtMP con LTU Rocket como Estaci\u00f3n Base"},"content":{"rendered":"<div style='width: 100%; max-width: 1200px; margin: 0 auto; font-family: sans-serif; line-height: 1.6; color: inherit;'>\n<div style='display: flex; flex-wrap: wrap; gap: 30px; margin-bottom: 30px;'>\n<div style='flex: 1 1 300px; min-width: 280px;'>\n<h3 style='font-size: 22px; border-bottom: 2px solid currentColor; padding-bottom: 5px; margin-top: 0; color: inherit; opacity: 0.8;'>Descripci\u00f3n<\/h3>\n<p style='font-size: 15px; color: inherit; margin-top: 0; margin-bottom: 15px;'> El LTU Instant es un cliente LTU de 5 GHz que sirve como m\u00f3dulo de conversi\u00f3n plug-and-play para implementaciones existentes de LiteBeam\u00ae (LBE 5AC Gen2). Dise\u00f1ado para funcionar en un entorno PtMP con un LTU Rocket como estaci\u00f3n base&comma; el LTU Instant ofrece hasta 550 Mbps de rendimiento TCP\/IP real con su antena de alta ganancia de 22 dBi. Tambi\u00e9n ofrece un s\u00f3lido conjunto de funciones que incluye divisi\u00f3n de frecuencia&comma; compatibilidad con el modo de enrutador&comma; opciones de ancho de banda adaptable y administraci\u00f3n de configuraci\u00f3n desde el punto de acceso. LTU Instant se puede configurar en minutos y administrar completamente con la aplicaci\u00f3n web o la aplicaci\u00f3n m\u00f3vil de UISP\u00ae. <\/p>\n<p style='font-size: 15px; color: inherit; margin-top: 0; margin-bottom: 15px;'> <em>Nota: LTU Instant es incompatible con las redes airMAX y no se conectar\u00e1 a airMAX AC.<\/em> <\/p>\n<p style='font-size: 15px; color: inherit; margin-top: 0; margin-bottom: 0;'> <em>La antena del LBE 5AC Gen2 permanece en su lugar al migrar al LTU Instant.<\/em> <\/p>\n<\/p><\/div>\n<\/p><\/div>\n<div style='display: flex; flex-wrap: wrap; gap: 20px; margin-bottom: 30px;'>\n<div style='flex: 1 1 250px; border: 1px solid rgba(150&comma; 150&comma; 150&comma; 0.4); border-radius: 8px; overflow: hidden; display: flex; flex-direction: column;'>\n<div style='padding: 15px; border-bottom: 1px solid rgba(150&comma; 150&comma; 150&comma; 0.2); font-weight: bold; font-size: 18px; color: inherit;'>Caracter\u00edsticas principales<\/div>\n<div style='padding: 15px; color: inherit;'>\n<ul style='padding-left: 20px; margin: 0; font-size: 14px; list-style-type: disc;'>\n<li style='margin-bottom: 5px;'>Procesador central patentado Ubiquiti LTU<\/li>\n<li style='margin-bottom: 5px;'>Se integra f\u00e1cilmente con implementaciones LBE 5AC Gen2<\/li>\n<li style='margin-bottom: 5px;'>Flexibilidad de ancho de canal (ancho de banda de 10\/20\/30\/40\/50 MHz)<\/li>\n<li style='margin-bottom: 5px;'>Gesti\u00f3n de la configuraci\u00f3n desde el lado del AP<\/li>\n<li style='margin-bottom: 5px;'>Compatibilidad con el modo de enrutador<\/li>\n<li style='margin-bottom: 5px;'>Divisi\u00f3n de frecuencia<\/li>\n<li style='margin-bottom: 5px;'>Configuraci\u00f3n r\u00e1pida con tecnolog\u00eda Bluetooth a trav\u00e9s de la aplicaci\u00f3n UISP Mobile<\/li>\n<li style='margin-bottom: 0;'>Incluye (5) fuentes y (5) adaptadores PoE<\/li>\n<\/ul><\/div>\n<\/p><\/div>\n<\/p><\/div>\n<hr style='border: 0; border-top: 1px solid rgba(150&comma; 150&comma; 150&comma; 0.3); margin: 30px 0;'> <\/div>\n","protected":false},"excerpt":{"rendered":"<p>LTU Instant \u2014 Cliente LTU 5 GHz para Entornos PtMP con LTU Rocket como Estaci\u00f3n Base<\/p>\n","protected":false},"featured_media":91413,"comment_status":"open","ping_status":"closed","template":"","meta":[],"product_brand":[],"product_cat":[1998],"product_tag":[1999,1980,166],"class_list":{"0":"post-91414","1":"product","2":"type-product","3":"status-publish","4":"has-post-thumbnail","6":"product_cat-5-y-6-ghz","7":"product_tag-5-y-6-ghz","8":"product_tag-enlaces-ptp-y-ptmp","9":"product_tag-ubiquiti","11":"first","12":"outofstock","13":"sale","14":"shipping-taxable","15":"purchasable","16":"product-type-simple"},"_links":{"self":[{"href":"https:\/\/soydeaqui.ddns.net\/pachuca\/index.php\/wp-json\/wp\/v2\/product\/91414","targetHints":{"allow":["GET"]}}],"collection":[{"href":"https:\/\/soydeaqui.ddns.net\/pachuca\/index.php\/wp-json\/wp\/v2\/product"}],"about":[{"href":"https:\/\/soydeaqui.ddns.net\/pachuca\/index.php\/wp-json\/wp\/v2\/types\/product"}],"replies":[{"embeddable":true,"href":"https:\/\/soydeaqui.ddns.net\/pachuca\/index.php\/wp-json\/wp\/v2\/comments?post=91414"}],"wp:featuredmedia":[{"embeddable":true,"href":"https:\/\/soydeaqui.ddns.net\/pachuca\/index.php\/wp-json\/wp\/v2\/media\/91413"}],"wp:attachment":[{"href":"https:\/\/soydeaqui.ddns.net\/pachuca\/index.php\/wp-json\/wp\/v2\/media?parent=91414"}],"wp:term":[{"taxonomy":"product_brand","embeddable":true,"href":"https:\/\/soydeaqui.ddns.net\/pachuca\/index.php\/wp-json\/wp\/v2\/product_brand?post=91414"},{"taxonomy":"product_cat","embeddable":true,"href":"https:\/\/soydeaqui.ddns.net\/pachuca\/index.php\/wp-json\/wp\/v2\/product_cat?post=91414"},{"taxonomy":"product_tag","embeddable":true,"href":"https:\/\/soydeaqui.ddns.net\/pachuca\/index.php\/wp-json\/wp\/v2\/product_tag?post=91414"}],"curies":[{"name":"wp","href":"https:\/\/api.w.org\/{rel}","templated":true}]}}