{"id":91394,"date":"2026-03-20T04:27:22","date_gmt":"2026-03-20T04:27:22","guid":{"rendered":"https:\/\/soydeaqui.ddns.net\/pachuca\/index.php\/producto\/cliente-ltu-extreme-range-de-5-ghz-5150-5-950-mhz-con-antena-integrada-de-29-dbi\/"},"modified":"2026-03-20T04:27:35","modified_gmt":"2026-03-20T04:27:35","slug":"cliente-ltu-extreme-range-de-5-ghz-5150-5-950-mhz-con-antena-integrada-de-29-dbi","status":"publish","type":"product","link":"https:\/\/soydeaqui.ddns.net\/pachuca\/index.php\/producto\/cliente-ltu-extreme-range-de-5-ghz-5150-5-950-mhz-con-antena-integrada-de-29-dbi\/","title":{"rendered":"Cliente LTU\u00ae Extreme-Range de 5 GHz (5150- 5.950 MHz) con Antena Integrada de 29 dBi"},"content":{"rendered":"<div style='width: 100%; max-width: 1200px; margin: 0 auto; font-family: sans-serif; line-height: 1.6; color: inherit; background-color: transparent;'> <!-- Hero Section --> <\/p>\n<div style='display: flex; flex-wrap: wrap; gap: 24px; align-items: center; border: 1px solid rgba(150&comma;150&comma;150&comma;0.3); border-radius: 8px; padding: 24px; margin-bottom: 30px;'>\n<div style='flex: 1 1 320px; min-width: 280px;'> <img style='width: 100%; height: auto; border: 1px solid rgba(150&comma;150&comma;150&comma;0.3); border-radius: 8px;' src='https:\/\/ftp3.syscom.mx\/usuarios\/adiaz\/Ubiquiti\/Imagenes\/LTUXR\/ltu-xr-1.png' alt='LTU-XR'> <\/div>\n<div style='flex: 1 1 360px; min-width: 280px;'>\n<h2 style='font-size: 24px; margin: 0 0 8px; color: inherit;'>LTU Extreme-Range<\/h2>\n<div style='margin: 0 0 12px; color: inherit; font-weight: 600; opacity: 0.85;'>Modelo: <span style='font-weight: 700; opacity: 1;'>LTU-XR<\/span><\/div>\n<p style='margin: 0; color: inherit;'>Cliente LTU\u00ae <strong>Extreme-Range&comma;<\/strong> de 5 GHz (5150- 5.950 MHz) con Antena Integrada de 29 dBi.<\/p>\n<\/p><\/div>\n<\/p><\/div>\n<p> <!-- Especificaciones Title --> <\/p>\n<div style='text-align: center; margin: 40px 0 20px;'> <span style='font-size: 22px; color: inherit; font-weight: 700;'>Especificaciones<\/span> <\/div>\n<p> <!-- Grid de tarjetas --> <\/p>\n<div style='display: flex; flex-wrap: wrap; gap: 20px; margin-bottom: 30px;'> <!-- Card: Caracter\u00edsticas principales --> <\/p>\n<div style='flex: 1 1 250px; border: 1px solid rgba(150&comma; 150&comma; 150&comma; 0.4); border-radius: 8px; overflow: hidden; display: flex; flex-direction: column;'>\n<div style='padding: 15px; border-bottom: 1px solid rgba(150&comma; 150&comma; 150&comma; 0.2); font-weight: bold; font-size: 18px; color: inherit;'>Caracter\u00edsticas principales<\/div>\n<div style='padding: 15px; color: inherit;'>\n<ul style='padding-left: 20px; margin: 0; font-size: 14px; list-style-type: disc;'>\n<li style='margin-bottom: 5px;'><strong>5 GHz<\/strong>&comma; alcance de enlace de m\u00e1s de <strong>30 km<\/strong><\/li>\n<li style='margin-bottom: 5px;'><strong>Rendimiento<\/strong> de m\u00e1s de <strong>900 Mbps<\/strong>*<\/li>\n<li style='margin-bottom: 5px;'>Radio dedicado al an\u00e1lisis espectral<\/li>\n<li style='margin-bottom: 5px;'>F\u00e1cil de instalar<\/li>\n<li style='margin-bottom: 5px;'>Compatible con dispositivos LTU solamente<\/li>\n<li style='margin-bottom: 5px;'>Incluye Adaptador PoE<\/li>\n<\/ul><\/div>\n<\/p><\/div>\n<p> <!-- Card: F\u00edsicas y el\u00e9ctricas --> <\/p>\n<div style='flex: 1 1 250px; border: 1px solid rgba(150&comma; 150&comma; 150&comma; 0.4); border-radius: 8px; overflow: hidden; display: flex; flex-direction: column;'>\n<div style='padding: 15px; border-bottom: 1px solid rgba(150&comma; 150&comma; 150&comma; 0.2); font-weight: bold; font-size: 18px; color: inherit;'>Caracter\u00edsticas f\u00edsicas y el\u00e9ctricas<\/div>\n<div style='padding: 15px; color: inherit;'>\n<ul style='padding-left: 20px; margin: 0; font-size: 14px; list-style-type: disc;'>\n<li style='margin-bottom: 5px;'><strong>Dimensiones<\/strong>: 747 x 525 x 347 mm (29.4 x 20.7 x 13.7&#8242;)<\/li>\n<li style='margin-bottom: 5px;'><strong>Peso<\/strong>: 3.2 kg (7.1 lb)<\/li>\n<li style='margin-bottom: 5px;'><strong>Material de la carcasa<\/strong>: Aleaci\u00f3n de aluminio&comma; policarbonato estabilizado a los rayos UV.<\/li>\n<li style='margin-bottom: 5px;'><strong>Alimentaci\u00f3n<\/strong>: PoE&comma; 24 Vcc&comma; 0.5 A<\/li>\n<li style='margin-bottom: 5px;'><strong>Temperatura de operaci\u00f3n<\/strong>: \u221240 a 55 \u00b0C (\u221240 a 131 \u00b0F)<\/li>\n<li style='margin-bottom: 5px;'><strong>Humedad de operaci\u00f3n<\/strong>: 5\u201395% sin condensaci\u00f3n<\/li>\n<\/ul><\/div>\n<\/p><\/div>\n<p> <!-- Card: Rendimiento --> <\/p>\n<div style='flex: 1 1 250px; border: 1px solid rgba(150&comma; 150&comma; 150&comma; 0.4); border-radius: 8px; overflow: hidden; display: flex; flex-direction: column;'>\n<div style='padding: 15px; border-bottom: 1px solid rgba(150&comma; 150&comma; 150&comma; 0.2); font-weight: bold; font-size: 18px; color: inherit;'>Rendimiento<\/div>\n<div style='padding: 15px; color: inherit;'>\n<ul style='padding-left: 20px; margin: 0; font-size: 14px; list-style-type: disc;'>\n<li style='margin-bottom: 5px;'><strong>Throughput M\u00e1ximo<\/strong>: Hasta 900 Mbps* (Versi\u00f3n de firmware 2.3.0 o superior)<\/li>\n<li style='margin-bottom: 5px;'><strong>Encriptaci\u00f3n<\/strong>: WPA2-PSK (AES)<\/li>\n<li style='margin-bottom: 5px;'><strong>Relaci\u00f3n de enlace ascendente\/descendente<\/strong>: 25\/75&comma; 33\/67&comma; 50\/50<\/li>\n<\/ul><\/div>\n<\/p><\/div>\n<p> <!-- Card: Caracter\u00edsticas avanzadas --> <\/p>\n<div style='flex: 1 1 250px; border: 1px solid rgba(150&comma; 150&comma; 150&comma; 0.4); border-radius: 8px; overflow: hidden; display: flex; flex-direction: column;'>\n<div style='padding: 15px; border-bottom: 1px solid rgba(150&comma; 150&comma; 150&comma; 0.2); font-weight: bold; font-size: 18px; color: inherit;'>RF<\/div>\n<div style='padding: 15px; color: inherit;'>\n<ul style='padding-left: 20px; margin: 0; font-size: 14px; list-style-type: disc;'>\n<li style='margin-bottom: 5px;'><strong>Frecuencia de operaci\u00f3n<\/strong>: 5150 a 5950 MHz *Dependiendo de la regi\u00f3n regulatoria.<\/li>\n<li style='margin-bottom: 5px;'><strong>Potencia TX M\u00e1xima<\/strong>: 25 dBm<\/li>\n<li style='margin-bottom: 5px;'><strong>Anchos de canal<\/strong>: 10\/20\/30\/40\/50\/60\/80\/100 MHz* (Versi\u00f3n de firmware 2.3.0 o superior)<\/li>\n<li style='margin-bottom: 5px;'><strong>Ganancia de antena<\/strong>: 29 dBi<\/li>\n<li style='margin-bottom: 5px; font-weight: bold;'>Aislamiento de clientes<\/li>\n<li style='margin-bottom: 5px;'><strong>RADIUS<\/strong> sobre <strong>TLS<\/strong> (RadSec)<\/li>\n<\/ul><\/div>\n<\/p><\/div>\n<\/p><\/div>\n<p> <!-- Separador --> <\/p>\n<hr style='border: 0; border-top: 1px solid rgba(150&comma; 150&comma; 150&comma; 0.3); margin: 40px 0;'> <\/div>\n","protected":false},"excerpt":{"rendered":"<p>Cliente LTU\u00ae Extreme-Range de 5 GHz (5150- 5.950 MHz) con Antena Integrada de 29 dBi<\/p>\n","protected":false},"featured_media":91393,"comment_status":"open","ping_status":"closed","template":"","meta":[],"product_brand":[],"product_cat":[1998],"product_tag":[1999,1980,166],"class_list":{"0":"post-91394","1":"product","2":"type-product","3":"status-publish","4":"has-post-thumbnail","6":"product_cat-5-y-6-ghz","7":"product_tag-5-y-6-ghz","8":"product_tag-enlaces-ptp-y-ptmp","9":"product_tag-ubiquiti","11":"first","12":"instock","13":"sale","14":"shipping-taxable","15":"purchasable","16":"product-type-simple"},"_links":{"self":[{"href":"https:\/\/soydeaqui.ddns.net\/pachuca\/index.php\/wp-json\/wp\/v2\/product\/91394","targetHints":{"allow":["GET"]}}],"collection":[{"href":"https:\/\/soydeaqui.ddns.net\/pachuca\/index.php\/wp-json\/wp\/v2\/product"}],"about":[{"href":"https:\/\/soydeaqui.ddns.net\/pachuca\/index.php\/wp-json\/wp\/v2\/types\/product"}],"replies":[{"embeddable":true,"href":"https:\/\/soydeaqui.ddns.net\/pachuca\/index.php\/wp-json\/wp\/v2\/comments?post=91394"}],"wp:featuredmedia":[{"embeddable":true,"href":"https:\/\/soydeaqui.ddns.net\/pachuca\/index.php\/wp-json\/wp\/v2\/media\/91393"}],"wp:attachment":[{"href":"https:\/\/soydeaqui.ddns.net\/pachuca\/index.php\/wp-json\/wp\/v2\/media?parent=91394"}],"wp:term":[{"taxonomy":"product_brand","embeddable":true,"href":"https:\/\/soydeaqui.ddns.net\/pachuca\/index.php\/wp-json\/wp\/v2\/product_brand?post=91394"},{"taxonomy":"product_cat","embeddable":true,"href":"https:\/\/soydeaqui.ddns.net\/pachuca\/index.php\/wp-json\/wp\/v2\/product_cat?post=91394"},{"taxonomy":"product_tag","embeddable":true,"href":"https:\/\/soydeaqui.ddns.net\/pachuca\/index.php\/wp-json\/wp\/v2\/product_tag?post=91394"}],"curies":[{"name":"wp","href":"https:\/\/api.w.org\/{rel}","templated":true}]}}