{"id":91377,"date":"2026-03-20T04:26:33","date_gmt":"2026-03-20T04:26:33","guid":{"rendered":"https:\/\/soydeaqui.ddns.net\/pachuca\/index.php\/producto\/switch-gigabit-administrable-capa-3-24-puertos-10-100-1000-mbps-24-puertos-sfp-6-puertos-sfp-10-g-de-uplink\/"},"modified":"2026-03-20T04:26:43","modified_gmt":"2026-03-20T04:26:43","slug":"switch-gigabit-administrable-capa-3-24-puertos-10-100-1000-mbps-24-puertos-sfp-6-puertos-sfp-10-g-de-uplink","status":"publish","type":"product","link":"https:\/\/soydeaqui.ddns.net\/pachuca\/index.php\/producto\/switch-gigabit-administrable-capa-3-24-puertos-10-100-1000-mbps-24-puertos-sfp-6-puertos-sfp-10-g-de-uplink\/","title":{"rendered":"Switch Gigabit \/ Administrable Capa 3 \/ 24 puertos 10\/100\/1000 Mbps + 24 puertos SFP \/ 6 puertos SFP+ 10 G de Uplink."},"content":{"rendered":"<div style='width: 100%; max-width: 1200px; margin: 0 auto; font-family: sans-serif; line-height: 1.6; color: inherit; background-color: transparent;'>\n<p style='text-align: center; margin: 0 0 20px 0;'> <img style='width: 100%; max-width: 400px; height: auto; border: 1px solid rgba(150&comma;150&comma;150&comma;0.3); border-radius: 8px;' src='https:\/\/ftp3.syscom.mx\/usuarios\/jsosa\/HIKVISION\/imagenes\/logo\/hikvision%20see%20far.png' alt='Logo Hikvision'> <\/p>\n<div style='display: flex; flex-wrap: wrap; gap: 30px; margin-bottom: 30px;'>\n<div style='flex: 1 1 300px; min-width: 280px;'>\n<h3 style='font-size: 22px; border-bottom: 2px solid currentColor; padding-bottom: 5px; margin-top: 0; color: inherit; opacity: 0.8;'>Puertos<\/h3>\n<ul style='padding-left: 20px; font-size: 15px; color: inherit;'>\n<li style='margin-bottom: 5px;'><strong>24 Puertos RJ45<\/strong> 10\/100\/1000Mbps<\/li>\n<li style='margin-bottom: 5px;'><strong>24 SFP<\/strong> 1000Mbps<\/li>\n<li style='margin-bottom: 5px;'><strong>6 Puertos SFP+<\/strong> 10Gbps<\/li>\n<\/ul><\/div>\n<div style='flex: 1 1 300px; min-width: 280px;'>\n<h3 style='font-size: 22px; border-bottom: 2px solid currentColor; padding-bottom: 5px; margin-top: 0; color: inherit; opacity: 0.8;'>Caracter\u00edsticas F\u00edsicas y El\u00e9ctricas<\/h3>\n<ul style='padding-left: 20px; font-size: 15px; color: inherit;'>\n<li style='margin-bottom: 5px;'><strong>Dimensiones:<\/strong> 440 \u00d7 44 \u00d7 350 mm<\/li>\n<li style='margin-bottom: 5px;'><strong>Alimentaci\u00f3n:<\/strong> 110 &#8211; 240 vca (Fuente incluida)<\/li>\n<li style='margin-bottom: 5px;'><strong>Temperatura de operaci\u00f3n:<\/strong> 0 &#8211; 50 \u00b0C<\/li>\n<li style='margin-bottom: 5px;'><strong>Montable en rack<\/strong><\/li>\n<\/ul><\/div>\n<div style='flex: 1 1 300px; min-width: 280px;'>\n<h3 style='font-size: 22px; border-bottom: 2px solid currentColor; padding-bottom: 5px; margin-top: 0; color: inherit; opacity: 0.8;'>Funciones generales<\/h3>\n<ul style='padding-left: 20px; font-size: 15px; color: inherit;'>\n<li style='margin-bottom: 5px;'><strong>Capacidad Switching:<\/strong> 598 Gbps<\/li>\n<li style='margin-bottom: 5px;'><strong>Troughput:<\/strong> 252 Mpps<\/li>\n<li style='margin-bottom: 5px;'>Admite enrutamiento est\u00e1tico&comma; enrutamiento de pol\u00edticas&comma; rip&comma; OSPF&comma; BGP&comma; MPLS y otros protocolos de enrutamiento de tres capas<\/li>\n<li style='margin-bottom: 5px;'>IGMP snooping y GRMP para filtrar el tr\u00e1fico de multidifusi\u00f3n<\/li>\n<li style='margin-bottom: 5px;'>VLAN basada en puerto&comma; VLAN IEEE 802.1Q y GVRP para facilitar la planificaci\u00f3n de la red<\/li>\n<li style='margin-bottom: 5px;'>Admite autenticaci\u00f3n IEEE 802.1x&comma; radius y bdtacacs+ autenticaci\u00f3n<\/li>\n<li style='margin-bottom: 5px;'>Compatibilidad con servidor DHCP&comma; retransmisi\u00f3n DHCP&comma; indagaci\u00f3n DHCP<\/li>\n<li style='margin-bottom: 5px;'>Admite EAP y ERP Protocolo de protecci\u00f3n de red de anillo Ethernet<\/li>\n<li style='margin-bottom: 5px;'>QoS (IEEE 802.1P\/1Q y TOS\/DiffServ) para aumentar el determinismo<\/li>\n<li style='margin-bottom: 5px;'>Gesti\u00f3n sencilla de la red mediante navegador web&comma; Consola&comma; Telnet&comma; SSH<\/li>\n<li style='margin-bottom: 5px;'>SNMPv1\/v2c\/v3 para diferentes niveles de gesti\u00f3n de red<\/li>\n<\/ul><\/div>\n<\/p><\/div>\n<div style='width: 100%; margin: 30px 0;'> <img style='width: 100%; height: auto; border: 1px solid rgba(150&comma;150&comma;150&comma;0.3); border-radius: 8px;' src='https:\/\/ftp3.syscom.mx\/usuarios\/jsosa\/HIKVISION\/imagenes\/banners\/solution%20complete.png' alt='Soluci\u00f3n completa Hikvision'> <\/div>\n<\/p><\/div>\n","protected":false},"excerpt":{"rendered":"<p>Switch Gigabit \/ Administrable Capa 3 \/ 24 puertos 10\/100\/1000 Mbps + 24 puertos SFP \/ 6 puertos SFP+ 10 G de Uplink.<\/p>\n","protected":false},"featured_media":91376,"comment_status":"open","ping_status":"closed","template":"","meta":[],"product_brand":[],"product_cat":[1970],"product_tag":[54,664,1971],"class_list":{"0":"post-91377","1":"product","2":"type-product","3":"status-publish","4":"has-post-thumbnail","6":"product_cat-switches","7":"product_tag-hikvision","8":"product_tag-networking","9":"product_tag-switches","11":"first","12":"instock","13":"sale","14":"shipping-taxable","15":"purchasable","16":"product-type-simple"},"_links":{"self":[{"href":"https:\/\/soydeaqui.ddns.net\/pachuca\/index.php\/wp-json\/wp\/v2\/product\/91377","targetHints":{"allow":["GET"]}}],"collection":[{"href":"https:\/\/soydeaqui.ddns.net\/pachuca\/index.php\/wp-json\/wp\/v2\/product"}],"about":[{"href":"https:\/\/soydeaqui.ddns.net\/pachuca\/index.php\/wp-json\/wp\/v2\/types\/product"}],"replies":[{"embeddable":true,"href":"https:\/\/soydeaqui.ddns.net\/pachuca\/index.php\/wp-json\/wp\/v2\/comments?post=91377"}],"wp:featuredmedia":[{"embeddable":true,"href":"https:\/\/soydeaqui.ddns.net\/pachuca\/index.php\/wp-json\/wp\/v2\/media\/91376"}],"wp:attachment":[{"href":"https:\/\/soydeaqui.ddns.net\/pachuca\/index.php\/wp-json\/wp\/v2\/media?parent=91377"}],"wp:term":[{"taxonomy":"product_brand","embeddable":true,"href":"https:\/\/soydeaqui.ddns.net\/pachuca\/index.php\/wp-json\/wp\/v2\/product_brand?post=91377"},{"taxonomy":"product_cat","embeddable":true,"href":"https:\/\/soydeaqui.ddns.net\/pachuca\/index.php\/wp-json\/wp\/v2\/product_cat?post=91377"},{"taxonomy":"product_tag","embeddable":true,"href":"https:\/\/soydeaqui.ddns.net\/pachuca\/index.php\/wp-json\/wp\/v2\/product_tag?post=91377"}],"curies":[{"name":"wp","href":"https:\/\/api.w.org\/{rel}","templated":true}]}}