{"id":91363,"date":"2026-03-20T04:25:56","date_gmt":"2026-03-20T04:25:56","guid":{"rendered":"https:\/\/soydeaqui.ddns.net\/pachuca\/index.php\/producto\/layer-3-lite-managed-access-switch-8x-10-100t-poe-1x-sfp-uplink-us-power-cord\/"},"modified":"2026-03-20T04:25:59","modified_gmt":"2026-03-20T04:25:59","slug":"layer-3-lite-managed-access-switch-8x-10-100t-poe-1x-sfp-uplink-us-power-cord","status":"publish","type":"product","link":"https:\/\/soydeaqui.ddns.net\/pachuca\/index.php\/producto\/layer-3-lite-managed-access-switch-8x-10-100t-poe-1x-sfp-uplink-us-power-cord\/","title":{"rendered":"Layer 3 Lite Managed Access Switch, 8x 10\/100T PoE, 1x SFP uplink, US Power Cord."},"content":{"rendered":"<div style='width: 100%; max-width: 1200px; margin: 0 auto; font-family: sans-serif&comma; 'Apple Color Emoji'&comma; 'Segoe UI Emoji'&comma; 'Segoe UI Symbol'&comma; 'Noto Color Emoji'; line-height: 1.6; color: inherit; background-color: transparent;'> <!-- T\u00edtulo principal --> <\/p>\n<h1 style='font-size: 3rem; font-weight: 400; margin: 0 0 0.4em; color: inherit;'> <span style='display: inline-block; vertical-align: inherit;'>Serie CentreCOM FS980M<\/span> <\/h1>\n<p> <!-- Descripci\u00f3n corta --> <\/p>\n<div style='margin-bottom: 20px; font-size: 16px; color: inherit;'> <span style='vertical-align: inherit;'>Switches administrados Fast Ethernet apilables de capa 3 Lite<\/span> <\/div>\n<p> <!-- Contenido principal --> <\/p>\n<div style='color: inherit; font-size: 15px;'>\n<p style='margin: 0 0 1rem;'> <span style='vertical-align: inherit;'>Los conmutadores de la serie CentreCOM\u00ae FS980M proporcionan conectividad Fast Ethernet de alto rendimiento justo donde la necesita: en el per\u00edmetro de la red. <\/span> <span style='vertical-align: inherit;'>Flexible y robusta&comma; esta serie brinda total seguridad y f\u00e1cil administraci\u00f3n para empresas de todos los tama\u00f1os.<\/span> <\/p>\n<p> <!-- Secci\u00f3n Visi\u00f3n general --> <\/p>\n<div style='margin: 30px 0; padding: 20px; background-color: rgba(150&comma; 150&comma; 150&comma; 0.1); border-left: 4px solid rgba(150&comma; 150&comma; 150&comma; 0.3);'>\n<h3 style='font-size: 1.5rem; font-weight: 500; margin: 0 0 0.4em; color: inherit; opacity: 0.85;'>Visi\u00f3n general<\/h3>\n<ul style='padding-left: 20px; margin: 0 0 1rem; list-style-type: disc;'>\n<li style='margin-bottom: 0.25rem;'><span style='vertical-align: inherit;'>Reduzca costos y automatice la administraci\u00f3n de redes y dispositivos con Allied Telesis Autonomous Management Framework\u2122 (AMF)<\/span><\/li>\n<li style='margin-bottom: 0.25rem;'><span style='vertical-align: inherit;'>Cree redes resilientes y aumente la densidad de puertos en el per\u00edmetro apilando varias unidades con VCStack\u2122<\/span><\/li>\n<li style='margin-bottom: 0.25rem;'><span style='vertical-align: inherit;'>Implementaci\u00f3n flexible con modelos de 9 a 52 puertos&comma; todos con enlaces ascendentes Gigabit<\/span><\/li>\n<li style='margin-bottom: 0.25rem;'><span style='vertical-align: inherit;'>Admite redes convergentes con PoE+ para alimentar dispositivos como puntos de acceso inal\u00e1mbrico&comma; c\u00e1maras de vigilancia digital y tel\u00e9fonos IP<\/span><\/li>\n<li style='margin-bottom: 0.25rem;'><span style='vertical-align: inherit;'>F\u00e1cil administraci\u00f3n con una interfaz de l\u00ednea de comandos (CLI) est\u00e1ndar de la industria y una interfaz gr\u00e1fica de usuario (GUI) intuitiva<\/span><\/li>\n<\/ul><\/div>\n<p> <!-- Secci\u00f3n Caracter\u00edsticas clave --> <\/p>\n<div style='margin: 30px 0; padding: 20px; background-color: rgba(150&comma; 150&comma; 150&comma; 0.1); border-left: 4px solid rgba(150&comma; 150&comma; 150&comma; 0.3);'>\n<h3 style='font-size: 1.5rem; font-weight: 500; margin: 0 0 0.4em; color: inherit; opacity: 0.85;'>Caracter\u00edsticas clave<\/h3>\n<ul style='padding-left: 20px; margin: 0 0 1rem; list-style-type: disc;'>\n<li style='margin-bottom: 0.25rem;'><span style='vertical-align: inherit;'>El anillo conmutado de protecci\u00f3n Ethernet (EPSRing\u2122) permite redes resistentes basadas en anillos de alta velocidad<\/span><\/li>\n<li style='margin-bottom: 0.25rem;'><span style='vertical-align: inherit;'>Enrutamiento est\u00e1tico y RIP admiten entornos de capa 3<\/span><\/li>\n<li style='margin-bottom: 0.25rem;'><span style='vertical-align: inherit;'>Control de acceso a la red (NAC) para seguridad perimetral<\/span><\/li>\n<li style='margin-bottom: 0.25rem;'><span style='vertical-align: inherit;'>Las ACL permiten el control del tr\u00e1fico de red<\/span><\/li>\n<li style='margin-bottom: 0.25rem;'><span style='vertical-align: inherit;'>Respetuoso con el medio ambiente para reducir los costes de funcionamiento<\/span><\/li>\n<\/ul><\/div>\n<\/p><\/div>\n<\/p><\/div>\n","protected":false},"excerpt":{"rendered":"<p>Layer 3 Lite Managed Access Switch, 8x 10\/100T PoE, 1x SFP uplink, US Power Cord.<\/p>\n","protected":false},"featured_media":91362,"comment_status":"open","ping_status":"closed","template":"","meta":[],"product_brand":[],"product_cat":[1986],"product_tag":[1995,664,1987],"class_list":{"0":"post-91363","1":"product","2":"type-product","3":"status-publish","4":"has-post-thumbnail","6":"product_cat-switches-poe","7":"product_tag-allied-telesis","8":"product_tag-networking","9":"product_tag-switches-poe","11":"first","12":"outofstock","13":"sale","14":"shipping-taxable","15":"purchasable","16":"product-type-simple"},"_links":{"self":[{"href":"https:\/\/soydeaqui.ddns.net\/pachuca\/index.php\/wp-json\/wp\/v2\/product\/91363","targetHints":{"allow":["GET"]}}],"collection":[{"href":"https:\/\/soydeaqui.ddns.net\/pachuca\/index.php\/wp-json\/wp\/v2\/product"}],"about":[{"href":"https:\/\/soydeaqui.ddns.net\/pachuca\/index.php\/wp-json\/wp\/v2\/types\/product"}],"replies":[{"embeddable":true,"href":"https:\/\/soydeaqui.ddns.net\/pachuca\/index.php\/wp-json\/wp\/v2\/comments?post=91363"}],"wp:featuredmedia":[{"embeddable":true,"href":"https:\/\/soydeaqui.ddns.net\/pachuca\/index.php\/wp-json\/wp\/v2\/media\/91362"}],"wp:attachment":[{"href":"https:\/\/soydeaqui.ddns.net\/pachuca\/index.php\/wp-json\/wp\/v2\/media?parent=91363"}],"wp:term":[{"taxonomy":"product_brand","embeddable":true,"href":"https:\/\/soydeaqui.ddns.net\/pachuca\/index.php\/wp-json\/wp\/v2\/product_brand?post=91363"},{"taxonomy":"product_cat","embeddable":true,"href":"https:\/\/soydeaqui.ddns.net\/pachuca\/index.php\/wp-json\/wp\/v2\/product_cat?post=91363"},{"taxonomy":"product_tag","embeddable":true,"href":"https:\/\/soydeaqui.ddns.net\/pachuca\/index.php\/wp-json\/wp\/v2\/product_tag?post=91363"}],"curies":[{"name":"wp","href":"https:\/\/api.w.org\/{rel}","templated":true}]}}