{"id":91351,"date":"2026-03-20T04:25:24","date_gmt":"2026-03-20T04:25:24","guid":{"rendered":"https:\/\/soydeaqui.ddns.net\/pachuca\/index.php\/producto\/cloud-router-switch-504-4xq-in-2\/"},"modified":"2026-03-20T04:25:39","modified_gmt":"2026-03-20T04:25:39","slug":"cloud-router-switch-504-4xq-in-2","status":"publish","type":"product","link":"https:\/\/soydeaqui.ddns.net\/pachuca\/index.php\/producto\/cloud-router-switch-504-4xq-in-2\/","title":{"rendered":"Cloud Router Switch 504-4XQ-IN"},"content":{"rendered":"<div style='width: 100%; max-width: 1200px; margin: 0 auto; font-family: sans-serif; line-height: 1.6; color: inherit; background-color: transparent;'>\n<div style='display: flex; flex-direction: column; gap: 20px; margin-bottom: 30px;'>\n<h2 style='font-size: 28px; margin-top: 0; color: inherit; opacity: 0.9;'>CRS504-4XQ-IN<\/h2>\n<p style='font-size: 15px; color: inherit; opacity: 0.8; max-width: 800px;'> Su puerta m\u00e1s asequible&comma; compacta y energ\u00e9ticamente eficiente al mundo de las redes de 100 Gigabit. Este conmutador es el siguiente paso para actualizar las redes existentes de 10 o 25 Gigabit. M\u00faltiples opciones de alimentaci\u00f3n&comma; dos fuentes de alimentaci\u00f3n intercambiables en caliente. <\/p>\n<\/p><\/div>\n<div style='display: flex; flex-direction: column; gap: 20px; margin-bottom: 30px;'>\n<p style='font-size: 15px; color: inherit;'> Nuestra familia de 100 Gigabits sigue expandi\u00e9ndose: ya has visto el incre\u00edble router CCR2216 de 100 Gigabit. Ahora es el momento de un interruptor de coincidencia: el <span style='font-weight: bold; color: inherit;'>CRS504-4XQ-IN<\/span>. El tama\u00f1o peque\u00f1o combinado con el bajo consumo de energ\u00eda <span style='font-weight: bold; color: inherit;'>(25 W sin accesorios)<\/span> es perfecto para empezar a expandir las redes de 100 Gigabit en las configuraciones diarias. Esta velocidad ya no se limita a los centros de datos&comma; los ISP y las grandes oficinas. \u00a1T\u00fa tambi\u00e9n puedes actualizar tu red de 10 o 25 Gigabit y unirte al club de los cien! <\/p>\n<p style='font-size: 15px; color: inherit;'> <span style='font-weight: bold; color: inherit;'>Hay cuatro puertos QSFP28 de 100 Gigabit.<\/span> \u00daselos para conectar otros dispositivos de 100 Gigabit o agarre un cable de ruptura para conectar varios dispositivos de 25 Gigabit: cada puerto est\u00e1 conectado a cuatro l\u00edneas de 25 Gigabit&comma; lo que le permite conectar dispositivos de 16 x 25 Gigabit. De hecho&comma; puedes mezclar y combinar todo tipo de conexiones de esta manera: 100 Gigabits en un puerto&comma; 40 Gigabits en el otro&comma; 4&#215;25 Gigabits en el tercero&comma; y tal vez incluso algunos cables 10G o 1G en el cuarto. \u00a1El poderoso <span style='font-weight: bold; color: inherit;'>chip de interruptor Marvel DX4310<\/span> lo manejar\u00e1 todo sin sudar! <\/p>\n<p style='font-size: 15px; color: inherit;'> Obviamente&comma; tambi\u00e9n hay un puerto Ethernet para fines de gesti\u00f3n. Hemos estado usando este conmutador durante bastante tiempo en el proyecto Genomics Data Network. Una red de datos de alta capacidad para nuestros cient\u00edficos locales que trabajan en tratamientos innovadores contra el c\u00e1ncer. Los datos del genoma pueden ocupar mucho espacio&comma; por lo que necesita conexiones excepcionalmente r\u00e1pidas all\u00ed. Adem\u00e1s&comma; con estos dispositivos&comma; Letonia se convirti\u00f3 en el primer pa\u00eds b\u00e1ltico en establecer una conexi\u00f3n de 100 Gigabit a la red de investigaci\u00f3n paneuropea. <\/p>\n<p style='font-size: 15px; color: inherit;'> Con m\u00faltiples opciones de alimentaci\u00f3n y la capacidad de montarse en la pared&comma; este interruptor har\u00e1 feliz a cualquier administrador del sistema. <\/p>\n<p style='font-size: 14px; color: inherit; opacity: 0.8; margin-top: 20px;'> <em style='color: inherit; opacity: 0.8;'>El dispositivo tiene un sistema operativo preinstalado y con licencia. No es necesaria una compra por separado y el producto est\u00e1 listo para usar. El dispositivo incluye actualizaciones de software gratuitas durante la vida \u00fatil del producto o un m\u00ednimo de 5 a\u00f1os a partir de la fecha de compra.<\/em> <\/p>\n<\/p><\/div>\n<p> <!-- Secci\u00f3n de especificaciones --> <\/p>\n<div style='display: flex; flex-direction: column; gap: 30px; margin-bottom: 30px;'>\n<div style='display: flex; flex-direction: column; gap: 20px;'>\n<h3 style='font-size: 22px; border-bottom: 2px solid currentColor; padding-bottom: 5px; color: inherit; opacity: 0.8; margin-top: 0;'>Especificaciones<\/h3>\n<div style='display: grid; grid-template-columns: repeat(auto-fill&comma; minmax(250px&comma; 1fr)); gap: 15px;'>\n<div style='border: 1px solid rgba(150&comma; 150&comma; 150&comma; 0.4); border-radius: 8px; padding: 15px; color: inherit; background-color: rgba(150&comma; 150&comma; 150&comma; 0.05);'> <strong style='color: inherit;'>C\u00f3digo del producto:<\/strong> CRS504-4XQ-IN <\/div>\n<div style='border: 1px solid rgba(150&comma; 150&comma; 150&comma; 0.4); border-radius: 8px; padding: 15px; color: inherit; background-color: rgba(150&comma; 150&comma; 150&comma; 0.05);'> <strong style='color: inherit;'>Arquitectura:<\/strong> MIPSBE <\/div>\n<div style='border: 1px solid rgba(150&comma; 150&comma; 150&comma; 0.4); border-radius: 8px; padding: 15px; color: inherit; background-color: rgba(150&comma; 150&comma; 150&comma; 0.05);'> <strong style='color: inherit;'>CPU:<\/strong> QCA9531 <\/div>\n<div style='border: 1px solid rgba(150&comma; 150&comma; 150&comma; 0.4); border-radius: 8px; padding: 15px; color: inherit; background-color: rgba(150&comma; 150&comma; 150&comma; 0.05);'> <strong style='color: inherit;'>Recuento de n\u00facleos de CPU:<\/strong> 1 <\/div>\n<div style='border: 1px solid rgba(150&comma; 150&comma; 150&comma; 0.4); border-radius: 8px; padding: 15px; color: inherit; background-color: rgba(150&comma; 150&comma; 150&comma; 0.05);'> <strong style='color: inherit;'>Frecuencia nominal de la CPU:<\/strong> 650 MHz <\/div>\n<div style='border: 1px solid rgba(150&comma; 150&comma; 150&comma; 0.4); border-radius: 8px; padding: 15px; color: inherit; background-color: rgba(150&comma; 150&comma; 150&comma; 0.05);'> <strong style='color: inherit;'>Dimensiones:<\/strong> 320 x 185 x 44 mm <\/div>\n<div style='border: 1px solid rgba(150&comma; 150&comma; 150&comma; 0.4); border-radius: 8px; padding: 15px; color: inherit; background-color: rgba(150&comma; 150&comma; 150&comma; 0.05);'> <strong style='color: inherit;'>Licencia de RouterOS:<\/strong> 5 <\/div>\n<div style='border: 1px solid rgba(150&comma; 150&comma; 150&comma; 0.4); border-radius: 8px; padding: 15px; color: inherit; background-color: rgba(150&comma; 150&comma; 150&comma; 0.05);'> <strong style='color: inherit;'>Sistema operativo:<\/strong> RouterOS (solo v 7) <\/div>\n<div style='border: 1px solid rgba(150&comma; 150&comma; 150&comma; 0.4); border-radius: 8px; padding: 15px; color: inherit; background-color: rgba(150&comma; 150&comma; 150&comma; 0.05);'> <strong style='color: inherit;'>Tama\u00f1o de la RAM:<\/strong> 64 MB <\/div>\n<div style='border: 1px solid rgba(150&comma; 150&comma; 150&comma; 0.4); border-radius: 8px; padding: 15px; color: inherit; background-color: rgba(150&comma; 150&comma; 150&comma; 0.05);'> <strong style='color: inherit;'>Tama\u00f1o del almacenamiento:<\/strong> 16 MB <\/div>\n<div style='border: 1px solid rgba(150&comma; 150&comma; 150&comma; 0.4); border-radius: 8px; padding: 15px; color: inherit; background-color: rgba(150&comma; 150&comma; 150&comma; 0.05);'> <strong style='color: inherit;'>Tipo de almacenamiento:<\/strong> Flash <\/div>\n<div style='border: 1px solid rgba(150&comma; 150&comma; 150&comma; 0.4); border-radius: 8px; padding: 15px; color: inherit; background-color: rgba(150&comma; 150&comma; 150&comma; 0.05);'> <strong style='color: inherit;'>MTBF:<\/strong> Aproximadamente 200&#8217;000 horas en 25\u00b0C <\/div>\n<div style='border: 1px solid rgba(150&comma; 150&comma; 150&comma; 0.4); border-radius: 8px; padding: 15px; color: inherit; background-color: rgba(150&comma; 150&comma; 150&comma; 0.05);'> <strong style='color: inherit;'>Temperatura ambiente probada:<\/strong> -40 \u00b0C a 70 \u00b0C <\/div>\n<div style='border: 1px solid rgba(150&comma; 150&comma; 150&comma; 0.4); border-radius: 8px; padding: 15px; color: inherit; background-color: rgba(150&comma; 150&comma; 150&comma; 0.05);'> <strong style='color: inherit;'>Precio sugerido:<\/strong> 799&comma;00 $ <\/div>\n<\/p><\/div>\n<\/p><\/div>\n<div style='display: flex; flex-direction: column; gap: 20px;'>\n<h3 style='font-size: 22px; border-bottom: 2px solid currentColor; padding-bottom: 5px; color: inherit; opacity: 0.8; margin-top: 0;'>Alimentaci\u00f3n<\/h3>\n<div style='display: grid; grid-template-columns: repeat(auto-fill&comma; minmax(250px&comma; 1fr)); gap: 15px;'>\n<div style='border: 1px solid rgba(150&comma; 150&comma; 150&comma; 0.4); border-radius: 8px; padding: 15px; color: inherit; background-color: rgba(150&comma; 150&comma; 150&comma; 0.05);'> <strong style='color: inherit;'>N\u00famero de entradas de CA:<\/strong> 2 <\/div>\n<div style='border: 1px solid rgba(150&comma; 150&comma; 150&comma; 0.4); border-radius: 8px; padding: 15px; color: inherit; background-color: rgba(150&comma; 150&comma; 150&comma; 0.05);'> <strong style='color: inherit;'>Rango de entrada de CA:<\/strong> 100-240 <\/div>\n<div style='border: 1px solid rgba(150&comma; 150&comma; 150&comma; 0.4); border-radius: 8px; padding: 15px; color: inherit; background-color: rgba(150&comma; 150&comma; 150&comma; 0.05);'> <strong style='color: inherit;'>N\u00famero de entradas de CC:<\/strong> 3 (PoE-IN&comma; terminal de 2 pines&comma; conector de CC) <\/div>\n<div style='border: 1px solid rgba(150&comma; 150&comma; 150&comma; 0.4); border-radius: 8px; padding: 15px; color: inherit; background-color: rgba(150&comma; 150&comma; 150&comma; 0.05);'> <strong style='color: inherit;'>Voltaje de entrada del conector de CC:<\/strong> 36-57 V <\/div>\n<div style='border: 1px solid rgba(150&comma; 150&comma; 150&comma; 0.4); border-radius: 8px; padding: 15px; color: inherit; background-color: rgba(150&comma; 150&comma; 150&comma; 0.05);'> <strong style='color: inherit;'>Voltaje de entrada de terminal de 2 pines:<\/strong> 36-57 V <\/div>\n<div style='border: 1px solid rgba(150&comma; 150&comma; 150&comma; 0.4); border-radius: 8px; padding: 15px; color: inherit; background-color: rgba(150&comma; 150&comma; 150&comma; 0.05);'> <strong style='color: inherit;'>Frecuencia (Hz):<\/strong> 47-63 <\/div>\n<div style='border: 1px solid rgba(150&comma; 150&comma; 150&comma; 0.4); border-radius: 8px; padding: 15px; color: inherit; background-color: rgba(150&comma; 150&comma; 150&comma; 0.05);'> <strong style='color: inherit;'>Consumo m\u00e1ximo de energ\u00eda:<\/strong> 41 W <\/div>\n<div style='border: 1px solid rgba(150&comma; 150&comma; 150&comma; 0.4); border-radius: 8px; padding: 15px; color: inherit; background-color: rgba(150&comma; 150&comma; 150&comma; 0.05);'> <strong style='color: inherit;'>Consumo m\u00e1ximo de energ\u00eda sin accesorios:<\/strong> 25 W <\/div>\n<div style='border: 1px solid rgba(150&comma; 150&comma; 150&comma; 0.4); border-radius: 8px; padding: 15px; color: inherit; background-color: rgba(150&comma; 150&comma; 150&comma; 0.05);'> <strong style='color: inherit;'>Tipo de refrigeraci\u00f3n:<\/strong> 2 ventiladores <\/div>\n<div style='border: 1px solid rgba(150&comma; 150&comma; 150&comma; 0.4); border-radius: 8px; padding: 15px; color: inherit; background-color: rgba(150&comma; 150&comma; 150&comma; 0.05);'> <strong style='color: inherit;'>PoE en:<\/strong> 802.3 bt <\/div>\n<div style='border: 1px solid rgba(150&comma; 150&comma; 150&comma; 0.4); border-radius: 8px; padding: 15px; color: inherit; background-color: rgba(150&comma; 150&comma; 150&comma; 0.05);'> <strong style='color: inherit;'>PoE en voltaje de entrada:<\/strong> 43-57 V <\/div>\n<\/p><\/div>\n<\/p><\/div>\n<div style='display: flex; flex-direction: column; gap: 20px;'>\n<h3 style='font-size: 22px; border-bottom: 2px solid currentColor; padding-bottom: 5px; color: inherit; opacity: 0.8; margin-top: 0;'>Ethernet<\/h3>\n<div style='display: grid; grid-template-columns: repeat(auto-fill&comma; minmax(250px&comma; 1fr)); gap: 15px;'>\n<div style='border: 1px solid rgba(150&comma; 150&comma; 150&comma; 0.4); border-radius: 8px; padding: 15px; color: inherit; background-color: rgba(150&comma; 150&comma; 150&comma; 0.05);'> <strong style='color: inherit;'>Puertos Ethernet 10\/100:<\/strong> 1 <\/div>\n<\/p><\/div>\n<\/p><\/div>\n<div style='display: flex; flex-direction: column; gap: 20px;'>\n<h3 style='font-size: 22px; border-bottom: 2px solid currentColor; padding-bottom: 5px; color: inherit; opacity: 0.8; margin-top: 0;'>Fibra<\/h3>\n<div style='display: grid; grid-template-columns: repeat(auto-fill&comma; minmax(250px&comma; 1fr)); gap: 15px;'>\n<div style='border: 1px solid rgba(150&comma; 150&comma; 150&comma; 0.4); border-radius: 8px; padding: 15px; color: inherit; background-color: rgba(150&comma; 150&comma; 150&comma; 0.05);'> <strong style='color: inherit;'>N\u00famero de puertos 100G QSFP28:<\/strong> 4 <\/div>\n<\/p><\/div>\n<\/p><\/div>\n<div style='display: flex; flex-direction: column; gap: 20px;'>\n<h3 style='font-size: 22px; border-bottom: 2px solid currentColor; padding-bottom: 5px; color: inherit; opacity: 0.8; margin-top: 0;'>Perif\u00e9ricos<\/h3>\n<div style='display: grid; grid-template-columns: repeat(auto-fill&comma; minmax(250px&comma; 1fr)); gap: 15px;'>\n<div style='border: 1px solid rgba(150&comma; 150&comma; 150&comma; 0.4); border-radius: 8px; padding: 15px; color: inherit; background-color: rgba(150&comma; 150&comma; 150&comma; 0.05);'> <strong style='color: inherit;'>Puerto de consola serie:<\/strong> RJ45 <\/div>\n<\/p><\/div>\n<\/p><\/div>\n<div style='display: flex; flex-direction: column; gap: 20px;'>\n<h3 style='font-size: 22px; border-bottom: 2px solid currentColor; padding-bottom: 5px; color: inherit; opacity: 0.8; margin-top: 0;'>Otros<\/h3>\n<div style='display: grid; grid-template-columns: repeat(auto-fill&comma; minmax(250px&comma; 1fr)); gap: 15px;'>\n<div style='border: 1px solid rgba(150&comma; 150&comma; 150&comma; 0.4); border-radius: 8px; padding: 15px; color: inherit; background-color: rgba(150&comma; 150&comma; 150&comma; 0.05);'> <strong style='color: inherit;'>Monitor de temperatura de la CPU:<\/strong> S\u00cd <\/div>\n<div style='border: 1px solid rgba(150&comma; 150&comma; 150&comma; 0.4); border-radius: 8px; padding: 15px; color: inherit; background-color: rgba(150&comma; 150&comma; 150&comma; 0.05);'> <strong style='color: inherit;'>Monitor de temperatura de PCB:<\/strong> S\u00cd <\/div>\n<div style='border: 1px solid rgba(150&comma; 150&comma; 150&comma; 0.4); border-radius: 8px; padding: 15px; color: inherit; background-color: rgba(150&comma; 150&comma; 150&comma; 0.05);'> <strong style='color: inherit;'>Monitor de voltaje:<\/strong> S\u00cd <\/div>\n<\/p><\/div>\n<\/p><\/div>\n<div style='display: flex; flex-direction: column; gap: 20px;'>\n<h3 style='font-size: 22px; border-bottom: 2px solid currentColor; padding-bottom: 5px; color: inherit; opacity: 0.8; margin-top: 0;'>Certificaci\u00f3n y aprobaciones<\/h3>\n<div style='display: grid; grid-template-columns: repeat(auto-fill&comma; minmax(250px&comma; 1fr)); gap: 15px;'>\n<div style='border: 1px solid rgba(150&comma; 150&comma; 150&comma; 0.4); border-radius: 8px; padding: 15px; color: inherit; background-color: rgba(150&comma; 150&comma; 150&comma; 0.05);'> <strong style='color: inherit;'>Certificaci\u00f3n:<\/strong> CE&comma; EAC&comma; ROHS <\/div>\n<div style='border: 1px solid rgba(150&comma; 150&comma; 150&comma; 0.4); border-radius: 8px; padding: 15px; color: inherit; background-color: rgba(150&comma; 150&comma; 150&comma; 0.05);'> <strong style='color: inherit;'>IP:<\/strong> 20 <\/div>\n<\/p><\/div>\n<\/p><\/div>\n<div style='display: flex; flex-direction: column; gap: 20px;'>\n<h3 style='font-size: 22px; border-bottom: 2px solid currentColor; padding-bottom: 5px; color: inherit; opacity: 0.8; margin-top: 0;'>Piezas incluidas<\/h3>\n<div style='display: grid; grid-template-columns: repeat(auto-fill&comma; minmax(200px&comma; 1fr)); gap: 15px;'>\n<div style='border: 1px solid rgba(150&comma; 150&comma; 150&comma; 0.4); border-radius: 8px; padding: 10px; text-align: center; color: inherit;'> <a href='https:\/\/i.mt.lv\/cdn\/rb_images\/part1481653378158m.jpg' style='color: inherit; text-decoration: none;'> <img style='width: 100%; height: auto; border: 1px solid rgba(150&comma;150&comma;150&comma;0.3); border-radius: 8px; max-width: 100px; margin-bottom: 10px;' src='https:\/\/i.mt.lv\/cdn\/rb_images\/part1481653378158s.jpg' alt='Orejas de rack (CRS504)'> <br \/>Orejas de rack (CRS504) <\/a> <\/div>\n<div style='border: 1px solid rgba(150&comma; 150&comma; 150&comma; 0.4); border-radius: 8px; padding: 10px; text-align: center; color: inherit;'> <a href='https:\/\/i.mt.lv\/cdn\/rb_images\/part601632834756m.jpg' style='color: inherit; text-decoration: none;'> <img style='width: 100%; height: auto; border: 1px solid rgba(150&comma;150&comma;150&comma;0.3); border-radius: 8px; max-width: 100px; margin-bottom: 10px;' src='https:\/\/i.mt.lv\/cdn\/rb_images\/part601632834756s.jpg' alt='Kit de tornillos K10'> <br \/>Kit de tornillos K10 <\/a> <\/div>\n<div style='border: 1px solid rgba(150&comma; 150&comma; 150&comma; 0.4); border-radius: 8px; padding: 10px; text-align: center; color: inherit;'> <a href='https:\/\/i.mt.lv\/cdn\/rb_images\/part41391160693m.jpg' style='color: inherit; text-decoration: none;'> <img style='width: 100%; height: auto; border: 1px solid rgba(150&comma;150&comma;150&comma;0.3); border-radius: 8px; max-width: 100px; margin-bottom: 10px;' src='https:\/\/i.mt.lv\/cdn\/rb_images\/part41391160693s.jpg' alt='Cable IEC'> <br \/>Cable IEC <\/a> <\/div>\n<div style='border: 1px solid rgba(150&comma; 150&comma; 150&comma; 0.4); border-radius: 8px; padding: 10px; text-align: center; color: inherit;'> <a href='https:\/\/i.mt.lv\/cdn\/rb_images\/part41391160693m.jpg' style='color: inherit; text-decoration: none;'> <img style='width: 100%; height: auto; border: 1px solid rgba(150&comma;150&comma;150&comma;0.3); border-radius: 8px; max-width: 100px; margin-bottom: 10px;' src='https:\/\/i.mt.lv\/cdn\/rb_images\/part41391160693s.jpg' alt='Cable IEC'> <br \/>Cable IEC <\/a> <\/div>\n<\/p><\/div>\n<\/p><\/div>\n<\/p><\/div>\n<hr style='border: 0; border-top: 1px solid rgba(150&comma; 150&comma; 150&comma; 0.3); margin: 30px 0;'> <\/div>\n","protected":false},"excerpt":{"rendered":"<p>Cloud Router Switch 504-4XQ-IN<\/p>\n","protected":false},"featured_media":91350,"comment_status":"open","ping_status":"closed","template":"","meta":[],"product_brand":[],"product_cat":[1986],"product_tag":[643,664,1987],"class_list":{"0":"post-91351","1":"product","2":"type-product","3":"status-publish","4":"has-post-thumbnail","6":"product_cat-switches-poe","7":"product_tag-mikrotik","8":"product_tag-networking","9":"product_tag-switches-poe","11":"first","12":"instock","13":"sale","14":"shipping-taxable","15":"purchasable","16":"product-type-simple"},"_links":{"self":[{"href":"https:\/\/soydeaqui.ddns.net\/pachuca\/index.php\/wp-json\/wp\/v2\/product\/91351","targetHints":{"allow":["GET"]}}],"collection":[{"href":"https:\/\/soydeaqui.ddns.net\/pachuca\/index.php\/wp-json\/wp\/v2\/product"}],"about":[{"href":"https:\/\/soydeaqui.ddns.net\/pachuca\/index.php\/wp-json\/wp\/v2\/types\/product"}],"replies":[{"embeddable":true,"href":"https:\/\/soydeaqui.ddns.net\/pachuca\/index.php\/wp-json\/wp\/v2\/comments?post=91351"}],"wp:featuredmedia":[{"embeddable":true,"href":"https:\/\/soydeaqui.ddns.net\/pachuca\/index.php\/wp-json\/wp\/v2\/media\/91350"}],"wp:attachment":[{"href":"https:\/\/soydeaqui.ddns.net\/pachuca\/index.php\/wp-json\/wp\/v2\/media?parent=91351"}],"wp:term":[{"taxonomy":"product_brand","embeddable":true,"href":"https:\/\/soydeaqui.ddns.net\/pachuca\/index.php\/wp-json\/wp\/v2\/product_brand?post=91351"},{"taxonomy":"product_cat","embeddable":true,"href":"https:\/\/soydeaqui.ddns.net\/pachuca\/index.php\/wp-json\/wp\/v2\/product_cat?post=91351"},{"taxonomy":"product_tag","embeddable":true,"href":"https:\/\/soydeaqui.ddns.net\/pachuca\/index.php\/wp-json\/wp\/v2\/product_tag?post=91351"}],"curies":[{"name":"wp","href":"https:\/\/api.w.org\/{rel}","templated":true}]}}