{"id":91331,"date":"2026-03-20T04:24:31","date_gmt":"2026-03-20T04:24:31","guid":{"rendered":"https:\/\/soydeaqui.ddns.net\/pachuca\/index.php\/producto\/altavoz-de-montaje-en-superficie-de-2-vias-woofer-12-8ohms-color-negro-350w\/"},"modified":"2026-03-20T04:24:40","modified_gmt":"2026-03-20T04:24:40","slug":"altavoz-de-montaje-en-superficie-de-2-vias-woofer-12-8ohms-color-negro-350w","status":"publish","type":"product","link":"https:\/\/soydeaqui.ddns.net\/pachuca\/index.php\/producto\/altavoz-de-montaje-en-superficie-de-2-vias-woofer-12-8ohms-color-negro-350w\/","title":{"rendered":"Altavoz de Montaje en Superficie de 2 vias | Woofer 12&#8221;  | 8ohms | Color Negro |  350W"},"content":{"rendered":"<div style='width: 100%; max-width: 1200px; margin: 0 auto; font-family: sans-serif; line-height: 1.6; color: inherit; background-color: transparent;'> <!-- Logos --> <\/p>\n<div style='display: flex; flex-wrap: wrap; justify-content: center; gap: 20px; margin-bottom: 30px;'> <img style='width: 40%; border: 1px solid rgba(150&comma;150&comma;150&comma;0.3); border-radius: 8px;' src='https:\/\/ftp3.syscom.mx\/usuarios\/luis.vargas\/YAMAHA\/Yamaha_logo.png' alt='Logo Yamaha'> <img style='width: 100%; border: 1px solid rgba(150&comma;150&comma;150&comma;0.3); border-radius: 8px;' src='https:\/\/ftp3.syscom.mx\/usuarios\/luis.vargas\/YAMAHA\/Linea.PNG' alt='L\u00ednea de productos'> <\/div>\n<p> <!-- Imagen principal --> <\/p>\n<div style='margin-bottom: 30px;'> <img style='width: 100%; height: auto; border: 1px solid rgba(150&comma;150&comma;150&comma;0.3); border-radius: 8px;' src='https:\/\/ftp3.syscom.mx\/usuarios\/luis.vargas\/YAMAHA\/CBR12\/CBR.jpg' alt='Altavoz CBR12'> <\/div>\n<p> <!-- Secci\u00f3n con imagen y texto --> <\/p>\n<div style='display: flex; flex-wrap: wrap; gap: 30px; margin-bottom: 30px;'>\n<div style='flex: 1 1 300px; min-width: 280px;'> <img style='width: 100%; height: auto; border: 1px solid rgba(150&comma;150&comma;150&comma;0.3); border-radius: 8px;' src='https:\/\/ftp3.syscom.mx\/usuarios\/luis.vargas\/YAMAHA\/CBR12\/SPEAKON.jpg' alt='Conector Speakon'> <\/div>\n<div style='flex: 1 1 300px; min-width: 280px;'>\n<h2 style='font-size: 28px; border-bottom: 2px solid currentColor; padding-bottom: 5px; margin-top: 0; color: inherit; opacity: 0.8;'>POTENCIA QUE SUENA MUY BIEN POWER TO PLAY<\/h2>\n<p style='font-size: 15px; color: inherit; text-align: justify;'>La serie CBR de altavoces pasivos es un producto innovador y de alta calidad&comma; dise\u00f1ado con la experiencia y los conocimientos acumulados por Yamaha en la fabricaci\u00f3n de altavoces. Se ha prestado atenci\u00f3n especial a la combinaci\u00f3n de materiales de alta calidad y un dise\u00f1o especial de componentes de audio para lograr un sonido de alta definici\u00f3n y una gran capacidad de potencia. Adem\u00e1s&comma; se ha buscado un equilibrio entre el rendimiento y la portabilidad.<\/p>\n<\/p><\/div>\n<\/p><\/div>\n<p> <!-- Secci\u00f3n con imagen y texto invertida --> <\/p>\n<div style='display: flex; flex-wrap: wrap; gap: 30px; margin-bottom: 30px;'>\n<div style='flex: 1 1 300px; min-width: 280px; order: 2;'> <img style='width: 100%; height: auto; border: 1px solid rgba(150&comma;150&comma;150&comma;0.3); border-radius: 8px;' src='https:\/\/ftp3.syscom.mx\/usuarios\/luis.vargas\/YAMAHA\/CBR12\/Caja.jpg' alt='Altavoz CBR12 en caja'> <\/div>\n<div style='flex: 1 1 300px; min-width: 280px; order: 1;'>\n<h2 style='font-size: 28px; border-bottom: 2px solid currentColor; padding-bottom: 5px; margin-top: 0; color: inherit; opacity: 0.8;'>CARACTER\u00cdSTICAS<\/h2>\n<p style='font-size: 15px; color: inherit; text-align: justify;'>El modelo CBR12 es un altavoz vers\u00e1til y compacto que ofrece un equilibrio perfecto entre tama\u00f1o y rendimiento. Es adecuado para una amplia gama de aplicaciones&comma; incluyendo sonorizaci\u00f3n principal&comma; monitoreo en vivo y instalaciones fijas. Adem\u00e1s&comma; cuenta con conectores de f\u00e1cil acceso&comma; lo que lo hace conveniente tanto para profesionales como para otros \u00e1mbitos.<\/p>\n<\/p><\/div>\n<\/p><\/div>\n<p> <!-- Video secci\u00f3n --> <\/p>\n<div style='margin-bottom: 30px;'>\n<div style='position: relative; padding-bottom: 56.25%; height: 0; overflow: hidden; margin-bottom: 30px;'>   <\/div>\n<p style='font-size: 15px; color: inherit; text-align: justify;'>Los altavoces de la serie CBR cuentan con una funci\u00f3n de protecci\u00f3n que limita la entrada de se\u00f1al excesiva y asegura su funcionamiento sin problemas. Adem\u00e1s&comma; cuentan con una unidad de graves de alta respuesta para ofrecer un sonido claro y preciso a cualquier nivel de potencia.<\/p>\n<\/p><\/div>\n<p> <!-- Segundo video --> <\/p>\n<div style='margin-bottom: 30px;'>\n<div style='position: relative; padding-bottom: 56.25%; height: 0; overflow: hidden; margin-bottom: 30px;'>   <\/div>\n<\/p><\/div>\n<p> <!-- Especificaciones --> <\/p>\n<div style='display: flex; flex-wrap: wrap; gap: 20px; margin-bottom: 30px;'>\n<div style='flex: 1 1 250px; border: 1px solid rgba(150&comma; 150&comma; 150&comma; 0.4); border-radius: 8px; overflow: hidden; display: flex; flex-direction: column;'>\n<div style='padding: 15px; border-bottom: 1px solid rgba(150&comma; 150&comma; 150&comma; 0.2); font-weight: bold; font-size: 18px; color: inherit;'>Caracter\u00edsticas Generales<\/div>\n<div style='padding: 15px; color: inherit;'>\n<ul style='padding-left: 20px; margin: 0; font-size: 14px; list-style-type: disc;'>\n<li style='margin-bottom: 5px;'><strong>Tipo:<\/strong> 2 v\u00edas<\/li>\n<li style='margin-bottom: 5px;'><strong>Respuesta en frecuencia:<\/strong> 48 Hz\u201320 kHz<\/li>\n<li style='margin-bottom: 5px;'><strong>PGM:<\/strong> 350 W<\/li>\n<li style='margin-bottom: 5px;'><strong>PEAK:<\/strong> 700 W<\/li>\n<li style='margin-bottom: 5px;'><strong>Sensibilidad:<\/strong> 96dB<\/li>\n<li style='margin-bottom: 5px;'><strong>Color:<\/strong> Negro<\/li>\n<li style='margin-bottom: 5px;'><strong>Conectores:<\/strong> 1\/4&#8242; tel\u00e9fono x 1&comma; speakON NL4MP x 1<\/li>\n<\/ul><\/div>\n<\/p><\/div>\n<div style='flex: 1 1 250px; border: 1px solid rgba(150&comma; 150&comma; 150&comma; 0.4); border-radius: 8px; overflow: hidden; display: flex; flex-direction: column;'>\n<div style='padding: 15px; border-bottom: 1px solid rgba(150&comma; 150&comma; 150&comma; 0.2); font-weight: bold; font-size: 18px; color: inherit;'>Caracter\u00edsticas F\u00edsicas<\/div>\n<div style='padding: 15px; color: inherit;'>\n<ul style='padding-left: 20px; margin: 0; font-size: 14px; list-style-type: disc;'>\n<li style='margin-bottom: 5px;'><strong>Gabinete:<\/strong> pl\u00e1stico<\/li>\n<li style='margin-bottom: 5px;'><strong>Rejilla:<\/strong> Aluminio con pintura en polvo<\/li>\n<li style='margin-bottom: 5px;'><strong>Toma de poste:<\/strong> 35mm<\/li>\n<li style='margin-bottom: 5px;'><strong>Impedancia:<\/strong> 6 ohmios<\/li>\n<li style='margin-bottom: 5px;'><strong>Dimensiones (An x Al x F):<\/strong> 376mm x 601 x 348 mm<\/li>\n<li style='margin-bottom: 5px;'><strong>Peso:<\/strong> 13.9 kg\/unidad<\/li>\n<\/ul><\/div>\n<\/p><\/div>\n<\/p><\/div>\n<p> <!-- Separador final --> <\/p>\n<hr style='border: 0; border-top: 1px solid rgba(150&comma; 150&comma; 150&comma; 0.3); margin: 30px 0;'> <\/div>\n","protected":false},"excerpt":{"rendered":"<p>Altavoz de Montaje en Superficie de 2 vias | Woofer 12&#8221;  | 8ohms | Color Negro |  350W<\/p>\n","protected":false},"featured_media":91330,"comment_status":"open","ping_status":"closed","template":"","meta":[],"product_brand":[],"product_cat":[2149],"product_tag":[2126,2150,2128],"class_list":{"0":"post-91331","1":"product","2":"type-product","3":"status-publish","4":"has-post-thumbnail","6":"product_cat-bocinas-pasivas","7":"product_tag-audio-profesional","8":"product_tag-bocinas-pasivas","9":"product_tag-yamaha","11":"first","12":"instock","13":"sale","14":"shipping-taxable","15":"purchasable","16":"product-type-simple"},"_links":{"self":[{"href":"https:\/\/soydeaqui.ddns.net\/pachuca\/index.php\/wp-json\/wp\/v2\/product\/91331","targetHints":{"allow":["GET"]}}],"collection":[{"href":"https:\/\/soydeaqui.ddns.net\/pachuca\/index.php\/wp-json\/wp\/v2\/product"}],"about":[{"href":"https:\/\/soydeaqui.ddns.net\/pachuca\/index.php\/wp-json\/wp\/v2\/types\/product"}],"replies":[{"embeddable":true,"href":"https:\/\/soydeaqui.ddns.net\/pachuca\/index.php\/wp-json\/wp\/v2\/comments?post=91331"}],"wp:featuredmedia":[{"embeddable":true,"href":"https:\/\/soydeaqui.ddns.net\/pachuca\/index.php\/wp-json\/wp\/v2\/media\/91330"}],"wp:attachment":[{"href":"https:\/\/soydeaqui.ddns.net\/pachuca\/index.php\/wp-json\/wp\/v2\/media?parent=91331"}],"wp:term":[{"taxonomy":"product_brand","embeddable":true,"href":"https:\/\/soydeaqui.ddns.net\/pachuca\/index.php\/wp-json\/wp\/v2\/product_brand?post=91331"},{"taxonomy":"product_cat","embeddable":true,"href":"https:\/\/soydeaqui.ddns.net\/pachuca\/index.php\/wp-json\/wp\/v2\/product_cat?post=91331"},{"taxonomy":"product_tag","embeddable":true,"href":"https:\/\/soydeaqui.ddns.net\/pachuca\/index.php\/wp-json\/wp\/v2\/product_tag?post=91331"}],"curies":[{"name":"wp","href":"https:\/\/api.w.org\/{rel}","templated":true}]}}