{"id":91321,"date":"2026-03-20T04:24:05","date_gmt":"2026-03-20T04:24:05","guid":{"rendered":"https:\/\/soydeaqui.ddns.net\/pachuca\/index.php\/producto\/hap-ax3-router-wireless-802-3ax-1-puerto-2-5gbps-4-puertos-1gbps\/"},"modified":"2026-03-20T04:24:09","modified_gmt":"2026-03-20T04:24:09","slug":"hap-ax3-router-wireless-802-3ax-1-puerto-2-5gbps-4-puertos-1gbps","status":"publish","type":"product","link":"https:\/\/soydeaqui.ddns.net\/pachuca\/index.php\/producto\/hap-ax3-router-wireless-802-3ax-1-puerto-2-5gbps-4-puertos-1gbps\/","title":{"rendered":"(hAP ax3) Router Wireless 802.3ax, 1 puerto 2.5Gbps, 4 puertos 1Gbps"},"content":{"rendered":"<div style='width: 100%; max-width: 1200px; margin: 0 auto; font-family: sans-serif; line-height: 1.6; color: inherit; background-color: transparent;'>\n<div style='display: flex; flex-wrap: wrap; gap: 30px; margin-bottom: 30px;'>\n<div style='flex: 1 1 300px; min-width: 280px;'>\n<h3 style='font-size: 22px; border-bottom: 2px solid currentColor; padding-bottom: 5px; margin-top: 0; color: inherit; opacity: 0.8;'>M\u00e1xima potencia para toda tu casa<\/h3>\n<p style='font-size: 15px; margin-top: 0; margin-bottom: 15px; color: inherit;'>hAP ax\u00b3 es nuestro dispositivo AX m\u00e1s potente con la mejor cobertura de red inal\u00e1mbrica hasta el momento. Cuenta con una moderna CPU ARM de cuatro n\u00facleos que funciona a 1&comma;8 GHz y suficiente memoria (1 GB de RAM + 128 MB de NAND) para la mayor\u00eda de las tareas. Las reglas de firewall complejas&comma; el cifrado de hardware IPsec&comma; Wireguard&comma; BGP&comma; el enrutamiento avanzado o varios t\u00faneles VPN de trabajo remoto no impedir\u00e1n que su familia navegue&comma; transmita&comma; juegue&comma; etc. Hay suficiente poder de procesamiento para todos. Y hemos agregado un veloz puerto USB 3 para todos sus prop\u00f3sitos de almacenamiento o un m\u00f3dem LTE adicional.<\/p>\n<\/p><\/div>\n<\/p><\/div>\n<div style='display: flex; flex-wrap: wrap; gap: 30px; margin-bottom: 30px;'>\n<div style='flex: 1 1 300px; min-width: 280px;'>\n<h3 style='font-size: 22px; border-bottom: 2px solid currentColor; padding-bottom: 5px; margin-top: 0; color: inherit; opacity: 0.8;'>AX inal\u00e1mbrico: tan fuerte como un buey<\/h3>\n<p style='font-size: 15px; margin-top: 0; margin-bottom: 15px; color: inherit;'>Dependiendo de su configuraci\u00f3n general&comma; nuestra familia de productos AX ofrece hasta un 40 % m\u00e1s de velocidad en el espectro de 5 GHz y hasta un 90 % m\u00e1s de velocidad en el espectro de 2&comma;4 GHz. Las potentes antenas externas permiten alcanzar una ganancia de hasta 5&comma;5 dBi&comma; por lo que puedes olvidarte de los amplificadores de Wi-Fi y otros trucos. Conectividad fluida y r\u00e1pida para todo su apartamento: as\u00ed es como funciona hAP ax\u00b3. Las velocidades de la red dom\u00e9stica se est\u00e1n poniendo serias. Hay 4 puertos Gigabit Ethernet y un puerto ultrarr\u00e1pido de 2&comma;5 Gigabit.<\/p>\n<\/p><\/div>\n<\/p><\/div>\n<div style='display: flex; flex-wrap: wrap; gap: 30px; margin-bottom: 30px;'>\n<div style='flex: 1 1 300px; min-width: 280px;'>\n<h3 style='font-size: 22px; border-bottom: 2px solid currentColor; padding-bottom: 5px; margin-top: 0; color: inherit; opacity: 0.8;'>M\u00e1s seguro en muchos sentidos<\/h3>\n<p style='font-size: 15px; margin-top: 0; margin-bottom: 15px; color: inherit;'>hAP ax\u00b3 puede tranquilizar su mente en m\u00faltiples niveles simult\u00e1neamente. La producci\u00f3n con sede en Europa&comma; nuestra famosa \u00e9tica de trabajo n\u00f3rdica y la cooperaci\u00f3n con los legisladores de la UE garantizan el pleno cumplimiento de todas las pol\u00edticas de seguridad necesarias. Las m\u00faltiples opciones de alimentaci\u00f3n (DC Jack y PoE-in) dan como resultado menos preocupaciones sobre el posible tiempo de inactividad. Las \u00faltimas actualizaciones de RouterOS v7 y la adici\u00f3n del soporte de cifrado avanzado WPA3 brindan una seguridad de software sin precedentes.<\/p>\n<\/p><\/div>\n<\/p><\/div>\n<div style='display: flex; flex-wrap: wrap; gap: 30px; margin-bottom: 30px;'>\n<div style='flex: 1 1 300px; min-width: 280px;'>\n<h3 style='font-size: 22px; border-bottom: 2px solid currentColor; padding-bottom: 5px; margin-top: 0; color: inherit; opacity: 0.8;'>Potencia para el hogar moderno<\/h3>\n<p style='font-size: 15px; margin-top: 0; margin-bottom: 15px; color: inherit;'>Para resumir&comma; hAP ax\u00b3 se encuentra entre las opciones m\u00e1s r\u00e1pidas&comma; seguras y poderosas en el mundo de los puntos de acceso dom\u00e9sticos. Al\u00e1mbrico o inal\u00e1mbrico. Y viene con el software de red m\u00e1s avanzado del mercado: RouterOS. A diferencia de muchos otros proveedores&comma; no limitamos lo que puede hacer. No hay muros de pago ni suscripciones confusas. Todos nuestros dispositivos comparten el mismo sistema operativo ilimitado. La imaginaci\u00f3n es la \u00fanica limitaci\u00f3n.<\/p>\n<\/p><\/div>\n<\/p><\/div>\n<div style='display: flex; flex-wrap: wrap; gap: 30px; margin-bottom: 30px;'>\n<div style='flex: 1 1 300px; min-width: 280px;'>\n<h3 style='font-size: 22px; border-bottom: 2px solid currentColor; padding-bottom: 5px; margin-top: 0; color: inherit; opacity: 0.8;'>Velocidades inal\u00e1mbricas para usos avanzados<\/h3>\n<p style='font-size: 15px; margin-top: 0; margin-bottom: 15px; color: inherit;'>Algunos podr\u00edan preguntarse: \u00bfpor qu\u00e9 necesitamos velocidades inal\u00e1mbricas m\u00e1s altas? Bueno&comma; innumerables casos de uso han sido anteriormente imposibles o dif\u00edciles de lograr. Por ejemplo&comma; trabajar con archivos multimedia de gran tama\u00f1o a trav\u00e9s de la red inal\u00e1mbrica&comma; sin necesidad de descargar y cargar todo. \u00bfRealmente tienes tiempo para esperar? Tome un hAP ax\u00b3 y ahorre m\u00e1s tiempo para las cosas esenciales de la vida.<\/p>\n<\/p><\/div>\n<\/p><\/div>\n<\/p><\/div>\n","protected":false},"excerpt":{"rendered":"<p>(hAP ax3) Router Wireless 802.3ax, 1 puerto 2.5Gbps, 4 puertos 1Gbps<\/p>\n","protected":false},"featured_media":91320,"comment_status":"open","ping_status":"closed","template":"","meta":[],"product_brand":[],"product_cat":[2024],"product_tag":[643,1479,2025],"class_list":{"0":"post-91321","1":"product","2":"type-product","3":"status-publish","4":"has-post-thumbnail","6":"product_cat-routers-inalambricos","7":"product_tag-mikrotik","8":"product_tag-redes-wifi","9":"product_tag-routers-inalambricos","11":"first","12":"instock","13":"sale","14":"shipping-taxable","15":"purchasable","16":"product-type-simple"},"_links":{"self":[{"href":"https:\/\/soydeaqui.ddns.net\/pachuca\/index.php\/wp-json\/wp\/v2\/product\/91321","targetHints":{"allow":["GET"]}}],"collection":[{"href":"https:\/\/soydeaqui.ddns.net\/pachuca\/index.php\/wp-json\/wp\/v2\/product"}],"about":[{"href":"https:\/\/soydeaqui.ddns.net\/pachuca\/index.php\/wp-json\/wp\/v2\/types\/product"}],"replies":[{"embeddable":true,"href":"https:\/\/soydeaqui.ddns.net\/pachuca\/index.php\/wp-json\/wp\/v2\/comments?post=91321"}],"wp:featuredmedia":[{"embeddable":true,"href":"https:\/\/soydeaqui.ddns.net\/pachuca\/index.php\/wp-json\/wp\/v2\/media\/91320"}],"wp:attachment":[{"href":"https:\/\/soydeaqui.ddns.net\/pachuca\/index.php\/wp-json\/wp\/v2\/media?parent=91321"}],"wp:term":[{"taxonomy":"product_brand","embeddable":true,"href":"https:\/\/soydeaqui.ddns.net\/pachuca\/index.php\/wp-json\/wp\/v2\/product_brand?post=91321"},{"taxonomy":"product_cat","embeddable":true,"href":"https:\/\/soydeaqui.ddns.net\/pachuca\/index.php\/wp-json\/wp\/v2\/product_cat?post=91321"},{"taxonomy":"product_tag","embeddable":true,"href":"https:\/\/soydeaqui.ddns.net\/pachuca\/index.php\/wp-json\/wp\/v2\/product_tag?post=91321"}],"curies":[{"name":"wp","href":"https:\/\/api.w.org\/{rel}","templated":true}]}}