{"id":91310,"date":"2026-03-20T04:23:34","date_gmt":"2026-03-20T04:23:34","guid":{"rendered":"https:\/\/soydeaqui.ddns.net\/pachuca\/index.php\/producto\/telefono-ip-para-hoteleria-profesional-con-8-teclas-programables-para-servicio-rapido-plantilla-personalizable-con-poe\/"},"modified":"2026-03-20T04:23:53","modified_gmt":"2026-03-20T04:23:53","slug":"telefono-ip-para-hoteleria-profesional-con-8-teclas-programables-para-servicio-rapido-plantilla-personalizable-con-poe","status":"publish","type":"product","link":"https:\/\/soydeaqui.ddns.net\/pachuca\/index.php\/producto\/telefono-ip-para-hoteleria-profesional-con-8-teclas-programables-para-servicio-rapido-plantilla-personalizable-con-poe\/","title":{"rendered":"Tel\u00e9fono IP para Hoteler\u00eda, profesional con 8 teclas programables para servicio r\u00e1pido, plantilla personalizable con PoE"},"content":{"rendered":"<div style='width: 100%; max-width: 1200px; margin: 0 auto; font-family: sans-serif; line-height: 1.6; color: inherit; background-color: transparent;'> <!-- Encabezado con rojo oscuro --> <\/p>\n<div style='width: 100%; padding: 30px 15px; text-align: center; background-color: #b30000; color: white; margin-bottom: 20px;'>\n<h1 style='font-size: 32px; margin: 0; color: inherit;'>Tel\u00e9fono IP para Hoteles Fanvil H1<\/h1>\n<p style='font-size: 18px; margin: 10px 0 0 0; color: inherit;'>Soluci\u00f3n econ\u00f3mica y multifuncional para hoteler\u00eda con 8 teclas programables<\/p>\n<\/p><\/div>\n<p> <!-- Contenido principal --> <\/p>\n<div style='margin-bottom: 30px;'>\n<section>\n<p style='font-size: 18px; color: inherit; text-align: justify; margin-bottom: 20px;'> Fanvil H1 es un tel\u00e9fono IP para hotel rentable&comma; multifunci\u00f3n y elegante. Est\u00e1 equipado con 8 teclas de funci\u00f3n programables para la l\u00ednea directa de servicios&comma; lo que cumple con los requisitos de aplicaci\u00f3n de varios escenarios de hoteles. Adem\u00e1s&comma; H1 admite funciones como audio HD&comma; puerto de red de 10\/100 Mbps e integraci\u00f3n PoE&comma; brindando una experiencia de usuario de alta calidad y reduciendo el costo del hotel en el despliegue. Es m\u00e1s que un tel\u00e9fono de hotel y tambi\u00e9n se puede aplicar en m\u00faltiples escenarios&comma; como centros comerciales&comma; hospitales y supermercados. <\/p>\n<\/section>\n<p> <!-- Imagen del producto --> <\/p>\n<div style='display: flex; justify-content: center; margin: 30px 0;'> <img style='width: 100%; max-width: 400px; height: auto; border: 1px solid rgba(150&comma;150&comma;150&comma;0.3); border-radius: 8px;' src='https:\/\/example.com\/path-to-h1-image.jpg' alt='Fanvil H1'> <\/div>\n<p> <!-- Caracter\u00edsticas en 3 columnas --> <\/p>\n<div style='display: flex; flex-wrap: wrap; gap: 20px; margin-top: 20px;'>\n<div style='flex: 1 1 300px; min-width: 280px; border-left: 5px solid #b30000; padding: 15px; border-radius: 8px; box-shadow: 0 2px 10px rgba(216&comma;216&comma;216&comma;0.3);'>\n<h3 style='font-size: 20px; margin-top: 0; color: #b30000; border-bottom: 2px solid currentColor; padding-bottom: 5px; opacity: 0.8; color: inherit;'> Caracter\u00edsticas principales <\/h3>\n<ul style='padding-left: 20px; font-size: 14px; margin: 15px 0; color: inherit;'>\n<li style='margin-bottom: 5px;'>Producto elegante y de moda.<\/li>\n<li style='margin-bottom: 5px;'>8 teclas programables para servicio<\/li>\n<li style='margin-bottom: 5px;'>Placa frontal personalizada<\/li>\n<li style='margin-bottom: 5px;'>Admite c\u00f3dec de audio G.722 y Opus<\/li>\n<li style='margin-bottom: 5px;'>Puerto 10\/100 Mbps&comma; PoE integrado<\/li>\n<li style='margin-bottom: 5px;'>Dos m\u00e9todos de instalaci\u00f3n<\/li>\n<li style='margin-bottom: 5px;'>2 cuentas SIP<\/li>\n<li style='margin-bottom: 5px;'>PoE habilitado (802.3 af)<\/li>\n<li style='margin-bottom: 5px;'>Llamada IP y Peer to Peer<\/li>\n<li style='margin-bottom: 5px;'>Sin pantalla<\/li>\n<\/ul><\/div>\n<div style='flex: 1 1 300px; min-width: 280px; border-left: 5px solid #b30000; padding: 15px; border-radius: 8px; box-shadow: 0 2px 10px rgba(216&comma;216&comma;216&comma;0.3);'>\n<h3 style='font-size: 20px; margin-top: 0; color: #b30000; border-bottom: 2px solid currentColor; padding-bottom: 5px; opacity: 0.8; color: inherit;'> Caracter\u00edsticas de red <\/h3>\n<ul style='padding-left: 20px; font-size: 14px; margin: 15px 0; color: inherit;'>\n<li style='margin-bottom: 5px;'>Puerto Ethernet 10\/100 Mbps<\/li>\n<li style='margin-bottom: 5px;'>Configuraci\u00f3n de IP: est\u00e1tico \/ DHCP \/ PPPoE<\/li>\n<li style='margin-bottom: 5px;'>Control de acceso por red: 802.1x<\/li>\n<li style='margin-bottom: 5px;'>VPN L2TP \/ OpenVPN<\/li>\n<li style='margin-bottom: 5px;'>VLAN y DSCP<\/li>\n<li style='margin-bottom: 5px;'>QoS<\/li>\n<\/ul><\/div>\n<div style='flex: 1 1 300px; min-width: 280px; border-left: 5px solid #b30000; padding: 15px; border-radius: 8px; box-shadow: 0 2px 10px rgba(216&comma;216&comma;216&comma;0.3);'>\n<h3 style='font-size: 20px; margin-top: 0; color: #b30000; border-bottom: 2px solid currentColor; padding-bottom: 5px; opacity: 0.8; color: inherit;'> Especificaciones f\u00edsicas y el\u00e9ctricas <\/h3>\n<ul style='padding-left: 20px; font-size: 14px; margin: 15px 0; color: inherit;'>\n<li style='margin-bottom: 5px;'>Entrada del adaptador: 100-240VAC<\/li>\n<li style='margin-bottom: 5px;'>Salida del adaptador: 5V\/1A DC (no incluido)<\/li>\n<li style='margin-bottom: 5px;'>Consumo: inactivo 2.5W&comma; activo 2.8W<\/li>\n<li style='margin-bottom: 5px;'>Temperatura de operaci\u00f3n: 0\u00b0~40\u00b0C<\/li>\n<li style='margin-bottom: 5px;'>Humedad relativa: 10%~65%<\/li>\n<li style='margin-bottom: 5px;'><\/li>\n<\/ul><\/div>\n<\/p><\/div>\n<\/p><\/div>\n<p> <!-- Separador --> <\/p>\n<hr style='border: 0; border-top: 1px solid rgba(150&comma; 150&comma; 150&comma; 0.3); margin: 30px 0;'> <\/div>\n","protected":false},"excerpt":{"rendered":"<p>Tel\u00e9fono IP para Hoteler\u00eda, profesional con 8 teclas programables para servicio r\u00e1pido, plantilla personalizable con PoE<\/p>\n","protected":false},"featured_media":91309,"comment_status":"open","ping_status":"closed","template":"","meta":[],"product_brand":[],"product_cat":[2043],"product_tag":[859,2044,2004],"class_list":{"0":"post-91310","1":"product","2":"type-product","3":"status-publish","4":"has-post-thumbnail","6":"product_cat-telefonos-ip-para-hoteles","7":"product_tag-fanvil","8":"product_tag-telefonos-ip-para-hoteles","9":"product_tag-voip-telefonia-ip-videoconferencia","11":"first","12":"instock","13":"sale","14":"shipping-taxable","15":"purchasable","16":"product-type-simple"},"_links":{"self":[{"href":"https:\/\/soydeaqui.ddns.net\/pachuca\/index.php\/wp-json\/wp\/v2\/product\/91310","targetHints":{"allow":["GET"]}}],"collection":[{"href":"https:\/\/soydeaqui.ddns.net\/pachuca\/index.php\/wp-json\/wp\/v2\/product"}],"about":[{"href":"https:\/\/soydeaqui.ddns.net\/pachuca\/index.php\/wp-json\/wp\/v2\/types\/product"}],"replies":[{"embeddable":true,"href":"https:\/\/soydeaqui.ddns.net\/pachuca\/index.php\/wp-json\/wp\/v2\/comments?post=91310"}],"wp:featuredmedia":[{"embeddable":true,"href":"https:\/\/soydeaqui.ddns.net\/pachuca\/index.php\/wp-json\/wp\/v2\/media\/91309"}],"wp:attachment":[{"href":"https:\/\/soydeaqui.ddns.net\/pachuca\/index.php\/wp-json\/wp\/v2\/media?parent=91310"}],"wp:term":[{"taxonomy":"product_brand","embeddable":true,"href":"https:\/\/soydeaqui.ddns.net\/pachuca\/index.php\/wp-json\/wp\/v2\/product_brand?post=91310"},{"taxonomy":"product_cat","embeddable":true,"href":"https:\/\/soydeaqui.ddns.net\/pachuca\/index.php\/wp-json\/wp\/v2\/product_cat?post=91310"},{"taxonomy":"product_tag","embeddable":true,"href":"https:\/\/soydeaqui.ddns.net\/pachuca\/index.php\/wp-json\/wp\/v2\/product_tag?post=91310"}],"curies":[{"name":"wp","href":"https:\/\/api.w.org\/{rel}","templated":true}]}}