{"id":91274,"date":"2026-03-20T04:21:49","date_gmt":"2026-03-20T04:21:49","guid":{"rendered":"https:\/\/soydeaqui.ddns.net\/pachuca\/index.php\/producto\/jabra-perform-45-2-microfonos-con-cancelacion-de-ruido-bluetooth-ultra-ligero-conversacion-de-hasta-8-horas-5101-119\/"},"modified":"2026-03-20T04:22:00","modified_gmt":"2026-03-20T04:22:00","slug":"jabra-perform-45-2-microfonos-con-cancelacion-de-ruido-bluetooth-ultra-ligero-conversacion-de-hasta-8-horas-5101-119","status":"publish","type":"product","link":"https:\/\/soydeaqui.ddns.net\/pachuca\/index.php\/producto\/jabra-perform-45-2-microfonos-con-cancelacion-de-ruido-bluetooth-ultra-ligero-conversacion-de-hasta-8-horas-5101-119\/","title":{"rendered":"Jabra Perform 45 , 2 micr\u00f3fonos con cancelaci\u00f3n de ruido, Bluetooth, ultra ligero conversaci\u00f3n de hasta 8 horas (5101-119)."},"content":{"rendered":"<div style='width: 100%; max-width: 1200px; margin: 0 auto; font-family: sans-serif; line-height: 1.6; color: inherit; background-color: transparent;'>\n<div style='display: flex; flex-direction: column; align-items: center; text-align: center; margin-bottom: 30px;'>\n<h4 style='font-size: 22px; margin: 0; color: inherit; opacity: 0.8;' class='ng-binding'>Presentamos los Perform 45<\/h4>\n<h2 style='font-size: 32px; margin: 10px 0; color: inherit;' class='ng-binding'>Dise\u00f1ado para aligerar el trabajo en turnos largos<\/h2>\n<hr style='border-top: 2px solid #f0f606; width: 40px; margin: 15px 0; border: none;'> <\/div>\n<div style='display: flex; flex-wrap: wrap; gap: 30px; margin-bottom: 40px;'>\n<div style='flex: 1 1 300px; min-width: 280px;'>\n<h3 style='font-size: 24px; border-bottom: 2px solid currentColor; padding-bottom: 5px; margin-top: 0; color: inherit; opacity: 0.8;' class='ng-binding'>Sonido de claridad cristalina<\/h3>\n<p style='font-size: 16px; color: inherit; margin: 15px 0;'>9 de cada 10 empleados en tiendas minoristas afirman que el ruido supone un reto constante. El micr\u00f3fono avanzado con ultracancelaci\u00f3n de ruido en los auriculares Perform 45 elimina hasta el 80% del ruido de fondo de su lado&comma; para que sus compa\u00f1eros le oigan correctamente a la primera&comma; sin tener que repetir nada.<\/p>\n<p style='font-size: 16px; color: inherit; margin: 15px 0;'>Tanto si llama desde una casa ruidosa o desde un escritorio en un espacio de trabajo compartido como si intenta concentrarse en una oficina abierta y llena de gente&comma; los Evolve2 75 est\u00e1n perfectamente dise\u00f1ados para lo que necesite.<\/p>\n<\/p><\/div>\n<div style='flex: 1 1 300px; min-width: 280px;'>\n<div style='position: relative; padding-bottom: 56.25%; height: 0; overflow: hidden; margin-bottom: 30px;'>   <\/div>\n<\/p><\/div>\n<\/p><\/div>\n<div style='display: flex; flex-wrap: wrap; gap: 30px; margin-bottom: 40px;'>\n<div style='flex: 1 1 300px; min-width: 280px;'>\n<h3 style='font-size: 20px; border-bottom: 2px solid currentColor; padding-bottom: 5px; margin-top: 0; color: inherit; opacity: 0.8;'>Bluetooth Multipunto Avanzado<\/h3>\n<p style='font-size: 15px; color: inherit; margin: 15px 0;'>Con Push-to-Talk*&comma; literalmente solo tiene que pulsar un bot\u00f3n en los auriculares con micr\u00f3fono y hablar. Y tambi\u00e9n pueden hacerlo sus compa\u00f1eros. As\u00ed podr\u00e1n trabajar juntos en equipo para prestar el mejor servicio a los clientes. Es similar a un Walkie-Talkie&comma; pero no tiene que buscar el dispositivo para sacarlo&comma; por lo que tiene las manos libres para hacer otras cosas. Bueno&comma; tampoco tendr\u00e1 que decir \u201cCambio y fuera\u201d. A menos que quiera hacerlo&comma; claro.*Perform 45 funciona con plataformas l\u00edderes Push-to-Talk&comma; incluidas Microsoft Teams Walkie Talkie y Zebra Workforce Connect al instante.<\/p>\n<\/p><\/div>\n<div style='flex: 1 1 300px; min-width: 280px;'> <img style='width: 100%; height: auto; border: 1px solid rgba(150&comma;150&comma;150&comma;0.3); border-radius: 8px;' src='https:\/\/ftp3.syscom.mx\/usuarios\/fotos\/PERFORM45\/215572-captura_de_pantalla_2023-02-02_a_la(s)_11.54.50.png' alt=''> <\/div>\n<\/p><\/div>\n<div style='display: flex; flex-wrap: wrap; gap: 20px; margin-bottom: 40px;'>\n<div style='flex: 1 1 250px; border: 1px solid rgba(150&comma; 150&comma; 150&comma; 0.4); border-radius: 8px; overflow: hidden; display: flex; flex-direction: column;'>\n<div style='padding: 15px; border-bottom: 1px solid rgba(150&comma; 150&comma; 150&comma; 0.2); font-weight: bold; font-size: 18px; color: inherit;'>Audio<\/div>\n<div style='padding: 15px; color: inherit;'>\n<ul style='padding-left: 20px; margin: 0; font-size: 14px; list-style-type: disc; color: inherit;'>\n<li style='margin-bottom: 5px;'><strong>Cancelaci\u00f3n activa de ruido:<\/strong> S\u00ed<\/li>\n<li style='margin-bottom: 5px;'><strong>Tama\u00f1o de altavoz:<\/strong> 10 mm<\/li>\n<li style='margin-bottom: 5px;'><strong>Ancho de banda de altavoz:<\/strong> 20 Hz &#8211; 20 000 Hz<\/li>\n<li style='margin-bottom: 5px;'><strong>C\u00f3decs de audio admitidos:<\/strong> SBC<\/li>\n<li style='margin-bottom: 5px;'><strong>Tipo de micr\u00f3fono:<\/strong> 2 MEMS<\/li>\n<\/ul><\/div>\n<\/p><\/div>\n<div style='flex: 1 1 250px; border: 1px solid rgba(150&comma; 150&comma; 150&comma; 0.4); border-radius: 8px; overflow: hidden; display: flex; flex-direction: column;'>\n<div style='padding: 15px; border-bottom: 1px solid rgba(150&comma; 150&comma; 150&comma; 0.2); font-weight: bold; font-size: 18px; color: inherit;'>Ajuste y comodidad<\/div>\n<div style='padding: 15px; color: inherit;'>\n<ul style='padding-left: 20px; margin: 0; font-size: 14px; list-style-type: disc; color: inherit;'>\n<li style='margin-bottom: 5px;'><strong>Forma de los auriculares:<\/strong> Mono&comma; detr\u00e1s de la oreja<\/li>\n<li style='margin-bottom: 5px;'><strong>EarGels:<\/strong> Grande&comma; mediano&comma; peque\u00f1o<\/li>\n<li style='margin-bottom: 5px;'><strong>Material de los EarGels:<\/strong> Silicona<\/li>\n<\/ul><\/div>\n<\/p><\/div>\n<div style='flex: 1 1 250px; border: 1px solid rgba(150&comma; 150&comma; 150&comma; 0.4); border-radius: 8px; overflow: hidden; display: flex; flex-direction: column;'>\n<div style='padding: 15px; border-bottom: 1px solid rgba(150&comma; 150&comma; 150&comma; 0.2); font-weight: bold; font-size: 18px; color: inherit;'>Conectividad<\/div>\n<div style='padding: 15px; color: inherit;'>\n<ul style='padding-left: 20px; margin: 0; font-size: 14px; list-style-type: disc; color: inherit;'>\n<li style='margin-bottom: 5px;'><strong>Conectividad:<\/strong> Bluetooth\u00ae<\/li>\n<li style='margin-bottom: 5px;'><strong>Bluetooth Multipunto:<\/strong> S\u00ed<\/li>\n<li style='margin-bottom: 5px;'><strong>Versi\u00f3n de Bluetooth:<\/strong> 5.1<\/li>\n<li style='margin-bottom: 5px;'><strong>Rango de operaci\u00f3n:<\/strong> Hasta 100 m<\/li>\n<li style='margin-bottom: 5px;'><strong>Perfiles Bluetooth:<\/strong> A2DP v1.3&comma; HFP v1.7&comma; HSP v1.2<\/li>\n<li style='margin-bottom: 5px;'><strong>NFC:<\/strong> S\u00ed<\/li>\n<\/ul><\/div>\n<\/p><\/div>\n<div style='flex: 1 1 250px; border: 1px solid rgba(150&comma; 150&comma; 150&comma; 0.4); border-radius: 8px; overflow: hidden; display: flex; flex-direction: column;'>\n<div style='padding: 15px; border-bottom: 1px solid rgba(150&comma; 150&comma; 150&comma; 0.2); font-weight: bold; font-size: 18px; color: inherit;'>Bater\u00eda<\/div>\n<div style='padding: 15px; color: inherit;'>\n<ul style='padding-left: 20px; margin: 0; font-size: 14px; list-style-type: disc; color: inherit;'>\n<li style='margin-bottom: 5px;'><strong>Tiempo en conversaci\u00f3n:<\/strong> Hasta 8 horas<\/li>\n<li style='margin-bottom: 5px;'><strong>Carga con cable (depende del cable):<\/strong> USB-C<\/li>\n<li style='margin-bottom: 5px;'><strong>Modo de espera:<\/strong> Hasta 9 d\u00edas<\/li>\n<li style='margin-bottom: 5px;'><strong>Tiempo de carga:<\/strong> Hasta 140 minutos<\/li>\n<li style='margin-bottom: 5px;'><strong>Tiempo Push-To-Talk:<\/strong> Hasta 20 horas<\/li>\n<li style='margin-bottom: 5px;'><strong>Tipo de bater\u00eda:<\/strong> Bater\u00eda de iones de litio recargable<\/li>\n<\/ul><\/div>\n<\/p><\/div>\n<div style='flex: 1 1 250px; border: 1px solid rgba(150&comma; 150&comma; 150&comma; 0.4); border-radius: 8px; overflow: hidden; display: flex; flex-direction: column;'>\n<div style='padding: 15px; border-bottom: 1px solid rgba(150&comma; 150&comma; 150&comma; 0.2); font-weight: bold; font-size: 18px; color: inherit;'>General<\/div>\n<div style='padding: 15px; color: inherit;'>\n<ul style='padding-left: 20px; margin: 0; font-size: 14px; list-style-type: disc; color: inherit;'>\n<li style='margin-bottom: 5px;'><strong>Contenido del embalaje:<\/strong> Auricular con micr\u00f3fono&comma; cable USB-C a USB-A&comma; informaci\u00f3n de seguridad y garant\u00eda&comma; 3 tama\u00f1os de EarGels<\/li>\n<li style='margin-bottom: 5px;'><strong>Dimensiones del embalaje (an. x pr. x al.):<\/strong> 28.5 mm x 163 mm x 108 mm<\/li>\n<li style='margin-bottom: 5px;'><strong>Materiales usados:<\/strong> Pl\u00e1stico PC y PC\/ABC&comma; goma de silicona&comma; TPE<\/li>\n<li style='margin-bottom: 5px;'><strong>Peso de los auriculares:<\/strong> 18 g<\/li>\n<li style='margin-bottom: 5px;'><strong>Longitud del cable USB:<\/strong> 1&comma;2 cm | 3&comma;9 ft<\/li>\n<li style='margin-bottom: 5px;'><strong>Garant\u00eda:<\/strong> 2 a\u00f1os<\/li>\n<li style='margin-bottom: 5px;'><strong>Caracter\u00edsticas y funciones LED:<\/strong> Estado de la bater\u00eda&comma; emparejamiento Bluetooth&comma; indicador energ\u00eda<\/li>\n<\/ul><\/div>\n<\/p><\/div>\n<\/p><\/div>\n<hr style='border: 0; border-top: 1px solid rgba(150&comma; 150&comma; 150&comma; 0.3); margin: 30px 0;'>\n<div style='display: flex; flex-direction: column; align-items: center; text-align: center; margin-bottom: 30px;'>\n<h2 style='font-size: 28px; margin: 0; color: inherit;' class='ng-binding'>Peque\u00f1o y ligero<\/h2>\n<div style='margin-top: 20px;'> <img style='width: 100%; max-width: 600px; height: auto; border: 1px solid rgba(150&comma;150&comma;150&comma;0.3); border-radius: 8px;' src='https:\/\/ftp3.syscom.mx\/usuarios\/fotos\/PERFORM45\/215572-captura_de_pantalla_2023-02-02_a_la(s)_11.54.50.png' alt=''> <\/div>\n<\/p><\/div>\n<div style='display: flex; flex-wrap: wrap; gap: 30px; margin-top: 40px;'>\n<div style='flex: 1 1 300px; min-width: 280px;'>\n<h3 style='font-size: 20px; border-bottom: 2px solid currentColor; padding-bottom: 5px; margin-top: 0; color: inherit; opacity: 0.8;'>Galer\u00eda de im\u00e1genes<\/h3>\n<div style='display: flex; flex-direction: column; gap: 15px; margin-top: 15px;'> <img style='width: 100%; height: auto; border: 1px solid rgba(150&comma;150&comma;150&comma;0.3); border-radius: 8px;' src='https:\/\/ftp3.syscom.mx\/usuarios\/fotos\/PERFORM45\/215572-captura_de_pantalla_2023-02-02_a_la(s)_11.53.59.png' alt=''> <img style='width: 100%; height: auto; border: 1px solid rgba(150&comma;150&comma;150&comma;0.3); border-radius: 8px;' src='https:\/\/ftp3.syscom.mx\/usuarios\/fotos\/PERFORM45\/215572-captura_de_pantalla_2023-02-02_a_la(s)_11.54.15.png' alt=''> <img style='width: 100%; height: auto; border: 1px solid rgba(150&comma;150&comma;150&comma;0.3); border-radius: 8px;' src='https:\/\/ftp3.syscom.mx\/usuarios\/fotos\/PERFORM45\/215572-captura_de_pantalla_2023-02-02_a_la(s)_11.54.29.png' alt=''> <\/div>\n<\/p><\/div>\n<\/p><\/div>\n<\/p><\/div>\n","protected":false},"excerpt":{"rendered":"<p>Jabra Perform 45 , 2 micr\u00f3fonos con cancelaci\u00f3n de ruido, Bluetooth, ultra ligero conversaci\u00f3n de hasta 8 horas (5101-119).<\/p>\n","protected":false},"featured_media":91273,"comment_status":"open","ping_status":"closed","template":"","meta":[],"product_brand":[],"product_cat":[2050],"product_tag":[2051,2052,2004],"class_list":{"0":"post-91274","1":"product","2":"type-product","3":"status-publish","4":"has-post-thumbnail","6":"product_cat-auriculares","7":"product_tag-auriculares","8":"product_tag-jabra","9":"product_tag-voip-telefonia-ip-videoconferencia","11":"first","12":"outofstock","13":"sale","14":"shipping-taxable","15":"purchasable","16":"product-type-simple"},"_links":{"self":[{"href":"https:\/\/soydeaqui.ddns.net\/pachuca\/index.php\/wp-json\/wp\/v2\/product\/91274","targetHints":{"allow":["GET"]}}],"collection":[{"href":"https:\/\/soydeaqui.ddns.net\/pachuca\/index.php\/wp-json\/wp\/v2\/product"}],"about":[{"href":"https:\/\/soydeaqui.ddns.net\/pachuca\/index.php\/wp-json\/wp\/v2\/types\/product"}],"replies":[{"embeddable":true,"href":"https:\/\/soydeaqui.ddns.net\/pachuca\/index.php\/wp-json\/wp\/v2\/comments?post=91274"}],"wp:featuredmedia":[{"embeddable":true,"href":"https:\/\/soydeaqui.ddns.net\/pachuca\/index.php\/wp-json\/wp\/v2\/media\/91273"}],"wp:attachment":[{"href":"https:\/\/soydeaqui.ddns.net\/pachuca\/index.php\/wp-json\/wp\/v2\/media?parent=91274"}],"wp:term":[{"taxonomy":"product_brand","embeddable":true,"href":"https:\/\/soydeaqui.ddns.net\/pachuca\/index.php\/wp-json\/wp\/v2\/product_brand?post=91274"},{"taxonomy":"product_cat","embeddable":true,"href":"https:\/\/soydeaqui.ddns.net\/pachuca\/index.php\/wp-json\/wp\/v2\/product_cat?post=91274"},{"taxonomy":"product_tag","embeddable":true,"href":"https:\/\/soydeaqui.ddns.net\/pachuca\/index.php\/wp-json\/wp\/v2\/product_tag?post=91274"}],"curies":[{"name":"wp","href":"https:\/\/api.w.org\/{rel}","templated":true}]}}