{"id":91269,"date":"2026-03-20T04:21:34","date_gmt":"2026-03-20T04:21:34","guid":{"rendered":"https:\/\/soydeaqui.ddns.net\/pachuca\/index.php\/producto\/jabra-evolve2-buds-auriculares-version-ms-con-cancelacion-de-ruido-activa-bluetooth-conexion-hasta-2-dispositivos-20797-999-999\/"},"modified":"2026-03-20T04:21:44","modified_gmt":"2026-03-20T04:21:44","slug":"jabra-evolve2-buds-auriculares-version-ms-con-cancelacion-de-ruido-activa-bluetooth-conexion-hasta-2-dispositivos-20797-999-999","status":"publish","type":"product","link":"https:\/\/soydeaqui.ddns.net\/pachuca\/index.php\/producto\/jabra-evolve2-buds-auriculares-version-ms-con-cancelacion-de-ruido-activa-bluetooth-conexion-hasta-2-dispositivos-20797-999-999\/","title":{"rendered":"Jabra Evolve2 Buds, Auriculares versi\u00f3n MS con cancelaci\u00f3n de ruido activa, Bluetooth conexion hasta 2 dispositivos (20797-999-999)"},"content":{"rendered":"<div style='width: 100%; max-width: 1200px; margin: 0 auto; font-family: sans-serif; line-height: 1.6; color: inherit; background-color: transparent;'> <!-- ENCABEZADO --> <\/p>\n<div style='background-color: #f5b700; color: #000; text-align: center; padding: 35px 20px;'>\n<h1 style='margin: 0; font-size: 36px; color: inherit;'>Jabra Evolve2 Buds<\/h1>\n<p style='margin-top: 10px; font-size: 18px; color: inherit;'>Llamadas profesionales en cualquier lugar<\/p>\n<\/p><\/div>\n<p> <!-- CONTENIDO PRINCIPAL --> <\/p>\n<div style='padding: 20px;'> <!-- SECCI\u00d3N INICIAL --> <\/p>\n<div style='margin-bottom: 30px;'>\n<h2 style='color: #f5b700; border-left: 6px solid #f5b700; padding-left: 10px; margin-top: 0; color: inherit; opacity: 0.8;'>En la oficina y m\u00e1s all\u00e1<\/h2>\n<p style='text-align: justify; color: inherit;'>D\u00e9 un discurso de venta desde su cocina&comma; atienda llamadas desde un espacio de trabajo compartido o combine reuniones con su paseo diario. Con la tecnolog\u00eda adecuada&comma; puede trabajar dondequiera que vaya.<\/p>\n<p style='text-align: justify; color: inherit;'>Los <strong>Jabra Evolve2 Buds<\/strong> est\u00e1n dise\u00f1ados para ofrecer llamadas claras y profesionales&comma; incluso en entornos ruidosos&comma; permiti\u00e9ndole concentrarse sin distracciones.<\/p>\n<\/p><\/div>\n<hr style='border: 0; border-top: 1px solid rgba(150&comma; 150&comma; 150&comma; 0.3); margin: 30px 0;'> <!-- VIDEO --> <\/p>\n<div style='margin-bottom: 30px;'>\n<h2 style='color: #f5b700; border-left: 6px solid #f5b700; padding-left: 10px; margin-top: 0; color: inherit; opacity: 0.8;'>Video demostrativo<\/h2>\n<div style='position: relative; padding-bottom: 56.25%; height: 0; overflow: hidden; margin: 20px 0;'>   <\/div>\n<\/p><\/div>\n<hr style='border: 0; border-top: 1px solid rgba(150&comma; 150&comma; 150&comma; 0.3); margin: 30px 0;'> <!-- SECCI\u00d3N TECNOLOG\u00cdA --> <\/p>\n<div style='margin-bottom: 30px;'>\n<h2 style='color: #f5b700; border-left: 6px solid #f5b700; padding-left: 10px; margin-top: 0; color: inherit; opacity: 0.8;'>Bluetooth Multipunto Avanzado<\/h2>\n<p style='text-align: justify; color: inherit;'>Gracias a la conexi\u00f3n <strong>Bluetooth Multipunto avanzada<\/strong>&comma; ya no es necesario elegir entre dispositivos. Mant\u00e9ngase conectado a su port\u00e1til y smartphone al mismo tiempo y reciba notificaciones de llamadas entrantes para cambiar de dispositivo cuando lo necesite.<\/p>\n<\/p><\/div>\n<hr style='border: 0; border-top: 1px solid rgba(150&comma; 150&comma; 150&comma; 0.3); margin: 30px 0;'> <!-- ESPECIFICACIONES --> <\/p>\n<div style='margin-bottom: 30px;'>\n<h2 style='color: #f5b700; border-left: 6px solid #f5b700; padding-left: 10px; margin-top: 0; color: inherit; opacity: 0.8;'>Especificaciones t\u00e9cnicas<\/h2>\n<div style='display: flex; flex-wrap: wrap; gap: 20px; margin-top: 20px;'>\n<div style='flex: 1 1 250px; border: 1px solid rgba(150&comma; 150&comma; 150&comma; 0.4); border-radius: 8px; overflow: hidden; display: flex; flex-direction: column;'>\n<div style='padding: 15px; border-bottom: 1px solid rgba(150&comma; 150&comma; 150&comma; 0.2); font-weight: bold; font-size: 18px; color: inherit; background-color: #fff4cc;'>Audio<\/div>\n<div style='padding: 15px; color: inherit;'>\n<ul style='padding-left: 20px; margin: 0; font-size: 14px; list-style-type: disc;'>\n<li style='margin-bottom: 5px;'>Cancelaci\u00f3n activa de ruido (ANC)<\/li>\n<li style='margin-bottom: 5px;'>Ajuste con aislamiento del ruido<\/li>\n<li style='margin-bottom: 5px;'>Altavoz de 6 mm<\/li>\n<li style='margin-bottom: 5px;'>C\u00f3decs AAC y SBC<\/li>\n<li style='margin-bottom: 5px;'>6 micr\u00f3fonos MEMS + 2 sensores VPU<\/li>\n<li style='margin-bottom: 5px;'>Protecci\u00f3n ac\u00fastica PeakStop y G616<\/li>\n<\/ul><\/div>\n<\/p><\/div>\n<div style='flex: 1 1 250px; border: 1px solid rgba(150&comma; 150&comma; 150&comma; 0.4); border-radius: 8px; overflow: hidden; display: flex; flex-direction: column;'>\n<div style='padding: 15px; border-bottom: 1px solid rgba(150&comma; 150&comma; 150&comma; 0.2); font-weight: bold; font-size: 18px; color: inherit; background-color: #f8f8f8;'>Ajuste y comodidad<\/div>\n<div style='padding: 15px; color: inherit;'>\n<ul style='padding-left: 20px; margin: 0; font-size: 14px; list-style-type: disc;'>\n<li style='margin-bottom: 5px;'>Auriculares verdaderamente inal\u00e1mbricos<\/li>\n<li style='margin-bottom: 5px;'>EarGels en tama\u00f1os grande&comma; mediano y peque\u00f1o<\/li>\n<li style='margin-bottom: 5px;'>Modo mono disponible<\/li>\n<\/ul><\/div>\n<\/p><\/div>\n<div style='flex: 1 1 250px; border: 1px solid rgba(150&comma; 150&comma; 150&comma; 0.4); border-radius: 8px; overflow: hidden; display: flex; flex-direction: column;'>\n<div style='padding: 15px; border-bottom: 1px solid rgba(150&comma; 150&comma; 150&comma; 0.2); font-weight: bold; font-size: 18px; color: inherit; background-color: #fff4cc;'>Conectividad<\/div>\n<div style='padding: 15px; color: inherit;'>\n<ul style='padding-left: 20px; margin: 0; font-size: 14px; list-style-type: disc;'>\n<li style='margin-bottom: 5px;'>Bluetooth\u00ae<\/li>\n<li style='margin-bottom: 5px;'>Adaptador USB-A \/ USB-C<\/li>\n<li style='margin-bottom: 5px;'>2 conexiones simult\u00e1neas<\/li>\n<li style='margin-bottom: 5px;'>Alcance hasta 20 m<\/li>\n<li style='margin-bottom: 5px;'>Hasta 8 dispositivos sincronizados<\/li>\n<\/ul><\/div>\n<\/p><\/div>\n<div style='flex: 1 1 250px; border: 1px solid rgba(150&comma; 150&comma; 150&comma; 0.4); border-radius: 8px; overflow: hidden; display: flex; flex-direction: column;'>\n<div style='padding: 15px; border-bottom: 1px solid rgba(150&comma; 150&comma; 150&comma; 0.2); font-weight: bold; font-size: 18px; color: inherit; background-color: #f8f8f8;'>Bater\u00eda<\/div>\n<div style='padding: 15px; color: inherit;'>\n<ul style='padding-left: 20px; margin: 0; font-size: 14px; list-style-type: disc;'>\n<li style='margin-bottom: 5px;'>Hasta 10 h de m\u00fasica (sin ANC)<\/li>\n<li style='margin-bottom: 5px;'>Hasta 8 h (con ANC)<\/li>\n<li style='margin-bottom: 5px;'>Carga r\u00e1pida: 5 min = 1 h<\/li>\n<li style='margin-bottom: 5px;'>Carga USB-C<\/li>\n<\/ul><\/div>\n<\/p><\/div>\n<div style='flex: 1 1 250px; border: 1px solid rgba(150&comma; 150&comma; 150&comma; 0.4); border-radius: 8px; overflow: hidden; display: flex; flex-direction: column;'>\n<div style='padding: 15px; border-bottom: 1px solid rgba(150&comma; 150&comma; 150&comma; 0.2); font-weight: bold; font-size: 18px; color: inherit; background-color: #fff4cc;'>General<\/div>\n<div style='padding: 15px; color: inherit;'>\n<ul style='padding-left: 20px; margin: 0; font-size: 14px; list-style-type: disc;'>\n<li style='margin-bottom: 5px;'>Peso por auricular: 5.4 g<\/li>\n<li style='margin-bottom: 5px;'>Incluye estuche de carga&comma; adaptador Jabra Link 380&comma; EarGels y cables<\/li>\n<li style='margin-bottom: 5px;'>Garant\u00eda de 2 a\u00f1os<\/li>\n<\/ul><\/div>\n<\/p><\/div>\n<\/p><\/div>\n<\/p><\/div>\n<hr style='border: 0; border-top: 1px solid rgba(150&comma; 150&comma; 150&comma; 0.3); margin: 30px 0;'> <!-- GALER\u00cdA --> <\/p>\n<div style='margin-bottom: 30px;'>\n<h2 style='color: #f5b700; border-left: 6px solid #f5b700; padding-left: 10px; margin-top: 0; color: inherit; opacity: 0.8;'>Galer\u00eda<\/h2>\n<div style='text-align: center; margin-top: 20px;'> <img style='width: 100%; height: auto; border: 1px solid rgba(150&comma;150&comma;150&comma;0.3); border-radius: 8px;' src='https:\/\/ftp3.syscom.mx\/usuarios\/fotos\/PERFORM45\/215572-captura_de_pantalla_2023-02-02_a_la(s)_11.14.56.png' alt='Jabra Evolve2 Buds'> <\/div>\n<\/p><\/div>\n<hr style='border: 0; border-top: 1px solid rgba(150&comma; 150&comma; 150&comma; 0.3); margin: 30px 0;'> <!-- CIERRE --> <\/p>\n<div style='background: #f5b700; color: #000; text-align: center; padding: 20px; margin-top: 40px;'>\n<p style='margin: 0; color: inherit;'>Auriculares profesionales dise\u00f1ados para trabajar donde sea<\/p>\n<\/p><\/div>\n<\/p><\/div>\n<\/p><\/div>\n","protected":false},"excerpt":{"rendered":"<p>Jabra Evolve2 Buds, Auriculares versi\u00f3n MS con cancelaci\u00f3n de ruido activa, Bluetooth conexion hasta 2 dispositivos (20797-999-999)<\/p>\n","protected":false},"featured_media":91268,"comment_status":"open","ping_status":"closed","template":"","meta":[],"product_brand":[],"product_cat":[2050],"product_tag":[2051,2052,2004],"class_list":{"0":"post-91269","1":"product","2":"type-product","3":"status-publish","4":"has-post-thumbnail","6":"product_cat-auriculares","7":"product_tag-auriculares","8":"product_tag-jabra","9":"product_tag-voip-telefonia-ip-videoconferencia","11":"first","12":"instock","13":"sale","14":"shipping-taxable","15":"purchasable","16":"product-type-simple"},"_links":{"self":[{"href":"https:\/\/soydeaqui.ddns.net\/pachuca\/index.php\/wp-json\/wp\/v2\/product\/91269","targetHints":{"allow":["GET"]}}],"collection":[{"href":"https:\/\/soydeaqui.ddns.net\/pachuca\/index.php\/wp-json\/wp\/v2\/product"}],"about":[{"href":"https:\/\/soydeaqui.ddns.net\/pachuca\/index.php\/wp-json\/wp\/v2\/types\/product"}],"replies":[{"embeddable":true,"href":"https:\/\/soydeaqui.ddns.net\/pachuca\/index.php\/wp-json\/wp\/v2\/comments?post=91269"}],"wp:featuredmedia":[{"embeddable":true,"href":"https:\/\/soydeaqui.ddns.net\/pachuca\/index.php\/wp-json\/wp\/v2\/media\/91268"}],"wp:attachment":[{"href":"https:\/\/soydeaqui.ddns.net\/pachuca\/index.php\/wp-json\/wp\/v2\/media?parent=91269"}],"wp:term":[{"taxonomy":"product_brand","embeddable":true,"href":"https:\/\/soydeaqui.ddns.net\/pachuca\/index.php\/wp-json\/wp\/v2\/product_brand?post=91269"},{"taxonomy":"product_cat","embeddable":true,"href":"https:\/\/soydeaqui.ddns.net\/pachuca\/index.php\/wp-json\/wp\/v2\/product_cat?post=91269"},{"taxonomy":"product_tag","embeddable":true,"href":"https:\/\/soydeaqui.ddns.net\/pachuca\/index.php\/wp-json\/wp\/v2\/product_tag?post=91269"}],"curies":[{"name":"wp","href":"https:\/\/api.w.org\/{rel}","templated":true}]}}