{"id":91263,"date":"2026-03-20T04:21:20","date_gmt":"2026-03-20T04:21:20","guid":{"rendered":"https:\/\/soydeaqui.ddns.net\/pachuca\/index.php\/producto\/altavoz-coaxial-6-5-montaje-en-plafon-16-ohms-70-100v-25w-rms\/"},"modified":"2026-03-20T04:21:31","modified_gmt":"2026-03-20T04:21:31","slug":"altavoz-coaxial-6-5-montaje-en-plafon-16-ohms-70-100v-25w-rms","status":"publish","type":"product","link":"https:\/\/soydeaqui.ddns.net\/pachuca\/index.php\/producto\/altavoz-coaxial-6-5-montaje-en-plafon-16-ohms-70-100v-25w-rms\/","title":{"rendered":"Altavoz Coaxial  6.5&#8221; | Montaje en Plaf\u00f3n | 16 ohms | 70\/100V | 25W RMS"},"content":{"rendered":"<div style='width: 100%; max-width: 1200px; margin: 0 auto; font-family: sans-serif; line-height: 1.6; color: inherit; background-color: transparent;'> <!-- Im\u00e1genes iniciales --> <\/p>\n<div style='display: flex; flex-direction: column; gap: 15px; margin-bottom: 30px;'> <img style='width: 40%; height: auto; margin-left: 30%; border: 1px solid rgba(150&comma;150&comma;150&comma;0.3); border-radius: 8px;' src='https:\/\/ftp3.syscom.mx\/usuarios\/luis.vargas\/YAMAHA\/Yamaha_logo.png' alt=''> <img style='width: 100%; height: auto; margin-left: 0%; border: 1px solid rgba(150&comma;150&comma;150&comma;0.3); border-radius: 8px;' src='https:\/\/ftp3.syscom.mx\/usuarios\/cesar.garcia\/Yamaha\/Miscelaneo\/VC_Banner.jpg' alt=''> <\/div>\n<hr style='border: 0; border-top: 1px solid rgba(150&comma; 150&comma; 150&comma; 0.3); margin: 30px 0;'> <!-- Secci\u00f3n con dise\u00f1o elegante --> <\/p>\n<div style='display: flex; flex-wrap: wrap; gap: 30px; margin-bottom: 30px;'>\n<div style='flex: 1 1 300px; min-width: 280px;'>\n<h3 style='font-size: 22px; border-bottom: 2px solid currentColor; padding-bottom: 5px; margin-top: 0; color: inherit; opacity: 0.8;'>UNA LINEA DE PRODUCTO VERSATIL PARA UNA VARIEDAD DE REQUISITOS<\/h3>\n<p style='font-size: 15px; color: inherit; margin-top: 15px; margin-bottom: 15px;'>Yamaha ha lanzado sus nuevos altavoces de techo de la serie VC&comma; un rango de bajo perfil a un precio accesible que est\u00e1 dise\u00f1ado para reproducir m\u00fasica de alta calidad de sonido con una relaci\u00f3n excepcional entre rendimiento y costo en una variedad de espacios comerciales&comma; que incluyen hoteler\u00eda&comma; entretenimiento y locales corporativos.<\/p>\n<\/p><\/div>\n<div style='flex: 1 1 400px; min-width: 280px;'> <img style='width: 100%; height: auto; border: 1px solid rgba(150&comma;150&comma;150&comma;0.3); border-radius: 8px;' src='https:\/\/ftp3.syscom.mx\/usuarios\/cesar.garcia\/Yamaha\/Miscelaneo\/vc_elegant_design.png' alt='Dise\u00f1o elegante'> <\/div>\n<\/p><\/div>\n<p> <!-- Secci\u00f3n instalaci\u00f3n segura --> <\/p>\n<div style='display: flex; flex-wrap: wrap; gap: 30px; margin-bottom: 30px;'>\n<div style='flex: 1 1 400px; min-width: 280px; order: 2;'> <img style='width: 100%; height: auto; border: 1px solid rgba(150&comma;150&comma;150&comma;0.3); border-radius: 8px;' src='https:\/\/ftp3.syscom.mx\/usuarios\/cesar.garcia\/Yamaha\/Miscelaneo\/vc_smart_design.png' alt='Instalaci\u00f3n segura'> <\/div>\n<div style='flex: 1 1 300px; min-width: 280px; order: 1;'>\n<h3 style='font-size: 22px; border-bottom: 2px solid currentColor; padding-bottom: 5px; margin-top: 0; color: inherit; opacity: 0.8;'>INSTALACI\u00d3N MAS SEGURA Y M\u00c1S R\u00c1PIDA<\/h3>\n<p style='font-size: 15px; color: inherit; margin-top: 15px; margin-bottom: 15px;'>Los altavoces VC tambi\u00e9n incluyen funciones para que la instalaci\u00f3n sea r\u00e1pida y segura. Todos los modelos son ligeros&comma; port\u00e1tiles y tienen un mecanismo inteligente para una instalaci\u00f3n r\u00e1pida y confiable. Esto incluye abrazaderas grandes para garantizar un montaje seguro.<\/p>\n<\/p><\/div>\n<\/p><\/div>\n<p> <!-- Imagen de caracter\u00edsticas --> <\/p>\n<div style='margin: 30px 0;'> <img style='width: 100%; height: auto; border: 1px solid rgba(150&comma;150&comma;150&comma;0.3); border-radius: 8px;' src='https:\/\/ftp3.syscom.mx\/usuarios\/cesar.garcia\/Yamaha\/Miscelaneo\/Caracterisitcas_VC.png' alt='Caracter\u00edsticas'> <\/div>\n<p> <!-- Secci\u00f3n de caracter\u00edsticas en grid --> <\/p>\n<div style='display: flex; flex-wrap: wrap; gap: 20px; margin-bottom: 30px;'>\n<div style='flex: 1 1 250px; border: 1px solid rgba(150&comma; 150&comma; 150&comma; 0.4); border-radius: 8px; overflow: hidden; display: flex; flex-direction: column;'>\n<div style='padding: 15px; border-bottom: 1px solid rgba(150&comma; 150&comma; 150&comma; 0.2); font-weight: bold; font-size: 18px; color: inherit;'>Caracter\u00edsticas Generales<\/div>\n<div style='padding: 15px; color: inherit;'>\n<ul style='padding-left: 20px; margin: 0; font-size: 14px; list-style-type: disc;'>\n<li style='margin-bottom: 5px;'><strong>Color:<\/strong> Blanco&comma; woofer negro y tweeter<\/li>\n<li style='margin-bottom: 5px;'><strong>Tipo de altavoz:<\/strong> En techo&comma; Coaxial 2 vias<\/li>\n<li style='margin-bottom: 5px;'><strong>Tweeter:<\/strong> 0.8&#8242;<\/li>\n<li style='margin-bottom: 5px;'><strong>Woofer:<\/strong> 6.5&#8242;<\/li>\n<li style='margin-bottom: 5px;'><strong>Power:<\/strong> 25 Watts RMS<\/li>\n<li style='margin-bottom: 5px;'><strong>Tipo de parrilla:<\/strong> Sin marco<\/li>\n<li style='margin-bottom: 5px;'><strong>Empaque:<\/strong> Individual<\/li>\n<\/ul><\/div>\n<\/p><\/div>\n<div style='flex: 1 1 250px; border: 1px solid rgba(150&comma; 150&comma; 150&comma; 0.4); border-radius: 8px; overflow: hidden; display: flex; flex-direction: column;'>\n<div style='padding: 15px; border-bottom: 1px solid rgba(150&comma; 150&comma; 150&comma; 0.2); font-weight: bold; font-size: 18px; color: inherit;'>Especificaciones T\u00e9cnicas<\/div>\n<div style='padding: 15px; color: inherit;'>\n<ul style='padding-left: 20px; margin: 0; font-size: 14px; list-style-type: disc;'>\n<li style='margin-bottom: 5px;'><strong>Sensibilidad:<\/strong> 89 dB (1W @ 1mt)<\/li>\n<li style='margin-bottom: 5px;'><strong>Respuesta Frecuente:<\/strong> 104 Hz &#8211; 20KHz. (-10 dB)<\/li>\n<li style='margin-bottom: 5px;'><strong>Impedancia:<\/strong> 16 ohms o 70v \/ 100v<\/li>\n<li style='margin-bottom: 5px;'><strong>Dimensiones de corte:<\/strong> Di\u00e1metro: 247 mm<\/li>\n<li style='margin-bottom: 5px;'><strong>Dimensiones de acabado:<\/strong> Di\u00e1metro: 286 mm x Profundo: 106 mm<\/li>\n<li style='margin-bottom: 5px;'><strong>70V Taps:<\/strong> 3W-12W seleccionable<\/li>\n<li style='margin-bottom: 5px;'><strong>100V Taps:<\/strong> 3W-12W seleccionable<\/li>\n<li style='margin-bottom: 5px;'><strong>Dispersion de sonido:<\/strong> 120 \u00b0 c\u00f3nico<\/li>\n<\/ul><\/div>\n<\/p><\/div>\n<\/p><\/div>\n<p> <!-- Secci\u00f3n de videos --> <\/p>\n<div style='display: flex; flex-wrap: wrap; gap: 20px; margin-bottom: 30px;'>\n<div style='flex: 1 1 400px; min-width: 300px;'>\n<div style='position: relative; padding-bottom: 56.25%; height: 0; overflow: hidden; margin-bottom: 30px;'>   <\/div>\n<\/p><\/div>\n<div style='flex: 1 1 400px; min-width: 300px;'>\n<div style='position: relative; padding-bottom: 56.25%; height: 0; overflow: hidden; margin-bottom: 30px;'>   <\/div>\n<\/p><\/div>\n<\/p><\/div>\n<\/p><\/div>\n","protected":false},"excerpt":{"rendered":"<p>Altavoz Coaxial  6.5&#8221; | Montaje en Plaf\u00f3n | 16 ohms | 70\/100V | 25W RMS<\/p>\n","protected":false},"featured_media":91262,"comment_status":"open","ping_status":"closed","template":"","meta":[],"product_brand":[],"product_cat":[424],"product_tag":[52,425,2128],"class_list":{"0":"post-91263","1":"product","2":"type-product","3":"status-publish","4":"has-post-thumbnail","6":"product_cat-bocinas-plafon","7":"product_tag-audio-residencial-comercial","8":"product_tag-bocinas-plafon","9":"product_tag-yamaha","11":"first","12":"instock","13":"sale","14":"shipping-taxable","15":"purchasable","16":"product-type-simple"},"_links":{"self":[{"href":"https:\/\/soydeaqui.ddns.net\/pachuca\/index.php\/wp-json\/wp\/v2\/product\/91263","targetHints":{"allow":["GET"]}}],"collection":[{"href":"https:\/\/soydeaqui.ddns.net\/pachuca\/index.php\/wp-json\/wp\/v2\/product"}],"about":[{"href":"https:\/\/soydeaqui.ddns.net\/pachuca\/index.php\/wp-json\/wp\/v2\/types\/product"}],"replies":[{"embeddable":true,"href":"https:\/\/soydeaqui.ddns.net\/pachuca\/index.php\/wp-json\/wp\/v2\/comments?post=91263"}],"wp:featuredmedia":[{"embeddable":true,"href":"https:\/\/soydeaqui.ddns.net\/pachuca\/index.php\/wp-json\/wp\/v2\/media\/91262"}],"wp:attachment":[{"href":"https:\/\/soydeaqui.ddns.net\/pachuca\/index.php\/wp-json\/wp\/v2\/media?parent=91263"}],"wp:term":[{"taxonomy":"product_brand","embeddable":true,"href":"https:\/\/soydeaqui.ddns.net\/pachuca\/index.php\/wp-json\/wp\/v2\/product_brand?post=91263"},{"taxonomy":"product_cat","embeddable":true,"href":"https:\/\/soydeaqui.ddns.net\/pachuca\/index.php\/wp-json\/wp\/v2\/product_cat?post=91263"},{"taxonomy":"product_tag","embeddable":true,"href":"https:\/\/soydeaqui.ddns.net\/pachuca\/index.php\/wp-json\/wp\/v2\/product_tag?post=91263"}],"curies":[{"name":"wp","href":"https:\/\/api.w.org\/{rel}","templated":true}]}}