{"id":91255,"date":"2026-03-20T04:20:57","date_gmt":"2026-03-20T04:20:57","guid":{"rendered":"https:\/\/soydeaqui.ddns.net\/pachuca\/index.php\/producto\/punto-de-acceso-wi-fi-6-de-6-3-gbps-para-350-usuarios-mu-mimo-4x4-adopcion-facil-por-bluetooth-para-interior-montaje-rapido-quickmount-para-techo-o-pared-dpi-para-bloqueo-de-aplicac\/"},"modified":"2026-03-20T04:21:14","modified_gmt":"2026-03-20T04:21:14","slug":"punto-de-acceso-wi-fi-6-de-6-3-gbps-para-350-usuarios-mu-mimo-4x4-adopcion-facil-por-bluetooth-para-interior-montaje-rapido-quickmount-para-techo-o-pared-dpi-para-bloqueo-de-aplicac","status":"publish","type":"product","link":"https:\/\/soydeaqui.ddns.net\/pachuca\/index.php\/producto\/punto-de-acceso-wi-fi-6-de-6-3-gbps-para-350-usuarios-mu-mimo-4x4-adopcion-facil-por-bluetooth-para-interior-montaje-rapido-quickmount-para-techo-o-pared-dpi-para-bloqueo-de-aplicac\/","title":{"rendered":"Punto de Acceso Wi-Fi 6 de 6.3 Gbps para 350 Usuarios \/ MU-MIMO 4X4 \/ Adopci\u00f3n F\u00e1cil por Bluetooth \/ Para Interior \/ Montaje R\u00e1pido QuickMount\u2122 para Techo o Pared \/ DPI para Bloqueo de Aplicaciones \/ Compatible con la Plataforma"},"content":{"rendered":"<div style='width: 100%; max-width: 1200px; margin: 0 auto; font-family: sans-serif; line-height: 1.6; color: inherit; background-color: transparent;'>\n<div style='display: flex; flex-wrap: wrap; gap: 30px; margin-bottom: 30px;'>\n<div style='flex: 1 1 300px; min-width: 280px;'>\n<h3 style='font-size: 22px; border-bottom: 2px solid currentColor; padding-bottom: 5px; margin-top: 0; color: inherit; opacity: 0.8;'>Descripci\u00f3n<\/h3>\n<p style='font-size: 15px; color: inherit; text-align: justify;'>Alta Labs crea una tecnolog\u00eda de red revolucionaria impulsada por dise\u00f1os de software y hardware propietarios. El punto de acceso AP6 de Alta Labs cuenta con un factor de forma compacto y un dise\u00f1o est\u00e9tico elegante que permite una integraci\u00f3n perfecta en la empresa&comma; entornos comerciales y residenciales. Se alimenta a trav\u00e9s de Ethernet para un uso sencillo y una instalaci\u00f3n limpia. Incluye un montaje vers\u00e1til patentado como tecnolog\u00eda &#8216;QuickMount\u2122&#8217;&comma; r\u00e1pido y sencillo.<\/p>\n<p style='font-size: 15px; color: inherit; text-align: justify;'>La administraci\u00f3n es sencilla mediante la plataforma en la nube&comma; una nube gratuita sin restricciones.<\/p>\n<\/p><\/div>\n<div style='flex: 1 1 300px; min-width: 280px;'> <img style='width: 100%; height: auto; border: 1px solid rgba(150&comma;150&comma;150&comma;0.3); border-radius: 8px;' src='https:\/\/ftp3.syscom.mx\/usuarios\/fotos\/AP6\/218649-ap6.jpg' alt=''> <\/div>\n<\/p><\/div>\n<div style='display: flex; flex-wrap: wrap; gap: 30px; margin-bottom: 30px;'>\n<div style='flex: 1 1 300px; min-width: 280px;'>\n<h3 style='font-size: 22px; border-bottom: 2px solid currentColor; padding-bottom: 5px; margin-top: 0; color: inherit; opacity: 0.8;'>Alcance y Rendimiento Superiores<\/h3>\n<p style='font-size: 15px; color: inherit; text-align: justify;'>Nuestro dise\u00f1o de antena patentado proporciona un alcance y un rendimiento superiores. Dise\u00f1ado por un equipo con amplia experiencia en dise\u00f1o de WiFi&comma; el AP6 ofrece roaming sin interrupciones y gesti\u00f3n avanzada del tr\u00e1fico para garantizar una experiencia WiFi superior.<\/p>\n<\/p><\/div>\n<div style='flex: 1 1 300px; min-width: 280px;'> <img style='width: 100%; height: auto; border: 1px solid rgba(150&comma;150&comma;150&comma;0.3); border-radius: 8px;' src='https:\/\/ftp3.syscom.mx\/usuarios\/fotos\/AP6\/218649-rend.png' alt=''> <\/div>\n<\/p><\/div>\n<div style='display: flex; flex-wrap: wrap; gap: 30px; margin-bottom: 30px;'>\n<div style='flex: 1 1 300px; min-width: 280px;'>\n<h3 style='font-size: 22px; border-bottom: 2px solid currentColor; padding-bottom: 5px; margin-top: 0; color: inherit; opacity: 0.8;'>Tecnolog\u00eda de M\u00faltiples Contrase\u00f1as AltaPass<\/h3>\n<p style='font-size: 15px; color: inherit; text-align: justify;'>AltaPass es una caracter\u00edstica exclusiva de Alta Labs que permite a los clientes conectarse a la misma red inal\u00e1mbrica SSID utilizando diferentes contrase\u00f1as. A los clientes se les proporcionan diferentes niveles de acceso a la red e Internet seg\u00fan la contrase\u00f1a que utilicen para conectarse a la red.<\/p>\n<p style='font-size: 15px; color: inherit; text-align: justify;'>Cuando se crea una contrase\u00f1a&comma; seleccione uno de los casos de uso est\u00e1ndar predefinidos. La contrase\u00f1a tambi\u00e9n se puede asociar con una velocidad de carga o descarga espec\u00edfica&comma; una VLAN o configurar para omitir las reglas de filtrado&comma; la funcionalidad de punto de acceso o ignorar el cronograma.<\/p>\n<ul style='padding-left: 20px; margin: 0; font-size: 14px; list-style-type: disc; color: inherit;'>\n<li style='margin-bottom: 5px; text-align: justify;'><strong>Est\u00e1ndar\/Peque\u00f1o:<\/strong> red t\u00edpica con menos de 100 clientes\/dispositivos WiFi.<\/li>\n<li style='margin-bottom: 5px; text-align: justify;'><strong>Grande:<\/strong> optimizado para cientos o miles de clientes\/dispositivos WiFi.<\/li>\n<li style='margin-bottom: 5px; text-align: justify;'><strong>IoT:<\/strong> restringido \u00fanicamente a Internet y conexiones entrantes locales.<\/li>\n<li style='margin-bottom: 5px; text-align: justify;'><strong>Solo Internet:<\/strong> restringido solo a Internet.<\/li>\n<li style='margin-bottom: 5px; text-align: justify;'><strong>Invitado:<\/strong> restringido a dispositivos de Internet y de IoT.<\/li>\n<\/ul><\/div>\n<div style='flex: 1 1 300px; min-width: 280px;'> <img style='width: 100%; height: auto; border: 1px solid rgba(150&comma;150&comma;150&comma;0.3); border-radius: 8px;' src='https:\/\/ftp3.syscom.mx\/usuarios\/fotos\/AP6\/218649-nube_copia.png' alt=''> <\/div>\n<\/p><\/div>\n<div style='display: flex; flex-wrap: wrap; gap: 30px; margin-bottom: 30px;'>\n<div style='flex: 1 1 300px; min-width: 280px;'>\n<h3 style='font-size: 22px; border-bottom: 2px solid currentColor; padding-bottom: 5px; margin-top: 0; color: inherit; opacity: 0.8;'>Aplicaci\u00f3n M\u00f3vil<\/h3>\n<p style='font-size: 15px; color: inherit; text-align: justify;'>Monitorea y administra tus redes desde la comodidad de tu dispositivo m\u00f3vil con la aplicaci\u00f3n Alta Networks. Reg\u00edstrate para obtener una cuenta de Alta Labs usando solo tu nombre&comma; correo electr\u00f3nico y contrase\u00f1a o inicia sesi\u00f3n con tu cuenta de Google o Apple.<\/p>\n<\/p><\/div>\n<div style='flex: 1 1 300px; min-width: 280px;'> <img style='width: 100%; height: auto; border: 1px solid rgba(150&comma;150&comma;150&comma;0.3); border-radius: 8px;' src='https:\/\/ftp3.syscom.mx\/usuarios\/fotos\/AP6\/218649-app_copia.png' alt=''> <\/div>\n<\/p><\/div>\n<div style='display: flex; flex-wrap: wrap; gap: 30px; margin-bottom: 30px;'>\n<div style='flex: 1 1 300px; min-width: 280px;'>\n<h3 style='font-size: 22px; border-bottom: 2px solid currentColor; padding-bottom: 5px; margin-top: 0; color: inherit; opacity: 0.8;'>Filtrado Avanzado: motor DPI<\/h3>\n<p style='font-size: 15px; color: inherit; text-align: justify;'>Los puntos de acceso de Alta Labs cuentan con un potente motor de inspecci\u00f3n profunda de paquetes (DPI) integrado. Al incorporar esta funci\u00f3n directamente en los puntos de acceso&comma; no es necesario comprar hardware adicional para aprovechar esta potente herramienta.<\/p>\n<ul style='padding-left: 20px; margin: 0; font-size: 14px; list-style-type: disc; color: inherit;'>\n<li style='margin-bottom: 5px; text-align: justify;'>Restrinja el acceso a sitios web&comma; aplicaciones o tipos de aplicaciones. Las configuraciones de filtro se aplican f\u00e1cilmente en la interfaz de administraci\u00f3n web de Alta Labs. Seleccione aplicaciones o tipos de aplicaciones en el men\u00fa desplegable Bloquear aplicaciones. Bloquee sitios web escribiendo sus nombres de dominio en el campo Bloquear dominios<\/li>\n<li style='margin-bottom: 5px; text-align: justify;'>Seleccione aplicaciones o tipos de aplicaciones en el men\u00fa desplegable Bloquear aplicaciones.<\/li>\n<li style='margin-bottom: 5px; text-align: justify;'>Bloquee sitios web ingresando sus nombres de dominio en el campo Bloquear dominios.<\/li>\n<\/ul><\/div>\n<div style='flex: 1 1 300px; min-width: 280px;'> <img style='width: 100%; height: auto; border: 1px solid rgba(150&comma;150&comma;150&comma;0.3); border-radius: 8px;' src='https:\/\/ftp3.syscom.mx\/usuarios\/fotos\/ROUTE10\/232311-filtrado.png' alt=''> <\/div>\n<\/p><\/div>\n<p> <!-- Secci\u00f3n de especificaciones --> <\/p>\n<div style='display: flex; flex-wrap: wrap; gap: 20px; margin-bottom: 30px;'>\n<div style='flex: 1 1 250px; border: 1px solid rgba(150&comma; 150&comma; 150&comma; 0.4); border-radius: 8px; overflow: hidden; display: flex; flex-direction: column;'>\n<div style='padding: 15px; border-bottom: 1px solid rgba(150&comma; 150&comma; 150&comma; 0.2); font-weight: bold; font-size: 18px; color: inherit;'>Especificaciones<\/div>\n<div style='padding: 15px; color: inherit;'>\n<ul style='padding-left: 20px; margin: 0; font-size: 14px; list-style-type: disc;'>\n<li style='margin-bottom: 5px;'><strong>Est\u00e1ndares inal\u00e1mbricos:<\/strong> IEEE 802.11 ax\/ac\/n\/b\/g\/a<\/li>\n<li style='margin-bottom: 5px;'><strong>Potencia de transmisi\u00f3n:<\/strong> 2.4 GHz: 23 dBm \/ 5 GHz: 26 dBm<\/li>\n<li style='margin-bottom: 5px;'><strong>Temperatura de operaci\u00f3n:<\/strong> -30 &#8211; 60\u00b0 C<\/li>\n<li style='margin-bottom: 5px;'><strong>Certificaciones:<\/strong> CE&comma; FCC&comma; IC<\/li>\n<\/ul><\/div>\n<\/p><\/div>\n<div style='flex: 1 1 250px; border: 1px solid rgba(150&comma; 150&comma; 150&comma; 0.4); border-radius: 8px; overflow: hidden; display: flex; flex-direction: column;'>\n<div style='padding: 15px; border-bottom: 1px solid rgba(150&comma; 150&comma; 150&comma; 0.2); font-weight: bold; font-size: 18px; color: inherit;'>Caracter\u00edsticas<\/div>\n<div style='padding: 15px; color: inherit;'>\n<ul style='padding-left: 20px; margin: 0; font-size: 14px; list-style-type: disc;'>\n<li style='margin-bottom: 5px;'><strong>Dimensiones:<\/strong> 190 x 125 x 32 mm.<\/li>\n<li style='margin-bottom: 5px;'><strong>Puertos:<\/strong> (1) Puerto 10\/100\/1000 Mbps RJ45<\/li>\n<li style='margin-bottom: 5px;'><strong>Bot\u00f3n Reset:<\/strong> S\u00ed<\/li>\n<li style='margin-bottom: 5px;'><strong>Alimentaci\u00f3n:<\/strong> PoE 802.3 at 48 Vcc \/ 0.5A &#8211; Consumo m\u00e1x: 20W<\/li>\n<li style='margin-bottom: 5px;'><strong>Antenas:<\/strong> 2.4 GHz: hasta 3.3 dBi \/ 5 GHz: hasta 4.3 dBi<\/li>\n<\/ul><\/div>\n<\/p><\/div>\n<div style='flex: 1 1 250px; border: 1px solid rgba(150&comma; 150&comma; 150&comma; 0.4); border-radius: 8px; overflow: hidden; display: flex; flex-direction: column;'>\n<div style='padding: 15px; border-bottom: 1px solid rgba(150&comma; 150&comma; 150&comma; 0.2); font-weight: bold; font-size: 18px; color: inherit;'>Otros<\/div>\n<div style='padding: 15px; color: inherit;'>\n<ul style='padding-left: 20px; margin: 0; font-size: 14px; list-style-type: disc;'>\n<li style='margin-bottom: 5px;'><strong>Montaje:<\/strong> Techo\/Pared (kit incluido)<\/li>\n<li style='margin-bottom: 5px;'><strong>Protecci\u00f3n:<\/strong> IP54<\/li>\n<li style='margin-bottom: 5px;'><strong>Gesti\u00f3n web:<\/strong> Mediante la plataforma en la nube GRATUITA: <a href='https:\/\/manage.alta.inc\/' style='color: inherit; text-decoration: underline;'>P\u00e1gina Alta Labs<\/a><\/li>\n<li style='margin-bottom: 5px;'><strong>Garant\u00eda:<\/strong> 3 a\u00f1os<\/li>\n<li style='margin-bottom: 5px;'><strong>Funciones Avanzadas:<\/strong> M\u00faltiples SSID&comma; Diferentes Niveles de seguridad&comma; Soporta MESH&comma; Usuarios Concurrentes: 350&comma; Programaci\u00f3n Inteligente WiFi&comma; VLAN&comma; QoS Avanzado&comma; Filtrado Avanzado DPI&comma; Contrase\u00f1as AltaPass para el SSID<\/li>\n<li style='margin-bottom: 5px;'><strong>Contenido del Paquete:<\/strong> AP6-Pro&comma; Kit de montaje pared\/techo&comma; <span style='color: #c0392b;'>No incluye Inyector<\/span>: Recomendar el modelo: <a href='https:\/\/www.syscom.mx\/producto\/INJECTOR-POE+-ALTA-LABS-229193.html' style='color: inherit; text-decoration: underline;'>INJECTOR-PoE+<\/a><\/li>\n<\/ul><\/div>\n<\/p><\/div>\n<\/p><\/div>\n<hr style='border: 0; border-top: 1px solid rgba(150&comma; 150&comma; 150&comma; 0.3); margin: 30px 0;'> <\/div>\n","protected":false},"excerpt":{"rendered":"<p>Punto de Acceso Wi-Fi 6 de 6.3 Gbps para 350 Usuarios \/ MU-MIMO 4X4 \/ Adopci\u00f3n F\u00e1cil por Bluetooth \/ Para Interior \/ Montaje R\u00e1pido QuickMount\u2122 para Techo o Pared \/ DPI para Bloqueo de Aplicaciones \/ Compatible con la Plataforma<\/p>\n","protected":false},"featured_media":91254,"comment_status":"open","ping_status":"closed","template":"","meta":[],"product_brand":[],"product_cat":[1794],"product_tag":[2148,1795,1479],"class_list":{"0":"post-91255","1":"product","2":"type-product","3":"status-publish","4":"has-post-thumbnail","6":"product_cat-puntos-de-acceso","7":"product_tag-alta-labs","8":"product_tag-puntos-de-acceso","9":"product_tag-redes-wifi","11":"first","12":"instock","13":"sale","14":"shipping-taxable","15":"purchasable","16":"product-type-simple"},"_links":{"self":[{"href":"https:\/\/soydeaqui.ddns.net\/pachuca\/index.php\/wp-json\/wp\/v2\/product\/91255","targetHints":{"allow":["GET"]}}],"collection":[{"href":"https:\/\/soydeaqui.ddns.net\/pachuca\/index.php\/wp-json\/wp\/v2\/product"}],"about":[{"href":"https:\/\/soydeaqui.ddns.net\/pachuca\/index.php\/wp-json\/wp\/v2\/types\/product"}],"replies":[{"embeddable":true,"href":"https:\/\/soydeaqui.ddns.net\/pachuca\/index.php\/wp-json\/wp\/v2\/comments?post=91255"}],"wp:featuredmedia":[{"embeddable":true,"href":"https:\/\/soydeaqui.ddns.net\/pachuca\/index.php\/wp-json\/wp\/v2\/media\/91254"}],"wp:attachment":[{"href":"https:\/\/soydeaqui.ddns.net\/pachuca\/index.php\/wp-json\/wp\/v2\/media?parent=91255"}],"wp:term":[{"taxonomy":"product_brand","embeddable":true,"href":"https:\/\/soydeaqui.ddns.net\/pachuca\/index.php\/wp-json\/wp\/v2\/product_brand?post=91255"},{"taxonomy":"product_cat","embeddable":true,"href":"https:\/\/soydeaqui.ddns.net\/pachuca\/index.php\/wp-json\/wp\/v2\/product_cat?post=91255"},{"taxonomy":"product_tag","embeddable":true,"href":"https:\/\/soydeaqui.ddns.net\/pachuca\/index.php\/wp-json\/wp\/v2\/product_tag?post=91255"}],"curies":[{"name":"wp","href":"https:\/\/api.w.org\/{rel}","templated":true}]}}