{"id":91240,"date":"2026-03-20T04:20:21","date_gmt":"2026-03-20T04:20:21","guid":{"rendered":"https:\/\/soydeaqui.ddns.net\/pachuca\/index.php\/producto\/procesador-matricial-de-audio-26-entradas-8-salidas-ideal-para-instalaciones-comerciales\/"},"modified":"2026-03-20T04:20:24","modified_gmt":"2026-03-20T04:20:24","slug":"procesador-matricial-de-audio-26-entradas-8-salidas-ideal-para-instalaciones-comerciales","status":"publish","type":"product","link":"https:\/\/soydeaqui.ddns.net\/pachuca\/index.php\/producto\/procesador-matricial-de-audio-26-entradas-8-salidas-ideal-para-instalaciones-comerciales\/","title":{"rendered":"Procesador Matricial de Audio | 26 Entradas | 8 Salidas | Ideal para Instalaciones Comerciales"},"content":{"rendered":"<div style='width: 100%; max-width: 1200px; margin: 0 auto; font-family: sans-serif; line-height: 1.6; color: inherit; background-color: transparent;'> <!-- Imagen 1 --> <\/p>\n<div style='margin-bottom: 30px;'> <img style='width: 100%; height: auto; border: 1px solid rgba(150&comma;150&comma;150&comma;0.3); border-radius: 8px;' src='https:\/\/ftp3.syscom.mx\/usuarios\/cesar.garcia\/Yamaha\/Procesadores\/Series_header_mtx.png' alt=''> <\/div>\n<p> <!-- T\u00edtulo principal --> <\/p>\n<h2 style='font-size: 24px; text-align: center; margin: 30px 0; color: inherit; opacity: 0.9;'> El Coraz\u00f3n de su Soluci\u00f3n de Audio Comercial <\/h2>\n<p> <!-- Secci\u00f3n con imagen y texto --> <\/p>\n<div style='display: flex; flex-wrap: wrap; gap: 30px; margin: 40px 0;'>\n<div style='flex: 1 1 300px; min-width: 280px;'>\n<h3 style='font-size: 18px; border-bottom: 2px solid currentColor; padding-bottom: 5px; margin-top: 0; color: inherit; opacity: 0.8;'> Procesamiento para Instalaciones Comerciales <\/h3>\n<p style='font-size: 15px; color: inherit; opacity: 0.9;'> Dise\u00f1adas principalmente para instalaciones comerciales multi-zona&comma; los procesadores de la Serie MTX de la matriz est\u00e1n equipados con funciones de procesamiento flexibles que son esenciales para una amplia variedad de aplicaciones tales como tiendas&comma; restaurantes \/ bares o salas de banquetes. <\/p>\n<h3 style='font-size: 18px; border-bottom: 2px solid currentColor; padding-bottom: 5px; margin-top: 25px; color: inherit; opacity: 0.8;'> Software dedicado para el Dise\u00f1o total del Sistema de Sonido <\/h3>\n<p style='font-size: 15px; color: inherit; opacity: 0.9;'> Responsable de las funciones de procesamiento esenciales del dise\u00f1o de su sistema&comma; los procesadores MTX le permiten configurar&comma; programar y administrar una soluci\u00f3n de sonido completo a trav\u00e9s de la intuitiva interfaz de la aplicaci\u00f3n de software que lo acompa\u00f1a&comma; MTX Editor. <\/p>\n<h3 style='font-size: 18px; border-bottom: 2px solid currentColor; padding-bottom: 5px; margin-top: 25px; color: inherit; opacity: 0.8;'> M\u00faltiples Funciones en un Solo Equipo <\/h3>\n<p style='font-size: 15px; color: inherit; opacity: 0.9;'> MTX-MRX Editor es una aplicaci\u00f3n de software que se dedica a la configuraci\u00f3n y administraci\u00f3n de sistemas de sonido construidos alrededor de los procesadores de se\u00f1al de las series MTX y MRX. Puede mezclar audio de micr\u00f3fonos&comma; CD&comma; archivos MP3 y WAV&comma; entregar diferentes contenidos a m\u00faltiples zonas&comma; configurar la reproducci\u00f3n de m\u00fasica activada por temporizador y anuncios&comma; y mucho m\u00e1s. MTX-MRX Editor facilita la administraci\u00f3n y distribuci\u00f3n de sonido optimizado para \u00e1reas separadas de una tienda o instalaci\u00f3n desde una sola computadora. <\/p>\n<\/p><\/div>\n<div style='flex: 1 1 300px; min-width: 280px; display: flex; align-items: center; justify-content: center;'> <img style='width: 100%; height: auto; border: 1px solid rgba(150&comma;150&comma;150&comma;0.3); border-radius: 8px;' src='http:\/\/ftp3.syscom.mx\/usuarios\/cesar.garcia\/Yamaha\/Procesadores\/feature_mrx_editor.png' alt=''> <\/div>\n<\/p><\/div>\n<p> <!-- Imagen adicional --> <\/p>\n<div style='margin: 40px 0;'> <img style='width: 100%; height: auto; border: 1px solid rgba(150&comma;150&comma;150&comma;0.3); border-radius: 8px;' src='http:\/\/ftp3.syscom.mx\/usuarios\/cesar.garcia\/Yamaha\/Procesadores\/Yamaha-mtx_xmv_rack_closeup-500x750-1.jpg' alt=''> <\/div>\n<p> <!-- Secci\u00f3n de especificaciones --> <\/p>\n<div style='display: flex; flex-wrap: wrap; gap: 20px; margin: 40px 0;'>\n<div style='flex: 1 1 300px; min-width: 280px;'>\n<h3 style='font-size: 18px; border-bottom: 2px solid currentColor; padding-bottom: 5px; margin-top: 0; color: inherit; opacity: 0.8;'> Caracter\u00edsticas Generales <\/h3>\n<ul style='padding-left: 20px; font-size: 14px; color: inherit;'>\n<li style='margin-bottom: 5px;'>Entradas: 8 mono (mic\/l\u00ednea)&comma; 2 est\u00e9reo (l\u00ednea)&comma; 16 digitales (YDIF*)<\/li>\n<li style='margin-bottom: 5px;'>Salidas: 8 mono (l\u00ednea)&comma; 16 digitales (YDIF*)<\/li>\n<li style='margin-bottom: 5px;'>Phantom Power +48V<\/li>\n<li style='margin-bottom: 5px;'>Bah\u00eda para tarjeta SD para reproducci\u00f3n de archivos MP3\/WAV<\/li>\n<li style='margin-bottom: 5px;'> <strong>Procesos en canales de entrada<\/strong>\n<ul style='padding-left: 20px; margin: 8px 0;'>\n<li style='margin-bottom: 5px;'>Mono: Ecualizador&comma; Compresor&comma; Gate&comma; Control de Ganancia Autom\u00e1tica&comma; Supresor de Feedback (solo Ch 1- 4)<\/li>\n<li style='margin-bottom: 5px;'>Est\u00e9reo: Ecualizador&comma; Compresor&comma; Control Autom\u00e1tico de Ganancia<\/li>\n<\/ul>\n<\/li>\n<li style='margin-bottom: 5px;'>Procesos en canales de salida: Delay&comma; Ecualizador&comma; Crossover (1 y 2 vias)&comma; Limitador<\/li>\n<li style='margin-bottom: 5px;'>N\u00famero de presets: 50<\/li>\n<\/ul><\/div>\n<div style='flex: 1 1 300px; min-width: 280px;'>\n<h3 style='font-size: 18px; border-bottom: 2px solid currentColor; padding-bottom: 5px; margin-top: 0; color: inherit; opacity: 0.8;'> Especificaciones T\u00e9cnicas <\/h3>\n<ul style='padding-left: 20px; font-size: 14px; color: inherit;'>\n<li style='margin-bottom: 5px;'>Frecuencia de muestreo: 48kHz \/ 44.1kHz<\/li>\n<li style='margin-bottom: 5px;'>THD: &lt;0.05% (+4dBu&comma; Ganancia:-6dB)&comma; &lt;0.1% (+4dBu&comma; Gain:+66dB)<\/li>\n<li style='margin-bottom: 5px;'>Consumo de Energ\u00eda: 50W<\/li>\n<li style='margin-bottom: 5px;'>Medidas: 480mm x 44mm x 362mm (W x H x D)<\/li>\n<li style='margin-bottom: 5px;'>Peso: 4.8kg<\/li>\n<li style='margin-bottom: 5px;'>Alimentaci\u00f3n: 100 &#8211; 240Vca 50Hz\/60Hz<\/li>\n<\/ul>\n<p style='font-size: 14px; color: inherit; opacity: 0.9; margin-top: 20px;'> * YDIF: Tecnolog\u00eda propietaria de Yamaha que proporciona 16 canales de audio y transmisi\u00f3n word clock mediante un cable ethernet CAT5 est\u00e1ndar. El formato YDIF se puede utilizar para conectar en cascada varios procesadores de la serie MTX o para enviar se\u00f1al de audio a amplificadores de la serie XMV con un cableado muy simple de hasta 30 metros. <\/p>\n<\/p><\/div>\n<\/p><\/div>\n<p> <!-- Gif --> <\/p>\n<div style='margin: 40px 0;'> <img style='width: 80%; height: auto; border: 1px solid rgba(150&comma;150&comma;150&comma;0.3); border-radius: 8px; margin: 0 auto; display: block;' src='http:\/\/ftp3.syscom.mx\/usuarios\/cesar.garcia\/Yamaha\/Procesadores\/processor_mtxv3_overview.png' alt=''> <\/div>\n<p> <!-- Videos --> <\/p>\n<div style='margin: 40px 0;'>\n<h3 style='font-size: 18px; border-bottom: 2px solid currentColor; padding-bottom: 5px; margin-bottom: 20px; color: inherit; opacity: 0.8;'> VIDEOS <\/h3>\n<div style='display: flex; flex-wrap: wrap; gap: 20px;'>\n<div style='flex: 1 1 300px; min-width: 280px; position: relative; padding-bottom: 56.25%; height: 0; overflow: hidden;'>   <\/div>\n<div style='flex: 1 1 300px; min-width: 280px; position: relative; padding-bottom: 56.25%; height: 0; overflow: hidden;'>   <\/div>\n<div style='flex: 1 1 300px; min-width: 280px; position: relative; padding-bottom: 56.25%; height: 0; overflow: hidden;'>   <\/div>\n<\/p><\/div>\n<\/p><\/div>\n<\/p><\/div>\n","protected":false},"excerpt":{"rendered":"<p>Procesador Matricial de Audio | 26 Entradas | 8 Salidas | Ideal para Instalaciones Comerciales<\/p>\n","protected":false},"featured_media":91239,"comment_status":"open","ping_status":"closed","template":"","meta":[],"product_brand":[],"product_cat":[2213],"product_tag":[2126,2214,2128],"class_list":{"0":"post-91240","1":"product","2":"type-product","3":"status-publish","4":"has-post-thumbnail","6":"product_cat-procesadores","7":"product_tag-audio-profesional","8":"product_tag-procesadores","9":"product_tag-yamaha","11":"first","12":"instock","13":"sale","14":"shipping-taxable","15":"purchasable","16":"product-type-simple"},"_links":{"self":[{"href":"https:\/\/soydeaqui.ddns.net\/pachuca\/index.php\/wp-json\/wp\/v2\/product\/91240","targetHints":{"allow":["GET"]}}],"collection":[{"href":"https:\/\/soydeaqui.ddns.net\/pachuca\/index.php\/wp-json\/wp\/v2\/product"}],"about":[{"href":"https:\/\/soydeaqui.ddns.net\/pachuca\/index.php\/wp-json\/wp\/v2\/types\/product"}],"replies":[{"embeddable":true,"href":"https:\/\/soydeaqui.ddns.net\/pachuca\/index.php\/wp-json\/wp\/v2\/comments?post=91240"}],"wp:featuredmedia":[{"embeddable":true,"href":"https:\/\/soydeaqui.ddns.net\/pachuca\/index.php\/wp-json\/wp\/v2\/media\/91239"}],"wp:attachment":[{"href":"https:\/\/soydeaqui.ddns.net\/pachuca\/index.php\/wp-json\/wp\/v2\/media?parent=91240"}],"wp:term":[{"taxonomy":"product_brand","embeddable":true,"href":"https:\/\/soydeaqui.ddns.net\/pachuca\/index.php\/wp-json\/wp\/v2\/product_brand?post=91240"},{"taxonomy":"product_cat","embeddable":true,"href":"https:\/\/soydeaqui.ddns.net\/pachuca\/index.php\/wp-json\/wp\/v2\/product_cat?post=91240"},{"taxonomy":"product_tag","embeddable":true,"href":"https:\/\/soydeaqui.ddns.net\/pachuca\/index.php\/wp-json\/wp\/v2\/product_tag?post=91240"}],"curies":[{"name":"wp","href":"https:\/\/api.w.org\/{rel}","templated":true}]}}