{"id":91236,"date":"2026-03-20T04:20:08","date_gmt":"2026-03-20T04:20:08","guid":{"rendered":"https:\/\/soydeaqui.ddns.net\/pachuca\/index.php\/producto\/kit-de-accesorios-para-alimentacion-para-puntos-de-acceso-series-c1s-de-altai-super-wifi\/"},"modified":"2026-03-20T04:20:15","modified_gmt":"2026-03-20T04:20:15","slug":"kit-de-accesorios-para-alimentacion-para-puntos-de-acceso-series-c1s-de-altai-super-wifi","status":"publish","type":"product","link":"https:\/\/soydeaqui.ddns.net\/pachuca\/index.php\/producto\/kit-de-accesorios-para-alimentacion-para-puntos-de-acceso-series-c1s-de-altai-super-wifi\/","title":{"rendered":"Kit de Accesorios Para Alimentaci\u00f3n Para Puntos de Acceso Series C1\u00b4s de Altai Super WiFi"},"content":{"rendered":"<div style='width: 100%; max-width: 1200px; margin: 0 auto; font-family: sans-serif; line-height: 1.6; color: inherit; background-color: transparent;'> <!-- Imagen principal --> <\/p>\n<div style='text-align: center; margin: 30px 0;'> <img style='width: 100%; max-width: 300px; height: auto; border: 1px solid rgba(150&comma;150&comma;150&comma;0.3); border-radius: 8px;' src='https:\/\/ftp3.syscom.mx\/usuarios\/hortega\/Altai\/Altai.png' alt='Logo Altai'> <\/div>\n<p> <!-- Secci\u00f3n de caracter\u00edsticas --> <\/p>\n<div style='display: flex; flex-wrap: wrap; gap: 30px; margin-bottom: 30px;'>\n<div style='flex: 1 1 300px; min-width: 280px;'>\n<h3 style='font-size: 22px; border-bottom: 2px solid currentColor; padding-bottom: 5px; margin-top: 0; color: inherit; opacity: 0.8;'>Caracter\u00edsticas principales<\/h3>\n<ul style='padding-left: 20px; font-size: 15px; color: inherit;'>\n<li style='margin-bottom: 5px;'><strong>Especificaciones Adaptador AC y Plug<\/strong><\/li>\n<li style='margin-bottom: 5px;'>\u2022 Voltaje de entrada AC 90 \u2013 264 VAC (Max.) 100 \u2013 240 VAC (Nominal)<\/li>\n<li style='margin-bottom: 5px;'>\u2022 Frecuencia 47 \u2013 63 Hz (Max.) 50 Hz\/60 Hz (Nominal)<\/li>\n<li style='margin-bottom: 5px;'>\u2022 Corriente de entrada 500 mA (Max.)<\/li>\n<li style='margin-bottom: 5px;'>\u2022 Voltaje de salida 17.1 \u2013 18.9 VDC (Max.) 18 VDC (Nominal)<\/li>\n<li style='margin-bottom: 5px;'>\u2022 Corriente de salida 660 mA (Max.)<\/li>\n<li style='margin-bottom: 5px;'>\u2022 Rizo y ruido 150 mV<\/li>\n<\/ul><\/div>\n<div style='flex: 1 1 300px; min-width: 280px;'>\n<h3 style='font-size: 22px; border-bottom: 2px solid currentColor; padding-bottom: 5px; margin-top: 0; color: inherit; opacity: 0.8;'>Caracter\u00edsticas F\u00edsicas y El\u00e9ctricas<\/h3>\n<ul style='padding-left: 20px; font-size: 15px; color: inherit;'>\n<li style='margin-bottom: 5px;'>\u2022 Puertos PoE and LAN (2 x RJ45)<\/li>\n<li style='margin-bottom: 5px;'>\u2022 Ethernet 10\/100 Mbps<\/li>\n<li style='margin-bottom: 5px;'>\u2022 Pin de datos 1\/2 &#038; 3\/6<\/li>\n<li style='margin-bottom: 5px;'>\u2022 Pines de potencia 4\/5 &#038; 7\/8<\/li>\n<li style='margin-bottom: 5px;'>\u2022 Entrada DC 2.1x 5.5 mm DC jack<\/li>\n<li style='margin-bottom: 5px;'>\u2022 Indicador LED<\/li>\n<li style='margin-bottom: 5px;'>\u2022 Color Negro<\/li>\n<li style='margin-bottom: 5px;'>\u2022 Dimensiones 51 x 25 x 26.5 mm<\/li>\n<li style='margin-bottom: 5px;'>\u2022 Peso 25 g<\/li>\n<\/ul><\/div>\n<div style='flex: 1 1 300px; min-width: 280px;'>\n<h3 style='font-size: 22px; border-bottom: 2px solid currentColor; padding-bottom: 5px; margin-top: 0; color: inherit; opacity: 0.8;'>El paquete incluye<\/h3>\n<ul style='padding-left: 20px; font-size: 15px; color: inherit;'>\n<li style='margin-bottom: 5px;'>\u2022 1 Inyector PoE<\/li>\n<li style='margin-bottom: 5px;'>\u2022 1 Fuente de voltaje<\/li>\n<\/ul><\/div>\n<\/p><\/div>\n<p> <!-- Separador --> <\/p>\n<hr style='border: 0; border-top: 1px solid rgba(150&comma; 150&comma; 150&comma; 0.3); margin: 30px 0;'> <!-- Secci\u00f3n de videos --> <\/p>\n<div style='margin-bottom: 40px;'>\n<h3 style='font-size: 22px; border-bottom: 2px solid currentColor; padding-bottom: 5px; margin-top: 0; color: inherit; opacity: 0.8; margin-bottom: 20px;'>Videos de configuraci\u00f3n<\/h3>\n<p> <!-- Video 1 --> <\/p>\n<div style='position: relative; padding-bottom: 56.25%; height: 0; overflow: hidden; margin-bottom: 30px;'>   <\/div>\n<p> <!-- Video 2 --> <\/p>\n<div style='position: relative; padding-bottom: 56.25%; height: 0; overflow: hidden; margin-bottom: 30px;'>   <\/div>\n<\/p><\/div>\n<p> <!-- Secci\u00f3n de videos adicionales --> <\/p>\n<div style='display: flex; flex-wrap: wrap; gap: 20px; margin-bottom: 30px;'>\n<div style='flex: 1 1 300px; min-width: 280px;'>\n<div style='position: relative; padding-bottom: 56.25%; height: 0; overflow: hidden;'>   <\/div>\n<\/p><\/div>\n<div style='flex: 1 1 300px; min-width: 280px;'>\n<div style='position: relative; padding-bottom: 56.25%; height: 0; overflow: hidden;'>   <\/div>\n<\/p><\/div>\n<div style='flex: 1 1 300px; min-width: 280px;'>\n<div style='position: relative; padding-bottom: 56.25%; height: 0; overflow: hidden;'>   <\/div>\n<\/p><\/div>\n<\/p><\/div>\n<p> <!-- Nota importante --> <\/p>\n<div style='margin-top: 30px; padding: 15px; border-left: 5px solid #d35400; background-color: rgba(211&comma; 84&comma; 0&comma; 0.05);'>\n<p style='margin: 0; font-size: 14px; color: inherit;'> <em>La m\u00e1xima distancia en cobertura&comma; capacidad de dispositivos m\u00f3viles WiFi&comma; velocidades de conexi\u00f3n&comma; etc. depender\u00e1 particularmente de cada sitio de instalaci\u00f3n&comma; l\u00ednea de vista plena 100%&comma; niveles de ruido e interferencia&comma; tipo de dispositivos WiFi&comma; alineaci\u00f3n y altura de las antenas.<\/em> <\/p>\n<\/p><\/div>\n<\/p><\/div>\n","protected":false},"excerpt":{"rendered":"<p>Kit de Accesorios Para Alimentaci\u00f3n Para Puntos de Acceso Series C1\u00b4s de Altai Super WiFi<\/p>\n","protected":false},"featured_media":91235,"comment_status":"open","ping_status":"closed","template":"","meta":[],"product_brand":[],"product_cat":[1260],"product_tag":[1950,1261,664],"class_list":{"0":"post-91236","1":"product","2":"type-product","3":"status-publish","4":"has-post-thumbnail","6":"product_cat-inyectores-poe","7":"product_tag-altai-technologies","8":"product_tag-inyectores-poe","9":"product_tag-networking","11":"first","12":"instock","13":"sale","14":"shipping-taxable","15":"purchasable","16":"product-type-simple"},"_links":{"self":[{"href":"https:\/\/soydeaqui.ddns.net\/pachuca\/index.php\/wp-json\/wp\/v2\/product\/91236","targetHints":{"allow":["GET"]}}],"collection":[{"href":"https:\/\/soydeaqui.ddns.net\/pachuca\/index.php\/wp-json\/wp\/v2\/product"}],"about":[{"href":"https:\/\/soydeaqui.ddns.net\/pachuca\/index.php\/wp-json\/wp\/v2\/types\/product"}],"replies":[{"embeddable":true,"href":"https:\/\/soydeaqui.ddns.net\/pachuca\/index.php\/wp-json\/wp\/v2\/comments?post=91236"}],"wp:featuredmedia":[{"embeddable":true,"href":"https:\/\/soydeaqui.ddns.net\/pachuca\/index.php\/wp-json\/wp\/v2\/media\/91235"}],"wp:attachment":[{"href":"https:\/\/soydeaqui.ddns.net\/pachuca\/index.php\/wp-json\/wp\/v2\/media?parent=91236"}],"wp:term":[{"taxonomy":"product_brand","embeddable":true,"href":"https:\/\/soydeaqui.ddns.net\/pachuca\/index.php\/wp-json\/wp\/v2\/product_brand?post=91236"},{"taxonomy":"product_cat","embeddable":true,"href":"https:\/\/soydeaqui.ddns.net\/pachuca\/index.php\/wp-json\/wp\/v2\/product_cat?post=91236"},{"taxonomy":"product_tag","embeddable":true,"href":"https:\/\/soydeaqui.ddns.net\/pachuca\/index.php\/wp-json\/wp\/v2\/product_tag?post=91236"}],"curies":[{"name":"wp","href":"https:\/\/api.w.org\/{rel}","templated":true}]}}