{"id":91175,"date":"2026-03-20T04:17:16","date_gmt":"2026-03-20T04:17:16","guid":{"rendered":"https:\/\/soydeaqui.ddns.net\/pachuca\/index.php\/producto\/altavoz-compacto-1-5-pulgadas-montaje-en-superficie-rango-completo-para-musica-de-fondo-comercial-color-blanco\/"},"modified":"2026-03-20T04:17:28","modified_gmt":"2026-03-20T04:17:28","slug":"altavoz-compacto-1-5-pulgadas-montaje-en-superficie-rango-completo-para-musica-de-fondo-comercial-color-blanco","status":"publish","type":"product","link":"https:\/\/soydeaqui.ddns.net\/pachuca\/index.php\/producto\/altavoz-compacto-1-5-pulgadas-montaje-en-superficie-rango-completo-para-musica-de-fondo-comercial-color-blanco\/","title":{"rendered":"Altavoz Compacto | 1.5 Pulgadas | Montaje en Superficie | Rango Completo | Para M\u00fasica de Fondo Comercial | Color Blanco"},"content":{"rendered":"<div style='width: 100%; max-width: 1200px; margin: 0 auto; font-family: sans-serif; line-height: 1.6; color: inherit; background-color: transparent;'> <!-- Imagen introductoria --> <\/p>\n<div style='width: 100%; margin-bottom: 30px;'> <img style='width: 100%; height: auto; border: 1px solid rgba(150&comma;150&comma;150&comma;0.3); border-radius: 8px;' src='https:\/\/ftp3.syscom.mx\/usuarios\/sortiz\/AUDIO\/YAMAHA\/VXSseriesM\/SeriesVXSMIntro.PNG' alt=''> <\/div>\n<p> <!-- Secci\u00f3n con imagen y texto --> <\/p>\n<div style='display: flex; flex-wrap: wrap; gap: 30px; margin-bottom: 30px; align-items: center;'>\n<div style='flex: 1 1 300px; min-width: 280px;'> <img style='width: 100%; height: auto; border: 1px solid rgba(150&comma;150&comma;150&comma;0.3); border-radius: 8px;' src='https:\/\/ftp3.syscom.mx\/usuarios\/sortiz\/AUDIO\/YAMAHA\/VXSseriesM\/SeriesVXSMSurface.PNG' alt=''> <\/div>\n<div style='flex: 1 1 300px; min-width: 280px;'>\n<p style='font-size: 15px; color: inherit; text-align: justify; margin-top: 0;'> Un ambiente elegante depende de la decoraci\u00f3n&comma; iluminaci\u00f3n y sonido. Los modelos &#8216;M&#8217; de la serie VXS son altavoces compactos de montaje en superficie que aportan sofisticaci\u00f3n a espacios refinados. Ofrecen la mejor calidad de sonido en el menor espacio posible. Las curvas elegantes se mezclan en cualquier interior. La clave para un rendimiento s\u00f3nico extraordinario es una unidad de controlador de rango completo de 1&comma;5 pulgadas. Con 50 a\u00f1os de experiencia en altavoces&comma; este altavoz ofrece claridad y realismo musical asombroso. Sorprende su aspecto y su extraordinario sonido. <\/p>\n<\/p><\/div>\n<\/p><\/div>\n<p> <!-- Secci\u00f3n con texto e imagen invertida --> <\/p>\n<div style='display: flex; flex-wrap: wrap; gap: 30px; margin-bottom: 30px; align-items: center;'>\n<div style='flex: 1 1 300px; min-width: 280px; order: 2;'> <img style='width: 100%; height: auto; border: 1px solid rgba(150&comma;150&comma;150&comma;0.3); border-radius: 8px;' src='https:\/\/ftp3.syscom.mx\/usuarios\/sortiz\/AUDIO\/YAMAHA\/VXSseriesM\/SeriesVXSMSurface2.PNG' alt=''> <\/div>\n<div style='flex: 1 1 300px; min-width: 280px; order: 1;'>\n<p style='font-size: 15px; color: inherit; text-align: justify; margin-top: 0;'> Optimizado para la m\u00fasica de fondo&comma; la reproducci\u00f3n de m\u00fasica de fondo requiere una dispersi\u00f3n uniforme&comma; una respuesta de frecuencia uniforme y un nivel \u00f3ptimo de presi\u00f3n sonora para el espacio. El modelo M de la serie VXS ha sido dise\u00f1ado espec\u00edficamente para aplicaciones de m\u00fasica de fondo y cumple con todas las condiciones mencionadas al m\u00e1s alto grado. La dispersi\u00f3n horizontal y vertical amplia de 170\u00b0 proporciona una respuesta de frecuencia uniformemente precisa en toda el \u00e1rea de cobertura&comma; lo que brinda un sonido tan natural que el oyente puede creer err\u00f3neamente que se trata de una interpretaci\u00f3n musical en vivo. <\/p>\n<\/p><\/div>\n<\/p><\/div>\n<p> <!-- Imagen adicional --> <\/p>\n<div style='width: 100%; margin-bottom: 30px;'> <img style='width: 100%; height: auto; border: 1px solid rgba(150&comma;150&comma;150&comma;0.3); border-radius: 8px;' src='https:\/\/ftp3.syscom.mx\/usuarios\/sortiz\/AUDIO\/YAMAHA\/VXSseriesM\/VXSM1.PNG' alt=''> <\/div>\n<p> <!-- Caracter\u00edsticas --> <\/p>\n<div style='display: flex; flex-wrap: wrap; gap: 30px; margin-bottom: 30px;'>\n<div style='flex: 1 1 300px; min-width: 280px;'>\n<h3 style='font-size: 22px; border-bottom: 2px solid currentColor; padding-bottom: 5px; margin-top: 0; color: inherit; opacity: 0.8;'>Caracter\u00edsticas Generales<\/h3>\n<ul style='padding-left: 20px; font-size: 15px; color: inherit;'>\n<li style='margin-bottom: 5px;'><strong>Altavoz LF-HF<\/strong> Cono de 1&comma;5&#8242;<\/li>\n<li style='margin-bottom: 5px;'><strong>Baja impedancia:<\/strong> 8\u03a9 5W RMS<\/li>\n<li style='margin-bottom: 5px;'><strong>Sensibilidad:<\/strong> 79 dB<\/li>\n<li style='margin-bottom: 5px;'><strong>Conector de entrada\/salida:<\/strong> Euroblock (2 pines) \u00d7 1<\/li>\n<li style='margin-bottom: 5px;'><strong>Dise\u00f1o ac\u00fastico<\/strong> para una reproducci\u00f3n sofisticada y natural<\/li>\n<li style='margin-bottom: 5px;'><strong>Certificado:<\/strong> NFPA70&comma; CE&comma; RoHS<\/li>\n<li style='margin-bottom: 5px;'><strong>Cobertura nominal:<\/strong> 170\u00b0<\/li>\n<li style='margin-bottom: 5px;'><strong>Accesorios incluidos:<\/strong> Soporte de pared\/techo<\/li>\n<li style='margin-bottom: 5px;'><strong>Color:<\/strong> Blanco<\/li>\n<li style='margin-bottom: 5px;'><strong>Peso:<\/strong> 0.17 kg<\/li>\n<li style='margin-bottom: 5px;'><strong>Dimensiones:<\/strong> W62mm&comma; H:62mm&comma; D: 82mm<\/li>\n<\/ul><\/div>\n<\/p><\/div>\n<p> <!-- Separador --> <\/p>\n<hr style='border: 0; border-top: 1px solid rgba(150&comma; 150&comma; 150&comma; 0.3); margin: 30px 0;'> <!-- V\u00eddeos --> <\/p>\n<div style='margin-bottom: 30px;'>\n<h3 style='font-size: 22px; border-bottom: 2px solid currentColor; padding-bottom: 5px; margin-top: 0; color: inherit; opacity: 0.8; margin-bottom: 20px;'>VIDEOS<\/h3>\n<div style='display: flex; flex-wrap: wrap; gap: 20px;'>\n<div style='flex: 1 1 300px; min-width: 280px;'>\n<div style='position: relative; padding-bottom: 56.25%; height: 0; overflow: hidden;'>   <\/div>\n<\/p><\/div>\n<div style='flex: 1 1 300px; min-width: 280px;'>\n<div style='position: relative; padding-bottom: 56.25%; height: 0; overflow: hidden;'>   <\/div>\n<\/p><\/div>\n<div style='flex: 1 1 300px; min-width: 280px;'>\n<div style='position: relative; padding-bottom: 56.25%; height: 0; overflow: hidden;'>   <\/div>\n<\/p><\/div>\n<\/p><\/div>\n<\/p><\/div>\n<\/p><\/div>\n","protected":false},"excerpt":{"rendered":"<p>Altavoz Compacto | 1.5 Pulgadas | Montaje en Superficie | Rango Completo | Para M\u00fasica de Fondo Comercial | Color Blanco<\/p>\n","protected":false},"featured_media":91174,"comment_status":"open","ping_status":"closed","template":"","meta":[],"product_brand":[],"product_cat":[2202],"product_tag":[52,2203,2128],"class_list":{"0":"post-91175","1":"product","2":"type-product","3":"status-publish","4":"has-post-thumbnail","6":"product_cat-bocinas-pared","7":"product_tag-audio-residencial-comercial","8":"product_tag-bocinas-pared","9":"product_tag-yamaha","11":"first","12":"instock","13":"sale","14":"shipping-taxable","15":"purchasable","16":"product-type-simple"},"_links":{"self":[{"href":"https:\/\/soydeaqui.ddns.net\/pachuca\/index.php\/wp-json\/wp\/v2\/product\/91175","targetHints":{"allow":["GET"]}}],"collection":[{"href":"https:\/\/soydeaqui.ddns.net\/pachuca\/index.php\/wp-json\/wp\/v2\/product"}],"about":[{"href":"https:\/\/soydeaqui.ddns.net\/pachuca\/index.php\/wp-json\/wp\/v2\/types\/product"}],"replies":[{"embeddable":true,"href":"https:\/\/soydeaqui.ddns.net\/pachuca\/index.php\/wp-json\/wp\/v2\/comments?post=91175"}],"wp:featuredmedia":[{"embeddable":true,"href":"https:\/\/soydeaqui.ddns.net\/pachuca\/index.php\/wp-json\/wp\/v2\/media\/91174"}],"wp:attachment":[{"href":"https:\/\/soydeaqui.ddns.net\/pachuca\/index.php\/wp-json\/wp\/v2\/media?parent=91175"}],"wp:term":[{"taxonomy":"product_brand","embeddable":true,"href":"https:\/\/soydeaqui.ddns.net\/pachuca\/index.php\/wp-json\/wp\/v2\/product_brand?post=91175"},{"taxonomy":"product_cat","embeddable":true,"href":"https:\/\/soydeaqui.ddns.net\/pachuca\/index.php\/wp-json\/wp\/v2\/product_cat?post=91175"},{"taxonomy":"product_tag","embeddable":true,"href":"https:\/\/soydeaqui.ddns.net\/pachuca\/index.php\/wp-json\/wp\/v2\/product_tag?post=91175"}],"curies":[{"name":"wp","href":"https:\/\/api.w.org\/{rel}","templated":true}]}}