{"id":91168,"date":"2026-03-20T04:17:00","date_gmt":"2026-03-20T04:17:00","guid":{"rendered":"https:\/\/soydeaqui.ddns.net\/pachuca\/index.php\/producto\/altavoz-amplificado-10-in-potencia-700w-amplificacion-clase-d-hecho-en-madera-para-aplicaciones-de-instalacion-y-refuerzo-sonoro\/"},"modified":"2026-03-20T04:17:08","modified_gmt":"2026-03-20T04:17:08","slug":"altavoz-amplificado-10-in-potencia-700w-amplificacion-clase-d-hecho-en-madera-para-aplicaciones-de-instalacion-y-refuerzo-sonoro","status":"publish","type":"product","link":"https:\/\/soydeaqui.ddns.net\/pachuca\/index.php\/producto\/altavoz-amplificado-10-in-potencia-700w-amplificacion-clase-d-hecho-en-madera-para-aplicaciones-de-instalacion-y-refuerzo-sonoro\/","title":{"rendered":"Altavoz Amplificado 10 in | Potencia: 700w |\u00a0Amplificacion Clase-D | Hecho en Madera | Para aplicaciones de Instalacion y Refuerzo Sonoro"},"content":{"rendered":"<div style='width: 100%; max-width: 1200px; margin: 0 auto; font-family: sans-serif; line-height: 1.6; color: inherit; background-color: transparent;'> <!-- Imagen principal --> <\/p>\n<div style='width: 100%; margin-bottom: 30px;'> <img style='width: 100%; height: auto; border: 1px solid rgba(150&comma;150&comma;150&comma;0.3); border-radius: 8px;' src='https:\/\/ftp3.syscom.mx\/usuarios\/luis.vargas\/YAMAHA\/DHR\/DHR-1.png' alt='DHR10 frontal view'> <\/div>\n<p> <!-- T\u00edtulo destacado --> <\/p>\n<div style='text-align: center; margin-bottom: 30px;'>\n<h2 style='font-size: 24px; margin: 0; color: inherit; opacity: 0.8;'>Incre\u00edblemente simple. Impresionantemente profesional.<\/h2>\n<\/p><\/div>\n<p> <!-- Secci\u00f3n con imagen y texto --> <\/p>\n<div style='display: flex; flex-wrap: wrap; gap: 30px; margin-bottom: 30px;'>\n<div style='flex: 1 1 300px; min-width: 280px;'> <img style='width: 100%; height: auto; border: 1px solid rgba(150&comma;150&comma;150&comma;0.3); border-radius: 8px;' src='https:\/\/ftp3.syscom.mx\/usuarios\/luis.vargas\/YAMAHA\/DHR\/DHR-3.png' alt='DHR Series cabinet'> <\/div>\n<div style='flex: 1 1 300px; min-width: 280px;'>\n<div style='font-size: 16px; margin-bottom: 15px; color: inherit; opacity: 0.7;'>DHR Series<\/div>\n<p style='font-size: 14px; color: inherit;'> La serie DHR ofrece una soluci\u00f3n ideal para cualquiera que est\u00e9 lista para mejorar su acto de refuerzo de sonido a un nuevo nivel de calidad&comma; precisi\u00f3n y rendimiento de sonido. Los gabinetes Premium de madera contrachapada con acabados en un revestimiento de poliurea resistente brindan una durabilidad que no se encuentra en otros altavoces de esta clase. <\/p>\n<\/p><\/div>\n<\/p><\/div>\n<p> <!-- Secci\u00f3n con imagen y texto invertida --> <\/p>\n<div style='display: flex; flex-wrap: wrap; gap: 30px; margin-bottom: 30px; flex-direction: row-reverse;'>\n<div style='flex: 1 1 300px; min-width: 280px;'> <img style='width: 100%; height: auto; border: 1px solid rgba(150&comma;150&comma;150&comma;0.3); border-radius: 8px;' src='https:\/\/ftp3.syscom.mx\/usuarios\/luis.vargas\/YAMAHA\/DHR\/DHR-4.png' alt='DHR10 rear panel'> <\/div>\n<div style='flex: 1 1 300px; min-width: 280px;'>\n<p style='font-size: 14px; color: inherit;'> El DHR10 es un altavoz autoamplificado de dos v\u00edas y bi-amplificador equipado con un woofer de 10 pulgadas y un controlador HF de 1&comma;4 pulgadas&comma; y es perfecto para ser usado en instalaciones fijas. Combinando un m\u00f3dulo amplificador de 700 W y un DSP de alto rendimiento con la misma construcci\u00f3n de madera contrachapada de alto grado que se encuentra en la serie DZR de gama alta de Yamaha&comma; el DHR10 ofrece la mejor calidad de sonido y durabilidad de su clase. <\/p>\n<\/p><\/div>\n<\/p><\/div>\n<p> <!-- GIF animado --> <\/p>\n<div style='width: 100%; margin-bottom: 30px;'> <img style='width: 100%; height: auto; border: 1px solid rgba(150&comma;150&comma;150&comma;0.3); border-radius: 8px;' src='https:\/\/ftp3.syscom.mx\/usuarios\/luis.vargas\/YAMAHA\/DHR\/DHR-2.gif' alt='DHR10 operation demo'> <\/div>\n<p> <!-- Caracter\u00edsticas principales --> <\/p>\n<div style='display: flex; flex-wrap: wrap; gap: 30px; margin-bottom: 30px;'>\n<div style='flex: 1 1 300px; min-width: 280px;'>\n<h3 style='font-size: 22px; border-bottom: 2px solid currentColor; padding-bottom: 5px; margin-top: 0; color: inherit; opacity: 0.8;'>Caracter\u00edsticas Generales<\/h3>\n<ul style='padding-left: 20px; font-size: 14px; color: inherit;'>\n<li style='margin-bottom: 5px;'><strong>Tipo de Altavoz:<\/strong> Altavoz activa de 2 v\u00edas bi-amplificado&comma; reflejo de bajo<\/li>\n<li style='margin-bottom: 5px;'><strong>Rango de Frecuencia:<\/strong> 52Hz &#8211; 20kHz<\/li>\n<li style='margin-bottom: 5px;'><strong>Zonda de cobertura:<\/strong> H90\u00ba x V60\u00ba (Giratorio)<\/li>\n<li style='margin-bottom: 5px;'><strong>Nivel m\u00e1ximo de salida:<\/strong> 128 dB SPL<\/li>\n<li style='margin-bottom: 5px;'><strong>Potencia Nominal:<\/strong><\/li>\n<ul style='padding-left: 25px; margin-top: 5px; margin-bottom: 5px;'>\n<li style='margin-bottom: 5px;'>Din\u00e1mica: 700 W (LF: 500 W&comma; HF: 200 W) *1<\/li>\n<li style='margin-bottom: 5px;'>Continua: 325 W (LF: 260 W&comma; HF: 65 W)<\/li>\n<\/ul>\n<li style='margin-bottom: 5px;'><strong>Conectores I\/O:<\/strong><\/li>\n<ul style='padding-left: 25px; margin-top: 5px; margin-bottom: 5px;'>\n<li style='margin-bottom: 5px;'>INPUT1: Combo x1&comma; INPUT2: Combo x1 + RCA pin x 2 (No balanceado)<\/li>\n<li style='margin-bottom: 5px;'>OUTPUT: XLR3-32 x 1 (CH1 Paralelo o Mezcla CH1+CH2)<\/li>\n<\/ul>\n<\/ul><\/div>\n<div style='flex: 1 1 300px; min-width: 280px;'>\n<h3 style='font-size: 22px; border-bottom: 2px solid currentColor; padding-bottom: 5px; margin-top: 0; color: inherit; opacity: 0.8;'>Especificaciones F\u00edsicas<\/h3>\n<ul style='padding-left: 20px; font-size: 14px; color: inherit;'>\n<li style='margin-bottom: 5px;'><strong>Medidas:<\/strong><\/li>\n<ul style='padding-left: 25px; margin-top: 5px; margin-bottom: 5px;'>\n<li style='margin-bottom: 5px;'>W (ancho) 305 mm (12&comma;0&#8242;)<\/li>\n<li style='margin-bottom: 5px;'>H (altura) 494 mm (19&comma;5&#8242;) (con patas de goma)<\/li>\n<li style='margin-bottom: 5px;'>D (profundidad) 300 mm (11&comma;8&#8242;)<\/li>\n<\/ul>\n<li style='margin-bottom: 5px;'><strong>Peso neto:<\/strong> 15kg<\/li>\n<li style='margin-bottom: 5px;'><strong>Soporte en U (Opcional):<\/strong> UB-DXRDHR10<\/li>\n<li style='margin-bottom: 5px;'><strong>Un orificio de poste:<\/strong> Para usar en un soporte<\/li>\n<li style='margin-bottom: 5px;'><strong>Puntos de montaje:<\/strong> Para usar con armellas<\/li>\n<li style='margin-bottom: 5px;'><strong>Material del gabinete:<\/strong> Madera contrachapada<\/li>\n<li style='margin-bottom: 5px;'><strong>Acabado:<\/strong> Pintura poliuretano durable&comma; negro<\/li>\n<\/ul><\/div>\n<\/p><\/div>\n<p> <!-- Videos --> <\/p>\n<div style='margin-bottom: 30px;'>\n<h3 style='font-size: 22px; border-bottom: 2px solid currentColor; padding-bottom: 5px; margin-top: 0; margin-bottom: 20px; color: inherit; opacity: 0.8;'>VIDEOS<\/h3>\n<div style='display: flex; flex-wrap: wrap; gap: 20px;'>\n<div style='flex: 1 1 300px; min-width: 280px; position: relative; padding-bottom: 56.25%; height: 0; overflow: hidden;'>   <\/div>\n<div style='flex: 1 1 300px; min-width: 280px; position: relative; padding-bottom: 56.25%; height: 0; overflow: hidden;'>   <\/div>\n<div style='flex: 1 1 300px; min-width: 280px; position: relative; padding-bottom: 56.25%; height: 0; overflow: hidden;'>   <\/div>\n<\/p><\/div>\n<\/p><\/div>\n<p> <!-- Separador final --> <\/p>\n<hr style='border: 0; border-top: 1px solid rgba(150&comma; 150&comma; 150&comma; 0.3); margin: 30px 0;'> <\/div>\n","protected":false},"excerpt":{"rendered":"<p>Altavoz Amplificado 10 in | Potencia: 700w |\u00a0Amplificacion Clase-D | Hecho en Madera | Para aplicaciones de Instalacion y Refuerzo Sonoro<\/p>\n","protected":false},"featured_media":91167,"comment_status":"open","ping_status":"closed","template":"","meta":[],"product_brand":[],"product_cat":[2134],"product_tag":[2126,2135,2128],"class_list":{"0":"post-91168","1":"product","2":"type-product","3":"status-publish","4":"has-post-thumbnail","6":"product_cat-bocinas-activas","7":"product_tag-audio-profesional","8":"product_tag-bocinas-activas","9":"product_tag-yamaha","11":"first","12":"instock","13":"sale","14":"shipping-taxable","15":"purchasable","16":"product-type-simple"},"_links":{"self":[{"href":"https:\/\/soydeaqui.ddns.net\/pachuca\/index.php\/wp-json\/wp\/v2\/product\/91168","targetHints":{"allow":["GET"]}}],"collection":[{"href":"https:\/\/soydeaqui.ddns.net\/pachuca\/index.php\/wp-json\/wp\/v2\/product"}],"about":[{"href":"https:\/\/soydeaqui.ddns.net\/pachuca\/index.php\/wp-json\/wp\/v2\/types\/product"}],"replies":[{"embeddable":true,"href":"https:\/\/soydeaqui.ddns.net\/pachuca\/index.php\/wp-json\/wp\/v2\/comments?post=91168"}],"wp:featuredmedia":[{"embeddable":true,"href":"https:\/\/soydeaqui.ddns.net\/pachuca\/index.php\/wp-json\/wp\/v2\/media\/91167"}],"wp:attachment":[{"href":"https:\/\/soydeaqui.ddns.net\/pachuca\/index.php\/wp-json\/wp\/v2\/media?parent=91168"}],"wp:term":[{"taxonomy":"product_brand","embeddable":true,"href":"https:\/\/soydeaqui.ddns.net\/pachuca\/index.php\/wp-json\/wp\/v2\/product_brand?post=91168"},{"taxonomy":"product_cat","embeddable":true,"href":"https:\/\/soydeaqui.ddns.net\/pachuca\/index.php\/wp-json\/wp\/v2\/product_cat?post=91168"},{"taxonomy":"product_tag","embeddable":true,"href":"https:\/\/soydeaqui.ddns.net\/pachuca\/index.php\/wp-json\/wp\/v2\/product_tag?post=91168"}],"curies":[{"name":"wp","href":"https:\/\/api.w.org\/{rel}","templated":true}]}}