{"id":91157,"date":"2026-03-20T04:16:33","date_gmt":"2026-03-20T04:16:33","guid":{"rendered":"https:\/\/soydeaqui.ddns.net\/pachuca\/index.php\/producto\/controlador-de-pared-digital-para-series-mtx-mrx\/"},"modified":"2026-03-20T04:16:40","modified_gmt":"2026-03-20T04:16:40","slug":"controlador-de-pared-digital-para-series-mtx-mrx","status":"publish","type":"product","link":"https:\/\/soydeaqui.ddns.net\/pachuca\/index.php\/producto\/controlador-de-pared-digital-para-series-mtx-mrx\/","title":{"rendered":"CONTROLADOR DE PARED DIGITAL PARA SERIES MTX \/ MRX"},"content":{"rendered":"<div style='width: 100%; max-width: 1200px; margin: 0 auto; font-family: sans-serif; line-height: 1.6; color: inherit; background-color: transparent;'> <!-- Imagen 1 --> <\/p>\n<div style='width: 100%; margin-bottom: 30px;'> <img style='width: 100%; height: auto; border: 1px solid rgba(150&comma;150&comma;150&comma;0.3); border-radius: 8px;' src='https:\/\/ftp3.syscom.mx\/usuarios\/luis.vargas\/YAMAHA\/XMV\/MTX%20serieshires.PNG' alt='Panel de control de pared MCP1'> <\/div>\n<p> <!-- T\u00edtulo --> <\/p>\n<h2 style='font-size: 28px; border-bottom: 2px solid currentColor; padding-bottom: 5px; margin-top: 0; color: inherit; opacity: 0.8; margin-bottom: 20px;'>Panel de control de pared MCP1<\/h2>\n<p> <!-- Contenido principal con flex --> <\/p>\n<div style='display: flex; flex-wrap: wrap; gap: 30px; margin-bottom: 30px;'>\n<div style='flex: 1 1 300px; min-width: 280px;'>\n<div style='font-size: 18px; margin-bottom: 15px; color: inherit; opacity: 0.8;'>MTX Series<\/div>\n<p style='font-size: 15px; color: inherit; margin-top: 0;'> El Yamaha MCP1 es un panel de control avanzado de montaje en pared para controlar los sistemas MTX y MRX. Su pantalla de matriz de puntos y compatibilidad con caracteres universales facilita el etiquetado din\u00e1mico en muchos idiomas&comma; incluidos japon\u00e9s&comma; chino y \u00e1rabe. Se pueden asignar hasta 36 par\u00e1metros a la p\u00e1gina de inicio principal a cualquiera de las seis subp\u00e1ginas. Cualquiera de estas p\u00e1ginas puede protegerse del acceso no autorizado mediante el uso de un c\u00f3digo PIN programable. Se pueden agregar hasta 16 unidades de MCP1 a un sistema MTX \/ MRX. <\/p>\n<\/p><\/div>\n<div style='flex: 1 1 300px; min-width: 280px;'> <img style='width: 100%; height: auto; border: 1px solid rgba(150&comma;150&comma;150&comma;0.3); border-radius: 8px;' src='https:\/\/ftp3.syscom.mx\/usuarios\/sortiz\/AUDIO\/YAMAHA\/MCP1Panel.PNG' alt='Panel de control Yamaha MCP1'> <\/div>\n<\/p><\/div>\n<p> <!-- Contenido adicional con flex --> <\/p>\n<div style='display: flex; flex-wrap: wrap; gap: 30px; margin-bottom: 30px;'>\n<div style='flex: 1 1 300px; min-width: 280px;'>\n<p style='font-size: 15px; color: inherit; margin-top: 0;'> La serie ProVisionaire proporciona una manera f\u00e1cil e intuitiva de crear controladores originales que est\u00e1n configurados idealmente para la instalaci\u00f3n de destino. Hay varias p\u00e1ginas de dise\u00f1o disponibles para que se puedan proporcionar diferentes paneles de control para diferentes zonas de audio y\/o usuarios&comma; con ajustes preestablecidos y ajustes de par\u00e1metros optimizados para cada uno. No se requieren habilidades de programaci\u00f3n especializadas. Una interfaz intuitiva facilita la creaci\u00f3n de faders para control de volumen y conmutadores para selecci\u00f3n de fuente <\/p>\n<\/p><\/div>\n<div style='flex: 1 1 300px; min-width: 280px;'> <img style='width: 100%; height: auto; border: 1px solid rgba(150&comma;150&comma;150&comma;0.3); border-radius: 8px;' src='https:\/\/ftp3.syscom.mx\/usuarios\/sortiz\/AUDIO\/YAMAHA\/MCP1ejemplo2.PNG' alt='Ejemplo 2 Yamaha MCP1'> <\/div>\n<\/p><\/div>\n<p> <!-- Imagen GIF --> <\/p>\n<div style='width: 100%; margin-bottom: 30px;'> <img style='width: 100%; height: auto; border: 1px solid rgba(150&comma;150&comma;150&comma;0.3); border-radius: 8px;' src='https:\/\/ftp3.syscom.mx\/usuarios\/luis.vargas\/YAMAHA\/XMV\/video_gifYamaha.gif' alt='Funcionamiento del panel MCP1'> <\/div>\n<p> <!-- Caracter\u00edsticas --> <\/p>\n<div style='display: flex; flex-wrap: wrap; gap: 20px; margin-bottom: 30px;'>\n<div style='flex: 1 1 250px; border: 1px solid rgba(150&comma; 150&comma; 150&comma; 0.4); border-radius: 8px; overflow: hidden; display: flex; flex-direction: column;'>\n<div style='padding: 15px; border-bottom: 1px solid rgba(150&comma; 150&comma; 150&comma; 0.2); font-weight: bold; font-size: 18px; color: inherit;'>Caracter\u00edsticas Generales<\/div>\n<div style='padding: 15px; color: inherit;'>\n<ul style='padding-left: 20px; margin: 0; font-size: 14px; list-style-type: disc;'>\n<li style='margin-bottom: 5px;'>Se pueden asignar 6 botones a cualquier funci\u00f3n * Las funciones de la serie MTX \/ MRX (componentes) se especifican a trav\u00e9s del Editor MTX-MRX<\/li>\n<li style='margin-bottom: 5px;'>Pantallas en varios idiomas compatibles<\/li>\n<li style='margin-bottom: 5px;'>Cuatro niveles de usuario para la gesti\u00f3n de acceso<\/li>\n<li style='margin-bottom: 5px;'>Se pueden conectar hasta 16 unidades por sistema<\/li>\n<li style='margin-bottom: 5px;'>PoE powered<\/li>\n<li style='margin-bottom: 5px;'>Adaptador de lata posterior suministrado<\/li>\n<li style='margin-bottom: 5px;'>Dimensiones: 149 (W) x 125 (H) x 18 (D) mm<\/li>\n<li style='margin-bottom: 5px;'>Peso: 0.5 kg<\/li>\n<\/ul><\/div>\n<\/p><\/div>\n<\/p><\/div>\n<p> <!-- Separador --> <\/p>\n<hr style='border: 0; border-top: 1px solid rgba(150&comma; 150&comma; 150&comma; 0.3); margin: 30px 0;'> <!-- Videos --> <\/p>\n<div style='display: flex; flex-wrap: wrap; gap: 30px; margin-bottom: 30px;'>\n<div style='flex: 1 1 300px; min-width: 280px;'>\n<div style='position: relative; padding-bottom: 56.25%; height: 0; overflow: hidden; margin-bottom: 30px;'>   <\/div>\n<\/p><\/div>\n<div style='flex: 1 1 300px; min-width: 280px;'>\n<div style='position: relative; padding-bottom: 56.25%; height: 0; overflow: hidden; margin-bottom: 30px;'>   <\/div>\n<\/p><\/div>\n<div style='flex: 1 1 300px; min-width: 280px;'>\n<div style='position: relative; padding-bottom: 56.25%; height: 0; overflow: hidden; margin-bottom: 30px;'>   <\/div>\n<\/p><\/div>\n<\/p><\/div>\n<\/p><\/div>\n","protected":false},"excerpt":{"rendered":"<p>CONTROLADOR DE PARED DIGITAL PARA SERIES MTX \/ MRX<\/p>\n","protected":false},"featured_media":91156,"comment_status":"open","ping_status":"closed","template":"","meta":[],"product_brand":[],"product_cat":[2209],"product_tag":[52,2210,2128],"class_list":{"0":"post-91157","1":"product","2":"type-product","3":"status-publish","4":"has-post-thumbnail","6":"product_cat-control-de-volumen","7":"product_tag-audio-residencial-comercial","8":"product_tag-control-de-volumen","9":"product_tag-yamaha","11":"first","12":"outofstock","13":"sale","14":"shipping-taxable","15":"purchasable","16":"product-type-simple"},"_links":{"self":[{"href":"https:\/\/soydeaqui.ddns.net\/pachuca\/index.php\/wp-json\/wp\/v2\/product\/91157","targetHints":{"allow":["GET"]}}],"collection":[{"href":"https:\/\/soydeaqui.ddns.net\/pachuca\/index.php\/wp-json\/wp\/v2\/product"}],"about":[{"href":"https:\/\/soydeaqui.ddns.net\/pachuca\/index.php\/wp-json\/wp\/v2\/types\/product"}],"replies":[{"embeddable":true,"href":"https:\/\/soydeaqui.ddns.net\/pachuca\/index.php\/wp-json\/wp\/v2\/comments?post=91157"}],"wp:featuredmedia":[{"embeddable":true,"href":"https:\/\/soydeaqui.ddns.net\/pachuca\/index.php\/wp-json\/wp\/v2\/media\/91156"}],"wp:attachment":[{"href":"https:\/\/soydeaqui.ddns.net\/pachuca\/index.php\/wp-json\/wp\/v2\/media?parent=91157"}],"wp:term":[{"taxonomy":"product_brand","embeddable":true,"href":"https:\/\/soydeaqui.ddns.net\/pachuca\/index.php\/wp-json\/wp\/v2\/product_brand?post=91157"},{"taxonomy":"product_cat","embeddable":true,"href":"https:\/\/soydeaqui.ddns.net\/pachuca\/index.php\/wp-json\/wp\/v2\/product_cat?post=91157"},{"taxonomy":"product_tag","embeddable":true,"href":"https:\/\/soydeaqui.ddns.net\/pachuca\/index.php\/wp-json\/wp\/v2\/product_tag?post=91157"}],"curies":[{"name":"wp","href":"https:\/\/api.w.org\/{rel}","templated":true}]}}