{"id":91153,"date":"2026-03-20T04:16:22","date_gmt":"2026-03-20T04:16:22","guid":{"rendered":"https:\/\/soydeaqui.ddns.net\/pachuca\/index.php\/producto\/procesador-matricial-de-audio-dsp-34-entradas-entre-digital-y-analogas-x-16-salidas-ideal-para-instalaciones-comerciales-interfaz-dante\/"},"modified":"2026-03-20T04:16:28","modified_gmt":"2026-03-20T04:16:28","slug":"procesador-matricial-de-audio-dsp-34-entradas-entre-digital-y-analogas-x-16-salidas-ideal-para-instalaciones-comerciales-interfaz-dante","status":"publish","type":"product","link":"https:\/\/soydeaqui.ddns.net\/pachuca\/index.php\/producto\/procesador-matricial-de-audio-dsp-34-entradas-entre-digital-y-analogas-x-16-salidas-ideal-para-instalaciones-comerciales-interfaz-dante\/","title":{"rendered":"Procesador Matricial de Audio | DSP | 34 Entradas (entre digital y an\u00e1logas)  x 16 Salidas | Ideal para Instalaciones Comerciales |  Interfaz Dante"},"content":{"rendered":"<div style='width: 100%; max-width: 1200px; margin: 0 auto; font-family: sans-serif; line-height: 1.6; color: inherit; background-color: transparent;'> <!-- Imagen 1 --> <\/p>\n<div style='width: 100%; margin-bottom: 30px;'> <img style='width: 100%; height: auto; border: 1px solid rgba(150&comma;150&comma;150&comma;0.3); border-radius: 8px;' src='https:\/\/ftp3.syscom.mx\/usuarios\/luis.vargas\/YAMAHA\/XMV\/MTX%20serieshires.PNG' alt='Procesador Matricial de Audio MTX5D'> <\/div>\n<p> <!-- Secci\u00f3n con logo Dante --> <\/p>\n<div style='margin-bottom: 30px;'>\n<div style='display: flex; align-items: center; flex-wrap: wrap;'>\n<p style='margin: 0; font-size: 18px; color: inherit; flex: 1 1 100%;'>Equipado con el protocolo<\/p>\n<p> <img style='width: 140px; height: auto; border: 1px solid rgba(150&comma;150&comma;150&comma;0.3); border-radius: 8px; margin: 10px 0;' src='https:\/\/ftp3.syscom.mx\/usuarios\/luis.vargas\/Dante\/Dante_logo.PNG' alt='Dante'> <\/p>\n<p style='margin: 0; font-size: 18px; color: inherit; flex: 1 1 100%;'>y el nuevo formato de audio digital YDIF (Yamaha Digital Interface) para una f\u00e1cil y flexible integraci\u00f3n.<\/p>\n<\/p><\/div>\n<\/p><\/div>\n<p> <!-- Secci\u00f3n con imagen y texto --> <\/p>\n<div style='display: flex; flex-wrap: wrap; gap: 30px; margin-bottom: 30px;'>\n<div style='flex: 1 1 48%; min-width: 280px;'> <img style='width: 100%; height: auto; border: 1px solid rgba(150&comma;150&comma;150&comma;0.3); border-radius: 8px;' src='https:\/\/ftp3.syscom.mx\/usuarios\/luis.vargas\/YAMAHA\/XMV\/MTX5D.PNG' alt='MTX5D'> <\/div>\n<div style='flex: 1 1 48%; min-width: 280px;'>\n<div style='font-size: 18px; color: inherit; margin-bottom: 20px; text-align: center;'> <strong style='color: inherit; font-size: 16px;'>MTX Series<\/strong> <\/div>\n<p style='font-size: 14px; color: inherit; text-align: justify; margin-top: 20px;'> Dise\u00f1adas principalmente para instalaciones comerciales multi-zona&comma; los procesadores de la Serie MTX de la matriz est\u00e1n equipados con funciones de procesamiento flexibles que son esenciales para una amplia variedad de aplicaciones tales como tiendas&comma; restaurantes \/ bares o salas de banquetes. Responsable de las funciones de procesamiento esenciales del dise\u00f1o de su sistema&comma; los procesadores MTX le permiten configurar&comma; programar y administrar una soluci\u00f3n de sonido completo a trav\u00e9s de la intuitiva interfaz de la aplicaci\u00f3n de software que lo acompa\u00f1a&comma; MTX Editor. La serie se compone de dos modelos con diferentes capacidades y posibilidades de capacidad DSP&comma; permitiendo a los procesadores MTX satisfacer las demandas de una gran variedad de tipos de entornos comerciales. <\/p>\n<\/p><\/div>\n<\/p><\/div>\n<p> <!-- Secci\u00f3n con editor --> <\/p>\n<div style='display: flex; flex-wrap: wrap; gap: 30px; margin-bottom: 30px;'>\n<div style='flex: 1 1 48%; min-width: 280px;'>\n<p style='font-size: 14px; color: inherit; text-align: justify; margin-top: 20px;'> MTX-MRX Editor es una aplicaci\u00f3n de software que se dedica a la configuraci\u00f3n y administraci\u00f3n de sistemas de sonido construidos alrededor de los procesadores de se\u00f1al de las series MTX y MRX. Puede mezclar audio de micr\u00f3fonos&comma; CD&comma; archivos MP3 y WAV&comma; entregar diferentes contenidos a m\u00faltiples zonas&comma; configurar la reproducci\u00f3n de m\u00fasica activada por temporizador y anuncios&comma; y mucho m\u00e1s. MTX-MRX Editor facilita la administraci\u00f3n y distribuci\u00f3n de sonido optimizado para \u00e1reas separadas de una tienda o instalaci\u00f3n desde una sola computadora. <\/p>\n<\/p><\/div>\n<div style='flex: 1 1 48%; min-width: 280px;'> <img style='width: 100%; height: auto; border: 1px solid rgba(150&comma;150&comma;150&comma;0.3); border-radius: 8px;' src='https:\/\/ftp3.syscom.mx\/usuarios\/luis.vargas\/YAMAHA\/MTX\/MTX5D_miltisis.PNG' alt='Interfaz MTX-MRX Editor'> <\/div>\n<\/p><\/div>\n<p> <!-- Imagen gif --> <\/p>\n<div style='width: 100%; margin-bottom: 30px;'> <img style='width: 100%; height: auto; border: 1px solid rgba(150&comma;150&comma;150&comma;0.3); border-radius: 8px;' src='https:\/\/ftp3.syscom.mx\/usuarios\/luis.vargas\/YAMAHA\/XMV\/video_gifYamaha.gif' alt='Funcionamiento MTX5D'> <\/div>\n<p> <!-- Caracter\u00edsticas --> <\/p>\n<div style='display: flex; flex-wrap: wrap; gap: 30px; margin-bottom: 30px;'>\n<div style='flex: 1 1 48%; min-width: 280px;'>\n<h3 style='font-size: 22px; border-bottom: 2px solid currentColor; padding-bottom: 5px; margin-top: 0; color: inherit; opacity: 0.8;'>Caracter\u00edsticas Generales<\/h3>\n<ul style='padding-left: 20px; font-size: 14px; color: inherit;'>\n<li style='margin-bottom: 5px;'>Interfaz simple y f\u00e1cil de usar<\/li>\n<li style='margin-bottom: 5px;'>8ch de entradas mic\/l\u00ednea y 8ch anal\u00f3gicos de salida<\/li>\n<li style='margin-bottom: 5px;'>16ch digitales E\/S YDIF<\/li>\n<li style='margin-bottom: 5px;'>16ch digitales E\/S Dante<\/li>\n<li style='margin-bottom: 5px;'>1x ranura MY Card<\/li>\n<li style='margin-bottom: 5px;'>Ranura SD Card para reproducci\u00f3n<\/li>\n<li style='margin-bottom: 5px;'>Alimentaci\u00f3n: 100V-240V 50Hz\/60Hz<\/li>\n<li style='margin-bottom: 5px;'>Peso: 4.80kg<\/li>\n<li style='margin-bottom: 5px;'>Dimensiones: W: 480mm&comma; H:44mm&comma; D: 362mm<\/li>\n<\/ul><\/div>\n<div style='flex: 1 1 48%; min-width: 280px;'>\n<h3 style='font-size: 22px; border-bottom: 2px solid currentColor; padding-bottom: 5px; margin-top: 0; color: inherit; opacity: 0.8;'>Caracter\u00edsticas Adicionales<\/h3>\n<ul style='padding-left: 20px; font-size: 14px; color: inherit;'>\n<li style='margin-bottom: 5px;'>Equipado con el protocolo Dante \/ YDIF<\/li>\n<li style='margin-bottom: 5px;'>Entradas digitales en RJ45 Dante&comma; YDIF y ethernet<\/li>\n<li style='margin-bottom: 5px;'>Entradas anal\u00f3gicas en euroblock<\/li>\n<li style='margin-bottom: 5px;'>Control de ganancia autom\u00e1tico<\/li>\n<li style='margin-bottom: 5px;'>Dise\u00f1o para montaje en rack 2U<\/li>\n<li style='margin-bottom: 5px;'>Supresor de retroalimentaci\u00f3n (FBS)<\/li>\n<li style='margin-bottom: 5px;'>Mezclador de matriz<\/li>\n<li style='margin-bottom: 5px;'>Compatible con el software gratuito <strong style='color: inherit;'>ProVisionaire Design<\/strong><\/li>\n<li style='margin-bottom: 5px;'>Confiabilidad y control de calidad de Yamaha l\u00edderes en la industria<\/li>\n<\/ul><\/div>\n<\/p><\/div>\n<p> <!-- Videos --> <\/p>\n<div style='margin-bottom: 30px;'>\n<h3 style='font-size: 22px; border-bottom: 2px solid currentColor; padding-bottom: 5px; margin-top: 0; color: inherit; opacity: 0.8; margin-bottom: 20px;'>Videos<\/h3>\n<div style='display: flex; flex-wrap: wrap; gap: 20px;'>\n<div style='flex: 1 1 30%; min-width: 280px; position: relative; padding-bottom: 56.25%; height: 0; overflow: hidden;'>   <\/div>\n<div style='flex: 1 1 30%; min-width: 280px; position: relative; padding-bottom: 56.25%; height: 0; overflow: hidden;'>   <\/div>\n<div style='flex: 1 1 30%; min-width: 280px; position: relative; padding-bottom: 56.25%; height: 0; overflow: hidden;'>   <\/div>\n<\/p><\/div>\n<\/p><\/div>\n<\/p><\/div>\n","protected":false},"excerpt":{"rendered":"<p>Procesador Matricial de Audio | DSP | 34 Entradas (entre digital y an\u00e1logas)  x 16 Salidas | Ideal para Instalaciones Comerciales |  Interfaz Dante<\/p>\n","protected":false},"featured_media":91152,"comment_status":"open","ping_status":"closed","template":"","meta":[],"product_brand":[],"product_cat":[2213],"product_tag":[2126,2214,2128],"class_list":{"0":"post-91153","1":"product","2":"type-product","3":"status-publish","4":"has-post-thumbnail","6":"product_cat-procesadores","7":"product_tag-audio-profesional","8":"product_tag-procesadores","9":"product_tag-yamaha","11":"first","12":"instock","13":"sale","14":"shipping-taxable","15":"purchasable","16":"product-type-simple"},"_links":{"self":[{"href":"https:\/\/soydeaqui.ddns.net\/pachuca\/index.php\/wp-json\/wp\/v2\/product\/91153","targetHints":{"allow":["GET"]}}],"collection":[{"href":"https:\/\/soydeaqui.ddns.net\/pachuca\/index.php\/wp-json\/wp\/v2\/product"}],"about":[{"href":"https:\/\/soydeaqui.ddns.net\/pachuca\/index.php\/wp-json\/wp\/v2\/types\/product"}],"replies":[{"embeddable":true,"href":"https:\/\/soydeaqui.ddns.net\/pachuca\/index.php\/wp-json\/wp\/v2\/comments?post=91153"}],"wp:featuredmedia":[{"embeddable":true,"href":"https:\/\/soydeaqui.ddns.net\/pachuca\/index.php\/wp-json\/wp\/v2\/media\/91152"}],"wp:attachment":[{"href":"https:\/\/soydeaqui.ddns.net\/pachuca\/index.php\/wp-json\/wp\/v2\/media?parent=91153"}],"wp:term":[{"taxonomy":"product_brand","embeddable":true,"href":"https:\/\/soydeaqui.ddns.net\/pachuca\/index.php\/wp-json\/wp\/v2\/product_brand?post=91153"},{"taxonomy":"product_cat","embeddable":true,"href":"https:\/\/soydeaqui.ddns.net\/pachuca\/index.php\/wp-json\/wp\/v2\/product_cat?post=91153"},{"taxonomy":"product_tag","embeddable":true,"href":"https:\/\/soydeaqui.ddns.net\/pachuca\/index.php\/wp-json\/wp\/v2\/product_tag?post=91153"}],"curies":[{"name":"wp","href":"https:\/\/api.w.org\/{rel}","templated":true}]}}