{"id":91141,"date":"2026-03-20T04:15:50","date_gmt":"2026-03-20T04:15:50","guid":{"rendered":"https:\/\/soydeaqui.ddns.net\/pachuca\/index.php\/producto\/amplificador-de-audio-de-alta-potencia-4-x-1200w-8-ohms-70-100v-dsp-integrado-interfaz-dante\/"},"modified":"2026-03-20T04:16:00","modified_gmt":"2026-03-20T04:16:00","slug":"amplificador-de-audio-de-alta-potencia-4-x-1200w-8-ohms-70-100v-dsp-integrado-interfaz-dante","status":"publish","type":"product","link":"https:\/\/soydeaqui.ddns.net\/pachuca\/index.php\/producto\/amplificador-de-audio-de-alta-potencia-4-x-1200w-8-ohms-70-100v-dsp-integrado-interfaz-dante\/","title":{"rendered":"Amplificador de Audio de Alta Potencia |  4 x 1200w @ 8 ohms, 70\/100V | DSP Integrado | Interfaz Dante"},"content":{"rendered":"<div style='width: 100%; max-width: 1200px; margin: 0 auto; font-family: sans-serif; line-height: 1.6; color: inherit; background-color: transparent;'> <!-- Imagen 1 --> <\/p>\n<div style='width: 100%; margin-bottom: 30px;'> <img style='width: 100%; height: auto; border: 1px solid rgba(150&comma;150&comma;150&comma;0.3); border-radius: 8px;' src='https:\/\/ftp3.syscom.mx\/usuarios\/luis.vargas\/YAMAHA\/PCDI\/PC_SERIES_INTRO.PNG' alt=''> <\/div>\n<p> <!-- Descripci\u00f3n 1 con logo Dante --> <\/p>\n<div style='margin-bottom: 30px;'>\n<p style='font-size: 18px; margin: 0 0 15px; color: inherit; text-align: justify;'> Equipado con el protocolo <img style='width: 140px; vertical-align: middle; margin: 0 5px;' src='https:\/\/ftp3.syscom.mx\/usuarios\/luis.vargas\/Dante\/Dante_logo.PNG' alt='Dante'> para una f\u00e1cil y flexible integraci\u00f3n. <\/p>\n<\/p><\/div>\n<p> <!-- Secci\u00f3n de contenido con imagen y texto --> <\/p>\n<div style='display: flex; flex-wrap: wrap; gap: 30px; margin-bottom: 30px;'>\n<div style='flex: 1 1 300px; min-width: 280px;'> <img style='width: 100%; height: auto; border: 1px solid rgba(150&comma;150&comma;150&comma;0.3); border-radius: 8px;' src='https:\/\/ftp3.syscom.mx\/usuarios\/luis.vargas\/YAMAHA\/PCDI\/PCD_FRONTPANEL.PNG' alt='Panel Frontal'> <\/div>\n<div style='flex: 1 1 300px; min-width: 280px;'>\n<div style='font-size: 14px; color: inherit; margin-bottom: 15px;'> <strong style='color: inherit; opacity: 0.8;'>Serie PC-D \/ DI<\/strong> <\/div>\n<p style='font-size: 14px; color: inherit; margin: 0; text-align: justify;'> La serie PC-D \/ DI es mucho m\u00e1s que un amplificador de alta potencia. La impresionante capacidad de matriz de entrada de 20 x 8 de los amplificadores de la serie PC-D \/ DI se combina con Dante I\/O (entrada\/salida) para proporcionar mejoras dram\u00e1ticas a la versatilidad de cualquier sistema. Con potentes procesadores de altavoces integrados de serie. La serie PC-D \/ DI tambi\u00e9n es compatible con ProVisionaire Touch y ProVisionaire Control&comma; y podemos proporcionar controles remotos personalizados si es necesario. 1200W x 4 a 8\u03a9. Conmutable para sistemas de altavoces de baja y alta impedancia. <\/p>\n<\/p><\/div>\n<\/p><\/div>\n<p> <!-- Secci\u00f3n con texto e imagen --> <\/p>\n<div style='display: flex; flex-wrap: wrap; gap: 30px; margin-bottom: 30px;'>\n<div style='flex: 1 1 300px; min-width: 280px;'>\n<p style='font-size: 14px; color: inherit; margin: 0 0 15px; text-align: justify;'> Con potentes procesadores de altavoces integrados como est\u00e1ndar&comma; los amplificadores de la serie PC-D \/ DI ofrecen procesamiento como PEQ (ecualizador param\u00e9trico) de 16 bandas&comma; delay&comma; limitaci\u00f3n de picos y limitaci\u00f3n de RMS&comma; as\u00ed como filtro FIR** que logran una fase lineal&comma; permitiendo a los usuarios sintonizar los altavoces perfectamente con precisi\u00f3n y facilidad. Las salidas de <img style='width: 70px; vertical-align: middle; margin: 0 5px;' src='https:\/\/ftp3.syscom.mx\/usuarios\/luis.vargas\/Dante\/Dante_logo.PNG' alt='Dante'> se pueden usar para transmitir otros ajustes de par\u00e1metros de Room EQ a otros amplificadores&comma; lo que permite que la ecualizaci\u00f3n de m\u00faltiples canales de amplificador se ajuste centralmente. La biblioteca de ajustes preestablecidos de altavoces est\u00e1 bien equipada con ajustes preestablecidos optimizados para la Serie CZR de Yamaha y otros&comma; lo que hace que sea f\u00e1cil lograr la afinaci\u00f3n perfecta de altavoces para su sistema. <\/p>\n<\/p><\/div>\n<div style='flex: 1 1 300px; min-width: 280px;'> <img style='width: 100%; height: auto; border: 1px solid rgba(150&comma;150&comma;150&comma;0.3); border-radius: 8px;' src='https:\/\/ftp3.syscom.mx\/usuarios\/luis.vargas\/YAMAHA\/PCDI\/PCD_INTERFAZ.PNG' alt='Interfaz'> <\/div>\n<\/p><\/div>\n<p> <!-- Imagen estructura Dante --> <\/p>\n<div style='width: 100%; margin-bottom: 30px;'> <img style='width: 100%; height: auto; border: 1px solid rgba(150&comma;150&comma;150&comma;0.3); border-radius: 8px;' src='https:\/\/ftp3.syscom.mx\/usuarios\/luis.vargas\/YAMAHA\/PCDI\/Estructura_Dante.PNG' alt='Estructura Dante'> <\/div>\n<p> <!-- GIF animado --> <\/p>\n<div style='width: 100%; margin-bottom: 30px;'> <img style='width: 100%; height: auto; border: 1px solid rgba(150&comma;150&comma;150&comma;0.3); border-radius: 8px;' src='https:\/\/ftp3.syscom.mx\/usuarios\/luis.vargas\/YAMAHA\/XMV\/video_gifYamaha.gif' alt='Funcionamiento'> <\/div>\n<p> <!-- Caracter\u00edsticas Generales --> <\/p>\n<div style='display: flex; flex-wrap: wrap; gap: 30px; margin-bottom: 30px;'>\n<div style='flex: 1 1 300px; min-width: 280px;'>\n<h3 style='font-size: 22px; border-bottom: 2px solid currentColor; padding-bottom: 5px; margin-top: 0; margin-bottom: 15px; color: inherit; opacity: 0.8;'>Caracter\u00edsticas Generales<\/h3>\n<ul style='padding-left: 20px; font-size: 14px; color: inherit; margin: 0;'>\n<li style='margin-bottom: 8px;'>Interfaz simple y f\u00e1cil de usar<\/li>\n<li style='margin-bottom: 8px;'>Conmutable para sistemas de impedancia baja (4\/8 \u03a9) y alta (70\/100 V)<\/li>\n<li style='margin-bottom: 8px;'>4 x 1200W a 8\u03a9&comma; 4 x 1200W a 100V\/70V<\/li>\n<li style='margin-bottom: 8px;'>20 x 8 potente funci\u00f3n de matriz de entrada<\/li>\n<li style='margin-bottom: 8px;'>La frecuencia de muestreo es de hasta 96k.<\/li>\n<li style='margin-bottom: 8px;'>16ch entrada \/ salida Dante<\/li>\n<li style='margin-bottom: 8px;'>Procesador de altavoces como PEQ de 16 bandas&comma; crossover&comma; filtros&comma; delay y limitador<\/li>\n<li style='margin-bottom: 8px;'>Preajustes de altavoz Yamaha<\/li>\n<li style='margin-bottom: 8px;'>Control remoto a trav\u00e9s de ProVisionaire Touch \/ Control<\/li>\n<li style='margin-bottom: 8px;'>Alimentaci\u00f3n: 100V&comma; 120V&comma; 230V &#8211; 240V&comma; 50Hz \/ 60Hz<\/li>\n<li style='margin-bottom: 8px;'>Peso: 16.0 kg<\/li>\n<li style='margin-bottom: 8px;'>Dimensiones: W: 480mm&comma; H:88mm&comma; D: 528mm<\/li>\n<\/ul><\/div>\n<div style='flex: 1 1 300px; min-width: 280px;'>\n<h3 style='font-size: 22px; border-bottom: 2px solid currentColor; padding-bottom: 5px; margin-top: 0; margin-bottom: 15px; color: inherit; opacity: 0.8;'>Caracter\u00edsticas Adicionales<\/h3>\n<ul style='padding-left: 20px; font-size: 14px; color: inherit; margin: 0;'>\n<li style='margin-bottom: 8px;'>Equipado con el protocolo <img style='width: 70px; vertical-align: middle; margin: 0 5px;' src='https:\/\/ftp3.syscom.mx\/usuarios\/luis.vargas\/Dante\/Dante_logo.PNG' alt='Dante'> <\/li>\n<li style='margin-bottom: 8px;'>Entradas digitales en RJ45 <img style='width: 70px; vertical-align: middle; margin: 0 5px;' src='https:\/\/ftp3.syscom.mx\/usuarios\/luis.vargas\/Dante\/Dante_logo.PNG' alt='Dante'> y ethernet <\/li>\n<li style='margin-bottom: 8px;'>Entradas anal\u00f3gicas en euroblock<\/li>\n<li style='margin-bottom: 8px;'>Dise\u00f1o para montaje en rack 2U<\/li>\n<li style='margin-bottom: 8px;'>Protecci\u00f3n t\u00e9rmica<\/li>\n<li style='margin-bottom: 8px;'>Amplificaci\u00f3n clase D<\/li>\n<li style='margin-bottom: 8px;'>Confiabilidad y control de calidad de Yamaha l\u00edderes en la industria<\/li>\n<\/ul><\/div>\n<\/p><\/div>\n<p> <!-- Separador --> <\/p>\n<hr style='border: 0; border-top: 1px solid rgba(150&comma; 150&comma; 150&comma; 0.3); margin: 30px 0;'> <!-- Videos --> <\/p>\n<div style='display: flex; flex-wrap: wrap; gap: 30px; margin-bottom: 30px;'>\n<div style='flex: 1 1 300px; min-width: 280px;'>\n<div style='position: relative; padding-bottom: 56.25%; height: 0; overflow: hidden; margin-bottom: 15px;'>   <\/div>\n<\/p><\/div>\n<div style='flex: 1 1 300px; min-width: 280px;'>\n<div style='position: relative; padding-bottom: 56.25%; height: 0; overflow: hidden; margin-bottom: 15px;'>   <\/div>\n<\/p><\/div>\n<div style='flex: 1 1 300px; min-width: 280px;'>\n<div style='position: relative; padding-bottom: 56.25%; height: 0; overflow: hidden; margin-bottom: 15px;'>   <\/div>\n<\/p><\/div>\n<\/p><\/div>\n<\/p><\/div>\n","protected":false},"excerpt":{"rendered":"<p>Amplificador de Audio de Alta Potencia |  4 x 1200w @ 8 ohms, 70\/100V | DSP Integrado | Interfaz Dante<\/p>\n","protected":false},"featured_media":91140,"comment_status":"open","ping_status":"closed","template":"","meta":[],"product_brand":[],"product_cat":[2125],"product_tag":[2127,2126,2128],"class_list":{"0":"post-91141","1":"product","2":"type-product","3":"status-publish","4":"has-post-thumbnail","6":"product_cat-amplificadores","7":"product_tag-amplificadores","8":"product_tag-audio-profesional","9":"product_tag-yamaha","11":"first","12":"outofstock","13":"sale","14":"shipping-taxable","15":"purchasable","16":"product-type-simple"},"_links":{"self":[{"href":"https:\/\/soydeaqui.ddns.net\/pachuca\/index.php\/wp-json\/wp\/v2\/product\/91141","targetHints":{"allow":["GET"]}}],"collection":[{"href":"https:\/\/soydeaqui.ddns.net\/pachuca\/index.php\/wp-json\/wp\/v2\/product"}],"about":[{"href":"https:\/\/soydeaqui.ddns.net\/pachuca\/index.php\/wp-json\/wp\/v2\/types\/product"}],"replies":[{"embeddable":true,"href":"https:\/\/soydeaqui.ddns.net\/pachuca\/index.php\/wp-json\/wp\/v2\/comments?post=91141"}],"wp:featuredmedia":[{"embeddable":true,"href":"https:\/\/soydeaqui.ddns.net\/pachuca\/index.php\/wp-json\/wp\/v2\/media\/91140"}],"wp:attachment":[{"href":"https:\/\/soydeaqui.ddns.net\/pachuca\/index.php\/wp-json\/wp\/v2\/media?parent=91141"}],"wp:term":[{"taxonomy":"product_brand","embeddable":true,"href":"https:\/\/soydeaqui.ddns.net\/pachuca\/index.php\/wp-json\/wp\/v2\/product_brand?post=91141"},{"taxonomy":"product_cat","embeddable":true,"href":"https:\/\/soydeaqui.ddns.net\/pachuca\/index.php\/wp-json\/wp\/v2\/product_cat?post=91141"},{"taxonomy":"product_tag","embeddable":true,"href":"https:\/\/soydeaqui.ddns.net\/pachuca\/index.php\/wp-json\/wp\/v2\/product_tag?post=91141"}],"curies":[{"name":"wp","href":"https:\/\/api.w.org\/{rel}","templated":true}]}}