{"id":91096,"date":"2026-03-20T04:13:39","date_gmt":"2026-03-20T04:13:39","guid":{"rendered":"https:\/\/soydeaqui.ddns.net\/pachuca\/index.php\/producto\/w611w-es-un-telefono-ip-wi-fi-portatil-resistente-moderno-disenado-para-aplicaciones-de-comunicacion-movil\/"},"modified":"2026-03-20T04:14:02","modified_gmt":"2026-03-20T04:14:02","slug":"w611w-es-un-telefono-ip-wi-fi-portatil-resistente-moderno-disenado-para-aplicaciones-de-comunicacion-movil","status":"publish","type":"product","link":"https:\/\/soydeaqui.ddns.net\/pachuca\/index.php\/producto\/w611w-es-un-telefono-ip-wi-fi-portatil-resistente-moderno-disenado-para-aplicaciones-de-comunicacion-movil\/","title":{"rendered":"W611W es un tel\u00e9fono IP Wi-Fi port\u00e1til, Resistente, Moderno dise\u00f1ado para aplicaciones de comunicaci\u00f3n m\u00f3vil."},"content":{"rendered":"<div style='width: 100%; max-width: 1200px; margin: 0 auto; font-family: sans-serif; line-height: 1.6; color: inherit; background-color: transparent;'>\n<div style='display: flex; flex-wrap: wrap; gap: 30px; margin-bottom: 30px;'>\n<div style='flex: 1 1 300px; min-width: 280px;'>\n<h3 style='font-size: 22px; border-bottom: 2px solid currentColor; padding-bottom: 5px; margin-top: 0; color: inherit; opacity: 0.8;'>Descripci\u00f3n<\/h3>\n<p style='font-size: 15px; color: inherit;'> W611W es un tel\u00e9fono Wi-Fi port\u00e1til y elegante dise\u00f1ado para aplicaciones de comunicaci\u00f3n m\u00f3vil. Certificado a IP67 est\u00e1ndar&comma; W611W es altamente resistente al agua&comma; al polvo y a prueba de ca\u00eddas desde una altura de 1&comma;8 metros. Tiene un excelente desempe\u00f1o en diferentes ambientes con humedad y polvo. W611W integra Wi-Fi 6&comma; brindando una excelente experiencia de comunicaci\u00f3n inal\u00e1mbrica. Adem\u00e1s&comma; integra Bluetooth 5.0 para el emparejamiento con auriculares y dispositivos m\u00f3viles. Instalado con una bater\u00eda recargable de 1900 mAh&comma; W611W est\u00e1 listo para 9 horas de conversaci\u00f3n o 200 horas en espera. W611W es ampliamente utilizado en varios escenarios inal\u00e1mbricos como empresas&comma; centros comerciales&comma; \u00e1reas residenciales&comma; hoteles y almacenes&comma; proporcionando a los usuarios una experiencia de comunicaci\u00f3n m\u00f3vil de alta calidad. <\/p>\n<\/p><\/div>\n<\/p><\/div>\n<div style='display: flex; flex-wrap: wrap; gap: 20px; margin-bottom: 30px;'>\n<div style='flex: 1 1 250px; border: 1px solid rgba(150&comma; 150&comma; 150&comma; 0.4); border-radius: 8px; overflow: hidden; display: flex; flex-direction: column;'>\n<div style='padding: 15px; border-bottom: 1px solid rgba(150&comma; 150&comma; 150&comma; 0.2); font-weight: bold; font-size: 18px; color: inherit;'>Caracter\u00edsticas principales<\/div>\n<div style='padding: 15px; color: inherit;'>\n<ul style='padding-left: 20px; margin: 0; font-size: 14px; list-style-type: disc;'>\n<li style='margin-bottom: 5px;'><strong>2 l\u00edneas SIP<\/strong><\/li>\n<li style='margin-bottom: 5px;'><strong>Pantalla a color de 2&comma;4&#8242; 240 x 320<\/strong> con interfaz de usuario intuitiva<\/li>\n<li style='margin-bottom: 5px;'><strong>Alto nivel de protecci\u00f3n IP67<\/strong>&comma; a prueba de agua&comma; polvo y ca\u00eddas desde 1&comma;8 metros de altura<\/li>\n<li style='margin-bottom: 5px;'><strong>Soporta Wi-Fi 802.11 a\/b\/g\/n\/ac\/ax de doble banda<\/strong> (Wi-Fi 6&comma; 2&comma;4 GHz y 5 GHz)<\/li>\n<li style='margin-bottom: 5px;'><strong>Soporta roaming IEEE802.11k\/v\/r<\/strong><\/li>\n<li style='margin-bottom: 5px;'><strong>Doble puerto Fast Ethernet<\/strong><\/li>\n<li style='margin-bottom: 5px;'><strong>Soporta encriptaci\u00f3n WPA \/ WPA2-PSK y 802.1X EAP<\/strong> para garantizar la seguridad de las comunicaciones<\/li>\n<li style='margin-bottom: 5px;'><strong>Soporta sensor de distancia y la pantalla de detecci\u00f3n de luz autoadaptativa<\/strong> se apagar\u00e1 durante una llamada en el auricular<\/li>\n<li style='margin-bottom: 5px;'><strong>Bot\u00f3n push-to-talk (PTT) configurable<\/strong><\/li>\n<li style='margin-bottom: 5px;'><strong>Compatible con las principales plataformas<\/strong>: Grandstream UCM62XX&comma; UCM63XX&comma; Asterisk&comma; Broadsoft&comma; 3CX&comma; Metaswitch&comma; Elastix&comma; Avaya&comma; etc.<\/li>\n<li style='margin-bottom: 5px;'><strong>Hasta 9 horas de conversaci\u00f3n<\/strong> y hasta 200 horas en espera<\/li>\n<\/ul><\/div>\n<\/p><\/div>\n<\/p><\/div>\n<div style='display: flex; flex-wrap: wrap; gap: 30px; margin-bottom: 30px;'>\n<div style='flex: 1 1 100%;'>\n<div style='position: relative; padding-bottom: 56.25%; height: 0; overflow: hidden; margin-bottom: 30px;'>   <\/div>\n<\/p><\/div>\n<\/p><\/div>\n<div style='display: flex; flex-wrap: wrap; gap: 30px; margin-bottom: 30px;'>\n<div style='flex: 1 1 100%;'>\n<h3 style='font-size: 22px; border-bottom: 2px solid currentColor; padding-bottom: 5px; margin-top: 0; color: inherit; opacity: 0.8;'>Im\u00e1genes del producto<\/h3>\n<\/p><\/div>\n<\/p><\/div>\n<div style='display: flex; flex-wrap: wrap; gap: 30px; margin-bottom: 30px;'>\n<div style='flex: 1 1 45%; min-width: 300px;'> <img style='width: 100%; height: auto; border: 1px solid rgba(150&comma;150&comma;150&comma;0.3); border-radius: 8px;' src='https:\/\/ftp3.syscom.mx\/usuarios\/fotos\/W611W\/213004-w611w1.jpg' alt=''> <\/div>\n<div style='flex: 1 1 45%; min-width: 300px;'> <img style='width: 100%; height: auto; border: 1px solid rgba(150&comma;150&comma;150&comma;0.3); border-radius: 8px;' src='https:\/\/ftp3.syscom.mx\/usuarios\/fotos\/W611W\/213004-w611w2.jpg' alt=''> <\/div>\n<\/p><\/div>\n<div style='display: flex; flex-wrap: wrap; gap: 30px; margin-bottom: 30px;'>\n<div style='flex: 1 1 45%; min-width: 300px;'> <img style='width: 100%; height: auto; border: 1px solid rgba(150&comma;150&comma;150&comma;0.3); border-radius: 8px;' src='https:\/\/ftp3.syscom.mx\/usuarios\/fotos\/W611W\/213004-w611w3.jpeg' alt=''> <\/div>\n<div style='flex: 1 1 45%; min-width: 300px;'> <img style='width: 100%; height: auto; border: 1px solid rgba(150&comma;150&comma;150&comma;0.3); border-radius: 8px;' src='https:\/\/ftp3.syscom.mx\/usuarios\/fotos\/W611W\/213004-w611w4.jpg' alt=''> <\/div>\n<\/p><\/div>\n<div style='display: flex; flex-wrap: wrap; gap: 30px; margin-bottom: 30px;'>\n<div style='flex: 1 1 45%; min-width: 300px;'> <img style='width: 100%; height: auto; border: 1px solid rgba(150&comma;150&comma;150&comma;0.3); border-radius: 8px;' src='https:\/\/ftp3.syscom.mx\/usuarios\/fotos\/W611W\/213004-w611w6.jpg' alt=''> <\/div>\n<\/p><\/div>\n<\/p><\/div>\n","protected":false},"excerpt":{"rendered":"<p>W611W es un tel\u00e9fono IP Wi-Fi port\u00e1til, Resistente, Moderno dise\u00f1ado para aplicaciones de comunicaci\u00f3n m\u00f3vil.<\/p>\n","protected":false},"featured_media":91095,"comment_status":"open","ping_status":"closed","template":"","meta":[],"product_brand":[],"product_cat":[2003],"product_tag":[859,2005,2004],"class_list":{"0":"post-91096","1":"product","2":"type-product","3":"status-publish","4":"has-post-thumbnail","6":"product_cat-telefonos-ip","7":"product_tag-fanvil","8":"product_tag-telefonos-ip","9":"product_tag-voip-telefonia-ip-videoconferencia","11":"first","12":"instock","13":"sale","14":"shipping-taxable","15":"purchasable","16":"product-type-simple"},"_links":{"self":[{"href":"https:\/\/soydeaqui.ddns.net\/pachuca\/index.php\/wp-json\/wp\/v2\/product\/91096","targetHints":{"allow":["GET"]}}],"collection":[{"href":"https:\/\/soydeaqui.ddns.net\/pachuca\/index.php\/wp-json\/wp\/v2\/product"}],"about":[{"href":"https:\/\/soydeaqui.ddns.net\/pachuca\/index.php\/wp-json\/wp\/v2\/types\/product"}],"replies":[{"embeddable":true,"href":"https:\/\/soydeaqui.ddns.net\/pachuca\/index.php\/wp-json\/wp\/v2\/comments?post=91096"}],"wp:featuredmedia":[{"embeddable":true,"href":"https:\/\/soydeaqui.ddns.net\/pachuca\/index.php\/wp-json\/wp\/v2\/media\/91095"}],"wp:attachment":[{"href":"https:\/\/soydeaqui.ddns.net\/pachuca\/index.php\/wp-json\/wp\/v2\/media?parent=91096"}],"wp:term":[{"taxonomy":"product_brand","embeddable":true,"href":"https:\/\/soydeaqui.ddns.net\/pachuca\/index.php\/wp-json\/wp\/v2\/product_brand?post=91096"},{"taxonomy":"product_cat","embeddable":true,"href":"https:\/\/soydeaqui.ddns.net\/pachuca\/index.php\/wp-json\/wp\/v2\/product_cat?post=91096"},{"taxonomy":"product_tag","embeddable":true,"href":"https:\/\/soydeaqui.ddns.net\/pachuca\/index.php\/wp-json\/wp\/v2\/product_tag?post=91096"}],"curies":[{"name":"wp","href":"https:\/\/api.w.org\/{rel}","templated":true}]}}