{"id":9108,"date":"2026-03-18T07:18:10","date_gmt":"2026-03-18T07:18:10","guid":{"rendered":"https:\/\/soydeaqui.ddns.net\/pachuca\/index.php\/producto\/plug-rj45-utp-instalacin-recta-terminacin-en-campo-certificable-compatible-con-cat5e-cat6-y-cat6a-color-negro\/"},"modified":"2026-03-18T07:18:13","modified_gmt":"2026-03-18T07:18:13","slug":"plug-rj45-utp-instalacin-recta-terminacin-en-campo-certificable-compatible-con-cat5e-cat6-y-cat6a-color-negro","status":"publish","type":"product","link":"https:\/\/soydeaqui.ddns.net\/pachuca\/index.php\/producto\/plug-rj45-utp-instalacin-recta-terminacin-en-campo-certificable-compatible-con-cat5e-cat6-y-cat6a-color-negro\/","title":{"rendered":"Plug RJ45 UTP, Instalaci?n Recta, Terminaci?n en Campo Certificable, Compatible con Cat5e, Cat6 y Cat6A, Color Negro"},"content":{"rendered":"<div style='width: 100%; max-width: 1200px; margin: 0 auto; font-family: sans-serif; line-height: 1.6; color: inherit; background-color: transparent;'>\n<div style='display: flex; flex-wrap: wrap; gap: 30px; margin-bottom: 30px;'>\n<div style='flex: 1 1 300px; min-width: 280px;'>\n<h3 style='font-size: 22px; border-bottom: 2px solid currentColor; padding-bottom: 5px; margin-top: 0; color: inherit; opacity: 0.8;'>Descripci\u00f3n<\/h3>\n<p style='font-size: 15px; color: inherit; margin-top: 15px; margin-bottom: 15px;'>El conector RJ45 de terminaci\u00f3n en campo UTP de categor\u00eda 6A&comma; es un Plug f\u00e1cil de conectar en campo para cable de 4 pares trenzados sin blindaje. Al proporcionar un rendimiento de Categor\u00eda 6A&comma; es compatible con los sistemas de Categor\u00eda 5e y 6 en conductores de 22 a 26 AWG. El Plug se encuentra disponible en presentaci\u00f3n recta y angulada&comma; y utiliza la herramienta de terminaci\u00f3n TG para optimizar el rendimiento y mantener correctamente la geometr\u00eda del cable.<\/p>\n<\/p><\/div>\n<\/p><\/div>\n<div style='display: flex; flex-wrap: wrap; gap: 20px; margin-bottom: 30px;'>\n<div style='flex: 1 1 250px; border: 1px solid rgba(150&comma; 150&comma; 150&comma; 0.4); border-radius: 8px; overflow: hidden; display: flex; flex-direction: column;'>\n<div style='padding: 15px; border-bottom: 1px solid rgba(150&comma; 150&comma; 150&comma; 0.2); font-weight: bold; font-size: 18px; color: inherit;'>Aplicaciones<\/div>\n<div style='padding: 15px; color: inherit;'>\n<ul style='padding-left: 20px; margin: 0; font-size: 14px; list-style-type: disc;'>\n<li style='margin-bottom: 5px;'>Puntos de acceso inal\u00e1mbricos (WAP)<\/li>\n<li style='margin-bottom: 5px;'>Iluminaci\u00f3n LED Power Over Ethernet (PoE)<\/li>\n<li style='margin-bottom: 5px;'>C\u00e1maras de Seguridad IP y sensores de movimiento<\/li>\n<li style='margin-bottom: 5px;'>Puntos de control de acceso<\/li>\n<li style='margin-bottom: 5px;'>Equipo de audio y video conectados a la red<\/li>\n<li style='margin-bottom: 5px;'>Otros dispositivos de red con alimentaci\u00f3n PoE o HDBASE-T<\/li>\n<\/ul><\/div>\n<\/p><\/div>\n<\/p><\/div>\n<div style='display: flex; flex-wrap: wrap; gap: 20px; margin-bottom: 30px;'>\n<div style='flex: 1 1 250px; border: 1px solid rgba(150&comma; 150&comma; 150&comma; 0.4); border-radius: 8px; overflow: hidden; display: flex; flex-direction: column;'>\n<div style='padding: 15px; border-bottom: 1px solid rgba(150&comma; 150&comma; 150&comma; 0.2); font-weight: bold; font-size: 18px; color: inherit;'>Informaci\u00f3n T\u00e9cnica<\/div>\n<div style='padding: 15px; color: inherit;'>\n<ul style='padding-left: 20px; margin: 0; font-size: 14px; list-style-type: disc;'>\n<li style='margin-bottom: 5px;'>Rendimiento Cat6A\/Clase EA: supera los requisitos m\u00ednimos de rendimiento ANSI\/TIA 568-C.2 Categor\u00eda 6A e ISO 11801 Clase EA en dos conexiones de terminaci\u00f3n en campo. Supera los requisitos propuestos por la TIA para pruebas MPTL con dos conexiones m\u00e1ximo de terminaci\u00f3n en campo.<\/li>\n<li style='margin-bottom: 5px;'>Compatibilidad de Cables: compatible con cable de 4 pares&comma; de 22 a 26 AWG solido o multifilar de par trenzado sin blindaje (UTP)&comma; con di\u00e1metro de conductor de 1.52 mm y di\u00e1metro general de cable de 5.08 a 8.38 mm.<\/li>\n<\/ul><\/div>\n<\/p><\/div>\n<\/p><\/div>\n<div style='display: flex; flex-wrap: wrap; gap: 30px; margin-bottom: 30px;'>\n<div style='flex: 1 1 300px; min-width: 280px;'>\n<h3 style='font-size: 22px; border-bottom: 2px solid currentColor; padding-bottom: 5px; margin-top: 0; color: inherit; opacity: 0.8;'>V\u00eddeo de Instalaci\u00f3n<\/h3>\n<div style='position: relative; padding-bottom: 56.25%; height: 0; overflow: hidden; margin-top: 15px;'>   <\/div>\n<\/p><\/div>\n<\/p><\/div>\n<hr style='border: 0; border-top: 1px solid rgba(150&comma; 150&comma; 150&comma; 0.3); margin: 30px 0;'> <\/div>\n","protected":false},"excerpt":{"rendered":"<p>Plug RJ45 UTP, Instalaci?n Recta, Terminaci?n en Campo Certificable, Compatible con Cat5e, Cat6 y Cat6A, Color Negro<\/p>\n","protected":false},"featured_media":9107,"comment_status":"open","ping_status":"closed","template":"","meta":[],"product_brand":[],"product_cat":[619],"product_tag":[488,620,445],"class_list":{"0":"post-9108","1":"product","2":"type-product","3":"status-publish","4":"has-post-thumbnail","6":"product_cat-categoria-5e","7":"product_tag-cables-y-conectores","8":"product_tag-categoria-5e","9":"product_tag-panduit","11":"first","12":"instock","13":"sale","14":"shipping-taxable","15":"purchasable","16":"product-type-simple"},"_links":{"self":[{"href":"https:\/\/soydeaqui.ddns.net\/pachuca\/index.php\/wp-json\/wp\/v2\/product\/9108","targetHints":{"allow":["GET"]}}],"collection":[{"href":"https:\/\/soydeaqui.ddns.net\/pachuca\/index.php\/wp-json\/wp\/v2\/product"}],"about":[{"href":"https:\/\/soydeaqui.ddns.net\/pachuca\/index.php\/wp-json\/wp\/v2\/types\/product"}],"replies":[{"embeddable":true,"href":"https:\/\/soydeaqui.ddns.net\/pachuca\/index.php\/wp-json\/wp\/v2\/comments?post=9108"}],"wp:featuredmedia":[{"embeddable":true,"href":"https:\/\/soydeaqui.ddns.net\/pachuca\/index.php\/wp-json\/wp\/v2\/media\/9107"}],"wp:attachment":[{"href":"https:\/\/soydeaqui.ddns.net\/pachuca\/index.php\/wp-json\/wp\/v2\/media?parent=9108"}],"wp:term":[{"taxonomy":"product_brand","embeddable":true,"href":"https:\/\/soydeaqui.ddns.net\/pachuca\/index.php\/wp-json\/wp\/v2\/product_brand?post=9108"},{"taxonomy":"product_cat","embeddable":true,"href":"https:\/\/soydeaqui.ddns.net\/pachuca\/index.php\/wp-json\/wp\/v2\/product_cat?post=9108"},{"taxonomy":"product_tag","embeddable":true,"href":"https:\/\/soydeaqui.ddns.net\/pachuca\/index.php\/wp-json\/wp\/v2\/product_tag?post=9108"}],"curies":[{"name":"wp","href":"https:\/\/api.w.org\/{rel}","templated":true}]}}