{"id":91071,"date":"2026-03-20T04:12:22","date_gmt":"2026-03-20T04:12:22","guid":{"rendered":"https:\/\/soydeaqui.ddns.net\/pachuca\/index.php\/producto\/1-year-license-for-awc-channel-blanket-and-awc-smart-connect-plugin-for-10-aps-requires-vista-manager-ex-and-awc\/"},"modified":"2026-03-20T04:12:25","modified_gmt":"2026-03-20T04:12:25","slug":"1-year-license-for-awc-channel-blanket-and-awc-smart-connect-plugin-for-10-aps-requires-vista-manager-ex-and-awc","status":"publish","type":"product","link":"https:\/\/soydeaqui.ddns.net\/pachuca\/index.php\/producto\/1-year-license-for-awc-channel-blanket-and-awc-smart-connect-plugin-for-10-aps-requires-vista-manager-ex-and-awc\/","title":{"rendered":"1 YEAR LICENSE FOR AWC-CHANNEL BLANKET AND AWC-SMART CONNECT PLUGIN FOR 10 APS (REQUIRES VISTA MANAGER EX AND AWC)"},"content":{"rendered":"<div style='width: 100%; max-width: 1200px; margin: 0 auto; font-family: sans-serif; line-height: 1.6; color: inherit; background-color: transparent;'>\n<div style='display: flex; flex-wrap: wrap; gap: 30px; margin-bottom: 30px;'>\n<div style='flex: 1 1 300px; min-width: 280px;'>\n<h3 style='font-size: 22px; border-bottom: 2px solid currentColor; padding-bottom: 5px; margin-top: 0; color: inherit; opacity: 0.8;'>Descripci\u00f3n<\/h3>\n<p style='font-size: 15px; color: inherit;'> Licencia anual para plugins AWC-Channel Blanket y AWC-Smart Connect para 10 puntos de acceso. Requiere Vista Manager EX y AWC. <\/p>\n<\/p><\/div>\n<\/p><\/div>\n<div style='display: flex; flex-wrap: wrap; gap: 20px; margin-bottom: 30px;'>\n<div style='flex: 1 1 250px; border: 1px solid rgba(150&comma; 150&comma; 150&comma; 0.4); border-radius: 8px; overflow: hidden; display: flex; flex-direction: column;'>\n<div style='padding: 15px; border-bottom: 1px solid rgba(150&comma; 150&comma; 150&comma; 0.2); font-weight: bold; font-size: 18px; color: inherit;'>Caracter\u00edsticas Principales<\/div>\n<div style='padding: 15px; color: inherit;'>\n<ul style='padding-left: 20px; margin: 0; font-size: 14px; list-style-type: disc;'>\n<li style='margin-bottom: 5px;'>Licencia anual para plugins AWC-Channel Blanket y AWC-Smart Connect<\/li>\n<li style='margin-bottom: 5px;'>Soporta gesti\u00f3n de hasta 10 puntos de acceso inal\u00e1mbricos<\/li>\n<li style='margin-bottom: 5px;'>Requiere Vista Manager EX y AWC para funcionamiento<\/li>\n<li style='margin-bottom: 5px;'>Permite optimizaci\u00f3n de canales y potencia de se\u00f1al autom\u00e1tica<\/li>\n<li style='margin-bottom: 5px;'>Soporta configuraci\u00f3n de redes h\u00edbridas (multi-channel y Channel Blanket)<\/li>\n<\/ul><\/div>\n<\/p><\/div>\n<div style='flex: 1 1 250px; border: 1px solid rgba(150&comma; 150&comma; 150&comma; 0.4); border-radius: 8px; overflow: hidden; display: flex; flex-direction: column;'>\n<div style='padding: 15px; border-bottom: 1px solid rgba(150&comma; 150&comma; 150&comma; 0.2); font-weight: bold; font-size: 18px; color: inherit;'>Requisitos de Sistema<\/div>\n<div style='padding: 15px; color: inherit;'>\n<ul style='padding-left: 20px; margin: 0; font-size: 14px; list-style-type: disc;'>\n<li style='margin-bottom: 5px;'>Vista Manager EX instalado<\/li>\n<li style='margin-bottom: 5px;'>Controlador AWC activo<\/li>\n<li style='margin-bottom: 5px;'>Puntos de acceso compatibles (TQ5403&comma; TQ5403e&comma; TQ6602&comma; TQm6602 GEN2)<\/li>\n<\/ul><\/div>\n<\/p><\/div>\n<div style='flex: 1 1 250px; border: 1px solid rgba(150&comma; 150&comma; 150&comma; 0.4); border-radius: 8px; overflow: hidden; display: flex; flex-direction: column;'>\n<div style='padding: 15px; border-bottom: 1px solid rgba(150&comma; 150&comma; 150&comma; 0.2); font-weight: bold; font-size: 18px; color: inherit;'>Funcionalidades<\/div>\n<div style='padding: 15px; color: inherit;'>\n<ul style='padding-left: 20px; margin: 0; font-size: 14px; list-style-type: disc;'>\n<li style='margin-bottom: 5px;'>Optimizaci\u00f3n autom\u00e1tica de canales y potencia<\/li>\n<li style='margin-bottom: 5px;'>Gesti\u00f3n centralizada de redes inal\u00e1mbricas<\/li>\n<li style='margin-bottom: 5px;'>Visualizaci\u00f3n de mapas de cobertura y calor<\/li>\n<li style='margin-bottom: 5px;'>Control de dispositivos BYOD mediante Sky Defender<\/li>\n<li style='margin-bottom: 5px;'>Soporte para redes h\u00edbridas (multi-channel y Channel Blanket)<\/li>\n<\/ul><\/div>\n<\/p><\/div>\n<div style='flex: 1 1 250px; border: 1px solid rgba(150&comma; 150&comma; 150&comma; 0.4); border-radius: 8px; overflow: hidden; display: flex; flex-direction: column;'>\n<div style='padding: 15px; border-bottom: 1px solid rgba(150&comma; 150&comma; 150&comma; 0.2); font-weight: bold; font-size: 18px; color: inherit;'>Capacidades AWC<\/div>\n<div style='padding: 15px; color: inherit;'>\n<ul style='padding-left: 20px; margin: 0; font-size: 14px; list-style-type: disc;'>\n<li style='margin-bottom: 5px;'>Canal Blanket para m\u00e1ximo throughput y roaming<\/li>\n<li style='margin-bottom: 5px;'>Smart Connect para conexiones uplink inal\u00e1mbricas<\/li>\n<li style='margin-bottom: 5px;'>Sky Defender para filtrado de clientes inal\u00e1mbricos<\/li>\n<li style='margin-bottom: 5px;'>Remote Monitor para gesti\u00f3n centralizada<\/li>\n<\/ul><\/div>\n<\/p><\/div>\n<\/p><\/div>\n<hr style='border: 0; border-top: 1px solid rgba(150&comma; 150&comma; 150&comma; 0.3); margin: 30px 0;'>\n<div style='display: flex; flex-wrap: wrap; gap: 30px; margin-bottom: 30px;'>\n<div style='flex: 1 1 300px; min-width: 280px;'>\n<h3 style='font-size: 22px; border-bottom: 2px solid currentColor; padding-bottom: 5px; margin-top: 0; color: inherit; opacity: 0.8;'>Aplicaciones<\/h3>\n<ul style='padding-left: 20px; font-size: 15px; color: inherit;'>\n<li style='margin-bottom: 5px;'>Optimizaci\u00f3n de redes inal\u00e1mbricas en entornos empresariales<\/li>\n<li style='margin-bottom: 5px;'>Gesti\u00f3n centralizada de m\u00faltiples puntos de acceso<\/li>\n<li style='margin-bottom: 5px;'>Implementaci\u00f3n de pol\u00edticas de seguridad en redes BYOD<\/li>\n<li style='margin-bottom: 5px;'>Monitoreo visual de cobertura y rendimiento inal\u00e1mbrico<\/li>\n<\/ul><\/div>\n<div style='flex: 1 1 300px; min-width: 280px;'>\n<h3 style='font-size: 22px; border-bottom: 2px solid currentColor; padding-bottom: 5px; margin-top: 0; color: inherit; opacity: 0.8;'>Especificaciones<\/h3>\n<ul style='padding-left: 20px; font-size: 15px; color: inherit;'>\n<li style='margin-bottom: 5px;'><strong>Duraci\u00f3n:<\/strong> 1 a\u00f1o<\/li>\n<li style='margin-bottom: 5px;'><strong>Capacidad:<\/strong> Hasta 10 puntos de acceso<\/li>\n<li style='margin-bottom: 5px;'><strong>Compatibilidad:<\/strong> Vista Manager EX y AWC<\/li>\n<li style='margin-bottom: 5px;'><strong>Modelos compatibles:<\/strong> TQ5403&comma; TQ5403e&comma; TQ6602&comma; TQm6602 GEN2<\/li>\n<\/ul><\/div>\n<\/p><\/div>\n<\/p><\/div>\n","protected":false},"excerpt":{"rendered":"<p>1 YEAR LICENSE FOR AWC-CHANNEL BLANKET AND AWC-SMART CONNECT PLUGIN FOR 10 APS (REQUIRES VISTA MANAGER EX AND AWC)<\/p>\n","protected":false},"featured_media":32,"comment_status":"open","ping_status":"closed","template":"","meta":[],"product_brand":[],"product_cat":[1996],"product_tag":[1995,1997,664],"class_list":{"0":"post-91071","1":"product","2":"type-product","3":"status-publish","4":"has-post-thumbnail","6":"product_cat-licencias-suscripciones","7":"product_tag-allied-telesis","8":"product_tag-licencias-suscripciones","9":"product_tag-networking","11":"first","12":"outofstock","13":"sale","14":"shipping-taxable","15":"purchasable","16":"product-type-simple"},"_links":{"self":[{"href":"https:\/\/soydeaqui.ddns.net\/pachuca\/index.php\/wp-json\/wp\/v2\/product\/91071","targetHints":{"allow":["GET"]}}],"collection":[{"href":"https:\/\/soydeaqui.ddns.net\/pachuca\/index.php\/wp-json\/wp\/v2\/product"}],"about":[{"href":"https:\/\/soydeaqui.ddns.net\/pachuca\/index.php\/wp-json\/wp\/v2\/types\/product"}],"replies":[{"embeddable":true,"href":"https:\/\/soydeaqui.ddns.net\/pachuca\/index.php\/wp-json\/wp\/v2\/comments?post=91071"}],"wp:featuredmedia":[{"embeddable":true,"href":"https:\/\/soydeaqui.ddns.net\/pachuca\/index.php\/wp-json\/wp\/v2\/media\/32"}],"wp:attachment":[{"href":"https:\/\/soydeaqui.ddns.net\/pachuca\/index.php\/wp-json\/wp\/v2\/media?parent=91071"}],"wp:term":[{"taxonomy":"product_brand","embeddable":true,"href":"https:\/\/soydeaqui.ddns.net\/pachuca\/index.php\/wp-json\/wp\/v2\/product_brand?post=91071"},{"taxonomy":"product_cat","embeddable":true,"href":"https:\/\/soydeaqui.ddns.net\/pachuca\/index.php\/wp-json\/wp\/v2\/product_cat?post=91071"},{"taxonomy":"product_tag","embeddable":true,"href":"https:\/\/soydeaqui.ddns.net\/pachuca\/index.php\/wp-json\/wp\/v2\/product_tag?post=91071"}],"curies":[{"name":"wp","href":"https:\/\/api.w.org\/{rel}","templated":true}]}}