{"id":91067,"date":"2026-03-20T04:12:09","date_gmt":"2026-03-20T04:12:09","guid":{"rendered":"https:\/\/soydeaqui.ddns.net\/pachuca\/index.php\/producto\/switch-industrial-administrable-capa-3-con-8-puertos-poe-gigabit-802-3bt-2-puertos-sfp-de-1-g-2-5-g-2-puertos-sfp-10-g\/"},"modified":"2026-03-20T04:12:17","modified_gmt":"2026-03-20T04:12:17","slug":"switch-industrial-administrable-capa-3-con-8-puertos-poe-gigabit-802-3bt-2-puertos-sfp-de-1-g-2-5-g-2-puertos-sfp-10-g","status":"publish","type":"product","link":"https:\/\/soydeaqui.ddns.net\/pachuca\/index.php\/producto\/switch-industrial-administrable-capa-3-con-8-puertos-poe-gigabit-802-3bt-2-puertos-sfp-de-1-g-2-5-g-2-puertos-sfp-10-g\/","title":{"rendered":"Switch Industrial Administrable Capa 3, Con 8 Puertos PoE Gigabit 802.3bt, 2 Puertos SFP de 1 G \/ 2.5 G, 2 Puertos SFP 10 G"},"content":{"rendered":"<div style='width: 100%; max-width: 1200px; margin: 0 auto; font-family: sans-serif; line-height: 1.6; color: inherit; background-color: transparent;'> <!-- Iconos de caracter\u00edsticas --> <\/p>\n<div style='display: flex; flex-wrap: wrap; gap: 15px; justify-content: center; margin-bottom: 30px;'> <img style='width: auto; height: 40px; border: 1px solid rgba(150&comma;150&comma;150&comma;0.3); border-radius: 8px;' src='https:\/\/www.planet.com.tw\/storage\/icons\/662\/802.3bt-PoE++.png' alt='802.3btPoE++'> <img style='width: auto; height: 40px; border: 1px solid rgba(150&comma;150&comma;150&comma;0.3); border-radius: 8px;' src='https:\/\/www.planet.com.tw\/storage\/icons\/1icon_Alive-Check.png' alt='Cheque vivo'> <img style='width: auto; height: 40px; border: 1px solid rgba(150&comma;150&comma;150&comma;0.3); border-radius: 8px;' src='https:\/\/www.planet.com.tw\/storage\/icons\/6icon_RING.png' alt='ANILLO'> <img style='width: auto; height: 40px; border: 1px solid rgba(150&comma;150&comma;150&comma;0.3); border-radius: 8px;' src='https:\/\/www.planet.com.tw\/storage\/icons\/3icon_ONVIF.png' alt='ONVIF'> <img style='width: auto; height: 40px; border: 1px solid rgba(150&comma;150&comma;150&comma;0.3); border-radius: 8px;' src='https:\/\/www.planet.com.tw\/storage\/icons\/633\/Cyber-Security.png' alt='La seguridad cibern\u00e9tica'> <img style='width: auto; height: 40px; border: 1px solid rgba(150&comma;150&comma;150&comma;0.3); border-radius: 8px;' src='https:\/\/www.planet.com.tw\/storage\/icons\/3icon_1588-PTP.png' alt='1588 PPT'> <\/div>\n<p> <!-- Imagen principal --> <\/p>\n<div style='width: 100%; text-align: center; margin-bottom: 30px;'> <img style='width: 100%; max-width: 750px; height: auto; border: 1px solid rgba(150&comma;150&comma;150&comma;0.3); border-radius: 8px;' src='https:\/\/www.planet.com.tw\/storage\/products\/49477\/edm_IGS-6329-8UP2S2X.jpg' alt=''> <\/div>\n<p> <!-- Secci\u00f3n de caracter\u00edsticas en 3 columnas --> <\/p>\n<div style='display: flex; flex-wrap: wrap; gap: 30px; margin-bottom: 30px;'>\n<div style='flex: 1 1 300px; min-width: 280px;'>\n<h3 style='font-size: 22px; border-bottom: 2px solid currentColor; padding-bottom: 5px; margin-top: 0; color: inherit; opacity: 0.8;'>Caracter\u00edsticas principales:<\/h3>\n<ul style='padding-left: 20px; font-size: 15px; color: inherit;'>\n<li style='margin-bottom: 5px;'>Carcasa con clasificaci\u00f3n IP30<\/li>\n<li style='margin-bottom: 5px;'>Salida de rel\u00e9 para fallo de alimentaci\u00f3n<\/li>\n<li style='margin-bottom: 5px;'>Tolerancia a fallas y resiliencia<\/li>\n<li style='margin-bottom: 5px;'>Anillo redundante de hasta 10 ms<\/li>\n<li style='margin-bottom: 5px;'>Alerta de eventos para diagnostico<\/li>\n<\/ul><\/div>\n<div style='flex: 1 1 300px; min-width: 280px;'>\n<h3 style='font-size: 22px; border-bottom: 2px solid currentColor; padding-bottom: 5px; margin-top: 0; color: inherit; opacity: 0.8;'>Caracter\u00edsticas F\u00edsicas y El\u00e9ctricas:<\/h3>\n<ul style='padding-left: 20px; font-size: 15px; color: inherit;'>\n<li style='margin-bottom: 5px;'>Entrada de 48 a 54 V CC<\/li>\n<li style='margin-bottom: 5px;'>Salida POE de hasta 360 W<\/li>\n<li style='margin-bottom: 5px;'>Soporta temperaturas de -40 a 75\u00b0C<\/li>\n<li style='margin-bottom: 5px;'>Dimensiones: 76 x 135 x 152 mm<\/li>\n<li style='margin-bottom: 5px;'>Entrada de alimentaci\u00f3n redundante con protecci\u00f3n de polaridad inversa<\/li>\n<li style='margin-bottom: 5px;'>2 entradas digitales (DI)<\/li>\n<li style='margin-bottom: 5px;'>2 salidas digitales (DO)<\/li>\n<\/ul><\/div>\n<div style='flex: 1 1 300px; min-width: 280px;'>\n<h3 style='font-size: 22px; border-bottom: 2px solid currentColor; padding-bottom: 5px; margin-top: 0; color: inherit; opacity: 0.8;'>Caracter\u00edsticas Destacadas:<\/h3>\n<p style='font-size: 15px; color: inherit;'> Con certificado EN 61000-6-2 y 61000-6-4 Heavy Industrial EMC y ferrocarril EN 50121-4&comma; proporciona comunicaci\u00f3n de datos continua y inyecci\u00f3n PoE confiable&comma; incluso con interferencias provenientes de las aplicaciones del campo industrial. <\/p>\n<\/p><\/div>\n<\/p><\/div>\n<p> <!-- Secci\u00f3n de im\u00e1genes con descripciones --> <\/p>\n<div style='display: flex; flex-wrap: wrap; gap: 30px; margin-bottom: 30px;'>\n<div style='flex: 1 1 400px; min-width: 300px;'> <img style='width: 100%; height: auto; border: 1px solid rgba(150&comma;150&comma;150&comma;0.3); border-radius: 8px;' src='https:\/\/www.planet.com.tw\/storage\/products\/49477\/IGS-6329-8UP2S2X-4.png' alt=''> <\/p>\n<p style='text-align: center; margin-top: 15px; font-size: 15px; color: inherit;'><strong>Hasta 95 W sobre una soluci\u00f3n de cable UTP de 4 pares<\/strong><\/p>\n<\/p><\/div>\n<div style='flex: 1 1 400px; min-width: 300px;'> <img style='width: 100%; height: auto; border: 1px solid rgba(150&comma;150&comma;150&comma;0.3); border-radius: 8px;' src='https:\/\/www.planet.com.tw\/storage\/products\/49477\/IGS-6329-8UP2S2X-5.png' alt=''> <\/p>\n<p style='text-align: center; margin-top: 15px; font-size: 15px; color: inherit;'><strong>Monitoreo del estado de los equipos conectados en tiempo real a trav\u00e9s de una acci\u00f3n de ping.<\/strong><\/p>\n<\/p><\/div>\n<\/p><\/div>\n<div style='display: flex; flex-wrap: wrap; gap: 30px; margin-bottom: 30px;'>\n<div style='flex: 1 1 400px; min-width: 300px;'> <img style='width: 100%; height: auto; border: 1px solid rgba(150&comma;150&comma;150&comma;0.3); border-radius: 8px;' src='https:\/\/www.planet.com.tw\/storage\/products\/49477\/IGS-6329-8UP2S2X-6.png' alt=''> <\/p>\n<p style='text-align: center; margin-top: 15px; font-size: 15px; color: inherit;'><strong>Alimentaci\u00f3n PoE&comma; durante intervalos de tiempo especificos para ahorros de energ\u00eda<\/strong><\/p>\n<\/p><\/div>\n<div style='flex: 1 1 400px; min-width: 300px;'> <img style='width: 100%; height: auto; border: 1px solid rgba(150&comma;150&comma;150&comma;0.3); border-radius: 8px;' src='https:\/\/www.planet.com.tw\/storage\/products\/49477\/Common_Scheduled-Power-Recycling.png' alt=''> <\/p>\n<p style='text-align: center; margin-top: 15px; font-size: 15px; color: inherit;'><strong>Reinicio de PoE autom\u00e1tico<\/strong><\/p>\n<\/p><\/div>\n<\/p><\/div>\n<\/p><\/div>\n","protected":false},"excerpt":{"rendered":"<p>Switch Industrial Administrable Capa 3, Con 8 Puertos PoE Gigabit 802.3bt, 2 Puertos SFP de 1 G \/ 2.5 G, 2 Puertos SFP 10 G<\/p>\n","protected":false},"featured_media":91066,"comment_status":"open","ping_status":"closed","template":"","meta":[],"product_brand":[],"product_cat":[1984],"product_tag":[1985,664,2033],"class_list":{"0":"post-91067","1":"product","2":"type-product","3":"status-publish","4":"has-post-thumbnail","6":"product_cat-industrial","7":"product_tag-industrial","8":"product_tag-networking","9":"product_tag-planet","11":"first","12":"outofstock","13":"sale","14":"shipping-taxable","15":"purchasable","16":"product-type-simple"},"_links":{"self":[{"href":"https:\/\/soydeaqui.ddns.net\/pachuca\/index.php\/wp-json\/wp\/v2\/product\/91067","targetHints":{"allow":["GET"]}}],"collection":[{"href":"https:\/\/soydeaqui.ddns.net\/pachuca\/index.php\/wp-json\/wp\/v2\/product"}],"about":[{"href":"https:\/\/soydeaqui.ddns.net\/pachuca\/index.php\/wp-json\/wp\/v2\/types\/product"}],"replies":[{"embeddable":true,"href":"https:\/\/soydeaqui.ddns.net\/pachuca\/index.php\/wp-json\/wp\/v2\/comments?post=91067"}],"wp:featuredmedia":[{"embeddable":true,"href":"https:\/\/soydeaqui.ddns.net\/pachuca\/index.php\/wp-json\/wp\/v2\/media\/91066"}],"wp:attachment":[{"href":"https:\/\/soydeaqui.ddns.net\/pachuca\/index.php\/wp-json\/wp\/v2\/media?parent=91067"}],"wp:term":[{"taxonomy":"product_brand","embeddable":true,"href":"https:\/\/soydeaqui.ddns.net\/pachuca\/index.php\/wp-json\/wp\/v2\/product_brand?post=91067"},{"taxonomy":"product_cat","embeddable":true,"href":"https:\/\/soydeaqui.ddns.net\/pachuca\/index.php\/wp-json\/wp\/v2\/product_cat?post=91067"},{"taxonomy":"product_tag","embeddable":true,"href":"https:\/\/soydeaqui.ddns.net\/pachuca\/index.php\/wp-json\/wp\/v2\/product_tag?post=91067"}],"curies":[{"name":"wp","href":"https:\/\/api.w.org\/{rel}","templated":true}]}}