{"id":91046,"date":"2026-03-20T04:11:08","date_gmt":"2026-03-20T04:11:08","guid":{"rendered":"https:\/\/soydeaqui.ddns.net\/pachuca\/index.php\/producto\/onu-dual-epon-gpon-8-puertos-poe-802-3at-gigabit-wi-fi-doble-banda-2-4-y-5-ghz-1-puerto-sc-upc\/"},"modified":"2026-03-20T04:11:21","modified_gmt":"2026-03-20T04:11:21","slug":"onu-dual-epon-gpon-8-puertos-poe-802-3at-gigabit-wi-fi-doble-banda-2-4-y-5-ghz-1-puerto-sc-upc","status":"publish","type":"product","link":"https:\/\/soydeaqui.ddns.net\/pachuca\/index.php\/producto\/onu-dual-epon-gpon-8-puertos-poe-802-3at-gigabit-wi-fi-doble-banda-2-4-y-5-ghz-1-puerto-sc-upc\/","title":{"rendered":"ONU Dual EPON\/GPON \/ 8 Puertos PoE 802.3at Gigabit \/ Wi-Fi Doble banda 2.4 y 5 GHz \/  1 Puerto SC\/UPC"},"content":{"rendered":"<div style='width: 100%; max-width: 1200px; margin: 0 auto; font-family: sans-serif; line-height: 1.6; color: inherit; background-color: transparent;'> <!-- Secci\u00f3n de caracter\u00edsticas en tres columnas --> <\/p>\n<div style='display: flex; flex-wrap: wrap; gap: 30px; margin-bottom: 30px;'>\n<div style='flex: 1 1 300px; min-width: 280px;'>\n<h3 style='font-size: 22px; border-bottom: 2px solid currentColor; padding-bottom: 5px; margin-top: 0; color: inherit; opacity: 0.8;'>Caracter\u00edsticas principales<\/h3>\n<ul style='padding-left: 20px; font-size: 15px; color: inherit;'>\n<li style='margin-bottom: 5px;'><strong>Dimensiones:<\/strong> 196 * 160 * 32 mm (largo \u00d7 ancho \u00d7 alto)<\/li>\n<li style='margin-bottom: 5px;'><strong>Aplicaciones Triple Play:<\/strong> Datos&comma; Voz IP&comma; Wi-Fi&comma; Control de Acceso&comma; CCTV&comma; ETC.<\/li>\n<li style='margin-bottom: 5px;'>Gesti\u00f3n y Monitoreo en l\u00ednea desde la OLT V-SOL<\/li>\n<li style='margin-bottom: 5px;'>Gesti\u00f3n amigable desde: EMS \/ Web \/ Telnet \/ CLI<\/li>\n<\/ul><\/div>\n<div style='flex: 1 1 300px; min-width: 280px;'>\n<h3 style='font-size: 22px; border-bottom: 2px solid currentColor; padding-bottom: 5px; margin-top: 0; color: inherit; opacity: 0.8;'>Caracter\u00edsticas F\u00edsicas y El\u00e9ctricas<\/h3>\n<ul style='padding-left: 20px; font-size: 15px; color: inherit;'>\n<li style='margin-bottom: 5px;'><strong>Alimentaci\u00f3n:<\/strong> 48V 2.5A (Incluida)<\/li>\n<li style='margin-bottom: 5px;'><strong>Consumo m\u00e1ximo:<\/strong> 130W<\/li>\n<li style='margin-bottom: 5px;'><strong>Peso:<\/strong> 1.07 Kg<\/li>\n<li style='margin-bottom: 5px;'><strong>Temperatura de operaci\u00f3n:<\/strong> -10 a 55\u00b0 C<\/li>\n<\/ul><\/div>\n<div style='flex: 1 1 300px; min-width: 280px;'>\n<h3 style='font-size: 22px; border-bottom: 2px solid currentColor; padding-bottom: 5px; margin-top: 0; color: inherit; opacity: 0.8;'>Caracter\u00edsticas de Red<\/h3>\n<ul style='padding-left: 20px; font-size: 15px; color: inherit;'>\n<li style='margin-bottom: 5px;'>8 Puerto 1Gbps RJ45 PoE 802.3af\/at<\/li>\n<li style='margin-bottom: 5px;'>1 Puerto SC\/UPC<\/li>\n<li style='margin-bottom: 5px;'>Wi-Fi 2.4 y 5 GHz<\/li>\n<\/ul><\/div>\n<\/p><\/div>\n<p> <!-- Separador --> <\/p>\n<hr style='border: 0; border-top: 1px solid rgba(150&comma; 150&comma; 150&comma; 0.3); margin: 30px 0;'> <!-- Im\u00e1genes --> <\/p>\n<div style='display: flex; flex-direction: column; gap: 30px; align-items: center; margin-bottom: 30px;'> <img style='width: 100%; height: auto; border: 1px solid rgba(150&comma;150&comma;150&comma;0.3); border-radius: 8px;' src='https:\/\/www.vsolcn.com\/wp-content\/uploads\/2023\/09\/ICT3310D-1.jpg' alt=''> <\/p>\n<h2 style='font-size: 24px; margin: 0 0 20px 0; color: inherit; text-align: center;'>ONU EPON\/EPON con 8 Puertos PoE<\/h2>\n<\/p><\/div>\n<p> <!-- Separador --> <\/p>\n<hr style='border: 0; border-top: 1px solid rgba(150&comma; 150&comma; 150&comma; 0.3); margin: 30px 0;'> <!-- Imagen - La ONU M\u00e1s Vers\u00e1til del Mercado --> <\/p>\n<div style='display: flex; flex-direction: column; gap: 15px; align-items: center; margin-bottom: 30px;'> <img style='width: 100%; height: auto; border: 1px solid rgba(150&comma;150&comma;150&comma;0.3); border-radius: 8px;' src='https:\/\/www.vsolcn.com\/wp-content\/uploads\/2023\/09\/ICT3310D-2.jpg' alt=''> <\/p>\n<h2 style='font-size: 24px; margin: 0 0 20px 0; color: inherit; text-align: center;'>La ONU M\u00e1s Vers\u00e1til del Mercado<\/h2>\n<\/p><\/div>\n<p> <!-- Separador --> <\/p>\n<hr style='border: 0; border-top: 1px solid rgba(150&comma; 150&comma; 150&comma; 0.3); margin: 30px 0;'> <!-- Imagen - Dise\u00f1o Est\u00e9tico y Compacto --> <\/p>\n<div style='display: flex; flex-direction: column; gap: 15px; align-items: center; margin-bottom: 30px;'> <img style='width: 100%; height: auto; border: 1px solid rgba(150&comma;150&comma;150&comma;0.3); border-radius: 8px;' src='https:\/\/www.vsolcn.com\/wp-content\/uploads\/2023\/09\/ICT3310D-5.jpg' alt=''> <\/p>\n<h2 style='font-size: 24px; margin: 0 0 20px 0; color: inherit; text-align: center;'>Dise\u00f1o Est\u00e9tico y Compacto<\/h2>\n<\/p><\/div>\n<p> <!-- Separador --> <\/p>\n<hr style='border: 0; border-top: 1px solid rgba(150&comma; 150&comma; 150&comma; 0.3); margin: 30px 0;'> <!-- Imagen - Escenarios de Aplicaci\u00f3n --> <\/p>\n<div style='display: flex; flex-direction: column; gap: 15px; align-items: center; margin-bottom: 30px;'> <img style='width: 100%; height: auto; border: 1px solid rgba(150&comma;150&comma;150&comma;0.3); border-radius: 8px;' src='https:\/\/www.vsolcn.com\/wp-content\/uploads\/2023\/09\/ICT3310D-6.jpg' alt=''> <\/p>\n<h2 style='font-size: 24px; margin: 0 0 20px 0; color: inherit; text-align: center;'>Escenarios de Aplicaci\u00f3n<\/h2>\n<\/p><\/div>\n<\/p><\/div>\n","protected":false},"excerpt":{"rendered":"<p>ONU Dual EPON\/GPON \/ 8 Puertos PoE 802.3at Gigabit \/ Wi-Fi Doble banda 2.4 y 5 GHz \/  1 Puerto SC\/UPC<\/p>\n","protected":false},"featured_media":91045,"comment_status":"open","ping_status":"closed","template":"","meta":[],"product_brand":[],"product_cat":[2010],"product_tag":[2012,2011,2013],"class_list":{"0":"post-91046","1":"product","2":"type-product","3":"status-publish","4":"has-post-thumbnail","6":"product_cat-onus-onts","7":"product_tag-onus-onts","8":"product_tag-redes-ftth-pon","9":"product_tag-v-sol","11":"first","12":"instock","13":"sale","14":"shipping-taxable","15":"purchasable","16":"product-type-simple"},"_links":{"self":[{"href":"https:\/\/soydeaqui.ddns.net\/pachuca\/index.php\/wp-json\/wp\/v2\/product\/91046","targetHints":{"allow":["GET"]}}],"collection":[{"href":"https:\/\/soydeaqui.ddns.net\/pachuca\/index.php\/wp-json\/wp\/v2\/product"}],"about":[{"href":"https:\/\/soydeaqui.ddns.net\/pachuca\/index.php\/wp-json\/wp\/v2\/types\/product"}],"replies":[{"embeddable":true,"href":"https:\/\/soydeaqui.ddns.net\/pachuca\/index.php\/wp-json\/wp\/v2\/comments?post=91046"}],"wp:featuredmedia":[{"embeddable":true,"href":"https:\/\/soydeaqui.ddns.net\/pachuca\/index.php\/wp-json\/wp\/v2\/media\/91045"}],"wp:attachment":[{"href":"https:\/\/soydeaqui.ddns.net\/pachuca\/index.php\/wp-json\/wp\/v2\/media?parent=91046"}],"wp:term":[{"taxonomy":"product_brand","embeddable":true,"href":"https:\/\/soydeaqui.ddns.net\/pachuca\/index.php\/wp-json\/wp\/v2\/product_brand?post=91046"},{"taxonomy":"product_cat","embeddable":true,"href":"https:\/\/soydeaqui.ddns.net\/pachuca\/index.php\/wp-json\/wp\/v2\/product_cat?post=91046"},{"taxonomy":"product_tag","embeddable":true,"href":"https:\/\/soydeaqui.ddns.net\/pachuca\/index.php\/wp-json\/wp\/v2\/product_tag?post=91046"}],"curies":[{"name":"wp","href":"https:\/\/api.w.org\/{rel}","templated":true}]}}