{"id":91005,"date":"2026-03-20T04:09:08","date_gmt":"2026-03-20T04:09:08","guid":{"rendered":"https:\/\/soydeaqui.ddns.net\/pachuca\/index.php\/producto\/switch-industrial-capa-3-16x-10-100-1000t-poe-4x-100-1000x-sfp-taa-compliant\/"},"modified":"2026-03-20T04:09:10","modified_gmt":"2026-03-20T04:09:10","slug":"switch-industrial-capa-3-16x-10-100-1000t-poe-4x-100-1000x-sfp-taa-compliant","status":"publish","type":"product","link":"https:\/\/soydeaqui.ddns.net\/pachuca\/index.php\/producto\/switch-industrial-capa-3-16x-10-100-1000t-poe-4x-100-1000x-sfp-taa-compliant\/","title":{"rendered":"Switch Industrial Capa 3, 16x 10\/100\/1000T PoE+, 4x 100\/1000X SFP (TAA compliant)"},"content":{"rendered":"<div style='width: 100%; max-width: 1200px; margin: 0 auto; font-family: sans-serif; line-height: 1.6; color: inherit; background-color: transparent;'> <!-- T\u00edtulo y descripci\u00f3n corta --> <\/p>\n<div style='margin-bottom: 30px;'>\n<h1 style='margin-top: 0; margin-bottom: 0.4em; font-weight: 400; font-size: 2.5rem; color: inherit;'>Serie IE340<\/h1>\n<div style='font-size: 1.1rem; color: inherit; opacity: 0.8;'>Conmutadores de capa 3 Gigabit de Ethernet industrial<\/div>\n<\/p><\/div>\n<p> <!-- Secci\u00f3n principal con flex --> <\/p>\n<div style='display: flex; flex-wrap: wrap; gap: 30px; margin-bottom: 30px;'>\n<div style='flex: 1 1 300px; min-width: 280px;'>\n<h3 style='font-size: 22px; border-bottom: 2px solid currentColor; padding-bottom: 5px; margin-top: 0; color: inherit; opacity: 0.8;'>Descripci\u00f3n<\/h3>\n<p style='margin-top: 0; margin-bottom: 1rem; color: inherit;'>Conmutadores reforzados creados para proporcionar un rendimiento duradero en entornos hostiles&comma; como la fabricaci\u00f3n&comma; el transporte y la seguridad f\u00edsica. Los switches IE340 brindan el rendimiento y la confiabilidad que exigen las implementaciones en la era de Internet de las cosas (IoT).<\/p>\n<\/p><\/div>\n<\/p><\/div>\n<p> <!-- Secci\u00f3n de cards con especificaciones --> <\/p>\n<div style='display: flex; flex-wrap: wrap; gap: 20px; margin-bottom: 30px;'>\n<div style='flex: 1 1 250px; border: 1px solid rgba(150&comma; 150&comma; 150&comma; 0.4); border-radius: 8px; overflow: hidden; display: flex; flex-direction: column;'>\n<div style='padding: 15px; border-bottom: 1px solid rgba(150&comma; 150&comma; 150&comma; 0.2); font-weight: bold; font-size: 18px; color: inherit;'>Descripci\u00f3n General<\/div>\n<div style='padding: 15px; color: inherit;'>\n<ul style='padding-left: 20px; margin: 0; font-size: 14px; list-style-type: disc;'>\n<li style='margin-bottom: 5px;'>Ofrece alto rendimiento&comma; gran funcionalidad y funciones de seguridad avanzadas.<\/li>\n<li style='margin-bottom: 5px;'>Reforzado para cumplir con los \u00faltimos est\u00e1ndares industriales de Ethernet en cuanto a temperatura&comma; vibraci\u00f3n y ruido el\u00e9ctrico.<\/li>\n<li style='margin-bottom: 5px;'>Admite una conmutaci\u00f3n de red altamente estable y confiable&comma; con un tiempo de recuperaci\u00f3n de menos de 50 ms.<\/li>\n<li style='margin-bottom: 5px;'>Seguridad superior que incluye SSL&comma; SSH&comma; 802.1X&comma; MAC&comma; filtrado de IP&comma; RADIUS&comma; TACACS+ y VLAN.<\/li>\n<li style='margin-bottom: 5px;'>Gesti\u00f3n de dispositivos a trav\u00e9s de GUI web&comma; SNMP&comma; Telnet&comma; SSH o Allied Telesis Autonomous Management Framework\u2122 Plus (AMF Plus).<\/li>\n<\/ul><\/div>\n<\/p><\/div>\n<div style='flex: 1 1 250px; border: 1px solid rgba(150&comma; 150&comma; 150&comma; 0.4); border-radius: 8px; overflow: hidden; display: flex; flex-direction: column;'>\n<div style='padding: 15px; border-bottom: 1px solid rgba(150&comma; 150&comma; 150&comma; 0.2); font-weight: bold; font-size: 18px; color: inherit;'>Caracter\u00edsticas principales<\/div>\n<div style='padding: 15px; color: inherit;'>\n<ul style='padding-left: 20px; margin: 0; font-size: 14px; list-style-type: disc;'>\n<li style='margin-bottom: 5px;'>Sistema operativo AlliedWare Plus\u2122 con numerosas funciones<\/li>\n<li style='margin-bottom: 5px;'>Nodo de Marco de Gesti\u00f3n Aut\u00f3noma\u2122 Plus (AMF Plus)<\/li>\n<li style='margin-bottom: 5px;'>OpenFlow para SDN<\/li>\n<li style='margin-bottom: 5px;'>Active Fiber Monitoring\u2122 (AFM) detecta y previene intentos de alterar los enlaces de fibra<\/li>\n<li style='margin-bottom: 5px;'>Compatibilidad con protocolos de automatizaci\u00f3n industrial (Modbus\/TCP)<\/li>\n<li style='margin-bottom: 5px;'>Anillo conmutado de protecci\u00f3n Ethernet (EPSRing\u2122)<\/li>\n<li style='margin-bottom: 5px;'>Conmutaci\u00f3n de protecci\u00f3n de anillo Ethernet (ITU-T G.8032)<\/li>\n<li style='margin-bottom: 5px;'>Capacidad de enrutamiento (ECMP&comma; OSPF&comma; RIP&comma; est\u00e1tico y BGP)<\/li>\n<li style='margin-bottom: 5px;'>Reenv\u00edo \u00fanicamente en sentido ascendente (UFO)<\/li>\n<li style='margin-bottom: 5px;'>Sincronizaci\u00f3n horaria precisa (IEEE 1588 PTP)<\/li>\n<li style='margin-bottom: 5px;'>Fuente de alimentaci\u00f3n IEEE 802.3at PoE+ (30 W)<\/li>\n<li style='margin-bottom: 5px;'>Asignaci\u00f3n din\u00e1mica de energ\u00eda PoE<\/li>\n<li style='margin-bottom: 5px;'>La PoE continua garantiza el tiempo de actividad del punto final&comma; incluso durante una actualizaci\u00f3n del firmware del conmutador<\/li>\n<li style='margin-bottom: 5px;'>Apagado t\u00e9rmico mejorado<\/li>\n<li style='margin-bottom: 5px;'>Entradas de energ\u00eda redundantes<\/li>\n<li style='margin-bottom: 5px;'>Puertos de entrada y salida de alarma<\/li>\n<li style='margin-bottom: 5px;'>Dise\u00f1o sin ventilador para una alta confiabilidad y un funcionamiento silencioso.<\/li>\n<\/ul><\/div>\n<\/p><\/div>\n<div style='flex: 1 1 250px; border: 1px solid rgba(150&comma; 150&comma; 150&comma; 0.4); border-radius: 8px; overflow: hidden; display: flex; flex-direction: column;'>\n<div style='padding: 15px; border-bottom: 1px solid rgba(150&comma; 150&comma; 150&comma; 0.2); font-weight: bold; font-size: 18px; color: inherit;'>Certificaciones y Cumplimiento<\/div>\n<div style='padding: 15px; color: inherit;'>\n<ul style='padding-left: 20px; margin: 0; font-size: 14px; list-style-type: disc;'>\n<li style='margin-bottom: 5px;'><strong>Compatible con IPv6:<\/strong> Organizada por el Foro IPv6&comma; la certificaci\u00f3n IPv6 Ready demuestra la conformidad con los est\u00e1ndares IPv6 y valida la interoperabilidad de los productos IPv6<\/li>\n<li style='margin-bottom: 5px;'><strong>Conformidad con OpenFlow:<\/strong> OpenFlow Conformance es la m\u00e1xima garant\u00eda de la Open Networking Foundation que valida que los productos cumplen con la especificaci\u00f3n OpenFlow.<\/li>\n<li style='margin-bottom: 5px;'><strong>Ley de Acuerdos Comerciales (TAA):<\/strong> El cumplimiento de TAA es obligatorio para las compras del gobierno de EE. UU. para demostrar que los productos se fabrican \u00fanicamente en EE. UU. u otros pa\u00edses aprobados.<\/li>\n<\/ul><\/div>\n<\/p><\/div>\n<div style='flex: 1 1 250px; border: 1px solid rgba(150&comma; 150&comma; 150&comma; 0.4); border-radius: 8px; overflow: hidden; display: flex; flex-direction: column;'>\n<div style='padding: 15px; border-bottom: 1px solid rgba(150&comma; 150&comma; 150&comma; 0.2); font-weight: bold; font-size: 18px; color: inherit;'>Especificaciones<\/div>\n<div style='padding: 15px; color: inherit;'>\n<ul style='padding-left: 20px; margin: 0; font-size: 14px; list-style-type: disc;'>\n<li style='margin-bottom: 5px;'>16 puertos de cobre 10\/100\/1000 Mbps (RJ45)<\/li>\n<li style='margin-bottom: 5px;'>4 Puertos SFP 100\/1000Mbps<\/li>\n<li style='margin-bottom: 5px;'>Puertos habilitados para PoE (16 PoE)<\/li>\n<li style='margin-bottom: 5px;'>Switching Fabric 40Gbps<\/li>\n<li style='margin-bottom: 5px;'>Forwarding Rate 29.7Mpps<\/li>\n<li style='margin-bottom: 5px;'>Dimensiones: 91 x 139 x 153 mm<\/li>\n<li style='margin-bottom: 5px;'>Peso: 2.34 kg<\/li>\n<li style='margin-bottom: 5px;'>Carcasa de aluminio\/chapa met\u00e1lica<\/li>\n<li style='margin-bottom: 5px;'>Montaje en riel DIN&comma; montaje en pared<\/li>\n<li style='margin-bottom: 5px;'>Protecci\u00f3n: IP30<\/li>\n<li style='margin-bottom: 5px;'>Alimentaci\u00f3n: 18 &#8211; 57 VCC (48v para habilitar 802.3af \/ 54v para habilitar 802.3at)<\/li>\n<li style='margin-bottom: 5px;'>Consumo: 24 W (sin carga de PoE) \/ 271 W (carga completa de PoE)<\/li>\n<li style='margin-bottom: 5px;'>Disipaci\u00f3n m\u00e1xima de calor: 81.9 BTU\/hora (sin carga de PoE) \/ 105.8 BTU\/hora (carga completa de PoE)<\/li>\n<li style='margin-bottom: 5px;'>Temperatura de Operaci\u00f3n: -40\u00baC a 75\u00ba C<\/li>\n<\/ul><\/div>\n<\/p><\/div>\n<\/p><\/div>\n<p> <!-- Separador --> <\/p>\n<hr style='border: 0; border-top: 1px solid rgba(150&comma; 150&comma; 150&comma; 0.3); margin: 30px 0;'> <\/div>\n","protected":false},"excerpt":{"rendered":"<p>Switch Industrial Capa 3, 16x 10\/100\/1000T PoE+, 4x 100\/1000X SFP (TAA compliant)<\/p>\n","protected":false},"featured_media":91004,"comment_status":"open","ping_status":"closed","template":"","meta":[],"product_brand":[],"product_cat":[1984],"product_tag":[1995,1985,664],"class_list":{"0":"post-91005","1":"product","2":"type-product","3":"status-publish","4":"has-post-thumbnail","6":"product_cat-industrial","7":"product_tag-allied-telesis","8":"product_tag-industrial","9":"product_tag-networking","11":"first","12":"outofstock","13":"sale","14":"shipping-taxable","15":"purchasable","16":"product-type-simple"},"_links":{"self":[{"href":"https:\/\/soydeaqui.ddns.net\/pachuca\/index.php\/wp-json\/wp\/v2\/product\/91005","targetHints":{"allow":["GET"]}}],"collection":[{"href":"https:\/\/soydeaqui.ddns.net\/pachuca\/index.php\/wp-json\/wp\/v2\/product"}],"about":[{"href":"https:\/\/soydeaqui.ddns.net\/pachuca\/index.php\/wp-json\/wp\/v2\/types\/product"}],"replies":[{"embeddable":true,"href":"https:\/\/soydeaqui.ddns.net\/pachuca\/index.php\/wp-json\/wp\/v2\/comments?post=91005"}],"wp:featuredmedia":[{"embeddable":true,"href":"https:\/\/soydeaqui.ddns.net\/pachuca\/index.php\/wp-json\/wp\/v2\/media\/91004"}],"wp:attachment":[{"href":"https:\/\/soydeaqui.ddns.net\/pachuca\/index.php\/wp-json\/wp\/v2\/media?parent=91005"}],"wp:term":[{"taxonomy":"product_brand","embeddable":true,"href":"https:\/\/soydeaqui.ddns.net\/pachuca\/index.php\/wp-json\/wp\/v2\/product_brand?post=91005"},{"taxonomy":"product_cat","embeddable":true,"href":"https:\/\/soydeaqui.ddns.net\/pachuca\/index.php\/wp-json\/wp\/v2\/product_cat?post=91005"},{"taxonomy":"product_tag","embeddable":true,"href":"https:\/\/soydeaqui.ddns.net\/pachuca\/index.php\/wp-json\/wp\/v2\/product_tag?post=91005"}],"curies":[{"name":"wp","href":"https:\/\/api.w.org\/{rel}","templated":true}]}}