{"id":90992,"date":"2026-03-20T04:08:33","date_gmt":"2026-03-20T04:08:33","guid":{"rendered":"https:\/\/soydeaqui.ddns.net\/pachuca\/index.php\/producto\/switch-stack-8-port-100m-1-2-5-5g-poe-con-2-sfp-puertos-con-fuente-sencilla-interna\/"},"modified":"2026-03-20T04:08:35","modified_gmt":"2026-03-20T04:08:35","slug":"switch-stack-8-port-100m-1-2-5-5g-poe-con-2-sfp-puertos-con-fuente-sencilla-interna","status":"publish","type":"product","link":"https:\/\/soydeaqui.ddns.net\/pachuca\/index.php\/producto\/switch-stack-8-port-100m-1-2-5-5g-poe-con-2-sfp-puertos-con-fuente-sencilla-interna\/","title":{"rendered":"Switch Stack 8-port 100M\/1\/2.5\/5G PoE++ con 2 SFP+ puertos con fuente sencilla interna"},"content":{"rendered":"<div style='width: 100%; max-width: 1200px; margin: 0 auto; font-family: sans-serif; line-height: 1.6; color: inherit; background-color: transparent;'> <!-- Descripci\u00f3n general --> <\/p>\n<div style='margin-bottom: 30px;'>\n<h3 style='text-align: center; font-size: 20px; margin-bottom: 20px; color: inherit; opacity: 0.85;'>Los switches inteligentes de grado empresarial Serie x530L&comma; son apilables en capa 3&comma; cuentan con la mas alta capacidad&comma; resistencia y f\u00e1cil administraci\u00f3n. Con modelos Multi-Gigabit y alta densidad de puertos&comma; m\u00e1s Power over Ethernet (PoE)&comma; son la opci\u00f3n ideal para aplicaciones de acceso a la red<\/h3>\n<p> <!-- Imagen principal --> <\/p>\n<div style='margin: 20px 0;'> <img style='width: 100%; height: auto; border: 1px solid rgba(150&comma;150&comma;150&comma;0.3); border-radius: 8px;' src='https:\/\/www.alliedtelesis.com\/sites\/default\/files\/images\/posed\/series\/edit-series\/em-x530l-series\/x530l-10-28-52-group-640-tny.png' alt='Allied Telesis x530L Series Stackable Intelligent Layer 3 Switches'> <\/div>\n<\/p><\/div>\n<p> <!-- Secci\u00f3n de informaci\u00f3n general --> <\/p>\n<div style='margin-bottom: 30px;'>\n<h3 style='font-size: 18px; border-bottom: 2px solid currentColor; padding-bottom: 5px; margin-top: 0; color: inherit; opacity: 0.8;'>INFORMACI\u00d3N GENERAL<\/h3>\n<p>El x530L-10GHXm brinda soporte para conectividad de 2.5 y 5 Gigabit&comma; lo que permite que la conexi\u00f3n inal\u00e1mbrica de alta velocidad funcione a plena capacidad y&comma; al mismo tiempo&comma; evita la necesidad de actualizar los cables Cat5e \/ Cat6 existentes.<\/p>\n<ul style='padding-left: 20px; font-size: 14px; color: inherit;'>\n<li style='margin-bottom: 10px;'>Construya redes resistentes con la capacidad de apilar varias unidades de switches usando tecnolog\u00eda <strong>VCStack\u2122<\/strong><\/li>\n<li style='margin-bottom: 10px;'>Ampl\u00ede el alcance de la red con backbones distribuidos que son f\u00e1ciles de administrar mediante el apilamiento de larga distancia<\/li>\n<li style='margin-bottom: 10px;'>Soporta soluciones <strong>Wi-Fi 6<\/strong> de alta velocidad y actualizaciones de red sobre cableado heredado&comma; con conectividad de <strong>2.5<\/strong> y <strong>5G<\/strong> (disponible en modelo de AT-x530L-10GHXm-10)<\/li>\n<li style='margin-bottom: 10px;'>Conecte y alimente dispositivos de alta potencia&comma; c\u00e1maras PTZ de alta resoluci\u00f3n y controladores de iluminaci\u00f3n&comma; con hasta 90 W de PoE ++ (disponible en modelo de AT-x530L-10GHXm-10)<\/li>\n<li style='margin-bottom: 10px;'>Las fuentes de alimentaci\u00f3n duales de carga compartida permiten un tiempo de actividad m\u00e1ximo y un mantenimiento m\u00ednimo (modelos de 28 y 52 puertos)<\/li>\n<li style='margin-bottom: 10px;'>Reduzca costos y automatice la administraci\u00f3n de redes y dispositivos con Autonomous Management Framework\u2122 (<strong>AMF<\/strong>)<\/li>\n<\/ul><\/div>\n<p> <!-- Secci\u00f3n de caracter\u00edsticas clave --> <\/p>\n<div style='margin-bottom: 30px;'>\n<h3 style='font-size: 18px; border-bottom: 2px solid currentColor; padding-bottom: 5px; margin-top: 0; color: inherit; opacity: 0.8;'>CARACTER\u00cdSTICAS CLAVE<\/h3>\n<ul style='padding-left: 20px; font-size: 14px; color: inherit;'>\n<li style='margin-bottom: 10px;'>Se implementa como maestro <strong>AMF\u2122<\/strong> o miembro de sistema <strong>AMF\u2122<\/strong><\/li>\n<li style='margin-bottom: 10px;'>Opciones <strong>PoE+<\/strong> y <strong>PoE++<\/strong> para conectar y alimentar terminales<\/li>\n<li style='margin-bottom: 10px;'>PoE continuo maximiza la conectividad de los dispositivos terminales<\/li>\n<li style='margin-bottom: 10px;'>Monitoreo activo de fibra para redes de fibra seguras<\/li>\n<li style='margin-bottom: 10px;'><strong>EPSRing\u2122<\/strong> y <strong>G.8032 ERPS<\/strong> para redes de anillo resistentes<\/li>\n<li style='margin-bottom: 10px;'>Certificado <strong>FIPS 140-2<\/strong><\/li>\n<\/ul><\/div>\n<p> <!-- Secci\u00f3n de especificaciones --> <\/p>\n<div style='display: flex; flex-wrap: wrap; gap: 20px; margin-bottom: 30px;'> <!-- Puertos --> <\/p>\n<div style='flex: 1 1 250px; border: 1px solid rgba(150&comma; 150&comma; 150&comma; 0.4); border-radius: 8px; overflow: hidden; display: flex; flex-direction: column;'>\n<div style='padding: 15px; border-bottom: 1px solid rgba(150&comma; 150&comma; 150&comma; 0.2); font-weight: bold; font-size: 16px; color: inherit;'>Puertos<\/div>\n<div style='padding: 15px; color: inherit;'>\n<ul style='padding-left: 20px; margin: 0; font-size: 14px; list-style-type: disc;'>\n<li style='margin-bottom: 5px;'>8 puertos Multigigabit 100M\/1000\/2.5\/5 Gbps<\/li>\n<li style='margin-bottom: 5px;'>2 puertos SFP+ 10G<\/li>\n<li style='margin-bottom: 5px;'>Forwarding rate: 89.2 Millones de paquetes por segundo (Mpps)<\/li>\n<li style='margin-bottom: 5px;'>Switching fabric: 120 Gbps<\/li>\n<\/ul><\/div>\n<\/p><\/div>\n<p> <!-- PoE --> <\/p>\n<div style='flex: 1 1 250px; border: 1px solid rgba(150&comma; 150&comma; 150&comma; 0.4); border-radius: 8px; overflow: hidden; display: flex; flex-direction: column;'>\n<div style='padding: 15px; border-bottom: 1px solid rgba(150&comma; 150&comma; 150&comma; 0.2); font-weight: bold; font-size: 16px; color: inherit;'>Power over Ethernet (PoE)<\/div>\n<div style='padding: 15px; color: inherit;'>\n<ul style='padding-left: 20px; margin: 0; font-size: 14px; list-style-type: disc;'>\n<li style='margin-bottom: 5px;'>IEEE 802.3af Power Over Ethernet (PoE) hasta 15.4 W por puerto<\/li>\n<li style='margin-bottom: 5px;'>IEEE 802.3at Power Over Ethernet plus (PoE++) hasta 90 W por puerto<\/li>\n<li style='margin-bottom: 5px;'>Potencia total: 500 W<\/li>\n<\/ul><\/div>\n<\/p><\/div>\n<p> <!-- Sistema operativo --> <\/p>\n<div style='flex: 1 1 250px; border: 1px solid rgba(150&comma; 150&comma; 150&comma; 0.4); border-radius: 8px; overflow: hidden; display: flex; flex-direction: column;'>\n<div style='padding: 15px; border-bottom: 1px solid rgba(150&comma; 150&comma; 150&comma; 0.2); font-weight: bold; font-size: 16px; color: inherit;'>Sistema operativo<\/div>\n<div style='padding: 15px; color: inherit;'>\n<ul style='padding-left: 20px; margin: 0; font-size: 14px; list-style-type: disc;'>\n<li style='margin-bottom: 5px;'>AlliedWare Plus\u2122<\/li>\n<\/ul><\/div>\n<\/p><\/div>\n<p> <!-- Administraci\u00f3n --> <\/p>\n<div style='flex: 1 1 250px; border: 1px solid rgba(150&comma; 150&comma; 150&comma; 0.4); border-radius: 8px; overflow: hidden; display: flex; flex-direction: column;'>\n<div style='padding: 15px; border-bottom: 1px solid rgba(150&comma; 150&comma; 150&comma; 0.2); font-weight: bold; font-size: 16px; color: inherit;'>Administraci\u00f3n<\/div>\n<div style='padding: 15px; color: inherit;'>\n<ul style='padding-left: 20px; margin: 0; font-size: 14px; list-style-type: disc;'>\n<li style='margin-bottom: 5px;'>Interfaz de l\u00ednea de comandos (CLI)<\/li>\n<li style='margin-bottom: 5px;'>Telnet<\/li>\n<li style='margin-bottom: 5px;'>SSH<\/li>\n<li style='margin-bottom: 5px;'>Monitoreo SNMP v1&comma; v2c &#038; v3<\/li>\n<\/ul><\/div>\n<\/p><\/div>\n<p> <!-- Caracter\u00edsticas generales --> <\/p>\n<div style='flex: 1 1 250px; border: 1px solid rgba(150&comma; 150&comma; 150&comma; 0.4); border-radius: 8px; overflow: hidden; display: flex; flex-direction: column;'>\n<div style='padding: 15px; border-bottom: 1px solid rgba(150&comma; 150&comma; 150&comma; 0.2); font-weight: bold; font-size: 16px; color: inherit;'>Caracter\u00edsticas generales<\/div>\n<div style='padding: 15px; color: inherit;'>\n<ul style='padding-left: 20px; margin: 0; font-size: 14px; list-style-type: disc;'>\n<li style='margin-bottom: 5px;'>Voice VLAN<\/li>\n<li style='margin-bottom: 5px;'>VLAN Mirroring (RSPAN)<\/li>\n<li style='margin-bottom: 5px;'>Access Control Lists (ACLs)<\/li>\n<li style='margin-bottom: 5px;'>VLAN ACLs<\/li>\n<li style='margin-bottom: 5px;'>Storm protection<\/li>\n<li style='margin-bottom: 5px;'>Loop protection<\/li>\n<li style='margin-bottom: 5px;'>Soporte de Multicast &#8211; IGMP snooping (v1&comma; v2 and v3)<\/li>\n<li style='margin-bottom: 5px;'>Tri-authentication<\/li>\n<\/ul><\/div>\n<\/p><\/div>\n<p> <!-- QoS --> <\/p>\n<div style='flex: 1 1 250px; border: 1px solid rgba(150&comma; 150&comma; 150&comma; 0.4); border-radius: 8px; overflow: hidden; display: flex; flex-direction: column;'>\n<div style='padding: 15px; border-bottom: 1px solid rgba(150&comma; 150&comma; 150&comma; 0.2); font-weight: bold; font-size: 16px; color: inherit;'>Quality of Service (QoS)<\/div>\n<div style='padding: 15px; color: inherit;'>\n<ul style='padding-left: 20px; margin: 0; font-size: 14px; list-style-type: disc;'>\n<li style='margin-bottom: 5px;'>8 colas de prioridad<\/li>\n<li style='margin-bottom: 5px;'>Limite el ancho de banda por puerto o por clase de tr\u00e1fico<\/li>\n<\/ul><\/div>\n<\/p><\/div>\n<p> <!-- Protocolos de ruteo --> <\/p>\n<div style='flex: 1 1 250px; border: 1px solid rgba(150&comma; 150&comma; 150&comma; 0.4); border-radius: 8px; overflow: hidden; display: flex; flex-direction: column;'>\n<div style='padding: 15px; border-bottom: 1px solid rgba(150&comma; 150&comma; 150&comma; 0.2); font-weight: bold; font-size: 16px; color: inherit;'>Protocolos de ruteo<\/div>\n<div style='padding: 15px; color: inherit;'>\n<ul style='padding-left: 20px; margin: 0; font-size: 14px; list-style-type: disc;'>\n<li style='margin-bottom: 5px;'>Ruteo est\u00e1tico<\/li>\n<li style='margin-bottom: 5px;'>Border Gateway Protocol (BGP)<\/li>\n<li style='margin-bottom: 5px;'>Routing Information Protocol (RIP)<\/li>\n<li style='margin-bottom: 5px;'>Open Shortest Path First (OSPFv3)<\/li>\n<li style='margin-bottom: 5px;'>Licencia de Capa 3 Premium AT-FL-x530L-01<\/li>\n<\/ul><\/div>\n<\/p><\/div>\n<p> <!-- Caracter\u00edsticas de redundancia --> <\/p>\n<div style='flex: 1 1 250px; border: 1px solid rgba(150&comma; 150&comma; 150&comma; 0.4); border-radius: 8px; overflow: hidden; display: flex; flex-direction: column;'>\n<div style='padding: 15px; border-bottom: 1px solid rgba(150&comma; 150&comma; 150&comma; 0.2); font-weight: bold; font-size: 16px; color: inherit;'>Caracter\u00edsticas de redundancia<\/div>\n<div style='padding: 15px; color: inherit;'>\n<ul style='padding-left: 20px; margin: 0; font-size: 14px; list-style-type: disc;'>\n<li style='margin-bottom: 5px;'>G.8032 Ethernet Ring Protection<\/li>\n<li style='margin-bottom: 5px;'>Ethernet Protection Switched Ring (EPSRing)<\/li>\n<li style='margin-bottom: 5px;'>Multiple Spanning Tree Protocol (MSTP)<\/li>\n<li style='margin-bottom: 5px;'>Rapid Spanning Tree Protocol (RSTP)<\/li>\n<\/ul><\/div>\n<\/p><\/div>\n<p> <!-- Caracter\u00edsticas f\u00edsicas y el\u00e9ctricas --> <\/p>\n<div style='flex: 1 1 250px; border: 1px solid rgba(150&comma; 150&comma; 150&comma; 0.4); border-radius: 8px; overflow: hidden; display: flex; flex-direction: column;'>\n<div style='padding: 15px; border-bottom: 1px solid rgba(150&comma; 150&comma; 150&comma; 0.2); font-weight: bold; font-size: 16px; color: inherit;'>Caracter\u00edsticas f\u00edsicas y el\u00e9ctricas<\/div>\n<div style='padding: 15px; color: inherit;'>\n<ul style='padding-left: 20px; margin: 0; font-size: 14px; list-style-type: disc;'>\n<li style='margin-bottom: 5px;'>Alimentaci\u00f3n: 100-240 VAC&comma; 47-63 Hz<\/li>\n<li style='margin-bottom: 5px;'>Dimensiones: 1 U Rack&comma; 210 x 362 x 42.5 mm<\/li>\n<li style='margin-bottom: 5px;'>Peso: 6.2 kg<\/li>\n<li style='margin-bottom: 5px;'>Temperatura de Operaci\u00f3n: 0 a 50\u00b0 C<\/li>\n<\/ul><\/div>\n<\/p><\/div>\n<p> <!-- Garant\u00eda --> <\/p>\n<div style='flex: 1 1 250px; border: 1px solid rgba(150&comma; 150&comma; 150&comma; 0.4); border-radius: 8px; overflow: hidden; display: flex; flex-direction: column;'>\n<div style='padding: 15px; border-bottom: 1px solid rgba(150&comma; 150&comma; 150&comma; 0.2); font-weight: bold; font-size: 16px; color: inherit;'>Garant\u00eda<\/div>\n<div style='padding: 15px; color: inherit;'>\n<ul style='padding-left: 20px; margin: 0; font-size: 14px; list-style-type: disc;'>\n<li style='margin-bottom: 5px;'>1 a\u00f1o<\/li>\n<\/ul><\/div>\n<\/p><\/div>\n<\/p><\/div>\n<p> <!-- Separador --> <\/p>\n<hr style='border: 0; border-top: 1px solid rgba(150&comma; 150&comma; 150&comma; 0.3); margin: 30px 0;'> <!-- Ejemplo de red empresarial --> <\/p>\n<div style='margin-bottom: 30px;'>\n<h3 style='text-align: center; font-size: 18px; margin-bottom: 20px; color: inherit; opacity: 0.85;'>Ejemplo de una red empresarial de alto desempe\u00f1o<\/h3>\n<p> <!-- Imagen de ejemplo de red --> <\/p>\n<div style='margin: 20px 0;'> <img style='width: 100%; height: auto; border: 1px solid rgba(150&comma;150&comma;150&comma;0.3); border-radius: 8px;' src='https:\/\/ftp3.syscom.mx\/usuarios\/adiaz\/AlliedTelesis\/x530L\/red.png' alt='Ejemplo de red empresarial de alto desempe\u00f1o'> <\/div>\n<\/p><\/div>\n<p> <!-- Separador --> <\/p>\n<hr style='border: 0; border-top: 1px solid rgba(150&comma; 150&comma; 150&comma; 0.3); margin: 30px 0;'> <!-- Secci\u00f3n de videos --> <\/p>\n<div style='margin-bottom: 30px;'>\n<h3 style='text-align: center; font-size: 18px; margin-bottom: 20px; color: inherit; opacity: 0.85;'>Tecnolog\u00eda de monitoreo activo de fibra<\/h3>\n<p> <!-- Video 1 --> <\/p>\n<div style='position: relative; padding-bottom: 56.25%; height: 0; overflow: hidden; margin-bottom: 30px;'>   <\/div>\n<h3 style='text-align: center; font-size: 18px; margin-bottom: 20px; color: inherit; opacity: 0.85;'>Tecnolog\u00eda PoE Continuo<\/h3>\n<p> <!-- Video 2 --> <\/p>\n<div style='position: relative; padding-bottom: 56.25%; height: 0; overflow: hidden; margin-bottom: 30px;'>   <\/div>\n<h3 style='text-align: center; font-size: 18px; margin-bottom: 20px; color: inherit; opacity: 0.85;'>Potentes Switches Multi-Gigabit<\/h3>\n<p> <!-- Video 3 --> <\/p>\n<div style='position: relative; padding-bottom: 56.25%; height: 0; overflow: hidden; margin-bottom: 30px;'>   <\/div>\n<h3 style='text-align: center; font-size: 18px; margin-bottom: 20px; color: inherit; opacity: 0.85;'>Redes Totalmente Aut\u00f3nomas<\/h3>\n<p> <!-- Video 4 --> <\/p>\n<div style='position: relative; padding-bottom: 56.25%; height: 0; overflow: hidden; margin-bottom: 30px;'>   <\/div>\n<\/p><\/div>\n<\/p><\/div>\n","protected":false},"excerpt":{"rendered":"<p>Switch Stack 8-port 100M\/1\/2.5\/5G PoE++ con 2 SFP+ puertos con fuente sencilla interna<\/p>\n","protected":false},"featured_media":90991,"comment_status":"open","ping_status":"closed","template":"","meta":[],"product_brand":[],"product_cat":[1986],"product_tag":[1995,664,1987],"class_list":{"0":"post-90992","1":"product","2":"type-product","3":"status-publish","4":"has-post-thumbnail","6":"product_cat-switches-poe","7":"product_tag-allied-telesis","8":"product_tag-networking","9":"product_tag-switches-poe","11":"first","12":"outofstock","13":"sale","14":"shipping-taxable","15":"purchasable","16":"product-type-simple"},"_links":{"self":[{"href":"https:\/\/soydeaqui.ddns.net\/pachuca\/index.php\/wp-json\/wp\/v2\/product\/90992","targetHints":{"allow":["GET"]}}],"collection":[{"href":"https:\/\/soydeaqui.ddns.net\/pachuca\/index.php\/wp-json\/wp\/v2\/product"}],"about":[{"href":"https:\/\/soydeaqui.ddns.net\/pachuca\/index.php\/wp-json\/wp\/v2\/types\/product"}],"replies":[{"embeddable":true,"href":"https:\/\/soydeaqui.ddns.net\/pachuca\/index.php\/wp-json\/wp\/v2\/comments?post=90992"}],"wp:featuredmedia":[{"embeddable":true,"href":"https:\/\/soydeaqui.ddns.net\/pachuca\/index.php\/wp-json\/wp\/v2\/media\/90991"}],"wp:attachment":[{"href":"https:\/\/soydeaqui.ddns.net\/pachuca\/index.php\/wp-json\/wp\/v2\/media?parent=90992"}],"wp:term":[{"taxonomy":"product_brand","embeddable":true,"href":"https:\/\/soydeaqui.ddns.net\/pachuca\/index.php\/wp-json\/wp\/v2\/product_brand?post=90992"},{"taxonomy":"product_cat","embeddable":true,"href":"https:\/\/soydeaqui.ddns.net\/pachuca\/index.php\/wp-json\/wp\/v2\/product_cat?post=90992"},{"taxonomy":"product_tag","embeddable":true,"href":"https:\/\/soydeaqui.ddns.net\/pachuca\/index.php\/wp-json\/wp\/v2\/product_tag?post=90992"}],"curies":[{"name":"wp","href":"https:\/\/api.w.org\/{rel}","templated":true}]}}