{"id":90960,"date":"2026-03-20T04:07:05","date_gmt":"2026-03-20T04:07:05","guid":{"rendered":"https:\/\/soydeaqui.ddns.net\/pachuca\/index.php\/producto\/xq31lc02d-qsfp28-module-40-100g-sm-2km-1310nm-cwdm4\/"},"modified":"2026-03-20T04:07:06","modified_gmt":"2026-03-20T04:07:06","slug":"xq31lc02d-qsfp28-module-40-100g-sm-2km-1310nm-cwdm4","status":"publish","type":"product","link":"https:\/\/soydeaqui.ddns.net\/pachuca\/index.php\/producto\/xq31lc02d-qsfp28-module-40-100g-sm-2km-1310nm-cwdm4\/","title":{"rendered":"(XQ+31LC02D) QSFP28 module 40\/100G SM 2km 1310nm CWDM4"},"content":{"rendered":"<div style='width: 100%; max-width: 1200px; margin: 0 auto; font-family: sans-serif; line-height: 1.6; color: inherit; background-color: transparent;'>\n<div style='display: flex; flex-wrap: wrap; gap: 30px; margin-bottom: 30px;'>\n<div style='flex: 1 1 300px; min-width: 280px;'>\n<h3 style='font-size: 22px; border-bottom: 2px solid currentColor; padding-bottom: 5px; margin-top: 0; color: inherit; opacity: 0.8;'>Caracter\u00edsticas<\/h3>\n<ul style='padding-left: 20px; font-size: 15px; color: inherit;'>\n<li style='margin-bottom: 5px;'>\u00a1La l\u00ednea de productos MikroTik 100 Gigabit sigue creciendo!<\/li>\n<li style='margin-bottom: 5px;'>A\u00f1ade este m\u00f3dulo QSFP para distancias de hasta 2 km a tus configuraciones CCR2216 o CRS504 y disfruta de una velocidad real y la m\u00e1xima fiabilidad.<\/li>\n<li style='margin-bottom: 5px;'>Este m\u00f3dulo \u00f3ptico ofrece cuatro canales d\u00faplex completos independientes con hasta 25 Gbps de ancho de banda por canal y un ancho de banda agregado de 100 Gbps.<\/li>\n<li style='margin-bottom: 5px;'>El m\u00f3dulo tiene funciones de diagn\u00f3stico digital integradas&comma; incluido el monitoreo \u00f3ptico de la potencia&comma; y funcionar\u00e1 bien en entornos de hasta 70 \u00b0C.<\/li>\n<li style='margin-bottom: 5px;'>Ha sido dise\u00f1ado para cumplir con las condiciones m\u00e1s duras&comma; incluyendo temperatura&comma; humedad e interferencia EMI&comma; por lo que definitivamente lo recomendamos como una soluci\u00f3n confiable para todos sus dispositivos QSFP28 de 100 Gbps.<\/li>\n<\/ul><\/div>\n<\/p><\/div>\n<div style='display: flex; flex-wrap: wrap; gap: 20px; margin-bottom: 30px;'>\n<div style='flex: 1 1 250px; border: 1px solid rgba(150&comma; 150&comma; 150&comma; 0.4); border-radius: 8px; overflow: hidden; display: flex; flex-direction: column;'>\n<div style='padding: 15px; border-bottom: 1px solid rgba(150&comma; 150&comma; 150&comma; 0.2); font-weight: bold; font-size: 18px; color: inherit;'>Especificaciones del producto<\/div>\n<div style='padding: 15px; color: inherit;'>\n<ul style='padding-left: 20px; margin: 0; font-size: 14px; list-style-type: disc;'>\n<li style='margin-bottom: 5px;'><strong>C\u00f3digo del producto:<\/strong> XQ+31LC02D<\/li>\n<li style='margin-bottom: 5px;'><strong>Conector:<\/strong> Doble LC UPC<\/li>\n<li style='margin-bottom: 5px;'><strong>Velocidad de datos:<\/strong> 100 G<\/li>\n<li style='margin-bottom: 5px;'><strong>Distancia:<\/strong> 2 km<\/li>\n<li style='margin-bottom: 5px;'><strong>Formato:<\/strong> QSFP28<\/li>\n<li style='margin-bottom: 5px;'><strong>Modo:<\/strong> SM<\/li>\n<li style='margin-bottom: 5px;'><strong>Longitud de onda:<\/strong> 1271nm&comma; 1291nm&comma; 1311nm&comma; 1331nm<\/li>\n<\/ul><\/div>\n<\/p><\/div>\n<\/p><\/div>\n<hr style='border: 0; border-top: 1px solid rgba(150&comma; 150&comma; 150&comma; 0.3); margin: 30px 0;'> <\/div>\n","protected":false},"excerpt":{"rendered":"<p>(XQ+31LC02D) QSFP28 module 40\/100G SM 2km 1310nm CWDM4<\/p>\n","protected":false},"featured_media":90959,"comment_status":"open","ping_status":"closed","template":"","meta":[],"product_brand":[],"product_cat":[663],"product_tag":[643,664,665],"class_list":{"0":"post-90960","1":"product","2":"type-product","3":"status-publish","4":"has-post-thumbnail","6":"product_cat-transceptores-de-fibra","7":"product_tag-mikrotik","8":"product_tag-networking","9":"product_tag-transceptores-de-fibra","11":"first","12":"instock","13":"sale","14":"shipping-taxable","15":"purchasable","16":"product-type-simple"},"_links":{"self":[{"href":"https:\/\/soydeaqui.ddns.net\/pachuca\/index.php\/wp-json\/wp\/v2\/product\/90960","targetHints":{"allow":["GET"]}}],"collection":[{"href":"https:\/\/soydeaqui.ddns.net\/pachuca\/index.php\/wp-json\/wp\/v2\/product"}],"about":[{"href":"https:\/\/soydeaqui.ddns.net\/pachuca\/index.php\/wp-json\/wp\/v2\/types\/product"}],"replies":[{"embeddable":true,"href":"https:\/\/soydeaqui.ddns.net\/pachuca\/index.php\/wp-json\/wp\/v2\/comments?post=90960"}],"wp:featuredmedia":[{"embeddable":true,"href":"https:\/\/soydeaqui.ddns.net\/pachuca\/index.php\/wp-json\/wp\/v2\/media\/90959"}],"wp:attachment":[{"href":"https:\/\/soydeaqui.ddns.net\/pachuca\/index.php\/wp-json\/wp\/v2\/media?parent=90960"}],"wp:term":[{"taxonomy":"product_brand","embeddable":true,"href":"https:\/\/soydeaqui.ddns.net\/pachuca\/index.php\/wp-json\/wp\/v2\/product_brand?post=90960"},{"taxonomy":"product_cat","embeddable":true,"href":"https:\/\/soydeaqui.ddns.net\/pachuca\/index.php\/wp-json\/wp\/v2\/product_cat?post=90960"},{"taxonomy":"product_tag","embeddable":true,"href":"https:\/\/soydeaqui.ddns.net\/pachuca\/index.php\/wp-json\/wp\/v2\/product_tag?post=90960"}],"curies":[{"name":"wp","href":"https:\/\/api.w.org\/{rel}","templated":true}]}}