{"id":90954,"date":"2026-03-20T04:06:51","date_gmt":"2026-03-20T04:06:51","guid":{"rendered":"https:\/\/soydeaqui.ddns.net\/pachuca\/index.php\/producto\/xqda0001-cable-de-conexion-directa-qsfp28-dac-40-100g-1m\/"},"modified":"2026-03-20T04:06:53","modified_gmt":"2026-03-20T04:06:53","slug":"xqda0001-cable-de-conexion-directa-qsfp28-dac-40-100g-1m","status":"publish","type":"product","link":"https:\/\/soydeaqui.ddns.net\/pachuca\/index.php\/producto\/xqda0001-cable-de-conexion-directa-qsfp28-dac-40-100g-1m\/","title":{"rendered":"(XQ+DA0001) Cable de Conexi\u00f3n Directa QSFP28 DAC 40\/100G 1m"},"content":{"rendered":"<div style='width: 100%; max-width: 1200px; margin: 0 auto; font-family: sans-serif; line-height: 1.6; color: inherit; background-color: transparent;'>\n<div style='display: flex; flex-wrap: wrap; gap: 30px; margin-bottom: 30px;'>\n<div style='flex: 1 1 300px; min-width: 280px;'>\n<h3 style='font-size: 22px; border-bottom: 2px solid currentColor; padding-bottom: 5px; margin-top: 0; color: inherit; opacity: 0.8;'>Descripci\u00f3n<\/h3>\n<p style='margin: 15px 0; font-size: 15px; color: inherit;'>Un cable de conexi\u00f3n directa QSFP28 de 40\/100 Gbps&comma; de 1 m de largo. Permite una f\u00e1cil conectividad directa entre dos dispositivos de 100 Gigabit. Bastante flexible.<\/p>\n<p style='margin: 15px 0; font-size: 15px; color: inherit;'>Conecte dos h\u00e9roes MikroTik 100 Gigabit (CCR2216 y CRS504) sin problemas: este cable tiene m\u00f3dulos QSFP28 integrados. \u00a1Simplemente con\u00e9ctalo y disfruta de la velocidad! El cable tiene un metro de largo&comma; lo que deber\u00eda ser suficiente para la mayor\u00eda de las configuraciones&comma; pero tambi\u00e9n hay una versi\u00f3n de 3 metros disponible. Es bastante flexible: puedes mantener tus dispositivos separados o uno encima del otro.<\/p>\n<\/p><\/div>\n<\/p><\/div>\n<div style='display: flex; flex-wrap: wrap; gap: 20px; margin-bottom: 30px;'>\n<div style='flex: 1 1 250px; border: 1px solid rgba(150&comma; 150&comma; 150&comma; 0.4); border-radius: 8px; overflow: hidden; display: flex; flex-direction: column;'>\n<div style='padding: 15px; border-bottom: 1px solid rgba(150&comma; 150&comma; 150&comma; 0.2); font-weight: bold; font-size: 18px; color: inherit;'>Especificaciones<\/div>\n<div style='padding: 15px; color: inherit;'>\n<ul style='padding-left: 20px; margin: 0; font-size: 14px; list-style-type: disc;'>\n<li style='margin-bottom: 5px;'><strong>C\u00f3digo del producto:<\/strong> XQ+DA0001<\/li>\n<li style='margin-bottom: 5px;'><strong>Longitud del cable:<\/strong> 1 m<\/li>\n<li style='margin-bottom: 5px;'><strong>Conector:<\/strong> QSFP+ a QSFP+ \/ QSFP28 a QSFP28<\/li>\n<li style='margin-bottom: 5px;'><strong>Velocidad de datos:<\/strong> 40 G \/ 100 G<\/li>\n<\/ul><\/div>\n<\/p><\/div>\n<\/p><\/div>\n<hr style='border: 0; border-top: 1px solid rgba(150&comma; 150&comma; 150&comma; 0.3); margin: 30px 0;'> <\/div>\n","protected":false},"excerpt":{"rendered":"<p>(XQ+DA0001) Cable de Conexi\u00f3n Directa QSFP28 DAC 40\/100G 1m<\/p>\n","protected":false},"featured_media":90953,"comment_status":"open","ping_status":"closed","template":"","meta":[],"product_brand":[],"product_cat":[663],"product_tag":[643,664,665],"class_list":{"0":"post-90954","1":"product","2":"type-product","3":"status-publish","4":"has-post-thumbnail","6":"product_cat-transceptores-de-fibra","7":"product_tag-mikrotik","8":"product_tag-networking","9":"product_tag-transceptores-de-fibra","11":"first","12":"outofstock","13":"sale","14":"shipping-taxable","15":"purchasable","16":"product-type-simple"},"_links":{"self":[{"href":"https:\/\/soydeaqui.ddns.net\/pachuca\/index.php\/wp-json\/wp\/v2\/product\/90954","targetHints":{"allow":["GET"]}}],"collection":[{"href":"https:\/\/soydeaqui.ddns.net\/pachuca\/index.php\/wp-json\/wp\/v2\/product"}],"about":[{"href":"https:\/\/soydeaqui.ddns.net\/pachuca\/index.php\/wp-json\/wp\/v2\/types\/product"}],"replies":[{"embeddable":true,"href":"https:\/\/soydeaqui.ddns.net\/pachuca\/index.php\/wp-json\/wp\/v2\/comments?post=90954"}],"wp:featuredmedia":[{"embeddable":true,"href":"https:\/\/soydeaqui.ddns.net\/pachuca\/index.php\/wp-json\/wp\/v2\/media\/90953"}],"wp:attachment":[{"href":"https:\/\/soydeaqui.ddns.net\/pachuca\/index.php\/wp-json\/wp\/v2\/media?parent=90954"}],"wp:term":[{"taxonomy":"product_brand","embeddable":true,"href":"https:\/\/soydeaqui.ddns.net\/pachuca\/index.php\/wp-json\/wp\/v2\/product_brand?post=90954"},{"taxonomy":"product_cat","embeddable":true,"href":"https:\/\/soydeaqui.ddns.net\/pachuca\/index.php\/wp-json\/wp\/v2\/product_cat?post=90954"},{"taxonomy":"product_tag","embeddable":true,"href":"https:\/\/soydeaqui.ddns.net\/pachuca\/index.php\/wp-json\/wp\/v2\/product_tag?post=90954"}],"curies":[{"name":"wp","href":"https:\/\/api.w.org\/{rel}","templated":true}]}}